{"id":47032,"date":"2025-12-12T19:24:04","date_gmt":"2025-12-12T18:24:04","guid":{"rendered":"https:\/\/test.ecbeaute.com\/?post_type=product&#038;p=47032"},"modified":"2025-12-12T19:24:06","modified_gmt":"2025-12-12T18:24:06","slug":"elgydium-eluday-bain-de-bouche-blancheur-500-ml","status":"publish","type":"product","link":"https:\/\/paracherkaoui.ma\/index.php\/produit\/elgydium-eluday-bain-de-bouche-blancheur-500-ml\/","title":{"rendered":"ELGYDIUM ELUDAY BAIN DE BOUCHE BLANCHEUR 500 ML"},"content":{"rendered":"<p>Ce bain de bouche procure une agr\u00e9able sensation de fra\u00eecheur et de propret\u00e9 gr\u00e2ce \u00e0 son go\u00fbt menthol\u00e9 frais. Son absence d&rsquo;alcool en fait un choix doux et respectueux pour vos gencives et dents sensibles. Fabriqu\u00e9 en France, il garantit une qualit\u00e9 irr\u00e9prochable et des r\u00e9sultats visibles. Pour une hygi\u00e8ne buccale optimale, il est recommand\u00e9 de l&rsquo;utiliser quotidiennement, matin et soir, apr\u00e8s le brossage des dents.<br \/>\nComposition<br \/>\nEau (Aqua), propyl\u00e8ne glycol, glyc\u00e9rine, huile de ricin hydrog\u00e9n\u00e9e PEG-40, xylitol, pyrophosphate t\u00e9trasodique, ar\u00f4me, acide lactique, limon\u00e8ne, alcool nicotinique HF, o-Cymen-5-Ol, PVP, benzoate de sodium, saccharine sodique.<br \/>\nConseils d&rsquo;utilisation<br \/>\nUtilisez 15 ml de bain de bouche non dilu\u00e9. Rincez la bouche pendant 30 secondes. Utilisez-le matin et soir apr\u00e8s le brossage des dents. Recrachez apr\u00e8s usage, ne pas rincer \u00e0 l&rsquo;eau, ne pas avaler.<br \/>\nEn adoptant ces gestes simples, vous b\u00e9n\u00e9ficierez d&rsquo;une protection quotidienne contre les taches et d&rsquo;une sensation de propret\u00e9 durable. L&rsquo;Eluday Bain de Bouche Blancheur s&rsquo;int\u00e8gre facilement \u00e0 votre routine bucco-dentaire, assurant des dents plus blanches et plus fortes jour apr\u00e8s jour.<\/p>\n","protected":false},"excerpt":{"rendered":"<p>Ce bain de bouche procure une agr\u00e9able sensation de fra\u00eecheur et de propret\u00e9 gr\u00e2ce \u00e0 son go\u00fbt menthol\u00e9 frais. Son<\/p>\n","protected":false},"featured_media":47054,"comment_status":"open","ping_status":"closed","template":"","meta":[],"product_brand":[798],"product_cat":[846],"product_tag":[],"class_list":{"0":"post-47032","1":"product","2":"type-product","3":"status-publish","4":"has-post-thumbnail","6":"product_brand-elgydium","7":"product_cat-bains-de-bouche-et-haleine-fraiche","9":"first","10":"instock","11":"sale","12":"shipping-taxable","13":"purchasable","14":"product-type-simple"},"yoast_head":"<!-- This site is optimized with the Yoast SEO plugin v26.6 - https:\/\/yoast.com\/wordpress\/plugins\/seo\/ -->\r\n<title>ELGYDIUM ELUDAY BAIN DE BOUCHE BLANCHEUR 500 ML - Paracherkaoui.ma<\/title>\r\n<meta name=\"robots\" content=\"index, follow, max-snippet:-1, max-image-preview:large, max-video-preview:-1\" \/>\r\n<link rel=\"canonical\" href=\"https:\/\/paracherkaoui.ma\/index.php\/produit\/elgydium-eluday-bain-de-bouche-blancheur-500-ml\/\" \/>\r\n<meta property=\"og:locale\" content=\"fr_FR\" \/>\r\n<meta property=\"og:type\" content=\"article\" \/>\r\n<meta property=\"og:title\" content=\"ELGYDIUM ELUDAY BAIN DE BOUCHE BLANCHEUR 500 ML - Paracherkaoui.ma\" \/>\r\n<meta property=\"og:description\" content=\"Ce bain de bouche procure une agr\u00e9able sensation de fra\u00eecheur et de propret\u00e9 gr\u00e2ce \u00e0 son go\u00fbt menthol\u00e9 frais. Son\" \/>\r\n<meta property=\"og:url\" content=\"https:\/\/paracherkaoui.ma\/index.php\/produit\/elgydium-eluday-bain-de-bouche-blancheur-500-ml\/\" \/>\r\n<meta property=\"og:site_name\" content=\"Paracherkaoui.ma\" \/>\r\n<meta property=\"article:modified_time\" content=\"2025-12-12T18:24:06+00:00\" \/>\r\n<meta property=\"og:image\" content=\"https:\/\/paracherkaoui.ma\/wp-content\/uploads\/2025\/12\/elgydium-eluday-bain-de-bouche-blancheur-500-ml.jpg\" \/>\r\n\t<meta property=\"og:image:width\" content=\"700\" \/>\r\n\t<meta property=\"og:image:height\" content=\"700\" \/>\r\n\t<meta property=\"og:image:type\" content=\"image\/jpeg\" \/>\r\n<meta name=\"twitter:card\" content=\"summary_large_image\" \/>\r\n<meta name=\"twitter:label1\" content=\"Dur\u00e9e de lecture estim\u00e9e\" \/>\n\t<meta name=\"twitter:data1\" content=\"1 minute\" \/>\r\n<script type=\"application\/ld+json\" class=\"yoast-schema-graph\">{\"@context\":\"https:\/\/schema.org\",\"@graph\":[{\"@type\":\"WebPage\",\"@id\":\"https:\/\/paracherkaoui.ma\/index.php\/produit\/elgydium-eluday-bain-de-bouche-blancheur-500-ml\/\",\"url\":\"https:\/\/paracherkaoui.ma\/index.php\/produit\/elgydium-eluday-bain-de-bouche-blancheur-500-ml\/\",\"name\":\"ELGYDIUM ELUDAY BAIN DE BOUCHE BLANCHEUR 500 ML - Paracherkaoui.ma\",\"isPartOf\":{\"@id\":\"https:\/\/paracherkaoui.ma\/#website\"},\"primaryImageOfPage\":{\"@id\":\"https:\/\/paracherkaoui.ma\/index.php\/produit\/elgydium-eluday-bain-de-bouche-blancheur-500-ml\/#primaryimage\"},\"image\":{\"@id\":\"https:\/\/paracherkaoui.ma\/index.php\/produit\/elgydium-eluday-bain-de-bouche-blancheur-500-ml\/#primaryimage\"},\"thumbnailUrl\":\"https:\/\/paracherkaoui.ma\/wp-content\/uploads\/2025\/12\/elgydium-eluday-bain-de-bouche-blancheur-500-ml.jpg\",\"datePublished\":\"2025-12-12T18:24:04+00:00\",\"dateModified\":\"2025-12-12T18:24:06+00:00\",\"breadcrumb\":{\"@id\":\"https:\/\/paracherkaoui.ma\/index.php\/produit\/elgydium-eluday-bain-de-bouche-blancheur-500-ml\/#breadcrumb\"},\"inLanguage\":\"fr-FR\",\"potentialAction\":[{\"@type\":\"ReadAction\",\"target\":[\"https:\/\/paracherkaoui.ma\/index.php\/produit\/elgydium-eluday-bain-de-bouche-blancheur-500-ml\/\"]}]},{\"@type\":\"ImageObject\",\"inLanguage\":\"fr-FR\",\"@id\":\"https:\/\/paracherkaoui.ma\/index.php\/produit\/elgydium-eluday-bain-de-bouche-blancheur-500-ml\/#primaryimage\",\"url\":\"https:\/\/paracherkaoui.ma\/wp-content\/uploads\/2025\/12\/elgydium-eluday-bain-de-bouche-blancheur-500-ml.jpg\",\"contentUrl\":\"https:\/\/paracherkaoui.ma\/wp-content\/uploads\/2025\/12\/elgydium-eluday-bain-de-bouche-blancheur-500-ml.jpg\",\"width\":700,\"height\":700},{\"@type\":\"BreadcrumbList\",\"@id\":\"https:\/\/paracherkaoui.ma\/index.php\/produit\/elgydium-eluday-bain-de-bouche-blancheur-500-ml\/#breadcrumb\",\"itemListElement\":[{\"@type\":\"ListItem\",\"position\":1,\"name\":\"Accueil\",\"item\":\"https:\/\/paracherkaoui.ma\/\"},{\"@type\":\"ListItem\",\"position\":2,\"name\":\"Boutique\",\"item\":\"https:\/\/paracherkaoui.ma\/index.php\/boutique\/\"},{\"@type\":\"ListItem\",\"position\":3,\"name\":\"ELGYDIUM ELUDAY BAIN DE BOUCHE BLANCHEUR 500 ML\"}]},{\"@type\":\"WebSite\",\"@id\":\"https:\/\/paracherkaoui.ma\/#website\",\"url\":\"https:\/\/paracherkaoui.ma\/\",\"name\":\"Paracherkaoui.ma\",\"description\":\"Achetez en ligne sur Paracherkaoui.ma\",\"potentialAction\":[{\"@type\":\"SearchAction\",\"target\":{\"@type\":\"EntryPoint\",\"urlTemplate\":\"https:\/\/paracherkaoui.ma\/?s={search_term_string}\"},\"query-input\":{\"@type\":\"PropertyValueSpecification\",\"valueRequired\":true,\"valueName\":\"search_term_string\"}}],\"inLanguage\":\"fr-FR\"}]}<\/script>\r\n<!-- \/ Yoast SEO plugin. -->","yoast_head_json":{"title":"ELGYDIUM ELUDAY BAIN DE BOUCHE BLANCHEUR 500 ML - Paracherkaoui.ma","robots":{"index":"index","follow":"follow","max-snippet":"max-snippet:-1","max-image-preview":"max-image-preview:large","max-video-preview":"max-video-preview:-1"},"canonical":"https:\/\/paracherkaoui.ma\/index.php\/produit\/elgydium-eluday-bain-de-bouche-blancheur-500-ml\/","og_locale":"fr_FR","og_type":"article","og_title":"ELGYDIUM ELUDAY BAIN DE BOUCHE BLANCHEUR 500 ML - Paracherkaoui.ma","og_description":"Ce bain de bouche procure une agr\u00e9able sensation de fra\u00eecheur et de propret\u00e9 gr\u00e2ce \u00e0 son go\u00fbt menthol\u00e9 frais. Son","og_url":"https:\/\/paracherkaoui.ma\/index.php\/produit\/elgydium-eluday-bain-de-bouche-blancheur-500-ml\/","og_site_name":"Paracherkaoui.ma","article_modified_time":"2025-12-12T18:24:06+00:00","og_image":[{"width":700,"height":700,"url":"https:\/\/paracherkaoui.ma\/wp-content\/uploads\/2025\/12\/elgydium-eluday-bain-de-bouche-blancheur-500-ml.jpg","type":"image\/jpeg"}],"twitter_card":"summary_large_image","twitter_misc":{"Dur\u00e9e de lecture estim\u00e9e":"1 minute"},"schema":{"@context":"https:\/\/schema.org","@graph":[{"@type":"WebPage","@id":"https:\/\/paracherkaoui.ma\/index.php\/produit\/elgydium-eluday-bain-de-bouche-blancheur-500-ml\/","url":"https:\/\/paracherkaoui.ma\/index.php\/produit\/elgydium-eluday-bain-de-bouche-blancheur-500-ml\/","name":"ELGYDIUM ELUDAY BAIN DE BOUCHE BLANCHEUR 500 ML - Paracherkaoui.ma","isPartOf":{"@id":"https:\/\/paracherkaoui.ma\/#website"},"primaryImageOfPage":{"@id":"https:\/\/paracherkaoui.ma\/index.php\/produit\/elgydium-eluday-bain-de-bouche-blancheur-500-ml\/#primaryimage"},"image":{"@id":"https:\/\/paracherkaoui.ma\/index.php\/produit\/elgydium-eluday-bain-de-bouche-blancheur-500-ml\/#primaryimage"},"thumbnailUrl":"https:\/\/paracherkaoui.ma\/wp-content\/uploads\/2025\/12\/elgydium-eluday-bain-de-bouche-blancheur-500-ml.jpg","datePublished":"2025-12-12T18:24:04+00:00","dateModified":"2025-12-12T18:24:06+00:00","breadcrumb":{"@id":"https:\/\/paracherkaoui.ma\/index.php\/produit\/elgydium-eluday-bain-de-bouche-blancheur-500-ml\/#breadcrumb"},"inLanguage":"fr-FR","potentialAction":[{"@type":"ReadAction","target":["https:\/\/paracherkaoui.ma\/index.php\/produit\/elgydium-eluday-bain-de-bouche-blancheur-500-ml\/"]}]},{"@type":"ImageObject","inLanguage":"fr-FR","@id":"https:\/\/paracherkaoui.ma\/index.php\/produit\/elgydium-eluday-bain-de-bouche-blancheur-500-ml\/#primaryimage","url":"https:\/\/paracherkaoui.ma\/wp-content\/uploads\/2025\/12\/elgydium-eluday-bain-de-bouche-blancheur-500-ml.jpg","contentUrl":"https:\/\/paracherkaoui.ma\/wp-content\/uploads\/2025\/12\/elgydium-eluday-bain-de-bouche-blancheur-500-ml.jpg","width":700,"height":700},{"@type":"BreadcrumbList","@id":"https:\/\/paracherkaoui.ma\/index.php\/produit\/elgydium-eluday-bain-de-bouche-blancheur-500-ml\/#breadcrumb","itemListElement":[{"@type":"ListItem","position":1,"name":"Accueil","item":"https:\/\/paracherkaoui.ma\/"},{"@type":"ListItem","position":2,"name":"Boutique","item":"https:\/\/paracherkaoui.ma\/index.php\/boutique\/"},{"@type":"ListItem","position":3,"name":"ELGYDIUM ELUDAY BAIN DE BOUCHE BLANCHEUR 500 ML"}]},{"@type":"WebSite","@id":"https:\/\/paracherkaoui.ma\/#website","url":"https:\/\/paracherkaoui.ma\/","name":"Paracherkaoui.ma","description":"Achetez en ligne sur Paracherkaoui.ma","potentialAction":[{"@type":"SearchAction","target":{"@type":"EntryPoint","urlTemplate":"https:\/\/paracherkaoui.ma\/?s={search_term_string}"},"query-input":{"@type":"PropertyValueSpecification","valueRequired":true,"valueName":"search_term_string"}}],"inLanguage":"fr-FR"}]}},"_links":{"self":[{"href":"https:\/\/paracherkaoui.ma\/index.php\/wp-json\/wp\/v2\/product\/47032","targetHints":{"allow":["GET"]}}],"collection":[{"href":"https:\/\/paracherkaoui.ma\/index.php\/wp-json\/wp\/v2\/product"}],"about":[{"href":"https:\/\/paracherkaoui.ma\/index.php\/wp-json\/wp\/v2\/types\/product"}],"replies":[{"embeddable":true,"href":"https:\/\/paracherkaoui.ma\/index.php\/wp-json\/wp\/v2\/comments?post=47032"}],"version-history":[{"count":1,"href":"https:\/\/paracherkaoui.ma\/index.php\/wp-json\/wp\/v2\/product\/47032\/revisions"}],"predecessor-version":[{"id":47055,"href":"https:\/\/paracherkaoui.ma\/index.php\/wp-json\/wp\/v2\/product\/47032\/revisions\/47055"}],"wp:featuredmedia":[{"embeddable":true,"href":"https:\/\/paracherkaoui.ma\/index.php\/wp-json\/wp\/v2\/media\/47054"}],"wp:attachment":[{"href":"https:\/\/paracherkaoui.ma\/index.php\/wp-json\/wp\/v2\/media?parent=47032"}],"wp:term":[{"taxonomy":"product_brand","embeddable":true,"href":"https:\/\/paracherkaoui.ma\/index.php\/wp-json\/wp\/v2\/product_brand?post=47032"},{"taxonomy":"product_cat","embeddable":true,"href":"https:\/\/paracherkaoui.ma\/index.php\/wp-json\/wp\/v2\/product_cat?post=47032"},{"taxonomy":"product_tag","embeddable":true,"href":"https:\/\/paracherkaoui.ma\/index.php\/wp-json\/wp\/v2\/product_tag?post=47032"}],"curies":[{"name":"wp","href":"https:\/\/api.w.org\/{rel}","templated":true}]}}