{"id":47031,"date":"2025-12-12T19:24:04","date_gmt":"2025-12-12T18:24:04","guid":{"rendered":"https:\/\/test.ecbeaute.com\/?post_type=product&#038;p=47031"},"modified":"2025-12-12T19:24:05","modified_gmt":"2025-12-12T18:24:05","slug":"miradent-pastilles-xylitol-saveur-melon-60-g-26-pieces","status":"publish","type":"product","link":"https:\/\/paracherkaoui.ma\/index.php\/produit\/miradent-pastilles-xylitol-saveur-melon-60-g-26-pieces\/","title":{"rendered":"MIRADENT PASTILLES XYLITOL SAVEUR MELON 60 G 26 PIECES"},"content":{"rendered":"<p>Les bienfaits des pastilles au xylitol sont multiples. Leur effet sur la r\u00e9duction des bact\u00e9ries responsables de la carie dentaire est prouv\u00e9, comme en t\u00e9moigne une \u00e9tude men\u00e9e en Finlande, o\u00f9 la consommation r\u00e9guli\u00e8re de xylitol a montr\u00e9 une r\u00e9duction de caries jusqu\u2019\u00e0 85%. Ces pastilles sont \u00e9galement adapt\u00e9es aux personnes diab\u00e9tiques gr\u00e2ce \u00e0 leur faible impact sur la glyc\u00e9mie. De plus, elles aident \u00e0 augmenter la production de salive, apportant une hydratation naturelle \u00e0 la bouche tout en apportant un effet anti caries suppl\u00e9mentaire.<br \/>\nLa saveur melon des pastilles Miradent offre une douce explosion fruit\u00e9e, bien que, comme tous les produits \u00e0 base de xylitol, leur go\u00fbt ne persiste que pendant 5 \u00e0 10 minutes. Cependant, leur effet b\u00e9n\u00e9fique pour vos dents perdure bien apr\u00e8s la disparition de la saveur. Elles sont donc id\u00e9ales pour toute la famille, y compris les femmes enceintes, les enfants en p\u00e9riode de croissance dentaire, ainsi que les personnes portant des appareils orthodontiques ou souffrant de maladies parodontales et de x\u00e9rostomie (s\u00e9cheresse buccale).<br \/>\nComposition<br \/>\n\u00e9dulcorant (xylitol), \u00e9paississant (gomme arabique), ar\u00f4me, antiagglom\u00e9rant (st\u00e9arate de magn\u00e9sium), colorant naturel.<br \/>\nNe contient pas d&rsquo;aspartame. Ne contient pas de gluten. Sans OGM. Ne contient pas de lactose<br \/>\nConseils d\u2019utilisation<br \/>\nPrenez une pastille apr\u00e8s chaque repas ou lorsque vous ressentez le besoin de rafra\u00eechir votre bouche. Laissez la fondre lentement dans la bouche pour permettre au xylitol de lib\u00e9rer tous ses bienfaits. Ne pas d\u00e9passer 5 \u00e0 6 pastilles par jour pour \u00e9viter un effet laxatif d\u00fb \u00e0 l\u2019ingestion excessive de xylitol.<\/p>\n","protected":false},"excerpt":{"rendered":"<p>Les bienfaits des pastilles au xylitol sont multiples. Leur effet sur la r\u00e9duction des bact\u00e9ries responsables de la carie dentaire<\/p>\n","protected":false},"featured_media":47052,"comment_status":"open","ping_status":"closed","template":"","meta":[],"product_brand":[662],"product_cat":[846],"product_tag":[],"class_list":{"0":"post-47031","1":"product","2":"type-product","3":"status-publish","4":"has-post-thumbnail","6":"product_brand-miradent","7":"product_cat-bains-de-bouche-et-haleine-fraiche","9":"first","10":"instock","11":"sale","12":"shipping-taxable","13":"purchasable","14":"product-type-simple"},"yoast_head":"<!-- This site is optimized with the Yoast SEO plugin v26.6 - https:\/\/yoast.com\/wordpress\/plugins\/seo\/ -->\r\n<title>MIRADENT PASTILLES XYLITOL SAVEUR MELON 60 G 26 PIECES - Paracherkaoui.ma<\/title>\r\n<meta name=\"robots\" content=\"index, follow, max-snippet:-1, max-image-preview:large, max-video-preview:-1\" \/>\r\n<link rel=\"canonical\" href=\"https:\/\/paracherkaoui.ma\/index.php\/produit\/miradent-pastilles-xylitol-saveur-melon-60-g-26-pieces\/\" \/>\r\n<meta property=\"og:locale\" content=\"fr_FR\" \/>\r\n<meta property=\"og:type\" content=\"article\" \/>\r\n<meta property=\"og:title\" content=\"MIRADENT PASTILLES XYLITOL SAVEUR MELON 60 G 26 PIECES - Paracherkaoui.ma\" \/>\r\n<meta property=\"og:description\" content=\"Les bienfaits des pastilles au xylitol sont multiples. Leur effet sur la r\u00e9duction des bact\u00e9ries responsables de la carie dentaire\" \/>\r\n<meta property=\"og:url\" content=\"https:\/\/paracherkaoui.ma\/index.php\/produit\/miradent-pastilles-xylitol-saveur-melon-60-g-26-pieces\/\" \/>\r\n<meta property=\"og:site_name\" content=\"Paracherkaoui.ma\" \/>\r\n<meta property=\"article:modified_time\" content=\"2025-12-12T18:24:05+00:00\" \/>\r\n<meta property=\"og:image\" content=\"https:\/\/paracherkaoui.ma\/wp-content\/uploads\/2025\/12\/miradent-miradent-pastilles-xylitol-saveur-melon-60-g-26-pieces-accueil.jpg\" \/>\r\n\t<meta property=\"og:image:width\" content=\"700\" \/>\r\n\t<meta property=\"og:image:height\" content=\"700\" \/>\r\n\t<meta property=\"og:image:type\" content=\"image\/jpeg\" \/>\r\n<meta name=\"twitter:card\" content=\"summary_large_image\" \/>\r\n<meta name=\"twitter:label1\" content=\"Dur\u00e9e de lecture estim\u00e9e\" \/>\n\t<meta name=\"twitter:data1\" content=\"1 minute\" \/>\r\n<script type=\"application\/ld+json\" class=\"yoast-schema-graph\">{\"@context\":\"https:\/\/schema.org\",\"@graph\":[{\"@type\":\"WebPage\",\"@id\":\"https:\/\/paracherkaoui.ma\/index.php\/produit\/miradent-pastilles-xylitol-saveur-melon-60-g-26-pieces\/\",\"url\":\"https:\/\/paracherkaoui.ma\/index.php\/produit\/miradent-pastilles-xylitol-saveur-melon-60-g-26-pieces\/\",\"name\":\"MIRADENT PASTILLES XYLITOL SAVEUR MELON 60 G 26 PIECES - Paracherkaoui.ma\",\"isPartOf\":{\"@id\":\"https:\/\/paracherkaoui.ma\/#website\"},\"primaryImageOfPage\":{\"@id\":\"https:\/\/paracherkaoui.ma\/index.php\/produit\/miradent-pastilles-xylitol-saveur-melon-60-g-26-pieces\/#primaryimage\"},\"image\":{\"@id\":\"https:\/\/paracherkaoui.ma\/index.php\/produit\/miradent-pastilles-xylitol-saveur-melon-60-g-26-pieces\/#primaryimage\"},\"thumbnailUrl\":\"https:\/\/paracherkaoui.ma\/wp-content\/uploads\/2025\/12\/miradent-miradent-pastilles-xylitol-saveur-melon-60-g-26-pieces-accueil.jpg\",\"datePublished\":\"2025-12-12T18:24:04+00:00\",\"dateModified\":\"2025-12-12T18:24:05+00:00\",\"breadcrumb\":{\"@id\":\"https:\/\/paracherkaoui.ma\/index.php\/produit\/miradent-pastilles-xylitol-saveur-melon-60-g-26-pieces\/#breadcrumb\"},\"inLanguage\":\"fr-FR\",\"potentialAction\":[{\"@type\":\"ReadAction\",\"target\":[\"https:\/\/paracherkaoui.ma\/index.php\/produit\/miradent-pastilles-xylitol-saveur-melon-60-g-26-pieces\/\"]}]},{\"@type\":\"ImageObject\",\"inLanguage\":\"fr-FR\",\"@id\":\"https:\/\/paracherkaoui.ma\/index.php\/produit\/miradent-pastilles-xylitol-saveur-melon-60-g-26-pieces\/#primaryimage\",\"url\":\"https:\/\/paracherkaoui.ma\/wp-content\/uploads\/2025\/12\/miradent-miradent-pastilles-xylitol-saveur-melon-60-g-26-pieces-accueil.jpg\",\"contentUrl\":\"https:\/\/paracherkaoui.ma\/wp-content\/uploads\/2025\/12\/miradent-miradent-pastilles-xylitol-saveur-melon-60-g-26-pieces-accueil.jpg\",\"width\":700,\"height\":700},{\"@type\":\"BreadcrumbList\",\"@id\":\"https:\/\/paracherkaoui.ma\/index.php\/produit\/miradent-pastilles-xylitol-saveur-melon-60-g-26-pieces\/#breadcrumb\",\"itemListElement\":[{\"@type\":\"ListItem\",\"position\":1,\"name\":\"Accueil\",\"item\":\"https:\/\/paracherkaoui.ma\/\"},{\"@type\":\"ListItem\",\"position\":2,\"name\":\"Boutique\",\"item\":\"https:\/\/paracherkaoui.ma\/index.php\/boutique\/\"},{\"@type\":\"ListItem\",\"position\":3,\"name\":\"MIRADENT PASTILLES XYLITOL SAVEUR MELON 60 G 26 PIECES\"}]},{\"@type\":\"WebSite\",\"@id\":\"https:\/\/paracherkaoui.ma\/#website\",\"url\":\"https:\/\/paracherkaoui.ma\/\",\"name\":\"Paracherkaoui.ma\",\"description\":\"Achetez en ligne sur Paracherkaoui.ma\",\"potentialAction\":[{\"@type\":\"SearchAction\",\"target\":{\"@type\":\"EntryPoint\",\"urlTemplate\":\"https:\/\/paracherkaoui.ma\/?s={search_term_string}\"},\"query-input\":{\"@type\":\"PropertyValueSpecification\",\"valueRequired\":true,\"valueName\":\"search_term_string\"}}],\"inLanguage\":\"fr-FR\"}]}<\/script>\r\n<!-- \/ Yoast SEO plugin. -->","yoast_head_json":{"title":"MIRADENT PASTILLES XYLITOL SAVEUR MELON 60 G 26 PIECES - Paracherkaoui.ma","robots":{"index":"index","follow":"follow","max-snippet":"max-snippet:-1","max-image-preview":"max-image-preview:large","max-video-preview":"max-video-preview:-1"},"canonical":"https:\/\/paracherkaoui.ma\/index.php\/produit\/miradent-pastilles-xylitol-saveur-melon-60-g-26-pieces\/","og_locale":"fr_FR","og_type":"article","og_title":"MIRADENT PASTILLES XYLITOL SAVEUR MELON 60 G 26 PIECES - Paracherkaoui.ma","og_description":"Les bienfaits des pastilles au xylitol sont multiples. Leur effet sur la r\u00e9duction des bact\u00e9ries responsables de la carie dentaire","og_url":"https:\/\/paracherkaoui.ma\/index.php\/produit\/miradent-pastilles-xylitol-saveur-melon-60-g-26-pieces\/","og_site_name":"Paracherkaoui.ma","article_modified_time":"2025-12-12T18:24:05+00:00","og_image":[{"width":700,"height":700,"url":"https:\/\/paracherkaoui.ma\/wp-content\/uploads\/2025\/12\/miradent-miradent-pastilles-xylitol-saveur-melon-60-g-26-pieces-accueil.jpg","type":"image\/jpeg"}],"twitter_card":"summary_large_image","twitter_misc":{"Dur\u00e9e de lecture estim\u00e9e":"1 minute"},"schema":{"@context":"https:\/\/schema.org","@graph":[{"@type":"WebPage","@id":"https:\/\/paracherkaoui.ma\/index.php\/produit\/miradent-pastilles-xylitol-saveur-melon-60-g-26-pieces\/","url":"https:\/\/paracherkaoui.ma\/index.php\/produit\/miradent-pastilles-xylitol-saveur-melon-60-g-26-pieces\/","name":"MIRADENT PASTILLES XYLITOL SAVEUR MELON 60 G 26 PIECES - Paracherkaoui.ma","isPartOf":{"@id":"https:\/\/paracherkaoui.ma\/#website"},"primaryImageOfPage":{"@id":"https:\/\/paracherkaoui.ma\/index.php\/produit\/miradent-pastilles-xylitol-saveur-melon-60-g-26-pieces\/#primaryimage"},"image":{"@id":"https:\/\/paracherkaoui.ma\/index.php\/produit\/miradent-pastilles-xylitol-saveur-melon-60-g-26-pieces\/#primaryimage"},"thumbnailUrl":"https:\/\/paracherkaoui.ma\/wp-content\/uploads\/2025\/12\/miradent-miradent-pastilles-xylitol-saveur-melon-60-g-26-pieces-accueil.jpg","datePublished":"2025-12-12T18:24:04+00:00","dateModified":"2025-12-12T18:24:05+00:00","breadcrumb":{"@id":"https:\/\/paracherkaoui.ma\/index.php\/produit\/miradent-pastilles-xylitol-saveur-melon-60-g-26-pieces\/#breadcrumb"},"inLanguage":"fr-FR","potentialAction":[{"@type":"ReadAction","target":["https:\/\/paracherkaoui.ma\/index.php\/produit\/miradent-pastilles-xylitol-saveur-melon-60-g-26-pieces\/"]}]},{"@type":"ImageObject","inLanguage":"fr-FR","@id":"https:\/\/paracherkaoui.ma\/index.php\/produit\/miradent-pastilles-xylitol-saveur-melon-60-g-26-pieces\/#primaryimage","url":"https:\/\/paracherkaoui.ma\/wp-content\/uploads\/2025\/12\/miradent-miradent-pastilles-xylitol-saveur-melon-60-g-26-pieces-accueil.jpg","contentUrl":"https:\/\/paracherkaoui.ma\/wp-content\/uploads\/2025\/12\/miradent-miradent-pastilles-xylitol-saveur-melon-60-g-26-pieces-accueil.jpg","width":700,"height":700},{"@type":"BreadcrumbList","@id":"https:\/\/paracherkaoui.ma\/index.php\/produit\/miradent-pastilles-xylitol-saveur-melon-60-g-26-pieces\/#breadcrumb","itemListElement":[{"@type":"ListItem","position":1,"name":"Accueil","item":"https:\/\/paracherkaoui.ma\/"},{"@type":"ListItem","position":2,"name":"Boutique","item":"https:\/\/paracherkaoui.ma\/index.php\/boutique\/"},{"@type":"ListItem","position":3,"name":"MIRADENT PASTILLES XYLITOL SAVEUR MELON 60 G 26 PIECES"}]},{"@type":"WebSite","@id":"https:\/\/paracherkaoui.ma\/#website","url":"https:\/\/paracherkaoui.ma\/","name":"Paracherkaoui.ma","description":"Achetez en ligne sur Paracherkaoui.ma","potentialAction":[{"@type":"SearchAction","target":{"@type":"EntryPoint","urlTemplate":"https:\/\/paracherkaoui.ma\/?s={search_term_string}"},"query-input":{"@type":"PropertyValueSpecification","valueRequired":true,"valueName":"search_term_string"}}],"inLanguage":"fr-FR"}]}},"_links":{"self":[{"href":"https:\/\/paracherkaoui.ma\/index.php\/wp-json\/wp\/v2\/product\/47031","targetHints":{"allow":["GET"]}}],"collection":[{"href":"https:\/\/paracherkaoui.ma\/index.php\/wp-json\/wp\/v2\/product"}],"about":[{"href":"https:\/\/paracherkaoui.ma\/index.php\/wp-json\/wp\/v2\/types\/product"}],"replies":[{"embeddable":true,"href":"https:\/\/paracherkaoui.ma\/index.php\/wp-json\/wp\/v2\/comments?post=47031"}],"version-history":[{"count":1,"href":"https:\/\/paracherkaoui.ma\/index.php\/wp-json\/wp\/v2\/product\/47031\/revisions"}],"predecessor-version":[{"id":47053,"href":"https:\/\/paracherkaoui.ma\/index.php\/wp-json\/wp\/v2\/product\/47031\/revisions\/47053"}],"wp:featuredmedia":[{"embeddable":true,"href":"https:\/\/paracherkaoui.ma\/index.php\/wp-json\/wp\/v2\/media\/47052"}],"wp:attachment":[{"href":"https:\/\/paracherkaoui.ma\/index.php\/wp-json\/wp\/v2\/media?parent=47031"}],"wp:term":[{"taxonomy":"product_brand","embeddable":true,"href":"https:\/\/paracherkaoui.ma\/index.php\/wp-json\/wp\/v2\/product_brand?post=47031"},{"taxonomy":"product_cat","embeddable":true,"href":"https:\/\/paracherkaoui.ma\/index.php\/wp-json\/wp\/v2\/product_cat?post=47031"},{"taxonomy":"product_tag","embeddable":true,"href":"https:\/\/paracherkaoui.ma\/index.php\/wp-json\/wp\/v2\/product_tag?post=47031"}],"curies":[{"name":"wp","href":"https:\/\/api.w.org\/{rel}","templated":true}]}}