{"id":46969,"date":"2025-12-12T19:23:56","date_gmt":"2025-12-12T18:23:56","guid":{"rendered":"https:\/\/test.ecbeaute.com\/?post_type=product&#038;p=46969"},"modified":"2025-12-12T19:24:03","modified_gmt":"2025-12-12T18:24:03","slug":"curasept-biosmalto-bain-de-bouche-pour-dents-sensibles-300-ml","status":"publish","type":"product","link":"https:\/\/paracherkaoui.ma\/index.php\/produit\/curasept-biosmalto-bain-de-bouche-pour-dents-sensibles-300-ml\/","title":{"rendered":"CURASEPT BIOSMALTO BAIN DE BOUCHE POUR DENTS SENSIBLES 300 ML"},"content":{"rendered":"<p>Liquide de rin\u00e7age remin\u00e9ralisant et d\u00e9sensibilisant.<br \/>\nBiosmalto \u00ab\u00a0Dents sensibles\u00a0\u00bb se compose de deux substances fonctionnelles principales sous forme de microcristaux :<br \/>\nFluorohydroxyapatite et composants bioactifs constitu\u00e9s d&rsquo;hydroxyapatite d\u00e9grad\u00e9e compl\u00e9t\u00e9e par des ions magn\u00e9sium, strontium et carbonate li\u00e9s au chitosane.<br \/>\nL&rsquo;action conjointe de ces microcristaux conf\u00e8re \u00e0 BIOSMALT une activit\u00e9 biologique \u00e9lev\u00e9e, qui non seulement prot\u00e8ge et remin\u00e9ralise les tissus durs des dents permanentes, mais remplit \u00e9galement les tubules dentinaires de la dent avec des substances manquantes &#8211; ce qui r\u00e9duit la sensation de sensibilit\u00e9 et de douleur.<\/p>\n","protected":false},"excerpt":{"rendered":"<p>Liquide de rin\u00e7age remin\u00e9ralisant et d\u00e9sensibilisant. Biosmalto \u00ab\u00a0Dents sensibles\u00a0\u00bb se compose de deux substances fonctionnelles principales sous forme de microcristaux<\/p>\n","protected":false},"featured_media":47026,"comment_status":"open","ping_status":"closed","template":"","meta":[],"product_brand":[805],"product_cat":[846],"product_tag":[],"class_list":{"0":"post-46969","1":"product","2":"type-product","3":"status-publish","4":"has-post-thumbnail","6":"product_brand-curasept","7":"product_cat-bains-de-bouche-et-haleine-fraiche","9":"first","10":"instock","11":"sale","12":"shipping-taxable","13":"purchasable","14":"product-type-simple"},"yoast_head":"<!-- This site is optimized with the Yoast SEO plugin v26.6 - https:\/\/yoast.com\/wordpress\/plugins\/seo\/ -->\r\n<title>CURASEPT BIOSMALTO BAIN DE BOUCHE POUR DENTS SENSIBLES 300 ML - Paracherkaoui.ma<\/title>\r\n<meta name=\"robots\" content=\"index, follow, max-snippet:-1, max-image-preview:large, max-video-preview:-1\" \/>\r\n<link rel=\"canonical\" href=\"https:\/\/paracherkaoui.ma\/index.php\/produit\/curasept-biosmalto-bain-de-bouche-pour-dents-sensibles-300-ml\/\" \/>\r\n<meta property=\"og:locale\" content=\"fr_FR\" \/>\r\n<meta property=\"og:type\" content=\"article\" \/>\r\n<meta property=\"og:title\" content=\"CURASEPT BIOSMALTO BAIN DE BOUCHE POUR DENTS SENSIBLES 300 ML - Paracherkaoui.ma\" \/>\r\n<meta property=\"og:description\" content=\"Liquide de rin\u00e7age remin\u00e9ralisant et d\u00e9sensibilisant. Biosmalto \u00ab\u00a0Dents sensibles\u00a0\u00bb se compose de deux substances fonctionnelles principales sous forme de microcristaux\" \/>\r\n<meta property=\"og:url\" content=\"https:\/\/paracherkaoui.ma\/index.php\/produit\/curasept-biosmalto-bain-de-bouche-pour-dents-sensibles-300-ml\/\" \/>\r\n<meta property=\"og:site_name\" content=\"Paracherkaoui.ma\" \/>\r\n<meta property=\"article:modified_time\" content=\"2025-12-12T18:24:03+00:00\" \/>\r\n<meta property=\"og:image\" content=\"https:\/\/paracherkaoui.ma\/wp-content\/uploads\/2025\/12\/curasept-curasept-biosmalto-bain-de-bouche-pour-dents-sensibles-300-ml-bains-de-bouche-et-haleine-fraiche.jpg\" \/>\r\n\t<meta property=\"og:image:width\" content=\"700\" \/>\r\n\t<meta property=\"og:image:height\" content=\"700\" \/>\r\n\t<meta property=\"og:image:type\" content=\"image\/jpeg\" \/>\r\n<meta name=\"twitter:card\" content=\"summary_large_image\" \/>\r\n<meta name=\"twitter:label1\" content=\"Dur\u00e9e de lecture estim\u00e9e\" \/>\n\t<meta name=\"twitter:data1\" content=\"1 minute\" \/>\r\n<script type=\"application\/ld+json\" class=\"yoast-schema-graph\">{\"@context\":\"https:\/\/schema.org\",\"@graph\":[{\"@type\":\"WebPage\",\"@id\":\"https:\/\/paracherkaoui.ma\/index.php\/produit\/curasept-biosmalto-bain-de-bouche-pour-dents-sensibles-300-ml\/\",\"url\":\"https:\/\/paracherkaoui.ma\/index.php\/produit\/curasept-biosmalto-bain-de-bouche-pour-dents-sensibles-300-ml\/\",\"name\":\"CURASEPT BIOSMALTO BAIN DE BOUCHE POUR DENTS SENSIBLES 300 ML - Paracherkaoui.ma\",\"isPartOf\":{\"@id\":\"https:\/\/paracherkaoui.ma\/#website\"},\"primaryImageOfPage\":{\"@id\":\"https:\/\/paracherkaoui.ma\/index.php\/produit\/curasept-biosmalto-bain-de-bouche-pour-dents-sensibles-300-ml\/#primaryimage\"},\"image\":{\"@id\":\"https:\/\/paracherkaoui.ma\/index.php\/produit\/curasept-biosmalto-bain-de-bouche-pour-dents-sensibles-300-ml\/#primaryimage\"},\"thumbnailUrl\":\"https:\/\/paracherkaoui.ma\/wp-content\/uploads\/2025\/12\/curasept-curasept-biosmalto-bain-de-bouche-pour-dents-sensibles-300-ml-bains-de-bouche-et-haleine-fraiche.jpg\",\"datePublished\":\"2025-12-12T18:23:56+00:00\",\"dateModified\":\"2025-12-12T18:24:03+00:00\",\"breadcrumb\":{\"@id\":\"https:\/\/paracherkaoui.ma\/index.php\/produit\/curasept-biosmalto-bain-de-bouche-pour-dents-sensibles-300-ml\/#breadcrumb\"},\"inLanguage\":\"fr-FR\",\"potentialAction\":[{\"@type\":\"ReadAction\",\"target\":[\"https:\/\/paracherkaoui.ma\/index.php\/produit\/curasept-biosmalto-bain-de-bouche-pour-dents-sensibles-300-ml\/\"]}]},{\"@type\":\"ImageObject\",\"inLanguage\":\"fr-FR\",\"@id\":\"https:\/\/paracherkaoui.ma\/index.php\/produit\/curasept-biosmalto-bain-de-bouche-pour-dents-sensibles-300-ml\/#primaryimage\",\"url\":\"https:\/\/paracherkaoui.ma\/wp-content\/uploads\/2025\/12\/curasept-curasept-biosmalto-bain-de-bouche-pour-dents-sensibles-300-ml-bains-de-bouche-et-haleine-fraiche.jpg\",\"contentUrl\":\"https:\/\/paracherkaoui.ma\/wp-content\/uploads\/2025\/12\/curasept-curasept-biosmalto-bain-de-bouche-pour-dents-sensibles-300-ml-bains-de-bouche-et-haleine-fraiche.jpg\",\"width\":700,\"height\":700},{\"@type\":\"BreadcrumbList\",\"@id\":\"https:\/\/paracherkaoui.ma\/index.php\/produit\/curasept-biosmalto-bain-de-bouche-pour-dents-sensibles-300-ml\/#breadcrumb\",\"itemListElement\":[{\"@type\":\"ListItem\",\"position\":1,\"name\":\"Accueil\",\"item\":\"https:\/\/paracherkaoui.ma\/\"},{\"@type\":\"ListItem\",\"position\":2,\"name\":\"Boutique\",\"item\":\"https:\/\/paracherkaoui.ma\/index.php\/boutique\/\"},{\"@type\":\"ListItem\",\"position\":3,\"name\":\"CURASEPT BIOSMALTO BAIN DE BOUCHE POUR DENTS SENSIBLES 300 ML\"}]},{\"@type\":\"WebSite\",\"@id\":\"https:\/\/paracherkaoui.ma\/#website\",\"url\":\"https:\/\/paracherkaoui.ma\/\",\"name\":\"Paracherkaoui.ma\",\"description\":\"Achetez en ligne sur Paracherkaoui.ma\",\"potentialAction\":[{\"@type\":\"SearchAction\",\"target\":{\"@type\":\"EntryPoint\",\"urlTemplate\":\"https:\/\/paracherkaoui.ma\/?s={search_term_string}\"},\"query-input\":{\"@type\":\"PropertyValueSpecification\",\"valueRequired\":true,\"valueName\":\"search_term_string\"}}],\"inLanguage\":\"fr-FR\"}]}<\/script>\r\n<!-- \/ Yoast SEO plugin. -->","yoast_head_json":{"title":"CURASEPT BIOSMALTO BAIN DE BOUCHE POUR DENTS SENSIBLES 300 ML - Paracherkaoui.ma","robots":{"index":"index","follow":"follow","max-snippet":"max-snippet:-1","max-image-preview":"max-image-preview:large","max-video-preview":"max-video-preview:-1"},"canonical":"https:\/\/paracherkaoui.ma\/index.php\/produit\/curasept-biosmalto-bain-de-bouche-pour-dents-sensibles-300-ml\/","og_locale":"fr_FR","og_type":"article","og_title":"CURASEPT BIOSMALTO BAIN DE BOUCHE POUR DENTS SENSIBLES 300 ML - Paracherkaoui.ma","og_description":"Liquide de rin\u00e7age remin\u00e9ralisant et d\u00e9sensibilisant. Biosmalto \u00ab\u00a0Dents sensibles\u00a0\u00bb se compose de deux substances fonctionnelles principales sous forme de microcristaux","og_url":"https:\/\/paracherkaoui.ma\/index.php\/produit\/curasept-biosmalto-bain-de-bouche-pour-dents-sensibles-300-ml\/","og_site_name":"Paracherkaoui.ma","article_modified_time":"2025-12-12T18:24:03+00:00","og_image":[{"width":700,"height":700,"url":"https:\/\/paracherkaoui.ma\/wp-content\/uploads\/2025\/12\/curasept-curasept-biosmalto-bain-de-bouche-pour-dents-sensibles-300-ml-bains-de-bouche-et-haleine-fraiche.jpg","type":"image\/jpeg"}],"twitter_card":"summary_large_image","twitter_misc":{"Dur\u00e9e de lecture estim\u00e9e":"1 minute"},"schema":{"@context":"https:\/\/schema.org","@graph":[{"@type":"WebPage","@id":"https:\/\/paracherkaoui.ma\/index.php\/produit\/curasept-biosmalto-bain-de-bouche-pour-dents-sensibles-300-ml\/","url":"https:\/\/paracherkaoui.ma\/index.php\/produit\/curasept-biosmalto-bain-de-bouche-pour-dents-sensibles-300-ml\/","name":"CURASEPT BIOSMALTO BAIN DE BOUCHE POUR DENTS SENSIBLES 300 ML - Paracherkaoui.ma","isPartOf":{"@id":"https:\/\/paracherkaoui.ma\/#website"},"primaryImageOfPage":{"@id":"https:\/\/paracherkaoui.ma\/index.php\/produit\/curasept-biosmalto-bain-de-bouche-pour-dents-sensibles-300-ml\/#primaryimage"},"image":{"@id":"https:\/\/paracherkaoui.ma\/index.php\/produit\/curasept-biosmalto-bain-de-bouche-pour-dents-sensibles-300-ml\/#primaryimage"},"thumbnailUrl":"https:\/\/paracherkaoui.ma\/wp-content\/uploads\/2025\/12\/curasept-curasept-biosmalto-bain-de-bouche-pour-dents-sensibles-300-ml-bains-de-bouche-et-haleine-fraiche.jpg","datePublished":"2025-12-12T18:23:56+00:00","dateModified":"2025-12-12T18:24:03+00:00","breadcrumb":{"@id":"https:\/\/paracherkaoui.ma\/index.php\/produit\/curasept-biosmalto-bain-de-bouche-pour-dents-sensibles-300-ml\/#breadcrumb"},"inLanguage":"fr-FR","potentialAction":[{"@type":"ReadAction","target":["https:\/\/paracherkaoui.ma\/index.php\/produit\/curasept-biosmalto-bain-de-bouche-pour-dents-sensibles-300-ml\/"]}]},{"@type":"ImageObject","inLanguage":"fr-FR","@id":"https:\/\/paracherkaoui.ma\/index.php\/produit\/curasept-biosmalto-bain-de-bouche-pour-dents-sensibles-300-ml\/#primaryimage","url":"https:\/\/paracherkaoui.ma\/wp-content\/uploads\/2025\/12\/curasept-curasept-biosmalto-bain-de-bouche-pour-dents-sensibles-300-ml-bains-de-bouche-et-haleine-fraiche.jpg","contentUrl":"https:\/\/paracherkaoui.ma\/wp-content\/uploads\/2025\/12\/curasept-curasept-biosmalto-bain-de-bouche-pour-dents-sensibles-300-ml-bains-de-bouche-et-haleine-fraiche.jpg","width":700,"height":700},{"@type":"BreadcrumbList","@id":"https:\/\/paracherkaoui.ma\/index.php\/produit\/curasept-biosmalto-bain-de-bouche-pour-dents-sensibles-300-ml\/#breadcrumb","itemListElement":[{"@type":"ListItem","position":1,"name":"Accueil","item":"https:\/\/paracherkaoui.ma\/"},{"@type":"ListItem","position":2,"name":"Boutique","item":"https:\/\/paracherkaoui.ma\/index.php\/boutique\/"},{"@type":"ListItem","position":3,"name":"CURASEPT BIOSMALTO BAIN DE BOUCHE POUR DENTS SENSIBLES 300 ML"}]},{"@type":"WebSite","@id":"https:\/\/paracherkaoui.ma\/#website","url":"https:\/\/paracherkaoui.ma\/","name":"Paracherkaoui.ma","description":"Achetez en ligne sur Paracherkaoui.ma","potentialAction":[{"@type":"SearchAction","target":{"@type":"EntryPoint","urlTemplate":"https:\/\/paracherkaoui.ma\/?s={search_term_string}"},"query-input":{"@type":"PropertyValueSpecification","valueRequired":true,"valueName":"search_term_string"}}],"inLanguage":"fr-FR"}]}},"_links":{"self":[{"href":"https:\/\/paracherkaoui.ma\/index.php\/wp-json\/wp\/v2\/product\/46969","targetHints":{"allow":["GET"]}}],"collection":[{"href":"https:\/\/paracherkaoui.ma\/index.php\/wp-json\/wp\/v2\/product"}],"about":[{"href":"https:\/\/paracherkaoui.ma\/index.php\/wp-json\/wp\/v2\/types\/product"}],"replies":[{"embeddable":true,"href":"https:\/\/paracherkaoui.ma\/index.php\/wp-json\/wp\/v2\/comments?post=46969"}],"version-history":[{"count":1,"href":"https:\/\/paracherkaoui.ma\/index.php\/wp-json\/wp\/v2\/product\/46969\/revisions"}],"predecessor-version":[{"id":47027,"href":"https:\/\/paracherkaoui.ma\/index.php\/wp-json\/wp\/v2\/product\/46969\/revisions\/47027"}],"wp:featuredmedia":[{"embeddable":true,"href":"https:\/\/paracherkaoui.ma\/index.php\/wp-json\/wp\/v2\/media\/47026"}],"wp:attachment":[{"href":"https:\/\/paracherkaoui.ma\/index.php\/wp-json\/wp\/v2\/media?parent=46969"}],"wp:term":[{"taxonomy":"product_brand","embeddable":true,"href":"https:\/\/paracherkaoui.ma\/index.php\/wp-json\/wp\/v2\/product_brand?post=46969"},{"taxonomy":"product_cat","embeddable":true,"href":"https:\/\/paracherkaoui.ma\/index.php\/wp-json\/wp\/v2\/product_cat?post=46969"},{"taxonomy":"product_tag","embeddable":true,"href":"https:\/\/paracherkaoui.ma\/index.php\/wp-json\/wp\/v2\/product_tag?post=46969"}],"curies":[{"name":"wp","href":"https:\/\/api.w.org\/{rel}","templated":true}]}}