{"id":46956,"date":"2025-12-12T19:23:55","date_gmt":"2025-12-12T18:23:55","guid":{"rendered":"https:\/\/test.ecbeaute.com\/?post_type=product&#038;p=46956"},"modified":"2025-12-12T19:24:00","modified_gmt":"2025-12-12T18:24:00","slug":"gum-bain-de-bouche-gingidex-0-06-chx-300-ml","status":"publish","type":"product","link":"https:\/\/paracherkaoui.ma\/index.php\/produit\/gum-bain-de-bouche-gingidex-0-06-chx-300-ml\/","title":{"rendered":"GUM BAIN DE BOUCHE GINGIDEX 0.06 CHX 300 ML"},"content":{"rendered":"<p>Une bonne hygi\u00e8ne bucco-dentaire constitue la meilleure pr\u00e9vention contre la gingivite et la formation de plaque dentaire. Le brossage des dents et l&rsquo;utilisation d&rsquo;un fil dentaire s&rsquo;av\u00e8rent essentiels pour une hygi\u00e8ne optimale, mais cela demeure insuffisant : le bain de bouche de pr\u00e9vention quotidienne GUM\u00ae Gingidex\u00ae 0,06 % est id\u00e9al pour pr\u00e9venir l&rsquo;accumulation de la plaque dentaire et fournir une protection durable contre les probl\u00e8mes de gencives. Il \u00e9limine les premiers signes de sensibilit\u00e9 des gencives et de gingivite et pr\u00e9vient la r\u00e9currence des maladies gingivales. Sans alcool, il peut s&rsquo;utiliser tous les jours.<\/p>\n","protected":false},"excerpt":{"rendered":"<p>Une bonne hygi\u00e8ne bucco-dentaire constitue la meilleure pr\u00e9vention contre la gingivite et la formation de plaque dentaire. Le brossage des<\/p>\n","protected":false},"featured_media":47001,"comment_status":"open","ping_status":"closed","template":"","meta":[],"product_brand":[800],"product_cat":[846],"product_tag":[],"class_list":{"0":"post-46956","1":"product","2":"type-product","3":"status-publish","4":"has-post-thumbnail","6":"product_brand-gum","7":"product_cat-bains-de-bouche-et-haleine-fraiche","9":"first","10":"instock","11":"sale","12":"shipping-taxable","13":"purchasable","14":"product-type-simple"},"yoast_head":"<!-- This site is optimized with the Yoast SEO plugin v26.6 - https:\/\/yoast.com\/wordpress\/plugins\/seo\/ -->\r\n<title>GUM BAIN DE BOUCHE GINGIDEX 0.06 CHX 300 ML - Paracherkaoui.ma<\/title>\r\n<meta name=\"robots\" content=\"index, follow, max-snippet:-1, max-image-preview:large, max-video-preview:-1\" \/>\r\n<link rel=\"canonical\" href=\"https:\/\/paracherkaoui.ma\/index.php\/produit\/gum-bain-de-bouche-gingidex-0-06-chx-300-ml\/\" \/>\r\n<meta property=\"og:locale\" content=\"fr_FR\" \/>\r\n<meta property=\"og:type\" content=\"article\" \/>\r\n<meta property=\"og:title\" content=\"GUM BAIN DE BOUCHE GINGIDEX 0.06 CHX 300 ML - Paracherkaoui.ma\" \/>\r\n<meta property=\"og:description\" content=\"Une bonne hygi\u00e8ne bucco-dentaire constitue la meilleure pr\u00e9vention contre la gingivite et la formation de plaque dentaire. Le brossage des\" \/>\r\n<meta property=\"og:url\" content=\"https:\/\/paracherkaoui.ma\/index.php\/produit\/gum-bain-de-bouche-gingidex-0-06-chx-300-ml\/\" \/>\r\n<meta property=\"og:site_name\" content=\"Paracherkaoui.ma\" \/>\r\n<meta property=\"article:modified_time\" content=\"2025-12-12T18:24:00+00:00\" \/>\r\n<meta property=\"og:image\" content=\"https:\/\/paracherkaoui.ma\/wp-content\/uploads\/2025\/12\/gum-bain-de-bouche-gingidex-006-chx-300-ml.jpg\" \/>\r\n\t<meta property=\"og:image:width\" content=\"700\" \/>\r\n\t<meta property=\"og:image:height\" content=\"700\" \/>\r\n\t<meta property=\"og:image:type\" content=\"image\/jpeg\" \/>\r\n<meta name=\"twitter:card\" content=\"summary_large_image\" \/>\r\n<meta name=\"twitter:label1\" content=\"Dur\u00e9e de lecture estim\u00e9e\" \/>\n\t<meta name=\"twitter:data1\" content=\"1 minute\" \/>\r\n<script type=\"application\/ld+json\" class=\"yoast-schema-graph\">{\"@context\":\"https:\/\/schema.org\",\"@graph\":[{\"@type\":\"WebPage\",\"@id\":\"https:\/\/paracherkaoui.ma\/index.php\/produit\/gum-bain-de-bouche-gingidex-0-06-chx-300-ml\/\",\"url\":\"https:\/\/paracherkaoui.ma\/index.php\/produit\/gum-bain-de-bouche-gingidex-0-06-chx-300-ml\/\",\"name\":\"GUM BAIN DE BOUCHE GINGIDEX 0.06 CHX 300 ML - Paracherkaoui.ma\",\"isPartOf\":{\"@id\":\"https:\/\/paracherkaoui.ma\/#website\"},\"primaryImageOfPage\":{\"@id\":\"https:\/\/paracherkaoui.ma\/index.php\/produit\/gum-bain-de-bouche-gingidex-0-06-chx-300-ml\/#primaryimage\"},\"image\":{\"@id\":\"https:\/\/paracherkaoui.ma\/index.php\/produit\/gum-bain-de-bouche-gingidex-0-06-chx-300-ml\/#primaryimage\"},\"thumbnailUrl\":\"https:\/\/paracherkaoui.ma\/wp-content\/uploads\/2025\/12\/gum-bain-de-bouche-gingidex-006-chx-300-ml.jpg\",\"datePublished\":\"2025-12-12T18:23:55+00:00\",\"dateModified\":\"2025-12-12T18:24:00+00:00\",\"breadcrumb\":{\"@id\":\"https:\/\/paracherkaoui.ma\/index.php\/produit\/gum-bain-de-bouche-gingidex-0-06-chx-300-ml\/#breadcrumb\"},\"inLanguage\":\"fr-FR\",\"potentialAction\":[{\"@type\":\"ReadAction\",\"target\":[\"https:\/\/paracherkaoui.ma\/index.php\/produit\/gum-bain-de-bouche-gingidex-0-06-chx-300-ml\/\"]}]},{\"@type\":\"ImageObject\",\"inLanguage\":\"fr-FR\",\"@id\":\"https:\/\/paracherkaoui.ma\/index.php\/produit\/gum-bain-de-bouche-gingidex-0-06-chx-300-ml\/#primaryimage\",\"url\":\"https:\/\/paracherkaoui.ma\/wp-content\/uploads\/2025\/12\/gum-bain-de-bouche-gingidex-006-chx-300-ml.jpg\",\"contentUrl\":\"https:\/\/paracherkaoui.ma\/wp-content\/uploads\/2025\/12\/gum-bain-de-bouche-gingidex-006-chx-300-ml.jpg\",\"width\":700,\"height\":700},{\"@type\":\"BreadcrumbList\",\"@id\":\"https:\/\/paracherkaoui.ma\/index.php\/produit\/gum-bain-de-bouche-gingidex-0-06-chx-300-ml\/#breadcrumb\",\"itemListElement\":[{\"@type\":\"ListItem\",\"position\":1,\"name\":\"Accueil\",\"item\":\"https:\/\/paracherkaoui.ma\/\"},{\"@type\":\"ListItem\",\"position\":2,\"name\":\"Boutique\",\"item\":\"https:\/\/paracherkaoui.ma\/index.php\/boutique\/\"},{\"@type\":\"ListItem\",\"position\":3,\"name\":\"GUM BAIN DE BOUCHE GINGIDEX 0.06 CHX 300 ML\"}]},{\"@type\":\"WebSite\",\"@id\":\"https:\/\/paracherkaoui.ma\/#website\",\"url\":\"https:\/\/paracherkaoui.ma\/\",\"name\":\"Paracherkaoui.ma\",\"description\":\"Achetez en ligne sur Paracherkaoui.ma\",\"potentialAction\":[{\"@type\":\"SearchAction\",\"target\":{\"@type\":\"EntryPoint\",\"urlTemplate\":\"https:\/\/paracherkaoui.ma\/?s={search_term_string}\"},\"query-input\":{\"@type\":\"PropertyValueSpecification\",\"valueRequired\":true,\"valueName\":\"search_term_string\"}}],\"inLanguage\":\"fr-FR\"}]}<\/script>\r\n<!-- \/ Yoast SEO plugin. -->","yoast_head_json":{"title":"GUM BAIN DE BOUCHE GINGIDEX 0.06 CHX 300 ML - Paracherkaoui.ma","robots":{"index":"index","follow":"follow","max-snippet":"max-snippet:-1","max-image-preview":"max-image-preview:large","max-video-preview":"max-video-preview:-1"},"canonical":"https:\/\/paracherkaoui.ma\/index.php\/produit\/gum-bain-de-bouche-gingidex-0-06-chx-300-ml\/","og_locale":"fr_FR","og_type":"article","og_title":"GUM BAIN DE BOUCHE GINGIDEX 0.06 CHX 300 ML - Paracherkaoui.ma","og_description":"Une bonne hygi\u00e8ne bucco-dentaire constitue la meilleure pr\u00e9vention contre la gingivite et la formation de plaque dentaire. Le brossage des","og_url":"https:\/\/paracherkaoui.ma\/index.php\/produit\/gum-bain-de-bouche-gingidex-0-06-chx-300-ml\/","og_site_name":"Paracherkaoui.ma","article_modified_time":"2025-12-12T18:24:00+00:00","og_image":[{"width":700,"height":700,"url":"https:\/\/paracherkaoui.ma\/wp-content\/uploads\/2025\/12\/gum-bain-de-bouche-gingidex-006-chx-300-ml.jpg","type":"image\/jpeg"}],"twitter_card":"summary_large_image","twitter_misc":{"Dur\u00e9e de lecture estim\u00e9e":"1 minute"},"schema":{"@context":"https:\/\/schema.org","@graph":[{"@type":"WebPage","@id":"https:\/\/paracherkaoui.ma\/index.php\/produit\/gum-bain-de-bouche-gingidex-0-06-chx-300-ml\/","url":"https:\/\/paracherkaoui.ma\/index.php\/produit\/gum-bain-de-bouche-gingidex-0-06-chx-300-ml\/","name":"GUM BAIN DE BOUCHE GINGIDEX 0.06 CHX 300 ML - Paracherkaoui.ma","isPartOf":{"@id":"https:\/\/paracherkaoui.ma\/#website"},"primaryImageOfPage":{"@id":"https:\/\/paracherkaoui.ma\/index.php\/produit\/gum-bain-de-bouche-gingidex-0-06-chx-300-ml\/#primaryimage"},"image":{"@id":"https:\/\/paracherkaoui.ma\/index.php\/produit\/gum-bain-de-bouche-gingidex-0-06-chx-300-ml\/#primaryimage"},"thumbnailUrl":"https:\/\/paracherkaoui.ma\/wp-content\/uploads\/2025\/12\/gum-bain-de-bouche-gingidex-006-chx-300-ml.jpg","datePublished":"2025-12-12T18:23:55+00:00","dateModified":"2025-12-12T18:24:00+00:00","breadcrumb":{"@id":"https:\/\/paracherkaoui.ma\/index.php\/produit\/gum-bain-de-bouche-gingidex-0-06-chx-300-ml\/#breadcrumb"},"inLanguage":"fr-FR","potentialAction":[{"@type":"ReadAction","target":["https:\/\/paracherkaoui.ma\/index.php\/produit\/gum-bain-de-bouche-gingidex-0-06-chx-300-ml\/"]}]},{"@type":"ImageObject","inLanguage":"fr-FR","@id":"https:\/\/paracherkaoui.ma\/index.php\/produit\/gum-bain-de-bouche-gingidex-0-06-chx-300-ml\/#primaryimage","url":"https:\/\/paracherkaoui.ma\/wp-content\/uploads\/2025\/12\/gum-bain-de-bouche-gingidex-006-chx-300-ml.jpg","contentUrl":"https:\/\/paracherkaoui.ma\/wp-content\/uploads\/2025\/12\/gum-bain-de-bouche-gingidex-006-chx-300-ml.jpg","width":700,"height":700},{"@type":"BreadcrumbList","@id":"https:\/\/paracherkaoui.ma\/index.php\/produit\/gum-bain-de-bouche-gingidex-0-06-chx-300-ml\/#breadcrumb","itemListElement":[{"@type":"ListItem","position":1,"name":"Accueil","item":"https:\/\/paracherkaoui.ma\/"},{"@type":"ListItem","position":2,"name":"Boutique","item":"https:\/\/paracherkaoui.ma\/index.php\/boutique\/"},{"@type":"ListItem","position":3,"name":"GUM BAIN DE BOUCHE GINGIDEX 0.06 CHX 300 ML"}]},{"@type":"WebSite","@id":"https:\/\/paracherkaoui.ma\/#website","url":"https:\/\/paracherkaoui.ma\/","name":"Paracherkaoui.ma","description":"Achetez en ligne sur Paracherkaoui.ma","potentialAction":[{"@type":"SearchAction","target":{"@type":"EntryPoint","urlTemplate":"https:\/\/paracherkaoui.ma\/?s={search_term_string}"},"query-input":{"@type":"PropertyValueSpecification","valueRequired":true,"valueName":"search_term_string"}}],"inLanguage":"fr-FR"}]}},"_links":{"self":[{"href":"https:\/\/paracherkaoui.ma\/index.php\/wp-json\/wp\/v2\/product\/46956","targetHints":{"allow":["GET"]}}],"collection":[{"href":"https:\/\/paracherkaoui.ma\/index.php\/wp-json\/wp\/v2\/product"}],"about":[{"href":"https:\/\/paracherkaoui.ma\/index.php\/wp-json\/wp\/v2\/types\/product"}],"replies":[{"embeddable":true,"href":"https:\/\/paracherkaoui.ma\/index.php\/wp-json\/wp\/v2\/comments?post=46956"}],"version-history":[{"count":1,"href":"https:\/\/paracherkaoui.ma\/index.php\/wp-json\/wp\/v2\/product\/46956\/revisions"}],"predecessor-version":[{"id":47002,"href":"https:\/\/paracherkaoui.ma\/index.php\/wp-json\/wp\/v2\/product\/46956\/revisions\/47002"}],"wp:featuredmedia":[{"embeddable":true,"href":"https:\/\/paracherkaoui.ma\/index.php\/wp-json\/wp\/v2\/media\/47001"}],"wp:attachment":[{"href":"https:\/\/paracherkaoui.ma\/index.php\/wp-json\/wp\/v2\/media?parent=46956"}],"wp:term":[{"taxonomy":"product_brand","embeddable":true,"href":"https:\/\/paracherkaoui.ma\/index.php\/wp-json\/wp\/v2\/product_brand?post=46956"},{"taxonomy":"product_cat","embeddable":true,"href":"https:\/\/paracherkaoui.ma\/index.php\/wp-json\/wp\/v2\/product_cat?post=46956"},{"taxonomy":"product_tag","embeddable":true,"href":"https:\/\/paracherkaoui.ma\/index.php\/wp-json\/wp\/v2\/product_tag?post=46956"}],"curies":[{"name":"wp","href":"https:\/\/api.w.org\/{rel}","templated":true}]}}