{"id":46955,"date":"2025-12-12T19:23:55","date_gmt":"2025-12-12T18:23:55","guid":{"rendered":"https:\/\/test.ecbeaute.com\/?post_type=product&#038;p=46955"},"modified":"2025-12-12T19:24:00","modified_gmt":"2025-12-12T18:24:00","slug":"miradent-aquamed-mundspray-spray-buccal-pour-la-production-de-salive-30-ml","status":"publish","type":"product","link":"https:\/\/paracherkaoui.ma\/index.php\/produit\/miradent-aquamed-mundspray-spray-buccal-pour-la-production-de-salive-30-ml\/","title":{"rendered":"MIRADENT Aquamed Mundspray : Spray buccal pour la production de salive (30 ml)"},"content":{"rendered":"<p>Active la production de salive\u00a0pour r\u00e9duire la s\u00e9cheresse buccale, ce qui apporte un plus grand confort \u00e0 la personne.<br \/>\nContribue \u00e0 pr\u00e9server la min\u00e9ralisation des dents et \u00e0 r\u00e9duire la plaque dentaire .<br \/>\nContribue \u00e0 l&rsquo;entretien de la muqueuse buccale.<br \/>\nContient une enzyme\u00a0protectrice , le lysozyme.<br \/>\nGo\u00fbt fruit\u00e9 et rafra\u00eechissant .<br \/>\nContient du\u00a0xylitol pour un go\u00fbt plus sucr\u00e9.<br \/>\nSans sucre.<br \/>\nEffet laxatif si utilis\u00e9 en exc\u00e8s.<br \/>\nPour les enfants de plus de 3 ans.<br \/>\nContenu : flacon de 30 ml.<\/p>\n","protected":false},"excerpt":{"rendered":"<p>Active la production de salive\u00a0pour r\u00e9duire la s\u00e9cheresse buccale, ce qui apporte un plus grand confort \u00e0 la personne. Contribue<\/p>\n","protected":false},"featured_media":46999,"comment_status":"open","ping_status":"closed","template":"","meta":[],"product_brand":[662],"product_cat":[846],"product_tag":[],"class_list":{"0":"post-46955","1":"product","2":"type-product","3":"status-publish","4":"has-post-thumbnail","6":"product_brand-miradent","7":"product_cat-bains-de-bouche-et-haleine-fraiche","9":"first","10":"instock","11":"sale","12":"shipping-taxable","13":"purchasable","14":"product-type-simple"},"yoast_head":"<!-- This site is optimized with the Yoast SEO plugin v26.6 - https:\/\/yoast.com\/wordpress\/plugins\/seo\/ -->\r\n<title>MIRADENT Aquamed Mundspray : Spray buccal pour la production de salive (30 ml) - Paracherkaoui.ma<\/title>\r\n<meta name=\"robots\" content=\"index, follow, max-snippet:-1, max-image-preview:large, max-video-preview:-1\" \/>\r\n<link rel=\"canonical\" href=\"https:\/\/paracherkaoui.ma\/index.php\/produit\/miradent-aquamed-mundspray-spray-buccal-pour-la-production-de-salive-30-ml\/\" \/>\r\n<meta property=\"og:locale\" content=\"fr_FR\" \/>\r\n<meta property=\"og:type\" content=\"article\" \/>\r\n<meta property=\"og:title\" content=\"MIRADENT Aquamed Mundspray : Spray buccal pour la production de salive (30 ml) - Paracherkaoui.ma\" \/>\r\n<meta property=\"og:description\" content=\"Active la production de salive\u00a0pour r\u00e9duire la s\u00e9cheresse buccale, ce qui apporte un plus grand confort \u00e0 la personne. Contribue\" \/>\r\n<meta property=\"og:url\" content=\"https:\/\/paracherkaoui.ma\/index.php\/produit\/miradent-aquamed-mundspray-spray-buccal-pour-la-production-de-salive-30-ml\/\" \/>\r\n<meta property=\"og:site_name\" content=\"Paracherkaoui.ma\" \/>\r\n<meta property=\"article:modified_time\" content=\"2025-12-12T18:24:00+00:00\" \/>\r\n<meta property=\"og:image\" content=\"https:\/\/paracherkaoui.ma\/wp-content\/uploads\/2025\/12\/miradent-miradent-aquamed-mundspray-spray-buccal-pour-la-production-de-salive-30-ml-bains-de-bouche-et-haleine-fraiche.jpg\" \/>\r\n\t<meta property=\"og:image:width\" content=\"700\" \/>\r\n\t<meta property=\"og:image:height\" content=\"700\" \/>\r\n\t<meta property=\"og:image:type\" content=\"image\/jpeg\" \/>\r\n<meta name=\"twitter:card\" content=\"summary_large_image\" \/>\r\n<script type=\"application\/ld+json\" class=\"yoast-schema-graph\">{\"@context\":\"https:\/\/schema.org\",\"@graph\":[{\"@type\":\"WebPage\",\"@id\":\"https:\/\/paracherkaoui.ma\/index.php\/produit\/miradent-aquamed-mundspray-spray-buccal-pour-la-production-de-salive-30-ml\/\",\"url\":\"https:\/\/paracherkaoui.ma\/index.php\/produit\/miradent-aquamed-mundspray-spray-buccal-pour-la-production-de-salive-30-ml\/\",\"name\":\"MIRADENT Aquamed Mundspray : Spray buccal pour la production de salive (30 ml) - Paracherkaoui.ma\",\"isPartOf\":{\"@id\":\"https:\/\/paracherkaoui.ma\/#website\"},\"primaryImageOfPage\":{\"@id\":\"https:\/\/paracherkaoui.ma\/index.php\/produit\/miradent-aquamed-mundspray-spray-buccal-pour-la-production-de-salive-30-ml\/#primaryimage\"},\"image\":{\"@id\":\"https:\/\/paracherkaoui.ma\/index.php\/produit\/miradent-aquamed-mundspray-spray-buccal-pour-la-production-de-salive-30-ml\/#primaryimage\"},\"thumbnailUrl\":\"https:\/\/paracherkaoui.ma\/wp-content\/uploads\/2025\/12\/miradent-miradent-aquamed-mundspray-spray-buccal-pour-la-production-de-salive-30-ml-bains-de-bouche-et-haleine-fraiche.jpg\",\"datePublished\":\"2025-12-12T18:23:55+00:00\",\"dateModified\":\"2025-12-12T18:24:00+00:00\",\"breadcrumb\":{\"@id\":\"https:\/\/paracherkaoui.ma\/index.php\/produit\/miradent-aquamed-mundspray-spray-buccal-pour-la-production-de-salive-30-ml\/#breadcrumb\"},\"inLanguage\":\"fr-FR\",\"potentialAction\":[{\"@type\":\"ReadAction\",\"target\":[\"https:\/\/paracherkaoui.ma\/index.php\/produit\/miradent-aquamed-mundspray-spray-buccal-pour-la-production-de-salive-30-ml\/\"]}]},{\"@type\":\"ImageObject\",\"inLanguage\":\"fr-FR\",\"@id\":\"https:\/\/paracherkaoui.ma\/index.php\/produit\/miradent-aquamed-mundspray-spray-buccal-pour-la-production-de-salive-30-ml\/#primaryimage\",\"url\":\"https:\/\/paracherkaoui.ma\/wp-content\/uploads\/2025\/12\/miradent-miradent-aquamed-mundspray-spray-buccal-pour-la-production-de-salive-30-ml-bains-de-bouche-et-haleine-fraiche.jpg\",\"contentUrl\":\"https:\/\/paracherkaoui.ma\/wp-content\/uploads\/2025\/12\/miradent-miradent-aquamed-mundspray-spray-buccal-pour-la-production-de-salive-30-ml-bains-de-bouche-et-haleine-fraiche.jpg\",\"width\":700,\"height\":700},{\"@type\":\"BreadcrumbList\",\"@id\":\"https:\/\/paracherkaoui.ma\/index.php\/produit\/miradent-aquamed-mundspray-spray-buccal-pour-la-production-de-salive-30-ml\/#breadcrumb\",\"itemListElement\":[{\"@type\":\"ListItem\",\"position\":1,\"name\":\"Accueil\",\"item\":\"https:\/\/paracherkaoui.ma\/\"},{\"@type\":\"ListItem\",\"position\":2,\"name\":\"Boutique\",\"item\":\"https:\/\/paracherkaoui.ma\/index.php\/boutique\/\"},{\"@type\":\"ListItem\",\"position\":3,\"name\":\"MIRADENT Aquamed Mundspray : Spray buccal pour la production de salive (30 ml)\"}]},{\"@type\":\"WebSite\",\"@id\":\"https:\/\/paracherkaoui.ma\/#website\",\"url\":\"https:\/\/paracherkaoui.ma\/\",\"name\":\"Paracherkaoui.ma\",\"description\":\"Achetez en ligne sur Paracherkaoui.ma\",\"potentialAction\":[{\"@type\":\"SearchAction\",\"target\":{\"@type\":\"EntryPoint\",\"urlTemplate\":\"https:\/\/paracherkaoui.ma\/?s={search_term_string}\"},\"query-input\":{\"@type\":\"PropertyValueSpecification\",\"valueRequired\":true,\"valueName\":\"search_term_string\"}}],\"inLanguage\":\"fr-FR\"}]}<\/script>\r\n<!-- \/ Yoast SEO plugin. -->","yoast_head_json":{"title":"MIRADENT Aquamed Mundspray : Spray buccal pour la production de salive (30 ml) - Paracherkaoui.ma","robots":{"index":"index","follow":"follow","max-snippet":"max-snippet:-1","max-image-preview":"max-image-preview:large","max-video-preview":"max-video-preview:-1"},"canonical":"https:\/\/paracherkaoui.ma\/index.php\/produit\/miradent-aquamed-mundspray-spray-buccal-pour-la-production-de-salive-30-ml\/","og_locale":"fr_FR","og_type":"article","og_title":"MIRADENT Aquamed Mundspray : Spray buccal pour la production de salive (30 ml) - Paracherkaoui.ma","og_description":"Active la production de salive\u00a0pour r\u00e9duire la s\u00e9cheresse buccale, ce qui apporte un plus grand confort \u00e0 la personne. Contribue","og_url":"https:\/\/paracherkaoui.ma\/index.php\/produit\/miradent-aquamed-mundspray-spray-buccal-pour-la-production-de-salive-30-ml\/","og_site_name":"Paracherkaoui.ma","article_modified_time":"2025-12-12T18:24:00+00:00","og_image":[{"width":700,"height":700,"url":"https:\/\/paracherkaoui.ma\/wp-content\/uploads\/2025\/12\/miradent-miradent-aquamed-mundspray-spray-buccal-pour-la-production-de-salive-30-ml-bains-de-bouche-et-haleine-fraiche.jpg","type":"image\/jpeg"}],"twitter_card":"summary_large_image","schema":{"@context":"https:\/\/schema.org","@graph":[{"@type":"WebPage","@id":"https:\/\/paracherkaoui.ma\/index.php\/produit\/miradent-aquamed-mundspray-spray-buccal-pour-la-production-de-salive-30-ml\/","url":"https:\/\/paracherkaoui.ma\/index.php\/produit\/miradent-aquamed-mundspray-spray-buccal-pour-la-production-de-salive-30-ml\/","name":"MIRADENT Aquamed Mundspray : Spray buccal pour la production de salive (30 ml) - Paracherkaoui.ma","isPartOf":{"@id":"https:\/\/paracherkaoui.ma\/#website"},"primaryImageOfPage":{"@id":"https:\/\/paracherkaoui.ma\/index.php\/produit\/miradent-aquamed-mundspray-spray-buccal-pour-la-production-de-salive-30-ml\/#primaryimage"},"image":{"@id":"https:\/\/paracherkaoui.ma\/index.php\/produit\/miradent-aquamed-mundspray-spray-buccal-pour-la-production-de-salive-30-ml\/#primaryimage"},"thumbnailUrl":"https:\/\/paracherkaoui.ma\/wp-content\/uploads\/2025\/12\/miradent-miradent-aquamed-mundspray-spray-buccal-pour-la-production-de-salive-30-ml-bains-de-bouche-et-haleine-fraiche.jpg","datePublished":"2025-12-12T18:23:55+00:00","dateModified":"2025-12-12T18:24:00+00:00","breadcrumb":{"@id":"https:\/\/paracherkaoui.ma\/index.php\/produit\/miradent-aquamed-mundspray-spray-buccal-pour-la-production-de-salive-30-ml\/#breadcrumb"},"inLanguage":"fr-FR","potentialAction":[{"@type":"ReadAction","target":["https:\/\/paracherkaoui.ma\/index.php\/produit\/miradent-aquamed-mundspray-spray-buccal-pour-la-production-de-salive-30-ml\/"]}]},{"@type":"ImageObject","inLanguage":"fr-FR","@id":"https:\/\/paracherkaoui.ma\/index.php\/produit\/miradent-aquamed-mundspray-spray-buccal-pour-la-production-de-salive-30-ml\/#primaryimage","url":"https:\/\/paracherkaoui.ma\/wp-content\/uploads\/2025\/12\/miradent-miradent-aquamed-mundspray-spray-buccal-pour-la-production-de-salive-30-ml-bains-de-bouche-et-haleine-fraiche.jpg","contentUrl":"https:\/\/paracherkaoui.ma\/wp-content\/uploads\/2025\/12\/miradent-miradent-aquamed-mundspray-spray-buccal-pour-la-production-de-salive-30-ml-bains-de-bouche-et-haleine-fraiche.jpg","width":700,"height":700},{"@type":"BreadcrumbList","@id":"https:\/\/paracherkaoui.ma\/index.php\/produit\/miradent-aquamed-mundspray-spray-buccal-pour-la-production-de-salive-30-ml\/#breadcrumb","itemListElement":[{"@type":"ListItem","position":1,"name":"Accueil","item":"https:\/\/paracherkaoui.ma\/"},{"@type":"ListItem","position":2,"name":"Boutique","item":"https:\/\/paracherkaoui.ma\/index.php\/boutique\/"},{"@type":"ListItem","position":3,"name":"MIRADENT Aquamed Mundspray : Spray buccal pour la production de salive (30 ml)"}]},{"@type":"WebSite","@id":"https:\/\/paracherkaoui.ma\/#website","url":"https:\/\/paracherkaoui.ma\/","name":"Paracherkaoui.ma","description":"Achetez en ligne sur Paracherkaoui.ma","potentialAction":[{"@type":"SearchAction","target":{"@type":"EntryPoint","urlTemplate":"https:\/\/paracherkaoui.ma\/?s={search_term_string}"},"query-input":{"@type":"PropertyValueSpecification","valueRequired":true,"valueName":"search_term_string"}}],"inLanguage":"fr-FR"}]}},"_links":{"self":[{"href":"https:\/\/paracherkaoui.ma\/index.php\/wp-json\/wp\/v2\/product\/46955","targetHints":{"allow":["GET"]}}],"collection":[{"href":"https:\/\/paracherkaoui.ma\/index.php\/wp-json\/wp\/v2\/product"}],"about":[{"href":"https:\/\/paracherkaoui.ma\/index.php\/wp-json\/wp\/v2\/types\/product"}],"replies":[{"embeddable":true,"href":"https:\/\/paracherkaoui.ma\/index.php\/wp-json\/wp\/v2\/comments?post=46955"}],"version-history":[{"count":1,"href":"https:\/\/paracherkaoui.ma\/index.php\/wp-json\/wp\/v2\/product\/46955\/revisions"}],"predecessor-version":[{"id":47000,"href":"https:\/\/paracherkaoui.ma\/index.php\/wp-json\/wp\/v2\/product\/46955\/revisions\/47000"}],"wp:featuredmedia":[{"embeddable":true,"href":"https:\/\/paracherkaoui.ma\/index.php\/wp-json\/wp\/v2\/media\/46999"}],"wp:attachment":[{"href":"https:\/\/paracherkaoui.ma\/index.php\/wp-json\/wp\/v2\/media?parent=46955"}],"wp:term":[{"taxonomy":"product_brand","embeddable":true,"href":"https:\/\/paracherkaoui.ma\/index.php\/wp-json\/wp\/v2\/product_brand?post=46955"},{"taxonomy":"product_cat","embeddable":true,"href":"https:\/\/paracherkaoui.ma\/index.php\/wp-json\/wp\/v2\/product_cat?post=46955"},{"taxonomy":"product_tag","embeddable":true,"href":"https:\/\/paracherkaoui.ma\/index.php\/wp-json\/wp\/v2\/product_tag?post=46955"}],"curies":[{"name":"wp","href":"https:\/\/api.w.org\/{rel}","templated":true}]}}