{"id":46946,"date":"2025-12-12T19:23:54","date_gmt":"2025-12-12T18:23:54","guid":{"rendered":"https:\/\/test.ecbeaute.com\/?post_type=product&#038;p=46946"},"modified":"2025-12-12T19:23:57","modified_gmt":"2025-12-12T18:23:57","slug":"gum-soft-pick-comfort-flex-small-40-unites-ref-659","status":"publish","type":"product","link":"https:\/\/paracherkaoui.ma\/index.php\/produit\/gum-soft-pick-comfort-flex-small-40-unites-ref-659\/","title":{"rendered":"GUM SOFT PICK COMFORT FLEX SMALL 40 UNITES REF 659"},"content":{"rendered":"<p>Ce b\u00e2tonnet interdentaire en caoutchouc souple \u00e0 glisser entre les dents pour retirer en douceur la plaque dentaire et les d\u00e9bris alimentaires. Il masse agr\u00e9ablement les gencives pour une sant\u00e9 gingivale optimale.<br \/>\nIl est inclus un \u00e9tui de voyage pratique.<br \/>\nConseils d\u2019utilisation :<br \/>\nGlissez dans les espaces interdentaires pour retirer les d\u00e9p\u00f4ts de plaque dentaire.<\/p>\n","protected":false},"excerpt":{"rendered":"<p>Ce b\u00e2tonnet interdentaire en caoutchouc souple \u00e0 glisser entre les dents pour retirer en douceur la plaque dentaire et les<\/p>\n","protected":false},"featured_media":46981,"comment_status":"open","ping_status":"closed","template":"","meta":[],"product_brand":[800],"product_cat":[841],"product_tag":[],"class_list":{"0":"post-46946","1":"product","2":"type-product","3":"status-publish","4":"has-post-thumbnail","6":"product_brand-gum","7":"product_cat-brossettes-interdentaires-et-fils-dentaires","9":"first","10":"instock","11":"sale","12":"shipping-taxable","13":"purchasable","14":"product-type-simple"},"yoast_head":"<!-- This site is optimized with the Yoast SEO plugin v26.6 - https:\/\/yoast.com\/wordpress\/plugins\/seo\/ -->\r\n<title>GUM SOFT PICK COMFORT FLEX SMALL 40 UNITES REF 659 - Paracherkaoui.ma<\/title>\r\n<meta name=\"robots\" content=\"index, follow, max-snippet:-1, max-image-preview:large, max-video-preview:-1\" \/>\r\n<link rel=\"canonical\" href=\"https:\/\/paracherkaoui.ma\/index.php\/produit\/gum-soft-pick-comfort-flex-small-40-unites-ref-659\/\" \/>\r\n<meta property=\"og:locale\" content=\"fr_FR\" \/>\r\n<meta property=\"og:type\" content=\"article\" \/>\r\n<meta property=\"og:title\" content=\"GUM SOFT PICK COMFORT FLEX SMALL 40 UNITES REF 659 - Paracherkaoui.ma\" \/>\r\n<meta property=\"og:description\" content=\"Ce b\u00e2tonnet interdentaire en caoutchouc souple \u00e0 glisser entre les dents pour retirer en douceur la plaque dentaire et les\" \/>\r\n<meta property=\"og:url\" content=\"https:\/\/paracherkaoui.ma\/index.php\/produit\/gum-soft-pick-comfort-flex-small-40-unites-ref-659\/\" \/>\r\n<meta property=\"og:site_name\" content=\"Paracherkaoui.ma\" \/>\r\n<meta property=\"article:modified_time\" content=\"2025-12-12T18:23:57+00:00\" \/>\r\n<meta property=\"og:image\" content=\"https:\/\/paracherkaoui.ma\/wp-content\/uploads\/2025\/12\/gum-gum-soft-pick-comfort-flex-small-40-unites-ref-659-brossettes-interdentaires-et-accessoires.jpg\" \/>\r\n\t<meta property=\"og:image:width\" content=\"700\" \/>\r\n\t<meta property=\"og:image:height\" content=\"700\" \/>\r\n\t<meta property=\"og:image:type\" content=\"image\/jpeg\" \/>\r\n<meta name=\"twitter:card\" content=\"summary_large_image\" \/>\r\n<script type=\"application\/ld+json\" class=\"yoast-schema-graph\">{\"@context\":\"https:\/\/schema.org\",\"@graph\":[{\"@type\":\"WebPage\",\"@id\":\"https:\/\/paracherkaoui.ma\/index.php\/produit\/gum-soft-pick-comfort-flex-small-40-unites-ref-659\/\",\"url\":\"https:\/\/paracherkaoui.ma\/index.php\/produit\/gum-soft-pick-comfort-flex-small-40-unites-ref-659\/\",\"name\":\"GUM SOFT PICK COMFORT FLEX SMALL 40 UNITES REF 659 - Paracherkaoui.ma\",\"isPartOf\":{\"@id\":\"https:\/\/paracherkaoui.ma\/#website\"},\"primaryImageOfPage\":{\"@id\":\"https:\/\/paracherkaoui.ma\/index.php\/produit\/gum-soft-pick-comfort-flex-small-40-unites-ref-659\/#primaryimage\"},\"image\":{\"@id\":\"https:\/\/paracherkaoui.ma\/index.php\/produit\/gum-soft-pick-comfort-flex-small-40-unites-ref-659\/#primaryimage\"},\"thumbnailUrl\":\"https:\/\/paracherkaoui.ma\/wp-content\/uploads\/2025\/12\/gum-gum-soft-pick-comfort-flex-small-40-unites-ref-659-brossettes-interdentaires-et-accessoires.jpg\",\"datePublished\":\"2025-12-12T18:23:54+00:00\",\"dateModified\":\"2025-12-12T18:23:57+00:00\",\"breadcrumb\":{\"@id\":\"https:\/\/paracherkaoui.ma\/index.php\/produit\/gum-soft-pick-comfort-flex-small-40-unites-ref-659\/#breadcrumb\"},\"inLanguage\":\"fr-FR\",\"potentialAction\":[{\"@type\":\"ReadAction\",\"target\":[\"https:\/\/paracherkaoui.ma\/index.php\/produit\/gum-soft-pick-comfort-flex-small-40-unites-ref-659\/\"]}]},{\"@type\":\"ImageObject\",\"inLanguage\":\"fr-FR\",\"@id\":\"https:\/\/paracherkaoui.ma\/index.php\/produit\/gum-soft-pick-comfort-flex-small-40-unites-ref-659\/#primaryimage\",\"url\":\"https:\/\/paracherkaoui.ma\/wp-content\/uploads\/2025\/12\/gum-gum-soft-pick-comfort-flex-small-40-unites-ref-659-brossettes-interdentaires-et-accessoires.jpg\",\"contentUrl\":\"https:\/\/paracherkaoui.ma\/wp-content\/uploads\/2025\/12\/gum-gum-soft-pick-comfort-flex-small-40-unites-ref-659-brossettes-interdentaires-et-accessoires.jpg\",\"width\":700,\"height\":700},{\"@type\":\"BreadcrumbList\",\"@id\":\"https:\/\/paracherkaoui.ma\/index.php\/produit\/gum-soft-pick-comfort-flex-small-40-unites-ref-659\/#breadcrumb\",\"itemListElement\":[{\"@type\":\"ListItem\",\"position\":1,\"name\":\"Accueil\",\"item\":\"https:\/\/paracherkaoui.ma\/\"},{\"@type\":\"ListItem\",\"position\":2,\"name\":\"Boutique\",\"item\":\"https:\/\/paracherkaoui.ma\/index.php\/boutique\/\"},{\"@type\":\"ListItem\",\"position\":3,\"name\":\"GUM SOFT PICK COMFORT FLEX SMALL 40 UNITES REF 659\"}]},{\"@type\":\"WebSite\",\"@id\":\"https:\/\/paracherkaoui.ma\/#website\",\"url\":\"https:\/\/paracherkaoui.ma\/\",\"name\":\"Paracherkaoui.ma\",\"description\":\"Achetez en ligne sur Paracherkaoui.ma\",\"potentialAction\":[{\"@type\":\"SearchAction\",\"target\":{\"@type\":\"EntryPoint\",\"urlTemplate\":\"https:\/\/paracherkaoui.ma\/?s={search_term_string}\"},\"query-input\":{\"@type\":\"PropertyValueSpecification\",\"valueRequired\":true,\"valueName\":\"search_term_string\"}}],\"inLanguage\":\"fr-FR\"}]}<\/script>\r\n<!-- \/ Yoast SEO plugin. -->","yoast_head_json":{"title":"GUM SOFT PICK COMFORT FLEX SMALL 40 UNITES REF 659 - Paracherkaoui.ma","robots":{"index":"index","follow":"follow","max-snippet":"max-snippet:-1","max-image-preview":"max-image-preview:large","max-video-preview":"max-video-preview:-1"},"canonical":"https:\/\/paracherkaoui.ma\/index.php\/produit\/gum-soft-pick-comfort-flex-small-40-unites-ref-659\/","og_locale":"fr_FR","og_type":"article","og_title":"GUM SOFT PICK COMFORT FLEX SMALL 40 UNITES REF 659 - Paracherkaoui.ma","og_description":"Ce b\u00e2tonnet interdentaire en caoutchouc souple \u00e0 glisser entre les dents pour retirer en douceur la plaque dentaire et les","og_url":"https:\/\/paracherkaoui.ma\/index.php\/produit\/gum-soft-pick-comfort-flex-small-40-unites-ref-659\/","og_site_name":"Paracherkaoui.ma","article_modified_time":"2025-12-12T18:23:57+00:00","og_image":[{"width":700,"height":700,"url":"https:\/\/paracherkaoui.ma\/wp-content\/uploads\/2025\/12\/gum-gum-soft-pick-comfort-flex-small-40-unites-ref-659-brossettes-interdentaires-et-accessoires.jpg","type":"image\/jpeg"}],"twitter_card":"summary_large_image","schema":{"@context":"https:\/\/schema.org","@graph":[{"@type":"WebPage","@id":"https:\/\/paracherkaoui.ma\/index.php\/produit\/gum-soft-pick-comfort-flex-small-40-unites-ref-659\/","url":"https:\/\/paracherkaoui.ma\/index.php\/produit\/gum-soft-pick-comfort-flex-small-40-unites-ref-659\/","name":"GUM SOFT PICK COMFORT FLEX SMALL 40 UNITES REF 659 - Paracherkaoui.ma","isPartOf":{"@id":"https:\/\/paracherkaoui.ma\/#website"},"primaryImageOfPage":{"@id":"https:\/\/paracherkaoui.ma\/index.php\/produit\/gum-soft-pick-comfort-flex-small-40-unites-ref-659\/#primaryimage"},"image":{"@id":"https:\/\/paracherkaoui.ma\/index.php\/produit\/gum-soft-pick-comfort-flex-small-40-unites-ref-659\/#primaryimage"},"thumbnailUrl":"https:\/\/paracherkaoui.ma\/wp-content\/uploads\/2025\/12\/gum-gum-soft-pick-comfort-flex-small-40-unites-ref-659-brossettes-interdentaires-et-accessoires.jpg","datePublished":"2025-12-12T18:23:54+00:00","dateModified":"2025-12-12T18:23:57+00:00","breadcrumb":{"@id":"https:\/\/paracherkaoui.ma\/index.php\/produit\/gum-soft-pick-comfort-flex-small-40-unites-ref-659\/#breadcrumb"},"inLanguage":"fr-FR","potentialAction":[{"@type":"ReadAction","target":["https:\/\/paracherkaoui.ma\/index.php\/produit\/gum-soft-pick-comfort-flex-small-40-unites-ref-659\/"]}]},{"@type":"ImageObject","inLanguage":"fr-FR","@id":"https:\/\/paracherkaoui.ma\/index.php\/produit\/gum-soft-pick-comfort-flex-small-40-unites-ref-659\/#primaryimage","url":"https:\/\/paracherkaoui.ma\/wp-content\/uploads\/2025\/12\/gum-gum-soft-pick-comfort-flex-small-40-unites-ref-659-brossettes-interdentaires-et-accessoires.jpg","contentUrl":"https:\/\/paracherkaoui.ma\/wp-content\/uploads\/2025\/12\/gum-gum-soft-pick-comfort-flex-small-40-unites-ref-659-brossettes-interdentaires-et-accessoires.jpg","width":700,"height":700},{"@type":"BreadcrumbList","@id":"https:\/\/paracherkaoui.ma\/index.php\/produit\/gum-soft-pick-comfort-flex-small-40-unites-ref-659\/#breadcrumb","itemListElement":[{"@type":"ListItem","position":1,"name":"Accueil","item":"https:\/\/paracherkaoui.ma\/"},{"@type":"ListItem","position":2,"name":"Boutique","item":"https:\/\/paracherkaoui.ma\/index.php\/boutique\/"},{"@type":"ListItem","position":3,"name":"GUM SOFT PICK COMFORT FLEX SMALL 40 UNITES REF 659"}]},{"@type":"WebSite","@id":"https:\/\/paracherkaoui.ma\/#website","url":"https:\/\/paracherkaoui.ma\/","name":"Paracherkaoui.ma","description":"Achetez en ligne sur Paracherkaoui.ma","potentialAction":[{"@type":"SearchAction","target":{"@type":"EntryPoint","urlTemplate":"https:\/\/paracherkaoui.ma\/?s={search_term_string}"},"query-input":{"@type":"PropertyValueSpecification","valueRequired":true,"valueName":"search_term_string"}}],"inLanguage":"fr-FR"}]}},"_links":{"self":[{"href":"https:\/\/paracherkaoui.ma\/index.php\/wp-json\/wp\/v2\/product\/46946","targetHints":{"allow":["GET"]}}],"collection":[{"href":"https:\/\/paracherkaoui.ma\/index.php\/wp-json\/wp\/v2\/product"}],"about":[{"href":"https:\/\/paracherkaoui.ma\/index.php\/wp-json\/wp\/v2\/types\/product"}],"replies":[{"embeddable":true,"href":"https:\/\/paracherkaoui.ma\/index.php\/wp-json\/wp\/v2\/comments?post=46946"}],"version-history":[{"count":1,"href":"https:\/\/paracherkaoui.ma\/index.php\/wp-json\/wp\/v2\/product\/46946\/revisions"}],"predecessor-version":[{"id":46982,"href":"https:\/\/paracherkaoui.ma\/index.php\/wp-json\/wp\/v2\/product\/46946\/revisions\/46982"}],"wp:featuredmedia":[{"embeddable":true,"href":"https:\/\/paracherkaoui.ma\/index.php\/wp-json\/wp\/v2\/media\/46981"}],"wp:attachment":[{"href":"https:\/\/paracherkaoui.ma\/index.php\/wp-json\/wp\/v2\/media?parent=46946"}],"wp:term":[{"taxonomy":"product_brand","embeddable":true,"href":"https:\/\/paracherkaoui.ma\/index.php\/wp-json\/wp\/v2\/product_brand?post=46946"},{"taxonomy":"product_cat","embeddable":true,"href":"https:\/\/paracherkaoui.ma\/index.php\/wp-json\/wp\/v2\/product_cat?post=46946"},{"taxonomy":"product_tag","embeddable":true,"href":"https:\/\/paracherkaoui.ma\/index.php\/wp-json\/wp\/v2\/product_tag?post=46946"}],"curies":[{"name":"wp","href":"https:\/\/api.w.org\/{rel}","templated":true}]}}