{"id":46942,"date":"2025-12-12T19:23:54","date_gmt":"2025-12-12T18:23:54","guid":{"rendered":"https:\/\/test.ecbeaute.com\/?post_type=product&#038;p=46942"},"modified":"2025-12-12T19:23:56","modified_gmt":"2025-12-12T18:23:56","slug":"gum-soft-pick-advanced-30-cure-dents-en-caoutchouc-fluore-ref-650","status":"publish","type":"product","link":"https:\/\/paracherkaoui.ma\/index.php\/produit\/gum-soft-pick-advanced-30-cure-dents-en-caoutchouc-fluore-ref-650\/","title":{"rendered":"GUM SOFT PICK ADVANCED 30 CURE DENTS EN CAOUTCHOUC FLUORE REF 650"},"content":{"rendered":"<p>Ultra souples et flexibles, ces cure-dents s\u2019introduisent ais\u00e9ment entre les dents et les molaires de mani\u00e8re \u00e0 \u00e9liminer tous les d\u00e9bris et r\u00e9sidus de nourriture, sans blesser les gencives. Gr\u00e2ce \u00e0 leur souplesse, ils parviennent \u00e0 stimuler par la m\u00eame occasion la circulation sanguine en effectuant un micro-massage tout en \u00e9vitant le risque d\u2019inflammation des gencives.<br \/>\nExcellente alternative au fil dentaire, ces brossettes ultra-flexibles sont id\u00e9ales pour les personnes portant un appareil dentaire ou des implants, car elles \u00e9liminent la plaque dentaire et neutralisent les bact\u00e9ries pouvant s\u2019installer entre les dents. Tr\u00e8s souples, elles permettent un nettoyage pr\u00e9cis et optimal.<br \/>\nEnrichis en fluoride, les cure-dents Gum Soft-Picks permettent de renforcer l\u2019\u00e9mail des dents et de lutter contre les caries.<\/p>\n","protected":false},"excerpt":{"rendered":"<p>Ultra souples et flexibles, ces cure-dents s\u2019introduisent ais\u00e9ment entre les dents et les molaires de mani\u00e8re \u00e0 \u00e9liminer tous les<\/p>\n","protected":false},"featured_media":46973,"comment_status":"open","ping_status":"closed","template":"","meta":[],"product_brand":[800],"product_cat":[841],"product_tag":[],"class_list":{"0":"post-46942","1":"product","2":"type-product","3":"status-publish","4":"has-post-thumbnail","6":"product_brand-gum","7":"product_cat-brossettes-interdentaires-et-fils-dentaires","9":"first","10":"instock","11":"sale","12":"shipping-taxable","13":"purchasable","14":"product-type-simple"},"yoast_head":"<!-- This site is optimized with the Yoast SEO plugin v26.6 - https:\/\/yoast.com\/wordpress\/plugins\/seo\/ -->\r\n<title>GUM SOFT PICK ADVANCED 30 CURE DENTS EN CAOUTCHOUC FLUORE REF 650 - Paracherkaoui.ma<\/title>\r\n<meta name=\"robots\" content=\"index, follow, max-snippet:-1, max-image-preview:large, max-video-preview:-1\" \/>\r\n<link rel=\"canonical\" href=\"https:\/\/paracherkaoui.ma\/index.php\/produit\/gum-soft-pick-advanced-30-cure-dents-en-caoutchouc-fluore-ref-650\/\" \/>\r\n<meta property=\"og:locale\" content=\"fr_FR\" \/>\r\n<meta property=\"og:type\" content=\"article\" \/>\r\n<meta property=\"og:title\" content=\"GUM SOFT PICK ADVANCED 30 CURE DENTS EN CAOUTCHOUC FLUORE REF 650 - Paracherkaoui.ma\" \/>\r\n<meta property=\"og:description\" content=\"Ultra souples et flexibles, ces cure-dents s\u2019introduisent ais\u00e9ment entre les dents et les molaires de mani\u00e8re \u00e0 \u00e9liminer tous les\" \/>\r\n<meta property=\"og:url\" content=\"https:\/\/paracherkaoui.ma\/index.php\/produit\/gum-soft-pick-advanced-30-cure-dents-en-caoutchouc-fluore-ref-650\/\" \/>\r\n<meta property=\"og:site_name\" content=\"Paracherkaoui.ma\" \/>\r\n<meta property=\"article:modified_time\" content=\"2025-12-12T18:23:56+00:00\" \/>\r\n<meta property=\"og:image\" content=\"https:\/\/paracherkaoui.ma\/wp-content\/uploads\/2025\/12\/gum-gum-soft-pick-advanced-30-cure-dents-en-caoutchouc-fluore-ref-650-brossettes-interdentaires-et-accessoires.jpg\" \/>\r\n\t<meta property=\"og:image:width\" content=\"700\" \/>\r\n\t<meta property=\"og:image:height\" content=\"700\" \/>\r\n\t<meta property=\"og:image:type\" content=\"image\/jpeg\" \/>\r\n<meta name=\"twitter:card\" content=\"summary_large_image\" \/>\r\n<meta name=\"twitter:label1\" content=\"Dur\u00e9e de lecture estim\u00e9e\" \/>\n\t<meta name=\"twitter:data1\" content=\"1 minute\" \/>\r\n<script type=\"application\/ld+json\" class=\"yoast-schema-graph\">{\"@context\":\"https:\/\/schema.org\",\"@graph\":[{\"@type\":\"WebPage\",\"@id\":\"https:\/\/paracherkaoui.ma\/index.php\/produit\/gum-soft-pick-advanced-30-cure-dents-en-caoutchouc-fluore-ref-650\/\",\"url\":\"https:\/\/paracherkaoui.ma\/index.php\/produit\/gum-soft-pick-advanced-30-cure-dents-en-caoutchouc-fluore-ref-650\/\",\"name\":\"GUM SOFT PICK ADVANCED 30 CURE DENTS EN CAOUTCHOUC FLUORE REF 650 - Paracherkaoui.ma\",\"isPartOf\":{\"@id\":\"https:\/\/paracherkaoui.ma\/#website\"},\"primaryImageOfPage\":{\"@id\":\"https:\/\/paracherkaoui.ma\/index.php\/produit\/gum-soft-pick-advanced-30-cure-dents-en-caoutchouc-fluore-ref-650\/#primaryimage\"},\"image\":{\"@id\":\"https:\/\/paracherkaoui.ma\/index.php\/produit\/gum-soft-pick-advanced-30-cure-dents-en-caoutchouc-fluore-ref-650\/#primaryimage\"},\"thumbnailUrl\":\"https:\/\/paracherkaoui.ma\/wp-content\/uploads\/2025\/12\/gum-gum-soft-pick-advanced-30-cure-dents-en-caoutchouc-fluore-ref-650-brossettes-interdentaires-et-accessoires.jpg\",\"datePublished\":\"2025-12-12T18:23:54+00:00\",\"dateModified\":\"2025-12-12T18:23:56+00:00\",\"breadcrumb\":{\"@id\":\"https:\/\/paracherkaoui.ma\/index.php\/produit\/gum-soft-pick-advanced-30-cure-dents-en-caoutchouc-fluore-ref-650\/#breadcrumb\"},\"inLanguage\":\"fr-FR\",\"potentialAction\":[{\"@type\":\"ReadAction\",\"target\":[\"https:\/\/paracherkaoui.ma\/index.php\/produit\/gum-soft-pick-advanced-30-cure-dents-en-caoutchouc-fluore-ref-650\/\"]}]},{\"@type\":\"ImageObject\",\"inLanguage\":\"fr-FR\",\"@id\":\"https:\/\/paracherkaoui.ma\/index.php\/produit\/gum-soft-pick-advanced-30-cure-dents-en-caoutchouc-fluore-ref-650\/#primaryimage\",\"url\":\"https:\/\/paracherkaoui.ma\/wp-content\/uploads\/2025\/12\/gum-gum-soft-pick-advanced-30-cure-dents-en-caoutchouc-fluore-ref-650-brossettes-interdentaires-et-accessoires.jpg\",\"contentUrl\":\"https:\/\/paracherkaoui.ma\/wp-content\/uploads\/2025\/12\/gum-gum-soft-pick-advanced-30-cure-dents-en-caoutchouc-fluore-ref-650-brossettes-interdentaires-et-accessoires.jpg\",\"width\":700,\"height\":700},{\"@type\":\"BreadcrumbList\",\"@id\":\"https:\/\/paracherkaoui.ma\/index.php\/produit\/gum-soft-pick-advanced-30-cure-dents-en-caoutchouc-fluore-ref-650\/#breadcrumb\",\"itemListElement\":[{\"@type\":\"ListItem\",\"position\":1,\"name\":\"Accueil\",\"item\":\"https:\/\/paracherkaoui.ma\/\"},{\"@type\":\"ListItem\",\"position\":2,\"name\":\"Boutique\",\"item\":\"https:\/\/paracherkaoui.ma\/index.php\/boutique\/\"},{\"@type\":\"ListItem\",\"position\":3,\"name\":\"GUM SOFT PICK ADVANCED 30 CURE DENTS EN CAOUTCHOUC FLUORE REF 650\"}]},{\"@type\":\"WebSite\",\"@id\":\"https:\/\/paracherkaoui.ma\/#website\",\"url\":\"https:\/\/paracherkaoui.ma\/\",\"name\":\"Paracherkaoui.ma\",\"description\":\"Achetez en ligne sur Paracherkaoui.ma\",\"potentialAction\":[{\"@type\":\"SearchAction\",\"target\":{\"@type\":\"EntryPoint\",\"urlTemplate\":\"https:\/\/paracherkaoui.ma\/?s={search_term_string}\"},\"query-input\":{\"@type\":\"PropertyValueSpecification\",\"valueRequired\":true,\"valueName\":\"search_term_string\"}}],\"inLanguage\":\"fr-FR\"}]}<\/script>\r\n<!-- \/ Yoast SEO plugin. -->","yoast_head_json":{"title":"GUM SOFT PICK ADVANCED 30 CURE DENTS EN CAOUTCHOUC FLUORE REF 650 - Paracherkaoui.ma","robots":{"index":"index","follow":"follow","max-snippet":"max-snippet:-1","max-image-preview":"max-image-preview:large","max-video-preview":"max-video-preview:-1"},"canonical":"https:\/\/paracherkaoui.ma\/index.php\/produit\/gum-soft-pick-advanced-30-cure-dents-en-caoutchouc-fluore-ref-650\/","og_locale":"fr_FR","og_type":"article","og_title":"GUM SOFT PICK ADVANCED 30 CURE DENTS EN CAOUTCHOUC FLUORE REF 650 - Paracherkaoui.ma","og_description":"Ultra souples et flexibles, ces cure-dents s\u2019introduisent ais\u00e9ment entre les dents et les molaires de mani\u00e8re \u00e0 \u00e9liminer tous les","og_url":"https:\/\/paracherkaoui.ma\/index.php\/produit\/gum-soft-pick-advanced-30-cure-dents-en-caoutchouc-fluore-ref-650\/","og_site_name":"Paracherkaoui.ma","article_modified_time":"2025-12-12T18:23:56+00:00","og_image":[{"width":700,"height":700,"url":"https:\/\/paracherkaoui.ma\/wp-content\/uploads\/2025\/12\/gum-gum-soft-pick-advanced-30-cure-dents-en-caoutchouc-fluore-ref-650-brossettes-interdentaires-et-accessoires.jpg","type":"image\/jpeg"}],"twitter_card":"summary_large_image","twitter_misc":{"Dur\u00e9e de lecture estim\u00e9e":"1 minute"},"schema":{"@context":"https:\/\/schema.org","@graph":[{"@type":"WebPage","@id":"https:\/\/paracherkaoui.ma\/index.php\/produit\/gum-soft-pick-advanced-30-cure-dents-en-caoutchouc-fluore-ref-650\/","url":"https:\/\/paracherkaoui.ma\/index.php\/produit\/gum-soft-pick-advanced-30-cure-dents-en-caoutchouc-fluore-ref-650\/","name":"GUM SOFT PICK ADVANCED 30 CURE DENTS EN CAOUTCHOUC FLUORE REF 650 - Paracherkaoui.ma","isPartOf":{"@id":"https:\/\/paracherkaoui.ma\/#website"},"primaryImageOfPage":{"@id":"https:\/\/paracherkaoui.ma\/index.php\/produit\/gum-soft-pick-advanced-30-cure-dents-en-caoutchouc-fluore-ref-650\/#primaryimage"},"image":{"@id":"https:\/\/paracherkaoui.ma\/index.php\/produit\/gum-soft-pick-advanced-30-cure-dents-en-caoutchouc-fluore-ref-650\/#primaryimage"},"thumbnailUrl":"https:\/\/paracherkaoui.ma\/wp-content\/uploads\/2025\/12\/gum-gum-soft-pick-advanced-30-cure-dents-en-caoutchouc-fluore-ref-650-brossettes-interdentaires-et-accessoires.jpg","datePublished":"2025-12-12T18:23:54+00:00","dateModified":"2025-12-12T18:23:56+00:00","breadcrumb":{"@id":"https:\/\/paracherkaoui.ma\/index.php\/produit\/gum-soft-pick-advanced-30-cure-dents-en-caoutchouc-fluore-ref-650\/#breadcrumb"},"inLanguage":"fr-FR","potentialAction":[{"@type":"ReadAction","target":["https:\/\/paracherkaoui.ma\/index.php\/produit\/gum-soft-pick-advanced-30-cure-dents-en-caoutchouc-fluore-ref-650\/"]}]},{"@type":"ImageObject","inLanguage":"fr-FR","@id":"https:\/\/paracherkaoui.ma\/index.php\/produit\/gum-soft-pick-advanced-30-cure-dents-en-caoutchouc-fluore-ref-650\/#primaryimage","url":"https:\/\/paracherkaoui.ma\/wp-content\/uploads\/2025\/12\/gum-gum-soft-pick-advanced-30-cure-dents-en-caoutchouc-fluore-ref-650-brossettes-interdentaires-et-accessoires.jpg","contentUrl":"https:\/\/paracherkaoui.ma\/wp-content\/uploads\/2025\/12\/gum-gum-soft-pick-advanced-30-cure-dents-en-caoutchouc-fluore-ref-650-brossettes-interdentaires-et-accessoires.jpg","width":700,"height":700},{"@type":"BreadcrumbList","@id":"https:\/\/paracherkaoui.ma\/index.php\/produit\/gum-soft-pick-advanced-30-cure-dents-en-caoutchouc-fluore-ref-650\/#breadcrumb","itemListElement":[{"@type":"ListItem","position":1,"name":"Accueil","item":"https:\/\/paracherkaoui.ma\/"},{"@type":"ListItem","position":2,"name":"Boutique","item":"https:\/\/paracherkaoui.ma\/index.php\/boutique\/"},{"@type":"ListItem","position":3,"name":"GUM SOFT PICK ADVANCED 30 CURE DENTS EN CAOUTCHOUC FLUORE REF 650"}]},{"@type":"WebSite","@id":"https:\/\/paracherkaoui.ma\/#website","url":"https:\/\/paracherkaoui.ma\/","name":"Paracherkaoui.ma","description":"Achetez en ligne sur Paracherkaoui.ma","potentialAction":[{"@type":"SearchAction","target":{"@type":"EntryPoint","urlTemplate":"https:\/\/paracherkaoui.ma\/?s={search_term_string}"},"query-input":{"@type":"PropertyValueSpecification","valueRequired":true,"valueName":"search_term_string"}}],"inLanguage":"fr-FR"}]}},"_links":{"self":[{"href":"https:\/\/paracherkaoui.ma\/index.php\/wp-json\/wp\/v2\/product\/46942","targetHints":{"allow":["GET"]}}],"collection":[{"href":"https:\/\/paracherkaoui.ma\/index.php\/wp-json\/wp\/v2\/product"}],"about":[{"href":"https:\/\/paracherkaoui.ma\/index.php\/wp-json\/wp\/v2\/types\/product"}],"replies":[{"embeddable":true,"href":"https:\/\/paracherkaoui.ma\/index.php\/wp-json\/wp\/v2\/comments?post=46942"}],"version-history":[{"count":1,"href":"https:\/\/paracherkaoui.ma\/index.php\/wp-json\/wp\/v2\/product\/46942\/revisions"}],"predecessor-version":[{"id":46974,"href":"https:\/\/paracherkaoui.ma\/index.php\/wp-json\/wp\/v2\/product\/46942\/revisions\/46974"}],"wp:featuredmedia":[{"embeddable":true,"href":"https:\/\/paracherkaoui.ma\/index.php\/wp-json\/wp\/v2\/media\/46973"}],"wp:attachment":[{"href":"https:\/\/paracherkaoui.ma\/index.php\/wp-json\/wp\/v2\/media?parent=46942"}],"wp:term":[{"taxonomy":"product_brand","embeddable":true,"href":"https:\/\/paracherkaoui.ma\/index.php\/wp-json\/wp\/v2\/product_brand?post=46942"},{"taxonomy":"product_cat","embeddable":true,"href":"https:\/\/paracherkaoui.ma\/index.php\/wp-json\/wp\/v2\/product_cat?post=46942"},{"taxonomy":"product_tag","embeddable":true,"href":"https:\/\/paracherkaoui.ma\/index.php\/wp-json\/wp\/v2\/product_tag?post=46942"}],"curies":[{"name":"wp","href":"https:\/\/api.w.org\/{rel}","templated":true}]}}