{"id":46877,"date":"2025-12-12T19:23:41","date_gmt":"2025-12-12T18:23:41","guid":{"rendered":"https:\/\/test.ecbeaute.com\/?post_type=product&#038;p=46877"},"modified":"2025-12-12T19:23:53","modified_gmt":"2025-12-12T18:23:53","slug":"curaprox-cps-prime-plus-011-uhs-451","status":"publish","type":"product","link":"https:\/\/paracherkaoui.ma\/index.php\/produit\/curaprox-cps-prime-plus-011-uhs-451\/","title":{"rendered":"CURAPROX CPS PRIME PLUS 011 UHS 451"},"content":{"rendered":"<p>5 brossettes interdentaires CPS 011 prime + manche UHS 451<br \/>\nLes CPS prime sont les plus fines brossettes sur le march\u00e9 \u2013 pour une pr\u00e9vention tr\u00e8s simple de caries lat\u00e9rales, de la gingivite et de la parodontite. La qualit\u00e9 de la CPS prime permet un seul mouvement de nettoyage: ins\u00e9rer et retirer. C&rsquo;est termin\u00e9.<\/p>\n<p>Fonctionnabilit\u00e9: 1.1 mm \/ Efficacit\u00e9: 5.0 mm<br \/>\nElles remplissent l&rsquo;espace, efficacement et en douceur. Les brossettes interdentaires CURAPROX nettoient la totalit\u00e9 des espaces interdentaires efficacement et sans blesser; du sillon gingival aux zones concaves jusque directement sous le point de contact. Elles permettent d&rsquo;atteindre les plus petits espaces interdentaires sans risquer de se blesser gr\u00e2ce au fil m\u00e9tallique en CURAL\u00ae, de qualit\u00e9 chirurgicale extrafin et tr\u00e8s robuste. Cette qualit\u00e9 permet un seul mouvement de nettoyage: ins\u00e9rer et retirer.<br \/>\nC&rsquo;est termin\u00e9.<br \/>\nFilaments ultrafins avec effet parapluie<br \/>\nFil m\u00e9tallique de qualit\u00e9 chirurgical pour les plus petits espaces interdentaires<br \/>\nLongue dur\u00e9e de vie<br \/>\nSyst\u00e8me \u00e0 encliquetage pour tous les manches<br \/>\n5 CPS prime 011 brossettes interdentaires + 1 manche coud\u00e9, couleur correspondant<\/p>\n","protected":false},"excerpt":{"rendered":"<p>5 brossettes interdentaires CPS 011 prime + manche UHS 451 Les CPS prime sont les plus fines brossettes sur le<\/p>\n","protected":false},"featured_media":46933,"comment_status":"open","ping_status":"closed","template":"","meta":[],"product_brand":[836],"product_cat":[841],"product_tag":[],"class_list":{"0":"post-46877","1":"product","2":"type-product","3":"status-publish","4":"has-post-thumbnail","6":"product_brand-curaprox","7":"product_cat-brossettes-interdentaires-et-fils-dentaires","9":"first","10":"instock","11":"sale","12":"shipping-taxable","13":"purchasable","14":"product-type-simple"},"yoast_head":"<!-- This site is optimized with the Yoast SEO plugin v26.6 - https:\/\/yoast.com\/wordpress\/plugins\/seo\/ -->\r\n<title>CURAPROX CPS PRIME PLUS 011 UHS 451 - Paracherkaoui.ma<\/title>\r\n<meta name=\"robots\" content=\"index, follow, max-snippet:-1, max-image-preview:large, max-video-preview:-1\" \/>\r\n<link rel=\"canonical\" href=\"https:\/\/paracherkaoui.ma\/index.php\/produit\/curaprox-cps-prime-plus-011-uhs-451\/\" \/>\r\n<meta property=\"og:locale\" content=\"fr_FR\" \/>\r\n<meta property=\"og:type\" content=\"article\" \/>\r\n<meta property=\"og:title\" content=\"CURAPROX CPS PRIME PLUS 011 UHS 451 - Paracherkaoui.ma\" \/>\r\n<meta property=\"og:description\" content=\"5 brossettes interdentaires CPS 011 prime + manche UHS 451 Les CPS prime sont les plus fines brossettes sur le\" \/>\r\n<meta property=\"og:url\" content=\"https:\/\/paracherkaoui.ma\/index.php\/produit\/curaprox-cps-prime-plus-011-uhs-451\/\" \/>\r\n<meta property=\"og:site_name\" content=\"Paracherkaoui.ma\" \/>\r\n<meta property=\"article:modified_time\" content=\"2025-12-12T18:23:53+00:00\" \/>\r\n<meta property=\"og:image\" content=\"https:\/\/paracherkaoui.ma\/wp-content\/uploads\/2025\/12\/curaprox-cps-prime-plus-011-uhs-451.jpg\" \/>\r\n\t<meta property=\"og:image:width\" content=\"700\" \/>\r\n\t<meta property=\"og:image:height\" content=\"700\" \/>\r\n\t<meta property=\"og:image:type\" content=\"image\/jpeg\" \/>\r\n<meta name=\"twitter:card\" content=\"summary_large_image\" \/>\r\n<meta name=\"twitter:label1\" content=\"Dur\u00e9e de lecture estim\u00e9e\" \/>\n\t<meta name=\"twitter:data1\" content=\"1 minute\" \/>\r\n<script type=\"application\/ld+json\" class=\"yoast-schema-graph\">{\"@context\":\"https:\/\/schema.org\",\"@graph\":[{\"@type\":\"WebPage\",\"@id\":\"https:\/\/paracherkaoui.ma\/index.php\/produit\/curaprox-cps-prime-plus-011-uhs-451\/\",\"url\":\"https:\/\/paracherkaoui.ma\/index.php\/produit\/curaprox-cps-prime-plus-011-uhs-451\/\",\"name\":\"CURAPROX CPS PRIME PLUS 011 UHS 451 - Paracherkaoui.ma\",\"isPartOf\":{\"@id\":\"https:\/\/paracherkaoui.ma\/#website\"},\"primaryImageOfPage\":{\"@id\":\"https:\/\/paracherkaoui.ma\/index.php\/produit\/curaprox-cps-prime-plus-011-uhs-451\/#primaryimage\"},\"image\":{\"@id\":\"https:\/\/paracherkaoui.ma\/index.php\/produit\/curaprox-cps-prime-plus-011-uhs-451\/#primaryimage\"},\"thumbnailUrl\":\"https:\/\/paracherkaoui.ma\/wp-content\/uploads\/2025\/12\/curaprox-cps-prime-plus-011-uhs-451.jpg\",\"datePublished\":\"2025-12-12T18:23:41+00:00\",\"dateModified\":\"2025-12-12T18:23:53+00:00\",\"breadcrumb\":{\"@id\":\"https:\/\/paracherkaoui.ma\/index.php\/produit\/curaprox-cps-prime-plus-011-uhs-451\/#breadcrumb\"},\"inLanguage\":\"fr-FR\",\"potentialAction\":[{\"@type\":\"ReadAction\",\"target\":[\"https:\/\/paracherkaoui.ma\/index.php\/produit\/curaprox-cps-prime-plus-011-uhs-451\/\"]}]},{\"@type\":\"ImageObject\",\"inLanguage\":\"fr-FR\",\"@id\":\"https:\/\/paracherkaoui.ma\/index.php\/produit\/curaprox-cps-prime-plus-011-uhs-451\/#primaryimage\",\"url\":\"https:\/\/paracherkaoui.ma\/wp-content\/uploads\/2025\/12\/curaprox-cps-prime-plus-011-uhs-451.jpg\",\"contentUrl\":\"https:\/\/paracherkaoui.ma\/wp-content\/uploads\/2025\/12\/curaprox-cps-prime-plus-011-uhs-451.jpg\",\"width\":700,\"height\":700},{\"@type\":\"BreadcrumbList\",\"@id\":\"https:\/\/paracherkaoui.ma\/index.php\/produit\/curaprox-cps-prime-plus-011-uhs-451\/#breadcrumb\",\"itemListElement\":[{\"@type\":\"ListItem\",\"position\":1,\"name\":\"Accueil\",\"item\":\"https:\/\/paracherkaoui.ma\/\"},{\"@type\":\"ListItem\",\"position\":2,\"name\":\"Boutique\",\"item\":\"https:\/\/paracherkaoui.ma\/index.php\/boutique\/\"},{\"@type\":\"ListItem\",\"position\":3,\"name\":\"CURAPROX CPS PRIME PLUS 011 UHS 451\"}]},{\"@type\":\"WebSite\",\"@id\":\"https:\/\/paracherkaoui.ma\/#website\",\"url\":\"https:\/\/paracherkaoui.ma\/\",\"name\":\"Paracherkaoui.ma\",\"description\":\"Achetez en ligne sur Paracherkaoui.ma\",\"potentialAction\":[{\"@type\":\"SearchAction\",\"target\":{\"@type\":\"EntryPoint\",\"urlTemplate\":\"https:\/\/paracherkaoui.ma\/?s={search_term_string}\"},\"query-input\":{\"@type\":\"PropertyValueSpecification\",\"valueRequired\":true,\"valueName\":\"search_term_string\"}}],\"inLanguage\":\"fr-FR\"}]}<\/script>\r\n<!-- \/ Yoast SEO plugin. -->","yoast_head_json":{"title":"CURAPROX CPS PRIME PLUS 011 UHS 451 - Paracherkaoui.ma","robots":{"index":"index","follow":"follow","max-snippet":"max-snippet:-1","max-image-preview":"max-image-preview:large","max-video-preview":"max-video-preview:-1"},"canonical":"https:\/\/paracherkaoui.ma\/index.php\/produit\/curaprox-cps-prime-plus-011-uhs-451\/","og_locale":"fr_FR","og_type":"article","og_title":"CURAPROX CPS PRIME PLUS 011 UHS 451 - Paracherkaoui.ma","og_description":"5 brossettes interdentaires CPS 011 prime + manche UHS 451 Les CPS prime sont les plus fines brossettes sur le","og_url":"https:\/\/paracherkaoui.ma\/index.php\/produit\/curaprox-cps-prime-plus-011-uhs-451\/","og_site_name":"Paracherkaoui.ma","article_modified_time":"2025-12-12T18:23:53+00:00","og_image":[{"width":700,"height":700,"url":"https:\/\/paracherkaoui.ma\/wp-content\/uploads\/2025\/12\/curaprox-cps-prime-plus-011-uhs-451.jpg","type":"image\/jpeg"}],"twitter_card":"summary_large_image","twitter_misc":{"Dur\u00e9e de lecture estim\u00e9e":"1 minute"},"schema":{"@context":"https:\/\/schema.org","@graph":[{"@type":"WebPage","@id":"https:\/\/paracherkaoui.ma\/index.php\/produit\/curaprox-cps-prime-plus-011-uhs-451\/","url":"https:\/\/paracherkaoui.ma\/index.php\/produit\/curaprox-cps-prime-plus-011-uhs-451\/","name":"CURAPROX CPS PRIME PLUS 011 UHS 451 - Paracherkaoui.ma","isPartOf":{"@id":"https:\/\/paracherkaoui.ma\/#website"},"primaryImageOfPage":{"@id":"https:\/\/paracherkaoui.ma\/index.php\/produit\/curaprox-cps-prime-plus-011-uhs-451\/#primaryimage"},"image":{"@id":"https:\/\/paracherkaoui.ma\/index.php\/produit\/curaprox-cps-prime-plus-011-uhs-451\/#primaryimage"},"thumbnailUrl":"https:\/\/paracherkaoui.ma\/wp-content\/uploads\/2025\/12\/curaprox-cps-prime-plus-011-uhs-451.jpg","datePublished":"2025-12-12T18:23:41+00:00","dateModified":"2025-12-12T18:23:53+00:00","breadcrumb":{"@id":"https:\/\/paracherkaoui.ma\/index.php\/produit\/curaprox-cps-prime-plus-011-uhs-451\/#breadcrumb"},"inLanguage":"fr-FR","potentialAction":[{"@type":"ReadAction","target":["https:\/\/paracherkaoui.ma\/index.php\/produit\/curaprox-cps-prime-plus-011-uhs-451\/"]}]},{"@type":"ImageObject","inLanguage":"fr-FR","@id":"https:\/\/paracherkaoui.ma\/index.php\/produit\/curaprox-cps-prime-plus-011-uhs-451\/#primaryimage","url":"https:\/\/paracherkaoui.ma\/wp-content\/uploads\/2025\/12\/curaprox-cps-prime-plus-011-uhs-451.jpg","contentUrl":"https:\/\/paracherkaoui.ma\/wp-content\/uploads\/2025\/12\/curaprox-cps-prime-plus-011-uhs-451.jpg","width":700,"height":700},{"@type":"BreadcrumbList","@id":"https:\/\/paracherkaoui.ma\/index.php\/produit\/curaprox-cps-prime-plus-011-uhs-451\/#breadcrumb","itemListElement":[{"@type":"ListItem","position":1,"name":"Accueil","item":"https:\/\/paracherkaoui.ma\/"},{"@type":"ListItem","position":2,"name":"Boutique","item":"https:\/\/paracherkaoui.ma\/index.php\/boutique\/"},{"@type":"ListItem","position":3,"name":"CURAPROX CPS PRIME PLUS 011 UHS 451"}]},{"@type":"WebSite","@id":"https:\/\/paracherkaoui.ma\/#website","url":"https:\/\/paracherkaoui.ma\/","name":"Paracherkaoui.ma","description":"Achetez en ligne sur Paracherkaoui.ma","potentialAction":[{"@type":"SearchAction","target":{"@type":"EntryPoint","urlTemplate":"https:\/\/paracherkaoui.ma\/?s={search_term_string}"},"query-input":{"@type":"PropertyValueSpecification","valueRequired":true,"valueName":"search_term_string"}}],"inLanguage":"fr-FR"}]}},"_links":{"self":[{"href":"https:\/\/paracherkaoui.ma\/index.php\/wp-json\/wp\/v2\/product\/46877","targetHints":{"allow":["GET"]}}],"collection":[{"href":"https:\/\/paracherkaoui.ma\/index.php\/wp-json\/wp\/v2\/product"}],"about":[{"href":"https:\/\/paracherkaoui.ma\/index.php\/wp-json\/wp\/v2\/types\/product"}],"replies":[{"embeddable":true,"href":"https:\/\/paracherkaoui.ma\/index.php\/wp-json\/wp\/v2\/comments?post=46877"}],"version-history":[{"count":1,"href":"https:\/\/paracherkaoui.ma\/index.php\/wp-json\/wp\/v2\/product\/46877\/revisions"}],"predecessor-version":[{"id":46934,"href":"https:\/\/paracherkaoui.ma\/index.php\/wp-json\/wp\/v2\/product\/46877\/revisions\/46934"}],"wp:featuredmedia":[{"embeddable":true,"href":"https:\/\/paracherkaoui.ma\/index.php\/wp-json\/wp\/v2\/media\/46933"}],"wp:attachment":[{"href":"https:\/\/paracherkaoui.ma\/index.php\/wp-json\/wp\/v2\/media?parent=46877"}],"wp:term":[{"taxonomy":"product_brand","embeddable":true,"href":"https:\/\/paracherkaoui.ma\/index.php\/wp-json\/wp\/v2\/product_brand?post=46877"},{"taxonomy":"product_cat","embeddable":true,"href":"https:\/\/paracherkaoui.ma\/index.php\/wp-json\/wp\/v2\/product_cat?post=46877"},{"taxonomy":"product_tag","embeddable":true,"href":"https:\/\/paracherkaoui.ma\/index.php\/wp-json\/wp\/v2\/product_tag?post=46877"}],"curies":[{"name":"wp","href":"https:\/\/api.w.org\/{rel}","templated":true}]}}