{"id":46865,"date":"2025-12-12T19:23:41","date_gmt":"2025-12-12T18:23:41","guid":{"rendered":"https:\/\/test.ecbeaute.com\/?post_type=product&#038;p=46865"},"modified":"2025-12-12T19:23:48","modified_gmt":"2025-12-12T18:23:48","slug":"curasept-proxi-brossete-interdendaire-p11","status":"publish","type":"product","link":"https:\/\/paracherkaoui.ma\/index.php\/produit\/curasept-proxi-brossete-interdendaire-p11\/","title":{"rendered":"CURASEPT PROXI BROSSETE INTERDENDAIRE P11"},"content":{"rendered":"<p>Les brossettes interdentaires CURASEPT PROXI P11 sont id\u00e9ales en pr\u00e9vention, pour nettoyer votre plaque dentaire. Elles se glissent l\u00e0 o\u00f9 votre brosse \u00e0 dents ne peut pas aller avec son diam\u00e8tre de 1,1mm.<\/p>\n","protected":false},"excerpt":{"rendered":"<p>Les brossettes interdentaires CURASEPT PROXI P11 sont id\u00e9ales en pr\u00e9vention, pour nettoyer votre plaque dentaire. Elles se glissent l\u00e0 o\u00f9<\/p>\n","protected":false},"featured_media":46909,"comment_status":"open","ping_status":"closed","template":"","meta":[],"product_brand":[805],"product_cat":[841],"product_tag":[],"class_list":{"0":"post-46865","1":"product","2":"type-product","3":"status-publish","4":"has-post-thumbnail","6":"product_brand-curasept","7":"product_cat-brossettes-interdentaires-et-fils-dentaires","9":"first","10":"instock","11":"sale","12":"shipping-taxable","13":"purchasable","14":"product-type-simple"},"yoast_head":"<!-- This site is optimized with the Yoast SEO plugin v26.6 - https:\/\/yoast.com\/wordpress\/plugins\/seo\/ -->\r\n<title>CURASEPT PROXI BROSSETE INTERDENDAIRE P11 - Paracherkaoui.ma<\/title>\r\n<meta name=\"robots\" content=\"index, follow, max-snippet:-1, max-image-preview:large, max-video-preview:-1\" \/>\r\n<link rel=\"canonical\" href=\"https:\/\/paracherkaoui.ma\/index.php\/produit\/curasept-proxi-brossete-interdendaire-p11\/\" \/>\r\n<meta property=\"og:locale\" content=\"fr_FR\" \/>\r\n<meta property=\"og:type\" content=\"article\" \/>\r\n<meta property=\"og:title\" content=\"CURASEPT PROXI BROSSETE INTERDENDAIRE P11 - Paracherkaoui.ma\" \/>\r\n<meta property=\"og:description\" content=\"Les brossettes interdentaires CURASEPT PROXI P11 sont id\u00e9ales en pr\u00e9vention, pour nettoyer votre plaque dentaire. Elles se glissent l\u00e0 o\u00f9\" \/>\r\n<meta property=\"og:url\" content=\"https:\/\/paracherkaoui.ma\/index.php\/produit\/curasept-proxi-brossete-interdendaire-p11\/\" \/>\r\n<meta property=\"og:site_name\" content=\"Paracherkaoui.ma\" \/>\r\n<meta property=\"article:modified_time\" content=\"2025-12-12T18:23:48+00:00\" \/>\r\n<meta property=\"og:image\" content=\"https:\/\/paracherkaoui.ma\/wp-content\/uploads\/2025\/12\/curasept-proxi-brossete-interdendaire-p11.jpg\" \/>\r\n\t<meta property=\"og:image:width\" content=\"700\" \/>\r\n\t<meta property=\"og:image:height\" content=\"700\" \/>\r\n\t<meta property=\"og:image:type\" content=\"image\/jpeg\" \/>\r\n<meta name=\"twitter:card\" content=\"summary_large_image\" \/>\r\n<script type=\"application\/ld+json\" class=\"yoast-schema-graph\">{\"@context\":\"https:\/\/schema.org\",\"@graph\":[{\"@type\":\"WebPage\",\"@id\":\"https:\/\/paracherkaoui.ma\/index.php\/produit\/curasept-proxi-brossete-interdendaire-p11\/\",\"url\":\"https:\/\/paracherkaoui.ma\/index.php\/produit\/curasept-proxi-brossete-interdendaire-p11\/\",\"name\":\"CURASEPT PROXI BROSSETE INTERDENDAIRE P11 - Paracherkaoui.ma\",\"isPartOf\":{\"@id\":\"https:\/\/paracherkaoui.ma\/#website\"},\"primaryImageOfPage\":{\"@id\":\"https:\/\/paracherkaoui.ma\/index.php\/produit\/curasept-proxi-brossete-interdendaire-p11\/#primaryimage\"},\"image\":{\"@id\":\"https:\/\/paracherkaoui.ma\/index.php\/produit\/curasept-proxi-brossete-interdendaire-p11\/#primaryimage\"},\"thumbnailUrl\":\"https:\/\/paracherkaoui.ma\/wp-content\/uploads\/2025\/12\/curasept-proxi-brossete-interdendaire-p11.jpg\",\"datePublished\":\"2025-12-12T18:23:41+00:00\",\"dateModified\":\"2025-12-12T18:23:48+00:00\",\"breadcrumb\":{\"@id\":\"https:\/\/paracherkaoui.ma\/index.php\/produit\/curasept-proxi-brossete-interdendaire-p11\/#breadcrumb\"},\"inLanguage\":\"fr-FR\",\"potentialAction\":[{\"@type\":\"ReadAction\",\"target\":[\"https:\/\/paracherkaoui.ma\/index.php\/produit\/curasept-proxi-brossete-interdendaire-p11\/\"]}]},{\"@type\":\"ImageObject\",\"inLanguage\":\"fr-FR\",\"@id\":\"https:\/\/paracherkaoui.ma\/index.php\/produit\/curasept-proxi-brossete-interdendaire-p11\/#primaryimage\",\"url\":\"https:\/\/paracherkaoui.ma\/wp-content\/uploads\/2025\/12\/curasept-proxi-brossete-interdendaire-p11.jpg\",\"contentUrl\":\"https:\/\/paracherkaoui.ma\/wp-content\/uploads\/2025\/12\/curasept-proxi-brossete-interdendaire-p11.jpg\",\"width\":700,\"height\":700},{\"@type\":\"BreadcrumbList\",\"@id\":\"https:\/\/paracherkaoui.ma\/index.php\/produit\/curasept-proxi-brossete-interdendaire-p11\/#breadcrumb\",\"itemListElement\":[{\"@type\":\"ListItem\",\"position\":1,\"name\":\"Accueil\",\"item\":\"https:\/\/paracherkaoui.ma\/\"},{\"@type\":\"ListItem\",\"position\":2,\"name\":\"Boutique\",\"item\":\"https:\/\/paracherkaoui.ma\/index.php\/boutique\/\"},{\"@type\":\"ListItem\",\"position\":3,\"name\":\"CURASEPT PROXI BROSSETE INTERDENDAIRE P11\"}]},{\"@type\":\"WebSite\",\"@id\":\"https:\/\/paracherkaoui.ma\/#website\",\"url\":\"https:\/\/paracherkaoui.ma\/\",\"name\":\"Paracherkaoui.ma\",\"description\":\"Achetez en ligne sur Paracherkaoui.ma\",\"potentialAction\":[{\"@type\":\"SearchAction\",\"target\":{\"@type\":\"EntryPoint\",\"urlTemplate\":\"https:\/\/paracherkaoui.ma\/?s={search_term_string}\"},\"query-input\":{\"@type\":\"PropertyValueSpecification\",\"valueRequired\":true,\"valueName\":\"search_term_string\"}}],\"inLanguage\":\"fr-FR\"}]}<\/script>\r\n<!-- \/ Yoast SEO plugin. -->","yoast_head_json":{"title":"CURASEPT PROXI BROSSETE INTERDENDAIRE P11 - Paracherkaoui.ma","robots":{"index":"index","follow":"follow","max-snippet":"max-snippet:-1","max-image-preview":"max-image-preview:large","max-video-preview":"max-video-preview:-1"},"canonical":"https:\/\/paracherkaoui.ma\/index.php\/produit\/curasept-proxi-brossete-interdendaire-p11\/","og_locale":"fr_FR","og_type":"article","og_title":"CURASEPT PROXI BROSSETE INTERDENDAIRE P11 - Paracherkaoui.ma","og_description":"Les brossettes interdentaires CURASEPT PROXI P11 sont id\u00e9ales en pr\u00e9vention, pour nettoyer votre plaque dentaire. Elles se glissent l\u00e0 o\u00f9","og_url":"https:\/\/paracherkaoui.ma\/index.php\/produit\/curasept-proxi-brossete-interdendaire-p11\/","og_site_name":"Paracherkaoui.ma","article_modified_time":"2025-12-12T18:23:48+00:00","og_image":[{"width":700,"height":700,"url":"https:\/\/paracherkaoui.ma\/wp-content\/uploads\/2025\/12\/curasept-proxi-brossete-interdendaire-p11.jpg","type":"image\/jpeg"}],"twitter_card":"summary_large_image","schema":{"@context":"https:\/\/schema.org","@graph":[{"@type":"WebPage","@id":"https:\/\/paracherkaoui.ma\/index.php\/produit\/curasept-proxi-brossete-interdendaire-p11\/","url":"https:\/\/paracherkaoui.ma\/index.php\/produit\/curasept-proxi-brossete-interdendaire-p11\/","name":"CURASEPT PROXI BROSSETE INTERDENDAIRE P11 - Paracherkaoui.ma","isPartOf":{"@id":"https:\/\/paracherkaoui.ma\/#website"},"primaryImageOfPage":{"@id":"https:\/\/paracherkaoui.ma\/index.php\/produit\/curasept-proxi-brossete-interdendaire-p11\/#primaryimage"},"image":{"@id":"https:\/\/paracherkaoui.ma\/index.php\/produit\/curasept-proxi-brossete-interdendaire-p11\/#primaryimage"},"thumbnailUrl":"https:\/\/paracherkaoui.ma\/wp-content\/uploads\/2025\/12\/curasept-proxi-brossete-interdendaire-p11.jpg","datePublished":"2025-12-12T18:23:41+00:00","dateModified":"2025-12-12T18:23:48+00:00","breadcrumb":{"@id":"https:\/\/paracherkaoui.ma\/index.php\/produit\/curasept-proxi-brossete-interdendaire-p11\/#breadcrumb"},"inLanguage":"fr-FR","potentialAction":[{"@type":"ReadAction","target":["https:\/\/paracherkaoui.ma\/index.php\/produit\/curasept-proxi-brossete-interdendaire-p11\/"]}]},{"@type":"ImageObject","inLanguage":"fr-FR","@id":"https:\/\/paracherkaoui.ma\/index.php\/produit\/curasept-proxi-brossete-interdendaire-p11\/#primaryimage","url":"https:\/\/paracherkaoui.ma\/wp-content\/uploads\/2025\/12\/curasept-proxi-brossete-interdendaire-p11.jpg","contentUrl":"https:\/\/paracherkaoui.ma\/wp-content\/uploads\/2025\/12\/curasept-proxi-brossete-interdendaire-p11.jpg","width":700,"height":700},{"@type":"BreadcrumbList","@id":"https:\/\/paracherkaoui.ma\/index.php\/produit\/curasept-proxi-brossete-interdendaire-p11\/#breadcrumb","itemListElement":[{"@type":"ListItem","position":1,"name":"Accueil","item":"https:\/\/paracherkaoui.ma\/"},{"@type":"ListItem","position":2,"name":"Boutique","item":"https:\/\/paracherkaoui.ma\/index.php\/boutique\/"},{"@type":"ListItem","position":3,"name":"CURASEPT PROXI BROSSETE INTERDENDAIRE P11"}]},{"@type":"WebSite","@id":"https:\/\/paracherkaoui.ma\/#website","url":"https:\/\/paracherkaoui.ma\/","name":"Paracherkaoui.ma","description":"Achetez en ligne sur Paracherkaoui.ma","potentialAction":[{"@type":"SearchAction","target":{"@type":"EntryPoint","urlTemplate":"https:\/\/paracherkaoui.ma\/?s={search_term_string}"},"query-input":{"@type":"PropertyValueSpecification","valueRequired":true,"valueName":"search_term_string"}}],"inLanguage":"fr-FR"}]}},"_links":{"self":[{"href":"https:\/\/paracherkaoui.ma\/index.php\/wp-json\/wp\/v2\/product\/46865","targetHints":{"allow":["GET"]}}],"collection":[{"href":"https:\/\/paracherkaoui.ma\/index.php\/wp-json\/wp\/v2\/product"}],"about":[{"href":"https:\/\/paracherkaoui.ma\/index.php\/wp-json\/wp\/v2\/types\/product"}],"replies":[{"embeddable":true,"href":"https:\/\/paracherkaoui.ma\/index.php\/wp-json\/wp\/v2\/comments?post=46865"}],"version-history":[{"count":1,"href":"https:\/\/paracherkaoui.ma\/index.php\/wp-json\/wp\/v2\/product\/46865\/revisions"}],"predecessor-version":[{"id":46910,"href":"https:\/\/paracherkaoui.ma\/index.php\/wp-json\/wp\/v2\/product\/46865\/revisions\/46910"}],"wp:featuredmedia":[{"embeddable":true,"href":"https:\/\/paracherkaoui.ma\/index.php\/wp-json\/wp\/v2\/media\/46909"}],"wp:attachment":[{"href":"https:\/\/paracherkaoui.ma\/index.php\/wp-json\/wp\/v2\/media?parent=46865"}],"wp:term":[{"taxonomy":"product_brand","embeddable":true,"href":"https:\/\/paracherkaoui.ma\/index.php\/wp-json\/wp\/v2\/product_brand?post=46865"},{"taxonomy":"product_cat","embeddable":true,"href":"https:\/\/paracherkaoui.ma\/index.php\/wp-json\/wp\/v2\/product_cat?post=46865"},{"taxonomy":"product_tag","embeddable":true,"href":"https:\/\/paracherkaoui.ma\/index.php\/wp-json\/wp\/v2\/product_tag?post=46865"}],"curies":[{"name":"wp","href":"https:\/\/api.w.org\/{rel}","templated":true}]}}