{"id":46853,"date":"2025-12-12T19:23:40","date_gmt":"2025-12-12T18:23:40","guid":{"rendered":"https:\/\/test.ecbeaute.com\/?post_type=product&#038;p=46853"},"modified":"2025-12-12T19:23:42","modified_gmt":"2025-12-12T18:23:42","slug":"gum-soft-pick-advanced-large-30-unites-ref-651","status":"publish","type":"product","link":"https:\/\/paracherkaoui.ma\/index.php\/produit\/gum-soft-pick-advanced-large-30-unites-ref-651\/","title":{"rendered":"GUM SOFT PICK ADVANCED LARGE 30 UNITES REF 651"},"content":{"rendered":"<p>GUM Soft Picks Advanced Regular 30 Unit\u00e9s sont des b\u00e2tonnets interdentaires avec pointes en caoutchouc qui permettent de nettoyer en douceur entre les dents et de tonifier agr\u00e9ablement les gencives. Ils s&rsquo;utilisent en compl\u00e9ment du brossage ou \u00e0 tout moment de la journ\u00e9e pour retirer des d\u00e9bris alimentaires.<br \/>\nNe contient ni bois ni m\u00e9tal, tr\u00e8s doux pour les gencives et dents.<br \/>\nEffectuer des mouvements de va et vient. Ne pas forcer dans les espaces \u00e9troits.<br \/>\nIndication : Hygi\u00e8ne dentaire, espaces interdentaires.<\/p>\n","protected":false},"excerpt":{"rendered":"<p>GUM Soft Picks Advanced Regular 30 Unit\u00e9s sont des b\u00e2tonnets interdentaires avec pointes en caoutchouc qui permettent de nettoyer en<\/p>\n","protected":false},"featured_media":46885,"comment_status":"open","ping_status":"closed","template":"","meta":[],"product_brand":[800],"product_cat":[841],"product_tag":[],"class_list":{"0":"post-46853","1":"product","2":"type-product","3":"status-publish","4":"has-post-thumbnail","6":"product_brand-gum","7":"product_cat-brossettes-interdentaires-et-fils-dentaires","9":"first","10":"instock","11":"sale","12":"shipping-taxable","13":"purchasable","14":"product-type-simple"},"yoast_head":"<!-- This site is optimized with the Yoast SEO plugin v26.6 - https:\/\/yoast.com\/wordpress\/plugins\/seo\/ -->\r\n<title>GUM SOFT PICK ADVANCED LARGE 30 UNITES REF 651 - Paracherkaoui.ma<\/title>\r\n<meta name=\"robots\" content=\"index, follow, max-snippet:-1, max-image-preview:large, max-video-preview:-1\" \/>\r\n<link rel=\"canonical\" href=\"https:\/\/paracherkaoui.ma\/index.php\/produit\/gum-soft-pick-advanced-large-30-unites-ref-651\/\" \/>\r\n<meta property=\"og:locale\" content=\"fr_FR\" \/>\r\n<meta property=\"og:type\" content=\"article\" \/>\r\n<meta property=\"og:title\" content=\"GUM SOFT PICK ADVANCED LARGE 30 UNITES REF 651 - Paracherkaoui.ma\" \/>\r\n<meta property=\"og:description\" content=\"GUM Soft Picks Advanced Regular 30 Unit\u00e9s sont des b\u00e2tonnets interdentaires avec pointes en caoutchouc qui permettent de nettoyer en\" \/>\r\n<meta property=\"og:url\" content=\"https:\/\/paracherkaoui.ma\/index.php\/produit\/gum-soft-pick-advanced-large-30-unites-ref-651\/\" \/>\r\n<meta property=\"og:site_name\" content=\"Paracherkaoui.ma\" \/>\r\n<meta property=\"article:modified_time\" content=\"2025-12-12T18:23:42+00:00\" \/>\r\n<meta property=\"og:image\" content=\"https:\/\/paracherkaoui.ma\/wp-content\/uploads\/2025\/12\/gum-soft-pick-advanced-large-30-unites-ref-651.jpg\" \/>\r\n\t<meta property=\"og:image:width\" content=\"700\" \/>\r\n\t<meta property=\"og:image:height\" content=\"700\" \/>\r\n\t<meta property=\"og:image:type\" content=\"image\/jpeg\" \/>\r\n<meta name=\"twitter:card\" content=\"summary_large_image\" \/>\r\n<script type=\"application\/ld+json\" class=\"yoast-schema-graph\">{\"@context\":\"https:\/\/schema.org\",\"@graph\":[{\"@type\":\"WebPage\",\"@id\":\"https:\/\/paracherkaoui.ma\/index.php\/produit\/gum-soft-pick-advanced-large-30-unites-ref-651\/\",\"url\":\"https:\/\/paracherkaoui.ma\/index.php\/produit\/gum-soft-pick-advanced-large-30-unites-ref-651\/\",\"name\":\"GUM SOFT PICK ADVANCED LARGE 30 UNITES REF 651 - Paracherkaoui.ma\",\"isPartOf\":{\"@id\":\"https:\/\/paracherkaoui.ma\/#website\"},\"primaryImageOfPage\":{\"@id\":\"https:\/\/paracherkaoui.ma\/index.php\/produit\/gum-soft-pick-advanced-large-30-unites-ref-651\/#primaryimage\"},\"image\":{\"@id\":\"https:\/\/paracherkaoui.ma\/index.php\/produit\/gum-soft-pick-advanced-large-30-unites-ref-651\/#primaryimage\"},\"thumbnailUrl\":\"https:\/\/paracherkaoui.ma\/wp-content\/uploads\/2025\/12\/gum-soft-pick-advanced-large-30-unites-ref-651.jpg\",\"datePublished\":\"2025-12-12T18:23:40+00:00\",\"dateModified\":\"2025-12-12T18:23:42+00:00\",\"breadcrumb\":{\"@id\":\"https:\/\/paracherkaoui.ma\/index.php\/produit\/gum-soft-pick-advanced-large-30-unites-ref-651\/#breadcrumb\"},\"inLanguage\":\"fr-FR\",\"potentialAction\":[{\"@type\":\"ReadAction\",\"target\":[\"https:\/\/paracherkaoui.ma\/index.php\/produit\/gum-soft-pick-advanced-large-30-unites-ref-651\/\"]}]},{\"@type\":\"ImageObject\",\"inLanguage\":\"fr-FR\",\"@id\":\"https:\/\/paracherkaoui.ma\/index.php\/produit\/gum-soft-pick-advanced-large-30-unites-ref-651\/#primaryimage\",\"url\":\"https:\/\/paracherkaoui.ma\/wp-content\/uploads\/2025\/12\/gum-soft-pick-advanced-large-30-unites-ref-651.jpg\",\"contentUrl\":\"https:\/\/paracherkaoui.ma\/wp-content\/uploads\/2025\/12\/gum-soft-pick-advanced-large-30-unites-ref-651.jpg\",\"width\":700,\"height\":700},{\"@type\":\"BreadcrumbList\",\"@id\":\"https:\/\/paracherkaoui.ma\/index.php\/produit\/gum-soft-pick-advanced-large-30-unites-ref-651\/#breadcrumb\",\"itemListElement\":[{\"@type\":\"ListItem\",\"position\":1,\"name\":\"Accueil\",\"item\":\"https:\/\/paracherkaoui.ma\/\"},{\"@type\":\"ListItem\",\"position\":2,\"name\":\"Boutique\",\"item\":\"https:\/\/paracherkaoui.ma\/index.php\/boutique\/\"},{\"@type\":\"ListItem\",\"position\":3,\"name\":\"GUM SOFT PICK ADVANCED LARGE 30 UNITES REF 651\"}]},{\"@type\":\"WebSite\",\"@id\":\"https:\/\/paracherkaoui.ma\/#website\",\"url\":\"https:\/\/paracherkaoui.ma\/\",\"name\":\"Paracherkaoui.ma\",\"description\":\"Achetez en ligne sur Paracherkaoui.ma\",\"potentialAction\":[{\"@type\":\"SearchAction\",\"target\":{\"@type\":\"EntryPoint\",\"urlTemplate\":\"https:\/\/paracherkaoui.ma\/?s={search_term_string}\"},\"query-input\":{\"@type\":\"PropertyValueSpecification\",\"valueRequired\":true,\"valueName\":\"search_term_string\"}}],\"inLanguage\":\"fr-FR\"}]}<\/script>\r\n<!-- \/ Yoast SEO plugin. -->","yoast_head_json":{"title":"GUM SOFT PICK ADVANCED LARGE 30 UNITES REF 651 - Paracherkaoui.ma","robots":{"index":"index","follow":"follow","max-snippet":"max-snippet:-1","max-image-preview":"max-image-preview:large","max-video-preview":"max-video-preview:-1"},"canonical":"https:\/\/paracherkaoui.ma\/index.php\/produit\/gum-soft-pick-advanced-large-30-unites-ref-651\/","og_locale":"fr_FR","og_type":"article","og_title":"GUM SOFT PICK ADVANCED LARGE 30 UNITES REF 651 - Paracherkaoui.ma","og_description":"GUM Soft Picks Advanced Regular 30 Unit\u00e9s sont des b\u00e2tonnets interdentaires avec pointes en caoutchouc qui permettent de nettoyer en","og_url":"https:\/\/paracherkaoui.ma\/index.php\/produit\/gum-soft-pick-advanced-large-30-unites-ref-651\/","og_site_name":"Paracherkaoui.ma","article_modified_time":"2025-12-12T18:23:42+00:00","og_image":[{"width":700,"height":700,"url":"https:\/\/paracherkaoui.ma\/wp-content\/uploads\/2025\/12\/gum-soft-pick-advanced-large-30-unites-ref-651.jpg","type":"image\/jpeg"}],"twitter_card":"summary_large_image","schema":{"@context":"https:\/\/schema.org","@graph":[{"@type":"WebPage","@id":"https:\/\/paracherkaoui.ma\/index.php\/produit\/gum-soft-pick-advanced-large-30-unites-ref-651\/","url":"https:\/\/paracherkaoui.ma\/index.php\/produit\/gum-soft-pick-advanced-large-30-unites-ref-651\/","name":"GUM SOFT PICK ADVANCED LARGE 30 UNITES REF 651 - Paracherkaoui.ma","isPartOf":{"@id":"https:\/\/paracherkaoui.ma\/#website"},"primaryImageOfPage":{"@id":"https:\/\/paracherkaoui.ma\/index.php\/produit\/gum-soft-pick-advanced-large-30-unites-ref-651\/#primaryimage"},"image":{"@id":"https:\/\/paracherkaoui.ma\/index.php\/produit\/gum-soft-pick-advanced-large-30-unites-ref-651\/#primaryimage"},"thumbnailUrl":"https:\/\/paracherkaoui.ma\/wp-content\/uploads\/2025\/12\/gum-soft-pick-advanced-large-30-unites-ref-651.jpg","datePublished":"2025-12-12T18:23:40+00:00","dateModified":"2025-12-12T18:23:42+00:00","breadcrumb":{"@id":"https:\/\/paracherkaoui.ma\/index.php\/produit\/gum-soft-pick-advanced-large-30-unites-ref-651\/#breadcrumb"},"inLanguage":"fr-FR","potentialAction":[{"@type":"ReadAction","target":["https:\/\/paracherkaoui.ma\/index.php\/produit\/gum-soft-pick-advanced-large-30-unites-ref-651\/"]}]},{"@type":"ImageObject","inLanguage":"fr-FR","@id":"https:\/\/paracherkaoui.ma\/index.php\/produit\/gum-soft-pick-advanced-large-30-unites-ref-651\/#primaryimage","url":"https:\/\/paracherkaoui.ma\/wp-content\/uploads\/2025\/12\/gum-soft-pick-advanced-large-30-unites-ref-651.jpg","contentUrl":"https:\/\/paracherkaoui.ma\/wp-content\/uploads\/2025\/12\/gum-soft-pick-advanced-large-30-unites-ref-651.jpg","width":700,"height":700},{"@type":"BreadcrumbList","@id":"https:\/\/paracherkaoui.ma\/index.php\/produit\/gum-soft-pick-advanced-large-30-unites-ref-651\/#breadcrumb","itemListElement":[{"@type":"ListItem","position":1,"name":"Accueil","item":"https:\/\/paracherkaoui.ma\/"},{"@type":"ListItem","position":2,"name":"Boutique","item":"https:\/\/paracherkaoui.ma\/index.php\/boutique\/"},{"@type":"ListItem","position":3,"name":"GUM SOFT PICK ADVANCED LARGE 30 UNITES REF 651"}]},{"@type":"WebSite","@id":"https:\/\/paracherkaoui.ma\/#website","url":"https:\/\/paracherkaoui.ma\/","name":"Paracherkaoui.ma","description":"Achetez en ligne sur Paracherkaoui.ma","potentialAction":[{"@type":"SearchAction","target":{"@type":"EntryPoint","urlTemplate":"https:\/\/paracherkaoui.ma\/?s={search_term_string}"},"query-input":{"@type":"PropertyValueSpecification","valueRequired":true,"valueName":"search_term_string"}}],"inLanguage":"fr-FR"}]}},"_links":{"self":[{"href":"https:\/\/paracherkaoui.ma\/index.php\/wp-json\/wp\/v2\/product\/46853","targetHints":{"allow":["GET"]}}],"collection":[{"href":"https:\/\/paracherkaoui.ma\/index.php\/wp-json\/wp\/v2\/product"}],"about":[{"href":"https:\/\/paracherkaoui.ma\/index.php\/wp-json\/wp\/v2\/types\/product"}],"replies":[{"embeddable":true,"href":"https:\/\/paracherkaoui.ma\/index.php\/wp-json\/wp\/v2\/comments?post=46853"}],"version-history":[{"count":1,"href":"https:\/\/paracherkaoui.ma\/index.php\/wp-json\/wp\/v2\/product\/46853\/revisions"}],"predecessor-version":[{"id":46886,"href":"https:\/\/paracherkaoui.ma\/index.php\/wp-json\/wp\/v2\/product\/46853\/revisions\/46886"}],"wp:featuredmedia":[{"embeddable":true,"href":"https:\/\/paracherkaoui.ma\/index.php\/wp-json\/wp\/v2\/media\/46885"}],"wp:attachment":[{"href":"https:\/\/paracherkaoui.ma\/index.php\/wp-json\/wp\/v2\/media?parent=46853"}],"wp:term":[{"taxonomy":"product_brand","embeddable":true,"href":"https:\/\/paracherkaoui.ma\/index.php\/wp-json\/wp\/v2\/product_brand?post=46853"},{"taxonomy":"product_cat","embeddable":true,"href":"https:\/\/paracherkaoui.ma\/index.php\/wp-json\/wp\/v2\/product_cat?post=46853"},{"taxonomy":"product_tag","embeddable":true,"href":"https:\/\/paracherkaoui.ma\/index.php\/wp-json\/wp\/v2\/product_tag?post=46853"}],"curies":[{"name":"wp","href":"https:\/\/api.w.org\/{rel}","templated":true}]}}