{"id":46777,"date":"2025-12-12T19:23:32","date_gmt":"2025-12-12T18:23:32","guid":{"rendered":"https:\/\/test.ecbeaute.com\/?post_type=product&#038;p=46777"},"modified":"2025-12-12T19:23:36","modified_gmt":"2025-12-12T18:23:36","slug":"kin-kclinic-brossettes-interdentaires-orange-1-2-mm-5-unites","status":"publish","type":"product","link":"https:\/\/paracherkaoui.ma\/index.php\/produit\/kin-kclinic-brossettes-interdentaires-orange-1-2-mm-5-unites\/","title":{"rendered":"KIN KCLINIC BROSSETTES INTERDENTAIRES ORANGE 1.2 MM 5 UNITES"},"content":{"rendered":"<p>Optimisez votre routine d\u2019hygi\u00e8ne bucco-dentaire avec les brossettes interdentaires Kclinic de 1.2mm x5. Con\u00e7ues pour atteindre les espaces les plus \u00e9troits entre vos dents, ces brossettes offrent un nettoyage efficace et confortable, favorisant une bouche plus saine et des gencives revitalis\u00e9es.<\/p>\n","protected":false},"excerpt":{"rendered":"<p>Optimisez votre routine d\u2019hygi\u00e8ne bucco-dentaire avec les brossettes interdentaires Kclinic de 1.2mm x5. Con\u00e7ues pour atteindre les espaces les plus<\/p>\n","protected":false},"featured_media":46823,"comment_status":"open","ping_status":"closed","template":"","meta":[],"product_brand":[799],"product_cat":[841],"product_tag":[],"class_list":{"0":"post-46777","1":"product","2":"type-product","3":"status-publish","4":"has-post-thumbnail","6":"product_brand-kin","7":"product_cat-brossettes-interdentaires-et-fils-dentaires","9":"first","10":"instock","11":"sale","12":"shipping-taxable","13":"purchasable","14":"product-type-simple"},"yoast_head":"<!-- This site is optimized with the Yoast SEO plugin v26.6 - https:\/\/yoast.com\/wordpress\/plugins\/seo\/ -->\r\n<title>KIN KCLINIC BROSSETTES INTERDENTAIRES ORANGE 1.2 MM 5 UNITES - Paracherkaoui.ma<\/title>\r\n<meta name=\"robots\" content=\"index, follow, max-snippet:-1, max-image-preview:large, max-video-preview:-1\" \/>\r\n<link rel=\"canonical\" href=\"https:\/\/paracherkaoui.ma\/index.php\/produit\/kin-kclinic-brossettes-interdentaires-orange-1-2-mm-5-unites\/\" \/>\r\n<meta property=\"og:locale\" content=\"fr_FR\" \/>\r\n<meta property=\"og:type\" content=\"article\" \/>\r\n<meta property=\"og:title\" content=\"KIN KCLINIC BROSSETTES INTERDENTAIRES ORANGE 1.2 MM 5 UNITES - Paracherkaoui.ma\" \/>\r\n<meta property=\"og:description\" content=\"Optimisez votre routine d\u2019hygi\u00e8ne bucco-dentaire avec les brossettes interdentaires Kclinic de 1.2mm x5. Con\u00e7ues pour atteindre les espaces les plus\" \/>\r\n<meta property=\"og:url\" content=\"https:\/\/paracherkaoui.ma\/index.php\/produit\/kin-kclinic-brossettes-interdentaires-orange-1-2-mm-5-unites\/\" \/>\r\n<meta property=\"og:site_name\" content=\"Paracherkaoui.ma\" \/>\r\n<meta property=\"article:modified_time\" content=\"2025-12-12T18:23:36+00:00\" \/>\r\n<meta property=\"og:image\" content=\"https:\/\/paracherkaoui.ma\/wp-content\/uploads\/2025\/12\/kin-kin-kclinic-brossettes-interdentaires-orange-12-mm-5-unites-brossettes-interdentaires-et-accessoires.jpg\" \/>\r\n\t<meta property=\"og:image:width\" content=\"700\" \/>\r\n\t<meta property=\"og:image:height\" content=\"700\" \/>\r\n\t<meta property=\"og:image:type\" content=\"image\/jpeg\" \/>\r\n<meta name=\"twitter:card\" content=\"summary_large_image\" \/>\r\n<script type=\"application\/ld+json\" class=\"yoast-schema-graph\">{\"@context\":\"https:\/\/schema.org\",\"@graph\":[{\"@type\":\"WebPage\",\"@id\":\"https:\/\/paracherkaoui.ma\/index.php\/produit\/kin-kclinic-brossettes-interdentaires-orange-1-2-mm-5-unites\/\",\"url\":\"https:\/\/paracherkaoui.ma\/index.php\/produit\/kin-kclinic-brossettes-interdentaires-orange-1-2-mm-5-unites\/\",\"name\":\"KIN KCLINIC BROSSETTES INTERDENTAIRES ORANGE 1.2 MM 5 UNITES - Paracherkaoui.ma\",\"isPartOf\":{\"@id\":\"https:\/\/paracherkaoui.ma\/#website\"},\"primaryImageOfPage\":{\"@id\":\"https:\/\/paracherkaoui.ma\/index.php\/produit\/kin-kclinic-brossettes-interdentaires-orange-1-2-mm-5-unites\/#primaryimage\"},\"image\":{\"@id\":\"https:\/\/paracherkaoui.ma\/index.php\/produit\/kin-kclinic-brossettes-interdentaires-orange-1-2-mm-5-unites\/#primaryimage\"},\"thumbnailUrl\":\"https:\/\/paracherkaoui.ma\/wp-content\/uploads\/2025\/12\/kin-kin-kclinic-brossettes-interdentaires-orange-12-mm-5-unites-brossettes-interdentaires-et-accessoires.jpg\",\"datePublished\":\"2025-12-12T18:23:32+00:00\",\"dateModified\":\"2025-12-12T18:23:36+00:00\",\"breadcrumb\":{\"@id\":\"https:\/\/paracherkaoui.ma\/index.php\/produit\/kin-kclinic-brossettes-interdentaires-orange-1-2-mm-5-unites\/#breadcrumb\"},\"inLanguage\":\"fr-FR\",\"potentialAction\":[{\"@type\":\"ReadAction\",\"target\":[\"https:\/\/paracherkaoui.ma\/index.php\/produit\/kin-kclinic-brossettes-interdentaires-orange-1-2-mm-5-unites\/\"]}]},{\"@type\":\"ImageObject\",\"inLanguage\":\"fr-FR\",\"@id\":\"https:\/\/paracherkaoui.ma\/index.php\/produit\/kin-kclinic-brossettes-interdentaires-orange-1-2-mm-5-unites\/#primaryimage\",\"url\":\"https:\/\/paracherkaoui.ma\/wp-content\/uploads\/2025\/12\/kin-kin-kclinic-brossettes-interdentaires-orange-12-mm-5-unites-brossettes-interdentaires-et-accessoires.jpg\",\"contentUrl\":\"https:\/\/paracherkaoui.ma\/wp-content\/uploads\/2025\/12\/kin-kin-kclinic-brossettes-interdentaires-orange-12-mm-5-unites-brossettes-interdentaires-et-accessoires.jpg\",\"width\":700,\"height\":700},{\"@type\":\"BreadcrumbList\",\"@id\":\"https:\/\/paracherkaoui.ma\/index.php\/produit\/kin-kclinic-brossettes-interdentaires-orange-1-2-mm-5-unites\/#breadcrumb\",\"itemListElement\":[{\"@type\":\"ListItem\",\"position\":1,\"name\":\"Accueil\",\"item\":\"https:\/\/paracherkaoui.ma\/\"},{\"@type\":\"ListItem\",\"position\":2,\"name\":\"Boutique\",\"item\":\"https:\/\/paracherkaoui.ma\/index.php\/boutique\/\"},{\"@type\":\"ListItem\",\"position\":3,\"name\":\"KIN KCLINIC BROSSETTES INTERDENTAIRES ORANGE 1.2 MM 5 UNITES\"}]},{\"@type\":\"WebSite\",\"@id\":\"https:\/\/paracherkaoui.ma\/#website\",\"url\":\"https:\/\/paracherkaoui.ma\/\",\"name\":\"Paracherkaoui.ma\",\"description\":\"Achetez en ligne sur Paracherkaoui.ma\",\"potentialAction\":[{\"@type\":\"SearchAction\",\"target\":{\"@type\":\"EntryPoint\",\"urlTemplate\":\"https:\/\/paracherkaoui.ma\/?s={search_term_string}\"},\"query-input\":{\"@type\":\"PropertyValueSpecification\",\"valueRequired\":true,\"valueName\":\"search_term_string\"}}],\"inLanguage\":\"fr-FR\"}]}<\/script>\r\n<!-- \/ Yoast SEO plugin. -->","yoast_head_json":{"title":"KIN KCLINIC BROSSETTES INTERDENTAIRES ORANGE 1.2 MM 5 UNITES - Paracherkaoui.ma","robots":{"index":"index","follow":"follow","max-snippet":"max-snippet:-1","max-image-preview":"max-image-preview:large","max-video-preview":"max-video-preview:-1"},"canonical":"https:\/\/paracherkaoui.ma\/index.php\/produit\/kin-kclinic-brossettes-interdentaires-orange-1-2-mm-5-unites\/","og_locale":"fr_FR","og_type":"article","og_title":"KIN KCLINIC BROSSETTES INTERDENTAIRES ORANGE 1.2 MM 5 UNITES - Paracherkaoui.ma","og_description":"Optimisez votre routine d\u2019hygi\u00e8ne bucco-dentaire avec les brossettes interdentaires Kclinic de 1.2mm x5. Con\u00e7ues pour atteindre les espaces les plus","og_url":"https:\/\/paracherkaoui.ma\/index.php\/produit\/kin-kclinic-brossettes-interdentaires-orange-1-2-mm-5-unites\/","og_site_name":"Paracherkaoui.ma","article_modified_time":"2025-12-12T18:23:36+00:00","og_image":[{"width":700,"height":700,"url":"https:\/\/paracherkaoui.ma\/wp-content\/uploads\/2025\/12\/kin-kin-kclinic-brossettes-interdentaires-orange-12-mm-5-unites-brossettes-interdentaires-et-accessoires.jpg","type":"image\/jpeg"}],"twitter_card":"summary_large_image","schema":{"@context":"https:\/\/schema.org","@graph":[{"@type":"WebPage","@id":"https:\/\/paracherkaoui.ma\/index.php\/produit\/kin-kclinic-brossettes-interdentaires-orange-1-2-mm-5-unites\/","url":"https:\/\/paracherkaoui.ma\/index.php\/produit\/kin-kclinic-brossettes-interdentaires-orange-1-2-mm-5-unites\/","name":"KIN KCLINIC BROSSETTES INTERDENTAIRES ORANGE 1.2 MM 5 UNITES - Paracherkaoui.ma","isPartOf":{"@id":"https:\/\/paracherkaoui.ma\/#website"},"primaryImageOfPage":{"@id":"https:\/\/paracherkaoui.ma\/index.php\/produit\/kin-kclinic-brossettes-interdentaires-orange-1-2-mm-5-unites\/#primaryimage"},"image":{"@id":"https:\/\/paracherkaoui.ma\/index.php\/produit\/kin-kclinic-brossettes-interdentaires-orange-1-2-mm-5-unites\/#primaryimage"},"thumbnailUrl":"https:\/\/paracherkaoui.ma\/wp-content\/uploads\/2025\/12\/kin-kin-kclinic-brossettes-interdentaires-orange-12-mm-5-unites-brossettes-interdentaires-et-accessoires.jpg","datePublished":"2025-12-12T18:23:32+00:00","dateModified":"2025-12-12T18:23:36+00:00","breadcrumb":{"@id":"https:\/\/paracherkaoui.ma\/index.php\/produit\/kin-kclinic-brossettes-interdentaires-orange-1-2-mm-5-unites\/#breadcrumb"},"inLanguage":"fr-FR","potentialAction":[{"@type":"ReadAction","target":["https:\/\/paracherkaoui.ma\/index.php\/produit\/kin-kclinic-brossettes-interdentaires-orange-1-2-mm-5-unites\/"]}]},{"@type":"ImageObject","inLanguage":"fr-FR","@id":"https:\/\/paracherkaoui.ma\/index.php\/produit\/kin-kclinic-brossettes-interdentaires-orange-1-2-mm-5-unites\/#primaryimage","url":"https:\/\/paracherkaoui.ma\/wp-content\/uploads\/2025\/12\/kin-kin-kclinic-brossettes-interdentaires-orange-12-mm-5-unites-brossettes-interdentaires-et-accessoires.jpg","contentUrl":"https:\/\/paracherkaoui.ma\/wp-content\/uploads\/2025\/12\/kin-kin-kclinic-brossettes-interdentaires-orange-12-mm-5-unites-brossettes-interdentaires-et-accessoires.jpg","width":700,"height":700},{"@type":"BreadcrumbList","@id":"https:\/\/paracherkaoui.ma\/index.php\/produit\/kin-kclinic-brossettes-interdentaires-orange-1-2-mm-5-unites\/#breadcrumb","itemListElement":[{"@type":"ListItem","position":1,"name":"Accueil","item":"https:\/\/paracherkaoui.ma\/"},{"@type":"ListItem","position":2,"name":"Boutique","item":"https:\/\/paracherkaoui.ma\/index.php\/boutique\/"},{"@type":"ListItem","position":3,"name":"KIN KCLINIC BROSSETTES INTERDENTAIRES ORANGE 1.2 MM 5 UNITES"}]},{"@type":"WebSite","@id":"https:\/\/paracherkaoui.ma\/#website","url":"https:\/\/paracherkaoui.ma\/","name":"Paracherkaoui.ma","description":"Achetez en ligne sur Paracherkaoui.ma","potentialAction":[{"@type":"SearchAction","target":{"@type":"EntryPoint","urlTemplate":"https:\/\/paracherkaoui.ma\/?s={search_term_string}"},"query-input":{"@type":"PropertyValueSpecification","valueRequired":true,"valueName":"search_term_string"}}],"inLanguage":"fr-FR"}]}},"_links":{"self":[{"href":"https:\/\/paracherkaoui.ma\/index.php\/wp-json\/wp\/v2\/product\/46777","targetHints":{"allow":["GET"]}}],"collection":[{"href":"https:\/\/paracherkaoui.ma\/index.php\/wp-json\/wp\/v2\/product"}],"about":[{"href":"https:\/\/paracherkaoui.ma\/index.php\/wp-json\/wp\/v2\/types\/product"}],"replies":[{"embeddable":true,"href":"https:\/\/paracherkaoui.ma\/index.php\/wp-json\/wp\/v2\/comments?post=46777"}],"version-history":[{"count":1,"href":"https:\/\/paracherkaoui.ma\/index.php\/wp-json\/wp\/v2\/product\/46777\/revisions"}],"predecessor-version":[{"id":46824,"href":"https:\/\/paracherkaoui.ma\/index.php\/wp-json\/wp\/v2\/product\/46777\/revisions\/46824"}],"wp:featuredmedia":[{"embeddable":true,"href":"https:\/\/paracherkaoui.ma\/index.php\/wp-json\/wp\/v2\/media\/46823"}],"wp:attachment":[{"href":"https:\/\/paracherkaoui.ma\/index.php\/wp-json\/wp\/v2\/media?parent=46777"}],"wp:term":[{"taxonomy":"product_brand","embeddable":true,"href":"https:\/\/paracherkaoui.ma\/index.php\/wp-json\/wp\/v2\/product_brand?post=46777"},{"taxonomy":"product_cat","embeddable":true,"href":"https:\/\/paracherkaoui.ma\/index.php\/wp-json\/wp\/v2\/product_cat?post=46777"},{"taxonomy":"product_tag","embeddable":true,"href":"https:\/\/paracherkaoui.ma\/index.php\/wp-json\/wp\/v2\/product_tag?post=46777"}],"curies":[{"name":"wp","href":"https:\/\/api.w.org\/{rel}","templated":true}]}}