{"id":46775,"date":"2025-12-12T19:23:31","date_gmt":"2025-12-12T18:23:31","guid":{"rendered":"https:\/\/test.ecbeaute.com\/?post_type=product&#038;p=46775"},"modified":"2025-12-12T19:23:36","modified_gmt":"2025-12-12T18:23:36","slug":"gum-recharge-brosettes-extra-fines-par-8-unites-1-3-mm-ref-514","status":"publish","type":"product","link":"https:\/\/paracherkaoui.ma\/index.php\/produit\/gum-recharge-brosettes-extra-fines-par-8-unites-1-3-mm-ref-514\/","title":{"rendered":"GUM RECHARGE BROSETTES EXTRA FINES PAR 8 UNITES 1.3 MM REF 514"},"content":{"rendered":"<p>Hygi\u00e8ne dentaire, nettoyage des espaces interdentaires.<br \/>\nBrossettes Coniques\u00a0 Extra Fines 1.3 mm<br \/>\nBo\u00eete distributrice de 8 recharges : facilite la fixation des recharges et prot\u00e8ge les brossettes non encore utilis\u00e9es.<\/p>\n<p>Protection antibact\u00e9rienne :<br \/>\nLes brossettes sont prot\u00e9g\u00e9es par un agent antibact\u00e9rien, la chlorhexidine, qui recouvre les brins en nylon monofilament et inhibe la croissance bact\u00e9rienne sur les brossettes jusqu&rsquo;\u00e0 2 semaines.<\/p>\n<p>Actifs principaux :<br \/>\nCompos\u00e9es de brins bleus en nylon monofilament recouverts d&rsquo;un antiseptique, la Chlorhexidine.<\/p>\n<p>Les Brossettes Interdentaires PROXABRUSH CLASSIC sont destin\u00e9es \u00e0 \u00eatre utilis\u00e9es en association avec le manche PROXABRUSH CLASSIC.<\/p>\n<p>Conseils d&rsquo;utilisation:<\/p>\n<p>Ins\u00e9rez la brossette dans le manche et proc\u00e9dez \u00e0 des mouvements de va-et- vient entre les espaces interdentaires.<\/p>\n<p>Ne jamais forcer le passage dans les espaces interdentaires.<\/p>\n<p>Changez la brossette entre 10 \u00e0 20 jours d&rsquo;utilisation.<\/p>\n","protected":false},"excerpt":{"rendered":"<p>Hygi\u00e8ne dentaire, nettoyage des espaces interdentaires. Brossettes Coniques\u00a0 Extra Fines 1.3 mm Bo\u00eete distributrice de 8 recharges : facilite la<\/p>\n","protected":false},"featured_media":46819,"comment_status":"open","ping_status":"closed","template":"","meta":[],"product_brand":[800],"product_cat":[841],"product_tag":[],"class_list":{"0":"post-46775","1":"product","2":"type-product","3":"status-publish","4":"has-post-thumbnail","6":"product_brand-gum","7":"product_cat-brossettes-interdentaires-et-fils-dentaires","9":"first","10":"instock","11":"sale","12":"shipping-taxable","13":"purchasable","14":"product-type-simple"},"yoast_head":"<!-- This site is optimized with the Yoast SEO plugin v26.6 - https:\/\/yoast.com\/wordpress\/plugins\/seo\/ -->\r\n<title>GUM RECHARGE BROSETTES EXTRA FINES PAR 8 UNITES 1.3 MM REF 514 - Paracherkaoui.ma<\/title>\r\n<meta name=\"robots\" content=\"index, follow, max-snippet:-1, max-image-preview:large, max-video-preview:-1\" \/>\r\n<link rel=\"canonical\" href=\"https:\/\/paracherkaoui.ma\/index.php\/produit\/gum-recharge-brosettes-extra-fines-par-8-unites-1-3-mm-ref-514\/\" \/>\r\n<meta property=\"og:locale\" content=\"fr_FR\" \/>\r\n<meta property=\"og:type\" content=\"article\" \/>\r\n<meta property=\"og:title\" content=\"GUM RECHARGE BROSETTES EXTRA FINES PAR 8 UNITES 1.3 MM REF 514 - Paracherkaoui.ma\" \/>\r\n<meta property=\"og:description\" content=\"Hygi\u00e8ne dentaire, nettoyage des espaces interdentaires. Brossettes Coniques\u00a0 Extra Fines 1.3 mm Bo\u00eete distributrice de 8 recharges : facilite la\" \/>\r\n<meta property=\"og:url\" content=\"https:\/\/paracherkaoui.ma\/index.php\/produit\/gum-recharge-brosettes-extra-fines-par-8-unites-1-3-mm-ref-514\/\" \/>\r\n<meta property=\"og:site_name\" content=\"Paracherkaoui.ma\" \/>\r\n<meta property=\"article:modified_time\" content=\"2025-12-12T18:23:36+00:00\" \/>\r\n<meta property=\"og:image\" content=\"https:\/\/paracherkaoui.ma\/wp-content\/uploads\/2025\/12\/gum-recharge-brosettes-extra-fines-par-8-unites-13-mm-ref-514.jpg\" \/>\r\n\t<meta property=\"og:image:width\" content=\"700\" \/>\r\n\t<meta property=\"og:image:height\" content=\"700\" \/>\r\n\t<meta property=\"og:image:type\" content=\"image\/jpeg\" \/>\r\n<meta name=\"twitter:card\" content=\"summary_large_image\" \/>\r\n<meta name=\"twitter:label1\" content=\"Dur\u00e9e de lecture estim\u00e9e\" \/>\n\t<meta name=\"twitter:data1\" content=\"1 minute\" \/>\r\n<script type=\"application\/ld+json\" class=\"yoast-schema-graph\">{\"@context\":\"https:\/\/schema.org\",\"@graph\":[{\"@type\":\"WebPage\",\"@id\":\"https:\/\/paracherkaoui.ma\/index.php\/produit\/gum-recharge-brosettes-extra-fines-par-8-unites-1-3-mm-ref-514\/\",\"url\":\"https:\/\/paracherkaoui.ma\/index.php\/produit\/gum-recharge-brosettes-extra-fines-par-8-unites-1-3-mm-ref-514\/\",\"name\":\"GUM RECHARGE BROSETTES EXTRA FINES PAR 8 UNITES 1.3 MM REF 514 - Paracherkaoui.ma\",\"isPartOf\":{\"@id\":\"https:\/\/paracherkaoui.ma\/#website\"},\"primaryImageOfPage\":{\"@id\":\"https:\/\/paracherkaoui.ma\/index.php\/produit\/gum-recharge-brosettes-extra-fines-par-8-unites-1-3-mm-ref-514\/#primaryimage\"},\"image\":{\"@id\":\"https:\/\/paracherkaoui.ma\/index.php\/produit\/gum-recharge-brosettes-extra-fines-par-8-unites-1-3-mm-ref-514\/#primaryimage\"},\"thumbnailUrl\":\"https:\/\/paracherkaoui.ma\/wp-content\/uploads\/2025\/12\/gum-recharge-brosettes-extra-fines-par-8-unites-13-mm-ref-514.jpg\",\"datePublished\":\"2025-12-12T18:23:31+00:00\",\"dateModified\":\"2025-12-12T18:23:36+00:00\",\"breadcrumb\":{\"@id\":\"https:\/\/paracherkaoui.ma\/index.php\/produit\/gum-recharge-brosettes-extra-fines-par-8-unites-1-3-mm-ref-514\/#breadcrumb\"},\"inLanguage\":\"fr-FR\",\"potentialAction\":[{\"@type\":\"ReadAction\",\"target\":[\"https:\/\/paracherkaoui.ma\/index.php\/produit\/gum-recharge-brosettes-extra-fines-par-8-unites-1-3-mm-ref-514\/\"]}]},{\"@type\":\"ImageObject\",\"inLanguage\":\"fr-FR\",\"@id\":\"https:\/\/paracherkaoui.ma\/index.php\/produit\/gum-recharge-brosettes-extra-fines-par-8-unites-1-3-mm-ref-514\/#primaryimage\",\"url\":\"https:\/\/paracherkaoui.ma\/wp-content\/uploads\/2025\/12\/gum-recharge-brosettes-extra-fines-par-8-unites-13-mm-ref-514.jpg\",\"contentUrl\":\"https:\/\/paracherkaoui.ma\/wp-content\/uploads\/2025\/12\/gum-recharge-brosettes-extra-fines-par-8-unites-13-mm-ref-514.jpg\",\"width\":700,\"height\":700},{\"@type\":\"BreadcrumbList\",\"@id\":\"https:\/\/paracherkaoui.ma\/index.php\/produit\/gum-recharge-brosettes-extra-fines-par-8-unites-1-3-mm-ref-514\/#breadcrumb\",\"itemListElement\":[{\"@type\":\"ListItem\",\"position\":1,\"name\":\"Accueil\",\"item\":\"https:\/\/paracherkaoui.ma\/\"},{\"@type\":\"ListItem\",\"position\":2,\"name\":\"Boutique\",\"item\":\"https:\/\/paracherkaoui.ma\/index.php\/boutique\/\"},{\"@type\":\"ListItem\",\"position\":3,\"name\":\"GUM RECHARGE BROSETTES EXTRA FINES PAR 8 UNITES 1.3 MM REF 514\"}]},{\"@type\":\"WebSite\",\"@id\":\"https:\/\/paracherkaoui.ma\/#website\",\"url\":\"https:\/\/paracherkaoui.ma\/\",\"name\":\"Paracherkaoui.ma\",\"description\":\"Achetez en ligne sur Paracherkaoui.ma\",\"potentialAction\":[{\"@type\":\"SearchAction\",\"target\":{\"@type\":\"EntryPoint\",\"urlTemplate\":\"https:\/\/paracherkaoui.ma\/?s={search_term_string}\"},\"query-input\":{\"@type\":\"PropertyValueSpecification\",\"valueRequired\":true,\"valueName\":\"search_term_string\"}}],\"inLanguage\":\"fr-FR\"}]}<\/script>\r\n<!-- \/ Yoast SEO plugin. -->","yoast_head_json":{"title":"GUM RECHARGE BROSETTES EXTRA FINES PAR 8 UNITES 1.3 MM REF 514 - Paracherkaoui.ma","robots":{"index":"index","follow":"follow","max-snippet":"max-snippet:-1","max-image-preview":"max-image-preview:large","max-video-preview":"max-video-preview:-1"},"canonical":"https:\/\/paracherkaoui.ma\/index.php\/produit\/gum-recharge-brosettes-extra-fines-par-8-unites-1-3-mm-ref-514\/","og_locale":"fr_FR","og_type":"article","og_title":"GUM RECHARGE BROSETTES EXTRA FINES PAR 8 UNITES 1.3 MM REF 514 - Paracherkaoui.ma","og_description":"Hygi\u00e8ne dentaire, nettoyage des espaces interdentaires. Brossettes Coniques\u00a0 Extra Fines 1.3 mm Bo\u00eete distributrice de 8 recharges : facilite la","og_url":"https:\/\/paracherkaoui.ma\/index.php\/produit\/gum-recharge-brosettes-extra-fines-par-8-unites-1-3-mm-ref-514\/","og_site_name":"Paracherkaoui.ma","article_modified_time":"2025-12-12T18:23:36+00:00","og_image":[{"width":700,"height":700,"url":"https:\/\/paracherkaoui.ma\/wp-content\/uploads\/2025\/12\/gum-recharge-brosettes-extra-fines-par-8-unites-13-mm-ref-514.jpg","type":"image\/jpeg"}],"twitter_card":"summary_large_image","twitter_misc":{"Dur\u00e9e de lecture estim\u00e9e":"1 minute"},"schema":{"@context":"https:\/\/schema.org","@graph":[{"@type":"WebPage","@id":"https:\/\/paracherkaoui.ma\/index.php\/produit\/gum-recharge-brosettes-extra-fines-par-8-unites-1-3-mm-ref-514\/","url":"https:\/\/paracherkaoui.ma\/index.php\/produit\/gum-recharge-brosettes-extra-fines-par-8-unites-1-3-mm-ref-514\/","name":"GUM RECHARGE BROSETTES EXTRA FINES PAR 8 UNITES 1.3 MM REF 514 - Paracherkaoui.ma","isPartOf":{"@id":"https:\/\/paracherkaoui.ma\/#website"},"primaryImageOfPage":{"@id":"https:\/\/paracherkaoui.ma\/index.php\/produit\/gum-recharge-brosettes-extra-fines-par-8-unites-1-3-mm-ref-514\/#primaryimage"},"image":{"@id":"https:\/\/paracherkaoui.ma\/index.php\/produit\/gum-recharge-brosettes-extra-fines-par-8-unites-1-3-mm-ref-514\/#primaryimage"},"thumbnailUrl":"https:\/\/paracherkaoui.ma\/wp-content\/uploads\/2025\/12\/gum-recharge-brosettes-extra-fines-par-8-unites-13-mm-ref-514.jpg","datePublished":"2025-12-12T18:23:31+00:00","dateModified":"2025-12-12T18:23:36+00:00","breadcrumb":{"@id":"https:\/\/paracherkaoui.ma\/index.php\/produit\/gum-recharge-brosettes-extra-fines-par-8-unites-1-3-mm-ref-514\/#breadcrumb"},"inLanguage":"fr-FR","potentialAction":[{"@type":"ReadAction","target":["https:\/\/paracherkaoui.ma\/index.php\/produit\/gum-recharge-brosettes-extra-fines-par-8-unites-1-3-mm-ref-514\/"]}]},{"@type":"ImageObject","inLanguage":"fr-FR","@id":"https:\/\/paracherkaoui.ma\/index.php\/produit\/gum-recharge-brosettes-extra-fines-par-8-unites-1-3-mm-ref-514\/#primaryimage","url":"https:\/\/paracherkaoui.ma\/wp-content\/uploads\/2025\/12\/gum-recharge-brosettes-extra-fines-par-8-unites-13-mm-ref-514.jpg","contentUrl":"https:\/\/paracherkaoui.ma\/wp-content\/uploads\/2025\/12\/gum-recharge-brosettes-extra-fines-par-8-unites-13-mm-ref-514.jpg","width":700,"height":700},{"@type":"BreadcrumbList","@id":"https:\/\/paracherkaoui.ma\/index.php\/produit\/gum-recharge-brosettes-extra-fines-par-8-unites-1-3-mm-ref-514\/#breadcrumb","itemListElement":[{"@type":"ListItem","position":1,"name":"Accueil","item":"https:\/\/paracherkaoui.ma\/"},{"@type":"ListItem","position":2,"name":"Boutique","item":"https:\/\/paracherkaoui.ma\/index.php\/boutique\/"},{"@type":"ListItem","position":3,"name":"GUM RECHARGE BROSETTES EXTRA FINES PAR 8 UNITES 1.3 MM REF 514"}]},{"@type":"WebSite","@id":"https:\/\/paracherkaoui.ma\/#website","url":"https:\/\/paracherkaoui.ma\/","name":"Paracherkaoui.ma","description":"Achetez en ligne sur Paracherkaoui.ma","potentialAction":[{"@type":"SearchAction","target":{"@type":"EntryPoint","urlTemplate":"https:\/\/paracherkaoui.ma\/?s={search_term_string}"},"query-input":{"@type":"PropertyValueSpecification","valueRequired":true,"valueName":"search_term_string"}}],"inLanguage":"fr-FR"}]}},"_links":{"self":[{"href":"https:\/\/paracherkaoui.ma\/index.php\/wp-json\/wp\/v2\/product\/46775","targetHints":{"allow":["GET"]}}],"collection":[{"href":"https:\/\/paracherkaoui.ma\/index.php\/wp-json\/wp\/v2\/product"}],"about":[{"href":"https:\/\/paracherkaoui.ma\/index.php\/wp-json\/wp\/v2\/types\/product"}],"replies":[{"embeddable":true,"href":"https:\/\/paracherkaoui.ma\/index.php\/wp-json\/wp\/v2\/comments?post=46775"}],"version-history":[{"count":1,"href":"https:\/\/paracherkaoui.ma\/index.php\/wp-json\/wp\/v2\/product\/46775\/revisions"}],"predecessor-version":[{"id":46820,"href":"https:\/\/paracherkaoui.ma\/index.php\/wp-json\/wp\/v2\/product\/46775\/revisions\/46820"}],"wp:featuredmedia":[{"embeddable":true,"href":"https:\/\/paracherkaoui.ma\/index.php\/wp-json\/wp\/v2\/media\/46819"}],"wp:attachment":[{"href":"https:\/\/paracherkaoui.ma\/index.php\/wp-json\/wp\/v2\/media?parent=46775"}],"wp:term":[{"taxonomy":"product_brand","embeddable":true,"href":"https:\/\/paracherkaoui.ma\/index.php\/wp-json\/wp\/v2\/product_brand?post=46775"},{"taxonomy":"product_cat","embeddable":true,"href":"https:\/\/paracherkaoui.ma\/index.php\/wp-json\/wp\/v2\/product_cat?post=46775"},{"taxonomy":"product_tag","embeddable":true,"href":"https:\/\/paracherkaoui.ma\/index.php\/wp-json\/wp\/v2\/product_tag?post=46775"}],"curies":[{"name":"wp","href":"https:\/\/api.w.org\/{rel}","templated":true}]}}