{"id":46769,"date":"2025-12-12T19:23:31","date_gmt":"2025-12-12T18:23:31","guid":{"rendered":"https:\/\/test.ecbeaute.com\/?post_type=product&#038;p=46769"},"modified":"2025-12-12T19:23:35","modified_gmt":"2025-12-12T18:23:35","slug":"gum-fil-flosbrush-manche-avec-fil-integre-ref-847","status":"publish","type":"product","link":"https:\/\/paracherkaoui.ma\/index.php\/produit\/gum-fil-flosbrush-manche-avec-fil-integre-ref-847\/","title":{"rendered":"GUM FIL FLOSBRUSH MANCHE AVEC FIL INTEGRE REF 847"},"content":{"rendered":"<p>Des dents propres et une haleine fra\u00eeche<br \/>\nLe porte-fil dentaire Gum Flosbrush compl\u00e8te id\u00e9alement le brossage quotidien des dents :<br \/>\nIl est con\u00e7u pour atteindre les espaces inter-dentaires difficilement accessibles avec une brosse \u00e0 dents.<br \/>\nIl aide \u00e0 \u00e9liminer les petits d\u00e9bris alimentaires et la plaque log\u00e9s entre les dents.<br \/>\nIl permet de pr\u00e9server l&rsquo;\u00e9mail et les gencives de l&rsquo;attaque des bact\u00e9ries.<br \/>\nIl contribue \u00e0 r\u00e9tablir l&rsquo;\u00e9quilibre de la flore buccale et aide \u00e0 conserver une bonne haleine.<br \/>\nUn ustensile pratique et facile \u00e0 utiliser<br \/>\nSp\u00e9cialiste des soins dentaires, la marque Gum a \u00e9labor\u00e9 le porte-fil dentaire Flosbrush de mani\u00e8re soigneuse. Cet appareil est con\u00e7u dans un plastique robuste, muni d&rsquo;une extr\u00e9mit\u00e9 permettant de retenir solidement le fil dentaire. Il facilite le nettoyage des espaces inter-dentaires gr\u00e2ce \u00e0 plusieurs caract\u00e9ristiques techniques :<br \/>\nIl est muni d&rsquo;un fil dentaire souple et r\u00e9sistant, qui glisse facilement entre les dents.<br \/>\nIl offre l&rsquo;efficacit\u00e9 d&rsquo;un syst\u00e8me automatique qui permet de faire avancer le fil et de stocker la partie usag\u00e9e \u00e0 l&rsquo;int\u00e9rieur d&rsquo;une zone isol\u00e9e, situ\u00e9e dans la partie inf\u00e9rieure de l&rsquo;appareil.<br \/>\nIl est dot\u00e9 d&rsquo;un manche ergonomique qui assure une bonne prise en main et une manipulation ais\u00e9e.<br \/>\nChaque jour, prenez soin de vos dents et conservez une bonne hygi\u00e8ne buccale avec le porte-fil dentaire Flosbrush !<\/p>\n","protected":false},"excerpt":{"rendered":"<p>Des dents propres et une haleine fra\u00eeche Le porte-fil dentaire Gum Flosbrush compl\u00e8te id\u00e9alement le brossage quotidien des dents :<\/p>\n","protected":false},"featured_media":46807,"comment_status":"open","ping_status":"closed","template":"","meta":[],"product_brand":[800],"product_cat":[841],"product_tag":[],"class_list":{"0":"post-46769","1":"product","2":"type-product","3":"status-publish","4":"has-post-thumbnail","6":"product_brand-gum","7":"product_cat-brossettes-interdentaires-et-fils-dentaires","9":"first","10":"instock","11":"sale","12":"shipping-taxable","13":"purchasable","14":"product-type-simple"},"yoast_head":"<!-- This site is optimized with the Yoast SEO plugin v26.6 - https:\/\/yoast.com\/wordpress\/plugins\/seo\/ -->\r\n<title>GUM FIL FLOSBRUSH MANCHE AVEC FIL INTEGRE REF 847 - Paracherkaoui.ma<\/title>\r\n<meta name=\"robots\" content=\"index, follow, max-snippet:-1, max-image-preview:large, max-video-preview:-1\" \/>\r\n<link rel=\"canonical\" href=\"https:\/\/paracherkaoui.ma\/index.php\/produit\/gum-fil-flosbrush-manche-avec-fil-integre-ref-847\/\" \/>\r\n<meta property=\"og:locale\" content=\"fr_FR\" \/>\r\n<meta property=\"og:type\" content=\"article\" \/>\r\n<meta property=\"og:title\" content=\"GUM FIL FLOSBRUSH MANCHE AVEC FIL INTEGRE REF 847 - Paracherkaoui.ma\" \/>\r\n<meta property=\"og:description\" content=\"Des dents propres et une haleine fra\u00eeche Le porte-fil dentaire Gum Flosbrush compl\u00e8te id\u00e9alement le brossage quotidien des dents :\" \/>\r\n<meta property=\"og:url\" content=\"https:\/\/paracherkaoui.ma\/index.php\/produit\/gum-fil-flosbrush-manche-avec-fil-integre-ref-847\/\" \/>\r\n<meta property=\"og:site_name\" content=\"Paracherkaoui.ma\" \/>\r\n<meta property=\"article:modified_time\" content=\"2025-12-12T18:23:35+00:00\" \/>\r\n<meta property=\"og:image\" content=\"https:\/\/paracherkaoui.ma\/wp-content\/uploads\/2025\/12\/gum-fil-flosbrush-manche-avec-fil-integre-ref-847.jpg\" \/>\r\n\t<meta property=\"og:image:width\" content=\"700\" \/>\r\n\t<meta property=\"og:image:height\" content=\"700\" \/>\r\n\t<meta property=\"og:image:type\" content=\"image\/jpeg\" \/>\r\n<meta name=\"twitter:card\" content=\"summary_large_image\" \/>\r\n<meta name=\"twitter:label1\" content=\"Dur\u00e9e de lecture estim\u00e9e\" \/>\n\t<meta name=\"twitter:data1\" content=\"1 minute\" \/>\r\n<script type=\"application\/ld+json\" class=\"yoast-schema-graph\">{\"@context\":\"https:\/\/schema.org\",\"@graph\":[{\"@type\":\"WebPage\",\"@id\":\"https:\/\/paracherkaoui.ma\/index.php\/produit\/gum-fil-flosbrush-manche-avec-fil-integre-ref-847\/\",\"url\":\"https:\/\/paracherkaoui.ma\/index.php\/produit\/gum-fil-flosbrush-manche-avec-fil-integre-ref-847\/\",\"name\":\"GUM FIL FLOSBRUSH MANCHE AVEC FIL INTEGRE REF 847 - Paracherkaoui.ma\",\"isPartOf\":{\"@id\":\"https:\/\/paracherkaoui.ma\/#website\"},\"primaryImageOfPage\":{\"@id\":\"https:\/\/paracherkaoui.ma\/index.php\/produit\/gum-fil-flosbrush-manche-avec-fil-integre-ref-847\/#primaryimage\"},\"image\":{\"@id\":\"https:\/\/paracherkaoui.ma\/index.php\/produit\/gum-fil-flosbrush-manche-avec-fil-integre-ref-847\/#primaryimage\"},\"thumbnailUrl\":\"https:\/\/paracherkaoui.ma\/wp-content\/uploads\/2025\/12\/gum-fil-flosbrush-manche-avec-fil-integre-ref-847.jpg\",\"datePublished\":\"2025-12-12T18:23:31+00:00\",\"dateModified\":\"2025-12-12T18:23:35+00:00\",\"breadcrumb\":{\"@id\":\"https:\/\/paracherkaoui.ma\/index.php\/produit\/gum-fil-flosbrush-manche-avec-fil-integre-ref-847\/#breadcrumb\"},\"inLanguage\":\"fr-FR\",\"potentialAction\":[{\"@type\":\"ReadAction\",\"target\":[\"https:\/\/paracherkaoui.ma\/index.php\/produit\/gum-fil-flosbrush-manche-avec-fil-integre-ref-847\/\"]}]},{\"@type\":\"ImageObject\",\"inLanguage\":\"fr-FR\",\"@id\":\"https:\/\/paracherkaoui.ma\/index.php\/produit\/gum-fil-flosbrush-manche-avec-fil-integre-ref-847\/#primaryimage\",\"url\":\"https:\/\/paracherkaoui.ma\/wp-content\/uploads\/2025\/12\/gum-fil-flosbrush-manche-avec-fil-integre-ref-847.jpg\",\"contentUrl\":\"https:\/\/paracherkaoui.ma\/wp-content\/uploads\/2025\/12\/gum-fil-flosbrush-manche-avec-fil-integre-ref-847.jpg\",\"width\":700,\"height\":700},{\"@type\":\"BreadcrumbList\",\"@id\":\"https:\/\/paracherkaoui.ma\/index.php\/produit\/gum-fil-flosbrush-manche-avec-fil-integre-ref-847\/#breadcrumb\",\"itemListElement\":[{\"@type\":\"ListItem\",\"position\":1,\"name\":\"Accueil\",\"item\":\"https:\/\/paracherkaoui.ma\/\"},{\"@type\":\"ListItem\",\"position\":2,\"name\":\"Boutique\",\"item\":\"https:\/\/paracherkaoui.ma\/index.php\/boutique\/\"},{\"@type\":\"ListItem\",\"position\":3,\"name\":\"GUM FIL FLOSBRUSH MANCHE AVEC FIL INTEGRE REF 847\"}]},{\"@type\":\"WebSite\",\"@id\":\"https:\/\/paracherkaoui.ma\/#website\",\"url\":\"https:\/\/paracherkaoui.ma\/\",\"name\":\"Paracherkaoui.ma\",\"description\":\"Achetez en ligne sur Paracherkaoui.ma\",\"potentialAction\":[{\"@type\":\"SearchAction\",\"target\":{\"@type\":\"EntryPoint\",\"urlTemplate\":\"https:\/\/paracherkaoui.ma\/?s={search_term_string}\"},\"query-input\":{\"@type\":\"PropertyValueSpecification\",\"valueRequired\":true,\"valueName\":\"search_term_string\"}}],\"inLanguage\":\"fr-FR\"}]}<\/script>\r\n<!-- \/ Yoast SEO plugin. -->","yoast_head_json":{"title":"GUM FIL FLOSBRUSH MANCHE AVEC FIL INTEGRE REF 847 - Paracherkaoui.ma","robots":{"index":"index","follow":"follow","max-snippet":"max-snippet:-1","max-image-preview":"max-image-preview:large","max-video-preview":"max-video-preview:-1"},"canonical":"https:\/\/paracherkaoui.ma\/index.php\/produit\/gum-fil-flosbrush-manche-avec-fil-integre-ref-847\/","og_locale":"fr_FR","og_type":"article","og_title":"GUM FIL FLOSBRUSH MANCHE AVEC FIL INTEGRE REF 847 - Paracherkaoui.ma","og_description":"Des dents propres et une haleine fra\u00eeche Le porte-fil dentaire Gum Flosbrush compl\u00e8te id\u00e9alement le brossage quotidien des dents :","og_url":"https:\/\/paracherkaoui.ma\/index.php\/produit\/gum-fil-flosbrush-manche-avec-fil-integre-ref-847\/","og_site_name":"Paracherkaoui.ma","article_modified_time":"2025-12-12T18:23:35+00:00","og_image":[{"width":700,"height":700,"url":"https:\/\/paracherkaoui.ma\/wp-content\/uploads\/2025\/12\/gum-fil-flosbrush-manche-avec-fil-integre-ref-847.jpg","type":"image\/jpeg"}],"twitter_card":"summary_large_image","twitter_misc":{"Dur\u00e9e de lecture estim\u00e9e":"1 minute"},"schema":{"@context":"https:\/\/schema.org","@graph":[{"@type":"WebPage","@id":"https:\/\/paracherkaoui.ma\/index.php\/produit\/gum-fil-flosbrush-manche-avec-fil-integre-ref-847\/","url":"https:\/\/paracherkaoui.ma\/index.php\/produit\/gum-fil-flosbrush-manche-avec-fil-integre-ref-847\/","name":"GUM FIL FLOSBRUSH MANCHE AVEC FIL INTEGRE REF 847 - Paracherkaoui.ma","isPartOf":{"@id":"https:\/\/paracherkaoui.ma\/#website"},"primaryImageOfPage":{"@id":"https:\/\/paracherkaoui.ma\/index.php\/produit\/gum-fil-flosbrush-manche-avec-fil-integre-ref-847\/#primaryimage"},"image":{"@id":"https:\/\/paracherkaoui.ma\/index.php\/produit\/gum-fil-flosbrush-manche-avec-fil-integre-ref-847\/#primaryimage"},"thumbnailUrl":"https:\/\/paracherkaoui.ma\/wp-content\/uploads\/2025\/12\/gum-fil-flosbrush-manche-avec-fil-integre-ref-847.jpg","datePublished":"2025-12-12T18:23:31+00:00","dateModified":"2025-12-12T18:23:35+00:00","breadcrumb":{"@id":"https:\/\/paracherkaoui.ma\/index.php\/produit\/gum-fil-flosbrush-manche-avec-fil-integre-ref-847\/#breadcrumb"},"inLanguage":"fr-FR","potentialAction":[{"@type":"ReadAction","target":["https:\/\/paracherkaoui.ma\/index.php\/produit\/gum-fil-flosbrush-manche-avec-fil-integre-ref-847\/"]}]},{"@type":"ImageObject","inLanguage":"fr-FR","@id":"https:\/\/paracherkaoui.ma\/index.php\/produit\/gum-fil-flosbrush-manche-avec-fil-integre-ref-847\/#primaryimage","url":"https:\/\/paracherkaoui.ma\/wp-content\/uploads\/2025\/12\/gum-fil-flosbrush-manche-avec-fil-integre-ref-847.jpg","contentUrl":"https:\/\/paracherkaoui.ma\/wp-content\/uploads\/2025\/12\/gum-fil-flosbrush-manche-avec-fil-integre-ref-847.jpg","width":700,"height":700},{"@type":"BreadcrumbList","@id":"https:\/\/paracherkaoui.ma\/index.php\/produit\/gum-fil-flosbrush-manche-avec-fil-integre-ref-847\/#breadcrumb","itemListElement":[{"@type":"ListItem","position":1,"name":"Accueil","item":"https:\/\/paracherkaoui.ma\/"},{"@type":"ListItem","position":2,"name":"Boutique","item":"https:\/\/paracherkaoui.ma\/index.php\/boutique\/"},{"@type":"ListItem","position":3,"name":"GUM FIL FLOSBRUSH MANCHE AVEC FIL INTEGRE REF 847"}]},{"@type":"WebSite","@id":"https:\/\/paracherkaoui.ma\/#website","url":"https:\/\/paracherkaoui.ma\/","name":"Paracherkaoui.ma","description":"Achetez en ligne sur Paracherkaoui.ma","potentialAction":[{"@type":"SearchAction","target":{"@type":"EntryPoint","urlTemplate":"https:\/\/paracherkaoui.ma\/?s={search_term_string}"},"query-input":{"@type":"PropertyValueSpecification","valueRequired":true,"valueName":"search_term_string"}}],"inLanguage":"fr-FR"}]}},"_links":{"self":[{"href":"https:\/\/paracherkaoui.ma\/index.php\/wp-json\/wp\/v2\/product\/46769","targetHints":{"allow":["GET"]}}],"collection":[{"href":"https:\/\/paracherkaoui.ma\/index.php\/wp-json\/wp\/v2\/product"}],"about":[{"href":"https:\/\/paracherkaoui.ma\/index.php\/wp-json\/wp\/v2\/types\/product"}],"replies":[{"embeddable":true,"href":"https:\/\/paracherkaoui.ma\/index.php\/wp-json\/wp\/v2\/comments?post=46769"}],"version-history":[{"count":1,"href":"https:\/\/paracherkaoui.ma\/index.php\/wp-json\/wp\/v2\/product\/46769\/revisions"}],"predecessor-version":[{"id":46808,"href":"https:\/\/paracherkaoui.ma\/index.php\/wp-json\/wp\/v2\/product\/46769\/revisions\/46808"}],"wp:featuredmedia":[{"embeddable":true,"href":"https:\/\/paracherkaoui.ma\/index.php\/wp-json\/wp\/v2\/media\/46807"}],"wp:attachment":[{"href":"https:\/\/paracherkaoui.ma\/index.php\/wp-json\/wp\/v2\/media?parent=46769"}],"wp:term":[{"taxonomy":"product_brand","embeddable":true,"href":"https:\/\/paracherkaoui.ma\/index.php\/wp-json\/wp\/v2\/product_brand?post=46769"},{"taxonomy":"product_cat","embeddable":true,"href":"https:\/\/paracherkaoui.ma\/index.php\/wp-json\/wp\/v2\/product_cat?post=46769"},{"taxonomy":"product_tag","embeddable":true,"href":"https:\/\/paracherkaoui.ma\/index.php\/wp-json\/wp\/v2\/product_tag?post=46769"}],"curies":[{"name":"wp","href":"https:\/\/api.w.org\/{rel}","templated":true}]}}