{"id":46762,"date":"2025-12-12T19:23:31","date_gmt":"2025-12-12T18:23:31","guid":{"rendered":"https:\/\/test.ecbeaute.com\/?post_type=product&#038;p=46762"},"modified":"2025-12-12T19:23:33","modified_gmt":"2025-12-12T18:23:33","slug":"curasept-proxi-brossete-interdentaire-t17-cone","status":"publish","type":"product","link":"https:\/\/paracherkaoui.ma\/index.php\/produit\/curasept-proxi-brossete-interdentaire-t17-cone\/","title":{"rendered":"CURASEPT PROXI BROSSETE INTERDENTAIRE T17 CONE"},"content":{"rendered":"<p>Les brossettes interdentaires CURASEPT PROXI T17 (coniques) sont id\u00e9ales comme traitement pour nettoyer votre plaque dentaire, elles se glissent l\u00e0 o\u00f9 votre brosse \u00e0 dents ne peut pas aller avec son diam\u00e8tre de 1,7mm. De plus ces brossettes sont de formes coniques ce qui favorise les acc\u00e8s interdentaires.<\/p>\n","protected":false},"excerpt":{"rendered":"<p>Les brossettes interdentaires CURASEPT PROXI T17 (coniques) sont id\u00e9ales comme traitement pour nettoyer votre plaque dentaire, elles se glissent l\u00e0<\/p>\n","protected":false},"featured_media":46793,"comment_status":"open","ping_status":"closed","template":"","meta":[],"product_brand":[805],"product_cat":[841],"product_tag":[],"class_list":{"0":"post-46762","1":"product","2":"type-product","3":"status-publish","4":"has-post-thumbnail","6":"product_brand-curasept","7":"product_cat-brossettes-interdentaires-et-fils-dentaires","9":"first","10":"instock","11":"sale","12":"shipping-taxable","13":"purchasable","14":"product-type-simple"},"yoast_head":"<!-- This site is optimized with the Yoast SEO plugin v26.6 - https:\/\/yoast.com\/wordpress\/plugins\/seo\/ -->\r\n<title>CURASEPT PROXI BROSSETE INTERDENTAIRE T17 CONE - Paracherkaoui.ma<\/title>\r\n<meta name=\"robots\" content=\"index, follow, max-snippet:-1, max-image-preview:large, max-video-preview:-1\" \/>\r\n<link rel=\"canonical\" href=\"https:\/\/paracherkaoui.ma\/index.php\/produit\/curasept-proxi-brossete-interdentaire-t17-cone\/\" \/>\r\n<meta property=\"og:locale\" content=\"fr_FR\" \/>\r\n<meta property=\"og:type\" content=\"article\" \/>\r\n<meta property=\"og:title\" content=\"CURASEPT PROXI BROSSETE INTERDENTAIRE T17 CONE - Paracherkaoui.ma\" \/>\r\n<meta property=\"og:description\" content=\"Les brossettes interdentaires CURASEPT PROXI T17 (coniques) sont id\u00e9ales comme traitement pour nettoyer votre plaque dentaire, elles se glissent l\u00e0\" \/>\r\n<meta property=\"og:url\" content=\"https:\/\/paracherkaoui.ma\/index.php\/produit\/curasept-proxi-brossete-interdentaire-t17-cone\/\" \/>\r\n<meta property=\"og:site_name\" content=\"Paracherkaoui.ma\" \/>\r\n<meta property=\"article:modified_time\" content=\"2025-12-12T18:23:33+00:00\" \/>\r\n<meta property=\"og:image\" content=\"https:\/\/paracherkaoui.ma\/wp-content\/uploads\/2025\/12\/curasept-proxi-brossete-interdentaire-t17-cone.jpg\" \/>\r\n\t<meta property=\"og:image:width\" content=\"700\" \/>\r\n\t<meta property=\"og:image:height\" content=\"700\" \/>\r\n\t<meta property=\"og:image:type\" content=\"image\/jpeg\" \/>\r\n<meta name=\"twitter:card\" content=\"summary_large_image\" \/>\r\n<script type=\"application\/ld+json\" class=\"yoast-schema-graph\">{\"@context\":\"https:\/\/schema.org\",\"@graph\":[{\"@type\":\"WebPage\",\"@id\":\"https:\/\/paracherkaoui.ma\/index.php\/produit\/curasept-proxi-brossete-interdentaire-t17-cone\/\",\"url\":\"https:\/\/paracherkaoui.ma\/index.php\/produit\/curasept-proxi-brossete-interdentaire-t17-cone\/\",\"name\":\"CURASEPT PROXI BROSSETE INTERDENTAIRE T17 CONE - Paracherkaoui.ma\",\"isPartOf\":{\"@id\":\"https:\/\/paracherkaoui.ma\/#website\"},\"primaryImageOfPage\":{\"@id\":\"https:\/\/paracherkaoui.ma\/index.php\/produit\/curasept-proxi-brossete-interdentaire-t17-cone\/#primaryimage\"},\"image\":{\"@id\":\"https:\/\/paracherkaoui.ma\/index.php\/produit\/curasept-proxi-brossete-interdentaire-t17-cone\/#primaryimage\"},\"thumbnailUrl\":\"https:\/\/paracherkaoui.ma\/wp-content\/uploads\/2025\/12\/curasept-proxi-brossete-interdentaire-t17-cone.jpg\",\"datePublished\":\"2025-12-12T18:23:31+00:00\",\"dateModified\":\"2025-12-12T18:23:33+00:00\",\"breadcrumb\":{\"@id\":\"https:\/\/paracherkaoui.ma\/index.php\/produit\/curasept-proxi-brossete-interdentaire-t17-cone\/#breadcrumb\"},\"inLanguage\":\"fr-FR\",\"potentialAction\":[{\"@type\":\"ReadAction\",\"target\":[\"https:\/\/paracherkaoui.ma\/index.php\/produit\/curasept-proxi-brossete-interdentaire-t17-cone\/\"]}]},{\"@type\":\"ImageObject\",\"inLanguage\":\"fr-FR\",\"@id\":\"https:\/\/paracherkaoui.ma\/index.php\/produit\/curasept-proxi-brossete-interdentaire-t17-cone\/#primaryimage\",\"url\":\"https:\/\/paracherkaoui.ma\/wp-content\/uploads\/2025\/12\/curasept-proxi-brossete-interdentaire-t17-cone.jpg\",\"contentUrl\":\"https:\/\/paracherkaoui.ma\/wp-content\/uploads\/2025\/12\/curasept-proxi-brossete-interdentaire-t17-cone.jpg\",\"width\":700,\"height\":700},{\"@type\":\"BreadcrumbList\",\"@id\":\"https:\/\/paracherkaoui.ma\/index.php\/produit\/curasept-proxi-brossete-interdentaire-t17-cone\/#breadcrumb\",\"itemListElement\":[{\"@type\":\"ListItem\",\"position\":1,\"name\":\"Accueil\",\"item\":\"https:\/\/paracherkaoui.ma\/\"},{\"@type\":\"ListItem\",\"position\":2,\"name\":\"Boutique\",\"item\":\"https:\/\/paracherkaoui.ma\/index.php\/boutique\/\"},{\"@type\":\"ListItem\",\"position\":3,\"name\":\"CURASEPT PROXI BROSSETE INTERDENTAIRE T17 CONE\"}]},{\"@type\":\"WebSite\",\"@id\":\"https:\/\/paracherkaoui.ma\/#website\",\"url\":\"https:\/\/paracherkaoui.ma\/\",\"name\":\"Paracherkaoui.ma\",\"description\":\"Achetez en ligne sur Paracherkaoui.ma\",\"potentialAction\":[{\"@type\":\"SearchAction\",\"target\":{\"@type\":\"EntryPoint\",\"urlTemplate\":\"https:\/\/paracherkaoui.ma\/?s={search_term_string}\"},\"query-input\":{\"@type\":\"PropertyValueSpecification\",\"valueRequired\":true,\"valueName\":\"search_term_string\"}}],\"inLanguage\":\"fr-FR\"}]}<\/script>\r\n<!-- \/ Yoast SEO plugin. -->","yoast_head_json":{"title":"CURASEPT PROXI BROSSETE INTERDENTAIRE T17 CONE - Paracherkaoui.ma","robots":{"index":"index","follow":"follow","max-snippet":"max-snippet:-1","max-image-preview":"max-image-preview:large","max-video-preview":"max-video-preview:-1"},"canonical":"https:\/\/paracherkaoui.ma\/index.php\/produit\/curasept-proxi-brossete-interdentaire-t17-cone\/","og_locale":"fr_FR","og_type":"article","og_title":"CURASEPT PROXI BROSSETE INTERDENTAIRE T17 CONE - Paracherkaoui.ma","og_description":"Les brossettes interdentaires CURASEPT PROXI T17 (coniques) sont id\u00e9ales comme traitement pour nettoyer votre plaque dentaire, elles se glissent l\u00e0","og_url":"https:\/\/paracherkaoui.ma\/index.php\/produit\/curasept-proxi-brossete-interdentaire-t17-cone\/","og_site_name":"Paracherkaoui.ma","article_modified_time":"2025-12-12T18:23:33+00:00","og_image":[{"width":700,"height":700,"url":"https:\/\/paracherkaoui.ma\/wp-content\/uploads\/2025\/12\/curasept-proxi-brossete-interdentaire-t17-cone.jpg","type":"image\/jpeg"}],"twitter_card":"summary_large_image","schema":{"@context":"https:\/\/schema.org","@graph":[{"@type":"WebPage","@id":"https:\/\/paracherkaoui.ma\/index.php\/produit\/curasept-proxi-brossete-interdentaire-t17-cone\/","url":"https:\/\/paracherkaoui.ma\/index.php\/produit\/curasept-proxi-brossete-interdentaire-t17-cone\/","name":"CURASEPT PROXI BROSSETE INTERDENTAIRE T17 CONE - Paracherkaoui.ma","isPartOf":{"@id":"https:\/\/paracherkaoui.ma\/#website"},"primaryImageOfPage":{"@id":"https:\/\/paracherkaoui.ma\/index.php\/produit\/curasept-proxi-brossete-interdentaire-t17-cone\/#primaryimage"},"image":{"@id":"https:\/\/paracherkaoui.ma\/index.php\/produit\/curasept-proxi-brossete-interdentaire-t17-cone\/#primaryimage"},"thumbnailUrl":"https:\/\/paracherkaoui.ma\/wp-content\/uploads\/2025\/12\/curasept-proxi-brossete-interdentaire-t17-cone.jpg","datePublished":"2025-12-12T18:23:31+00:00","dateModified":"2025-12-12T18:23:33+00:00","breadcrumb":{"@id":"https:\/\/paracherkaoui.ma\/index.php\/produit\/curasept-proxi-brossete-interdentaire-t17-cone\/#breadcrumb"},"inLanguage":"fr-FR","potentialAction":[{"@type":"ReadAction","target":["https:\/\/paracherkaoui.ma\/index.php\/produit\/curasept-proxi-brossete-interdentaire-t17-cone\/"]}]},{"@type":"ImageObject","inLanguage":"fr-FR","@id":"https:\/\/paracherkaoui.ma\/index.php\/produit\/curasept-proxi-brossete-interdentaire-t17-cone\/#primaryimage","url":"https:\/\/paracherkaoui.ma\/wp-content\/uploads\/2025\/12\/curasept-proxi-brossete-interdentaire-t17-cone.jpg","contentUrl":"https:\/\/paracherkaoui.ma\/wp-content\/uploads\/2025\/12\/curasept-proxi-brossete-interdentaire-t17-cone.jpg","width":700,"height":700},{"@type":"BreadcrumbList","@id":"https:\/\/paracherkaoui.ma\/index.php\/produit\/curasept-proxi-brossete-interdentaire-t17-cone\/#breadcrumb","itemListElement":[{"@type":"ListItem","position":1,"name":"Accueil","item":"https:\/\/paracherkaoui.ma\/"},{"@type":"ListItem","position":2,"name":"Boutique","item":"https:\/\/paracherkaoui.ma\/index.php\/boutique\/"},{"@type":"ListItem","position":3,"name":"CURASEPT PROXI BROSSETE INTERDENTAIRE T17 CONE"}]},{"@type":"WebSite","@id":"https:\/\/paracherkaoui.ma\/#website","url":"https:\/\/paracherkaoui.ma\/","name":"Paracherkaoui.ma","description":"Achetez en ligne sur Paracherkaoui.ma","potentialAction":[{"@type":"SearchAction","target":{"@type":"EntryPoint","urlTemplate":"https:\/\/paracherkaoui.ma\/?s={search_term_string}"},"query-input":{"@type":"PropertyValueSpecification","valueRequired":true,"valueName":"search_term_string"}}],"inLanguage":"fr-FR"}]}},"_links":{"self":[{"href":"https:\/\/paracherkaoui.ma\/index.php\/wp-json\/wp\/v2\/product\/46762","targetHints":{"allow":["GET"]}}],"collection":[{"href":"https:\/\/paracherkaoui.ma\/index.php\/wp-json\/wp\/v2\/product"}],"about":[{"href":"https:\/\/paracherkaoui.ma\/index.php\/wp-json\/wp\/v2\/types\/product"}],"replies":[{"embeddable":true,"href":"https:\/\/paracherkaoui.ma\/index.php\/wp-json\/wp\/v2\/comments?post=46762"}],"version-history":[{"count":1,"href":"https:\/\/paracherkaoui.ma\/index.php\/wp-json\/wp\/v2\/product\/46762\/revisions"}],"predecessor-version":[{"id":46794,"href":"https:\/\/paracherkaoui.ma\/index.php\/wp-json\/wp\/v2\/product\/46762\/revisions\/46794"}],"wp:featuredmedia":[{"embeddable":true,"href":"https:\/\/paracherkaoui.ma\/index.php\/wp-json\/wp\/v2\/media\/46793"}],"wp:attachment":[{"href":"https:\/\/paracherkaoui.ma\/index.php\/wp-json\/wp\/v2\/media?parent=46762"}],"wp:term":[{"taxonomy":"product_brand","embeddable":true,"href":"https:\/\/paracherkaoui.ma\/index.php\/wp-json\/wp\/v2\/product_brand?post=46762"},{"taxonomy":"product_cat","embeddable":true,"href":"https:\/\/paracherkaoui.ma\/index.php\/wp-json\/wp\/v2\/product_cat?post=46762"},{"taxonomy":"product_tag","embeddable":true,"href":"https:\/\/paracherkaoui.ma\/index.php\/wp-json\/wp\/v2\/product_tag?post=46762"}],"curies":[{"name":"wp","href":"https:\/\/api.w.org\/{rel}","templated":true}]}}