{"id":46701,"date":"2025-12-12T19:23:20","date_gmt":"2025-12-12T18:23:20","guid":{"rendered":"https:\/\/test.ecbeaute.com\/?post_type=product&#038;p=46701"},"modified":"2025-12-12T19:23:30","modified_gmt":"2025-12-12T18:23:30","slug":"curaprox-prime-start-mixed","status":"publish","type":"product","link":"https:\/\/paracherkaoui.ma\/index.php\/produit\/curaprox-prime-start-mixed\/","title":{"rendered":"CURAPROX PRIME START MIXED"},"content":{"rendered":"<p>Ces brosses interdentaires peuvent nettoyer m\u00eame l&rsquo;espace interdentaire le plus \u00e9troit et sont parmi les meilleures disponibles, offrant une pr\u00e9vention efficace contre l&rsquo;inflammation des gencives et la mauvaise haleine. Une fois par jour suffit. L&rsquo;ensemble mixte Prime Start contient une de chacune des 5 tailles de brosses interdentaires disponibles (0,6 mm, 0,7 mm, 0,8 mm, 0,9 mm, 1,1 mm).<br \/>\nComblant l&rsquo;espace, efficace et douce : les brosses interdentaires CURAPROX nettoient efficacement et sans blessure tout l&rsquo;espace interdentaire critique : de la ligne des gencives aux niches concaves jusqu&rsquo;au point de contact. M\u00eame les plus petits espaces interdentaires sont trait\u00e9s sans risque de blessure \u2013 gr\u00e2ce \u00e0 CURAL\u00ae, le filament de brosse ultra fin et le fil chirurgical extra r\u00e9sistant qui rendent le nettoyage si efficace qu&rsquo;un seul mouvement suffit : une fois dedans et dehors. Fait.<\/p>\n","protected":false},"excerpt":{"rendered":"<p>Ces brosses interdentaires peuvent nettoyer m\u00eame l&rsquo;espace interdentaire le plus \u00e9troit et sont parmi les meilleures disponibles, offrant une pr\u00e9vention<\/p>\n","protected":false},"featured_media":46759,"comment_status":"open","ping_status":"closed","template":"","meta":[],"product_brand":[836],"product_cat":[841],"product_tag":[],"class_list":{"0":"post-46701","1":"product","2":"type-product","3":"status-publish","4":"has-post-thumbnail","6":"product_brand-curaprox","7":"product_cat-brossettes-interdentaires-et-fils-dentaires","9":"first","10":"instock","11":"sale","12":"shipping-taxable","13":"purchasable","14":"product-type-simple"},"yoast_head":"<!-- This site is optimized with the Yoast SEO plugin v26.6 - https:\/\/yoast.com\/wordpress\/plugins\/seo\/ -->\r\n<title>CURAPROX PRIME START MIXED - Paracherkaoui.ma<\/title>\r\n<meta name=\"robots\" content=\"index, follow, max-snippet:-1, max-image-preview:large, max-video-preview:-1\" \/>\r\n<link rel=\"canonical\" href=\"https:\/\/paracherkaoui.ma\/index.php\/produit\/curaprox-prime-start-mixed\/\" \/>\r\n<meta property=\"og:locale\" content=\"fr_FR\" \/>\r\n<meta property=\"og:type\" content=\"article\" \/>\r\n<meta property=\"og:title\" content=\"CURAPROX PRIME START MIXED - Paracherkaoui.ma\" \/>\r\n<meta property=\"og:description\" content=\"Ces brosses interdentaires peuvent nettoyer m\u00eame l&rsquo;espace interdentaire le plus \u00e9troit et sont parmi les meilleures disponibles, offrant une pr\u00e9vention\" \/>\r\n<meta property=\"og:url\" content=\"https:\/\/paracherkaoui.ma\/index.php\/produit\/curaprox-prime-start-mixed\/\" \/>\r\n<meta property=\"og:site_name\" content=\"Paracherkaoui.ma\" \/>\r\n<meta property=\"article:modified_time\" content=\"2025-12-12T18:23:30+00:00\" \/>\r\n<meta property=\"og:image\" content=\"https:\/\/paracherkaoui.ma\/wp-content\/uploads\/2025\/12\/curaprox-curaprox-prime-start-mixed-brossettes-interdentaires-et-accessoires.jpg\" \/>\r\n\t<meta property=\"og:image:width\" content=\"700\" \/>\r\n\t<meta property=\"og:image:height\" content=\"700\" \/>\r\n\t<meta property=\"og:image:type\" content=\"image\/jpeg\" \/>\r\n<meta name=\"twitter:card\" content=\"summary_large_image\" \/>\r\n<meta name=\"twitter:label1\" content=\"Dur\u00e9e de lecture estim\u00e9e\" \/>\n\t<meta name=\"twitter:data1\" content=\"1 minute\" \/>\r\n<script type=\"application\/ld+json\" class=\"yoast-schema-graph\">{\"@context\":\"https:\/\/schema.org\",\"@graph\":[{\"@type\":\"WebPage\",\"@id\":\"https:\/\/paracherkaoui.ma\/index.php\/produit\/curaprox-prime-start-mixed\/\",\"url\":\"https:\/\/paracherkaoui.ma\/index.php\/produit\/curaprox-prime-start-mixed\/\",\"name\":\"CURAPROX PRIME START MIXED - Paracherkaoui.ma\",\"isPartOf\":{\"@id\":\"https:\/\/paracherkaoui.ma\/#website\"},\"primaryImageOfPage\":{\"@id\":\"https:\/\/paracherkaoui.ma\/index.php\/produit\/curaprox-prime-start-mixed\/#primaryimage\"},\"image\":{\"@id\":\"https:\/\/paracherkaoui.ma\/index.php\/produit\/curaprox-prime-start-mixed\/#primaryimage\"},\"thumbnailUrl\":\"https:\/\/paracherkaoui.ma\/wp-content\/uploads\/2025\/12\/curaprox-curaprox-prime-start-mixed-brossettes-interdentaires-et-accessoires.jpg\",\"datePublished\":\"2025-12-12T18:23:20+00:00\",\"dateModified\":\"2025-12-12T18:23:30+00:00\",\"breadcrumb\":{\"@id\":\"https:\/\/paracherkaoui.ma\/index.php\/produit\/curaprox-prime-start-mixed\/#breadcrumb\"},\"inLanguage\":\"fr-FR\",\"potentialAction\":[{\"@type\":\"ReadAction\",\"target\":[\"https:\/\/paracherkaoui.ma\/index.php\/produit\/curaprox-prime-start-mixed\/\"]}]},{\"@type\":\"ImageObject\",\"inLanguage\":\"fr-FR\",\"@id\":\"https:\/\/paracherkaoui.ma\/index.php\/produit\/curaprox-prime-start-mixed\/#primaryimage\",\"url\":\"https:\/\/paracherkaoui.ma\/wp-content\/uploads\/2025\/12\/curaprox-curaprox-prime-start-mixed-brossettes-interdentaires-et-accessoires.jpg\",\"contentUrl\":\"https:\/\/paracherkaoui.ma\/wp-content\/uploads\/2025\/12\/curaprox-curaprox-prime-start-mixed-brossettes-interdentaires-et-accessoires.jpg\",\"width\":700,\"height\":700},{\"@type\":\"BreadcrumbList\",\"@id\":\"https:\/\/paracherkaoui.ma\/index.php\/produit\/curaprox-prime-start-mixed\/#breadcrumb\",\"itemListElement\":[{\"@type\":\"ListItem\",\"position\":1,\"name\":\"Accueil\",\"item\":\"https:\/\/paracherkaoui.ma\/\"},{\"@type\":\"ListItem\",\"position\":2,\"name\":\"Boutique\",\"item\":\"https:\/\/paracherkaoui.ma\/index.php\/boutique\/\"},{\"@type\":\"ListItem\",\"position\":3,\"name\":\"CURAPROX PRIME START MIXED\"}]},{\"@type\":\"WebSite\",\"@id\":\"https:\/\/paracherkaoui.ma\/#website\",\"url\":\"https:\/\/paracherkaoui.ma\/\",\"name\":\"Paracherkaoui.ma\",\"description\":\"Achetez en ligne sur Paracherkaoui.ma\",\"potentialAction\":[{\"@type\":\"SearchAction\",\"target\":{\"@type\":\"EntryPoint\",\"urlTemplate\":\"https:\/\/paracherkaoui.ma\/?s={search_term_string}\"},\"query-input\":{\"@type\":\"PropertyValueSpecification\",\"valueRequired\":true,\"valueName\":\"search_term_string\"}}],\"inLanguage\":\"fr-FR\"}]}<\/script>\r\n<!-- \/ Yoast SEO plugin. -->","yoast_head_json":{"title":"CURAPROX PRIME START MIXED - Paracherkaoui.ma","robots":{"index":"index","follow":"follow","max-snippet":"max-snippet:-1","max-image-preview":"max-image-preview:large","max-video-preview":"max-video-preview:-1"},"canonical":"https:\/\/paracherkaoui.ma\/index.php\/produit\/curaprox-prime-start-mixed\/","og_locale":"fr_FR","og_type":"article","og_title":"CURAPROX PRIME START MIXED - Paracherkaoui.ma","og_description":"Ces brosses interdentaires peuvent nettoyer m\u00eame l&rsquo;espace interdentaire le plus \u00e9troit et sont parmi les meilleures disponibles, offrant une pr\u00e9vention","og_url":"https:\/\/paracherkaoui.ma\/index.php\/produit\/curaprox-prime-start-mixed\/","og_site_name":"Paracherkaoui.ma","article_modified_time":"2025-12-12T18:23:30+00:00","og_image":[{"width":700,"height":700,"url":"https:\/\/paracherkaoui.ma\/wp-content\/uploads\/2025\/12\/curaprox-curaprox-prime-start-mixed-brossettes-interdentaires-et-accessoires.jpg","type":"image\/jpeg"}],"twitter_card":"summary_large_image","twitter_misc":{"Dur\u00e9e de lecture estim\u00e9e":"1 minute"},"schema":{"@context":"https:\/\/schema.org","@graph":[{"@type":"WebPage","@id":"https:\/\/paracherkaoui.ma\/index.php\/produit\/curaprox-prime-start-mixed\/","url":"https:\/\/paracherkaoui.ma\/index.php\/produit\/curaprox-prime-start-mixed\/","name":"CURAPROX PRIME START MIXED - Paracherkaoui.ma","isPartOf":{"@id":"https:\/\/paracherkaoui.ma\/#website"},"primaryImageOfPage":{"@id":"https:\/\/paracherkaoui.ma\/index.php\/produit\/curaprox-prime-start-mixed\/#primaryimage"},"image":{"@id":"https:\/\/paracherkaoui.ma\/index.php\/produit\/curaprox-prime-start-mixed\/#primaryimage"},"thumbnailUrl":"https:\/\/paracherkaoui.ma\/wp-content\/uploads\/2025\/12\/curaprox-curaprox-prime-start-mixed-brossettes-interdentaires-et-accessoires.jpg","datePublished":"2025-12-12T18:23:20+00:00","dateModified":"2025-12-12T18:23:30+00:00","breadcrumb":{"@id":"https:\/\/paracherkaoui.ma\/index.php\/produit\/curaprox-prime-start-mixed\/#breadcrumb"},"inLanguage":"fr-FR","potentialAction":[{"@type":"ReadAction","target":["https:\/\/paracherkaoui.ma\/index.php\/produit\/curaprox-prime-start-mixed\/"]}]},{"@type":"ImageObject","inLanguage":"fr-FR","@id":"https:\/\/paracherkaoui.ma\/index.php\/produit\/curaprox-prime-start-mixed\/#primaryimage","url":"https:\/\/paracherkaoui.ma\/wp-content\/uploads\/2025\/12\/curaprox-curaprox-prime-start-mixed-brossettes-interdentaires-et-accessoires.jpg","contentUrl":"https:\/\/paracherkaoui.ma\/wp-content\/uploads\/2025\/12\/curaprox-curaprox-prime-start-mixed-brossettes-interdentaires-et-accessoires.jpg","width":700,"height":700},{"@type":"BreadcrumbList","@id":"https:\/\/paracherkaoui.ma\/index.php\/produit\/curaprox-prime-start-mixed\/#breadcrumb","itemListElement":[{"@type":"ListItem","position":1,"name":"Accueil","item":"https:\/\/paracherkaoui.ma\/"},{"@type":"ListItem","position":2,"name":"Boutique","item":"https:\/\/paracherkaoui.ma\/index.php\/boutique\/"},{"@type":"ListItem","position":3,"name":"CURAPROX PRIME START MIXED"}]},{"@type":"WebSite","@id":"https:\/\/paracherkaoui.ma\/#website","url":"https:\/\/paracherkaoui.ma\/","name":"Paracherkaoui.ma","description":"Achetez en ligne sur Paracherkaoui.ma","potentialAction":[{"@type":"SearchAction","target":{"@type":"EntryPoint","urlTemplate":"https:\/\/paracherkaoui.ma\/?s={search_term_string}"},"query-input":{"@type":"PropertyValueSpecification","valueRequired":true,"valueName":"search_term_string"}}],"inLanguage":"fr-FR"}]}},"_links":{"self":[{"href":"https:\/\/paracherkaoui.ma\/index.php\/wp-json\/wp\/v2\/product\/46701","targetHints":{"allow":["GET"]}}],"collection":[{"href":"https:\/\/paracherkaoui.ma\/index.php\/wp-json\/wp\/v2\/product"}],"about":[{"href":"https:\/\/paracherkaoui.ma\/index.php\/wp-json\/wp\/v2\/types\/product"}],"replies":[{"embeddable":true,"href":"https:\/\/paracherkaoui.ma\/index.php\/wp-json\/wp\/v2\/comments?post=46701"}],"version-history":[{"count":1,"href":"https:\/\/paracherkaoui.ma\/index.php\/wp-json\/wp\/v2\/product\/46701\/revisions"}],"predecessor-version":[{"id":46760,"href":"https:\/\/paracherkaoui.ma\/index.php\/wp-json\/wp\/v2\/product\/46701\/revisions\/46760"}],"wp:featuredmedia":[{"embeddable":true,"href":"https:\/\/paracherkaoui.ma\/index.php\/wp-json\/wp\/v2\/media\/46759"}],"wp:attachment":[{"href":"https:\/\/paracherkaoui.ma\/index.php\/wp-json\/wp\/v2\/media?parent=46701"}],"wp:term":[{"taxonomy":"product_brand","embeddable":true,"href":"https:\/\/paracherkaoui.ma\/index.php\/wp-json\/wp\/v2\/product_brand?post=46701"},{"taxonomy":"product_cat","embeddable":true,"href":"https:\/\/paracherkaoui.ma\/index.php\/wp-json\/wp\/v2\/product_cat?post=46701"},{"taxonomy":"product_tag","embeddable":true,"href":"https:\/\/paracherkaoui.ma\/index.php\/wp-json\/wp\/v2\/product_tag?post=46701"}],"curies":[{"name":"wp","href":"https:\/\/api.w.org\/{rel}","templated":true}]}}