{"id":46606,"date":"2025-12-12T19:23:06","date_gmt":"2025-12-12T18:23:06","guid":{"rendered":"https:\/\/test.ecbeaute.com\/?post_type=product&#038;p=46606"},"modified":"2025-12-12T19:23:17","modified_gmt":"2025-12-12T18:23:17","slug":"curaprox-cps-405-perio-5-avec-manche-uhs-451","status":"publish","type":"product","link":"https:\/\/paracherkaoui.ma\/index.php\/produit\/curaprox-cps-405-perio-5-avec-manche-uhs-451\/","title":{"rendered":"CURAPROX CPS 405 PERIO *5 AVEC MANCHE UHS 451"},"content":{"rendered":"<p>A la fois efficaces et agr\u00e9ables: Les brosses CPS perio sont recommand\u00e9es pour la pr\u00e9vention secondaire chez les patients pr\u00e9sentant des espaces interdentaires ouverts et des \u00ab\u00a0trous noirs\u00a0\u00bb. Elles conviennent \u00e9galement tr\u00e8s bien pour les dents obtur\u00e9es, les couronnes, les bridges et contre la plaque la plus tenace.<br \/>\nGrosseur: 1,3 mm \/ Efficacit\u00e9: 5,0 mm<br \/>\nLes brosses CPS perio sont efficaces et agr\u00e9ables \u00e0 la fois. Le nettoyage des espaces interdentaires ouverts et des \u00ab\u00a0trous noirs\u00a0\u00bb peut \u00eatre douloureux. Il est alors essentiel que les brosses interdentaires assurent un nettoyage non seulement efficace, mais sans douleur.<br \/>\nLe blister contient un manche et 5 brossettes.<\/p>\n","protected":false},"excerpt":{"rendered":"<p>A la fois efficaces et agr\u00e9ables: Les brosses CPS perio sont recommand\u00e9es pour la pr\u00e9vention secondaire chez les patients pr\u00e9sentant<\/p>\n","protected":false},"featured_media":46660,"comment_status":"open","ping_status":"closed","template":"","meta":[],"product_brand":[836],"product_cat":[841],"product_tag":[],"class_list":{"0":"post-46606","1":"product","2":"type-product","3":"status-publish","4":"has-post-thumbnail","6":"product_brand-curaprox","7":"product_cat-brossettes-interdentaires-et-fils-dentaires","9":"first","10":"instock","11":"sale","12":"shipping-taxable","13":"purchasable","14":"product-type-simple"},"yoast_head":"<!-- This site is optimized with the Yoast SEO plugin v26.6 - https:\/\/yoast.com\/wordpress\/plugins\/seo\/ -->\r\n<title>CURAPROX CPS 405 PERIO *5 AVEC MANCHE UHS 451 - Paracherkaoui.ma<\/title>\r\n<meta name=\"robots\" content=\"index, follow, max-snippet:-1, max-image-preview:large, max-video-preview:-1\" \/>\r\n<link rel=\"canonical\" href=\"https:\/\/paracherkaoui.ma\/index.php\/produit\/curaprox-cps-405-perio-5-avec-manche-uhs-451\/\" \/>\r\n<meta property=\"og:locale\" content=\"fr_FR\" \/>\r\n<meta property=\"og:type\" content=\"article\" \/>\r\n<meta property=\"og:title\" content=\"CURAPROX CPS 405 PERIO *5 AVEC MANCHE UHS 451 - Paracherkaoui.ma\" \/>\r\n<meta property=\"og:description\" content=\"A la fois efficaces et agr\u00e9ables: Les brosses CPS perio sont recommand\u00e9es pour la pr\u00e9vention secondaire chez les patients pr\u00e9sentant\" \/>\r\n<meta property=\"og:url\" content=\"https:\/\/paracherkaoui.ma\/index.php\/produit\/curaprox-cps-405-perio-5-avec-manche-uhs-451\/\" \/>\r\n<meta property=\"og:site_name\" content=\"Paracherkaoui.ma\" \/>\r\n<meta property=\"article:modified_time\" content=\"2025-12-12T18:23:17+00:00\" \/>\r\n<meta property=\"og:image\" content=\"https:\/\/paracherkaoui.ma\/wp-content\/uploads\/2025\/12\/curaprox-curaprox-cps-405-perio-5-avec-manche-uhs-451-brossettes-interdentaires-et-fils-dentaires.jpg\" \/>\r\n\t<meta property=\"og:image:width\" content=\"700\" \/>\r\n\t<meta property=\"og:image:height\" content=\"700\" \/>\r\n\t<meta property=\"og:image:type\" content=\"image\/jpeg\" \/>\r\n<meta name=\"twitter:card\" content=\"summary_large_image\" \/>\r\n<meta name=\"twitter:label1\" content=\"Dur\u00e9e de lecture estim\u00e9e\" \/>\n\t<meta name=\"twitter:data1\" content=\"1 minute\" \/>\r\n<script type=\"application\/ld+json\" class=\"yoast-schema-graph\">{\"@context\":\"https:\/\/schema.org\",\"@graph\":[{\"@type\":\"WebPage\",\"@id\":\"https:\/\/paracherkaoui.ma\/index.php\/produit\/curaprox-cps-405-perio-5-avec-manche-uhs-451\/\",\"url\":\"https:\/\/paracherkaoui.ma\/index.php\/produit\/curaprox-cps-405-perio-5-avec-manche-uhs-451\/\",\"name\":\"CURAPROX CPS 405 PERIO *5 AVEC MANCHE UHS 451 - Paracherkaoui.ma\",\"isPartOf\":{\"@id\":\"https:\/\/paracherkaoui.ma\/#website\"},\"primaryImageOfPage\":{\"@id\":\"https:\/\/paracherkaoui.ma\/index.php\/produit\/curaprox-cps-405-perio-5-avec-manche-uhs-451\/#primaryimage\"},\"image\":{\"@id\":\"https:\/\/paracherkaoui.ma\/index.php\/produit\/curaprox-cps-405-perio-5-avec-manche-uhs-451\/#primaryimage\"},\"thumbnailUrl\":\"https:\/\/paracherkaoui.ma\/wp-content\/uploads\/2025\/12\/curaprox-curaprox-cps-405-perio-5-avec-manche-uhs-451-brossettes-interdentaires-et-fils-dentaires.jpg\",\"datePublished\":\"2025-12-12T18:23:06+00:00\",\"dateModified\":\"2025-12-12T18:23:17+00:00\",\"breadcrumb\":{\"@id\":\"https:\/\/paracherkaoui.ma\/index.php\/produit\/curaprox-cps-405-perio-5-avec-manche-uhs-451\/#breadcrumb\"},\"inLanguage\":\"fr-FR\",\"potentialAction\":[{\"@type\":\"ReadAction\",\"target\":[\"https:\/\/paracherkaoui.ma\/index.php\/produit\/curaprox-cps-405-perio-5-avec-manche-uhs-451\/\"]}]},{\"@type\":\"ImageObject\",\"inLanguage\":\"fr-FR\",\"@id\":\"https:\/\/paracherkaoui.ma\/index.php\/produit\/curaprox-cps-405-perio-5-avec-manche-uhs-451\/#primaryimage\",\"url\":\"https:\/\/paracherkaoui.ma\/wp-content\/uploads\/2025\/12\/curaprox-curaprox-cps-405-perio-5-avec-manche-uhs-451-brossettes-interdentaires-et-fils-dentaires.jpg\",\"contentUrl\":\"https:\/\/paracherkaoui.ma\/wp-content\/uploads\/2025\/12\/curaprox-curaprox-cps-405-perio-5-avec-manche-uhs-451-brossettes-interdentaires-et-fils-dentaires.jpg\",\"width\":700,\"height\":700},{\"@type\":\"BreadcrumbList\",\"@id\":\"https:\/\/paracherkaoui.ma\/index.php\/produit\/curaprox-cps-405-perio-5-avec-manche-uhs-451\/#breadcrumb\",\"itemListElement\":[{\"@type\":\"ListItem\",\"position\":1,\"name\":\"Accueil\",\"item\":\"https:\/\/paracherkaoui.ma\/\"},{\"@type\":\"ListItem\",\"position\":2,\"name\":\"Boutique\",\"item\":\"https:\/\/paracherkaoui.ma\/index.php\/boutique\/\"},{\"@type\":\"ListItem\",\"position\":3,\"name\":\"CURAPROX CPS 405 PERIO *5 AVEC MANCHE UHS 451\"}]},{\"@type\":\"WebSite\",\"@id\":\"https:\/\/paracherkaoui.ma\/#website\",\"url\":\"https:\/\/paracherkaoui.ma\/\",\"name\":\"Paracherkaoui.ma\",\"description\":\"Achetez en ligne sur Paracherkaoui.ma\",\"potentialAction\":[{\"@type\":\"SearchAction\",\"target\":{\"@type\":\"EntryPoint\",\"urlTemplate\":\"https:\/\/paracherkaoui.ma\/?s={search_term_string}\"},\"query-input\":{\"@type\":\"PropertyValueSpecification\",\"valueRequired\":true,\"valueName\":\"search_term_string\"}}],\"inLanguage\":\"fr-FR\"}]}<\/script>\r\n<!-- \/ Yoast SEO plugin. -->","yoast_head_json":{"title":"CURAPROX CPS 405 PERIO *5 AVEC MANCHE UHS 451 - Paracherkaoui.ma","robots":{"index":"index","follow":"follow","max-snippet":"max-snippet:-1","max-image-preview":"max-image-preview:large","max-video-preview":"max-video-preview:-1"},"canonical":"https:\/\/paracherkaoui.ma\/index.php\/produit\/curaprox-cps-405-perio-5-avec-manche-uhs-451\/","og_locale":"fr_FR","og_type":"article","og_title":"CURAPROX CPS 405 PERIO *5 AVEC MANCHE UHS 451 - Paracherkaoui.ma","og_description":"A la fois efficaces et agr\u00e9ables: Les brosses CPS perio sont recommand\u00e9es pour la pr\u00e9vention secondaire chez les patients pr\u00e9sentant","og_url":"https:\/\/paracherkaoui.ma\/index.php\/produit\/curaprox-cps-405-perio-5-avec-manche-uhs-451\/","og_site_name":"Paracherkaoui.ma","article_modified_time":"2025-12-12T18:23:17+00:00","og_image":[{"width":700,"height":700,"url":"https:\/\/paracherkaoui.ma\/wp-content\/uploads\/2025\/12\/curaprox-curaprox-cps-405-perio-5-avec-manche-uhs-451-brossettes-interdentaires-et-fils-dentaires.jpg","type":"image\/jpeg"}],"twitter_card":"summary_large_image","twitter_misc":{"Dur\u00e9e de lecture estim\u00e9e":"1 minute"},"schema":{"@context":"https:\/\/schema.org","@graph":[{"@type":"WebPage","@id":"https:\/\/paracherkaoui.ma\/index.php\/produit\/curaprox-cps-405-perio-5-avec-manche-uhs-451\/","url":"https:\/\/paracherkaoui.ma\/index.php\/produit\/curaprox-cps-405-perio-5-avec-manche-uhs-451\/","name":"CURAPROX CPS 405 PERIO *5 AVEC MANCHE UHS 451 - Paracherkaoui.ma","isPartOf":{"@id":"https:\/\/paracherkaoui.ma\/#website"},"primaryImageOfPage":{"@id":"https:\/\/paracherkaoui.ma\/index.php\/produit\/curaprox-cps-405-perio-5-avec-manche-uhs-451\/#primaryimage"},"image":{"@id":"https:\/\/paracherkaoui.ma\/index.php\/produit\/curaprox-cps-405-perio-5-avec-manche-uhs-451\/#primaryimage"},"thumbnailUrl":"https:\/\/paracherkaoui.ma\/wp-content\/uploads\/2025\/12\/curaprox-curaprox-cps-405-perio-5-avec-manche-uhs-451-brossettes-interdentaires-et-fils-dentaires.jpg","datePublished":"2025-12-12T18:23:06+00:00","dateModified":"2025-12-12T18:23:17+00:00","breadcrumb":{"@id":"https:\/\/paracherkaoui.ma\/index.php\/produit\/curaprox-cps-405-perio-5-avec-manche-uhs-451\/#breadcrumb"},"inLanguage":"fr-FR","potentialAction":[{"@type":"ReadAction","target":["https:\/\/paracherkaoui.ma\/index.php\/produit\/curaprox-cps-405-perio-5-avec-manche-uhs-451\/"]}]},{"@type":"ImageObject","inLanguage":"fr-FR","@id":"https:\/\/paracherkaoui.ma\/index.php\/produit\/curaprox-cps-405-perio-5-avec-manche-uhs-451\/#primaryimage","url":"https:\/\/paracherkaoui.ma\/wp-content\/uploads\/2025\/12\/curaprox-curaprox-cps-405-perio-5-avec-manche-uhs-451-brossettes-interdentaires-et-fils-dentaires.jpg","contentUrl":"https:\/\/paracherkaoui.ma\/wp-content\/uploads\/2025\/12\/curaprox-curaprox-cps-405-perio-5-avec-manche-uhs-451-brossettes-interdentaires-et-fils-dentaires.jpg","width":700,"height":700},{"@type":"BreadcrumbList","@id":"https:\/\/paracherkaoui.ma\/index.php\/produit\/curaprox-cps-405-perio-5-avec-manche-uhs-451\/#breadcrumb","itemListElement":[{"@type":"ListItem","position":1,"name":"Accueil","item":"https:\/\/paracherkaoui.ma\/"},{"@type":"ListItem","position":2,"name":"Boutique","item":"https:\/\/paracherkaoui.ma\/index.php\/boutique\/"},{"@type":"ListItem","position":3,"name":"CURAPROX CPS 405 PERIO *5 AVEC MANCHE UHS 451"}]},{"@type":"WebSite","@id":"https:\/\/paracherkaoui.ma\/#website","url":"https:\/\/paracherkaoui.ma\/","name":"Paracherkaoui.ma","description":"Achetez en ligne sur Paracherkaoui.ma","potentialAction":[{"@type":"SearchAction","target":{"@type":"EntryPoint","urlTemplate":"https:\/\/paracherkaoui.ma\/?s={search_term_string}"},"query-input":{"@type":"PropertyValueSpecification","valueRequired":true,"valueName":"search_term_string"}}],"inLanguage":"fr-FR"}]}},"_links":{"self":[{"href":"https:\/\/paracherkaoui.ma\/index.php\/wp-json\/wp\/v2\/product\/46606","targetHints":{"allow":["GET"]}}],"collection":[{"href":"https:\/\/paracherkaoui.ma\/index.php\/wp-json\/wp\/v2\/product"}],"about":[{"href":"https:\/\/paracherkaoui.ma\/index.php\/wp-json\/wp\/v2\/types\/product"}],"replies":[{"embeddable":true,"href":"https:\/\/paracherkaoui.ma\/index.php\/wp-json\/wp\/v2\/comments?post=46606"}],"version-history":[{"count":1,"href":"https:\/\/paracherkaoui.ma\/index.php\/wp-json\/wp\/v2\/product\/46606\/revisions"}],"predecessor-version":[{"id":46661,"href":"https:\/\/paracherkaoui.ma\/index.php\/wp-json\/wp\/v2\/product\/46606\/revisions\/46661"}],"wp:featuredmedia":[{"embeddable":true,"href":"https:\/\/paracherkaoui.ma\/index.php\/wp-json\/wp\/v2\/media\/46660"}],"wp:attachment":[{"href":"https:\/\/paracherkaoui.ma\/index.php\/wp-json\/wp\/v2\/media?parent=46606"}],"wp:term":[{"taxonomy":"product_brand","embeddable":true,"href":"https:\/\/paracherkaoui.ma\/index.php\/wp-json\/wp\/v2\/product_brand?post=46606"},{"taxonomy":"product_cat","embeddable":true,"href":"https:\/\/paracherkaoui.ma\/index.php\/wp-json\/wp\/v2\/product_cat?post=46606"},{"taxonomy":"product_tag","embeddable":true,"href":"https:\/\/paracherkaoui.ma\/index.php\/wp-json\/wp\/v2\/product_tag?post=46606"}],"curies":[{"name":"wp","href":"https:\/\/api.w.org\/{rel}","templated":true}]}}