{"id":46513,"date":"2025-12-12T19:22:54","date_gmt":"2025-12-12T18:22:54","guid":{"rendered":"https:\/\/test.ecbeaute.com\/?post_type=product&#038;p=46513"},"modified":"2025-12-12T19:23:01","modified_gmt":"2025-12-12T18:23:01","slug":"gum-easy-flossers-menthole-cire20-cure-dentfil-pret-a-lemploi-ref-890","status":"publish","type":"product","link":"https:\/\/paracherkaoui.ma\/index.php\/produit\/gum-easy-flossers-menthole-cire20-cure-dentfil-pret-a-lemploi-ref-890\/","title":{"rendered":"GUM EASY FLOSSERS MENTHOLE CIRE20 CURE DENT+FIL PRET A L&rsquo;EMPLOI REF 890"},"content":{"rendered":"<p>GUM Easy Flossers est un porte fil dentaire ultra-r\u00e9sistant. Pr\u00eat \u00e0 l&#8217;emploi. Fil dentaire cir\u00e9, menthol\u00e9 et ultrar\u00e9sistant, serti sur le porte-fil en forme de V. Glisse facilement entre les dents. Elimine en douceur la plaque dentaire entre les dents et sous la gencive, zones inaccessibles avec une brosse \u00e0 dents. Contient un \u00e9tui de voyage pratique offert.<br \/>\nConseil d&rsquo;utilisation<br \/>\nTendre le fil en le pin\u00e7ant entre les pouces et les index.<br \/>\nGlisser doucement le fil tendu entre les dents, jusqu&rsquo;\u00e0 la gencive.<br \/>\nPuis, en tenant le fil contre la dent, effectuer un mouvement vertical, de la gencive vers la dent.<br \/>\nIndication : Hygi\u00e8ne dentaire, plaque dentaire, espaces inter-dentaires.<\/p>\n","protected":false},"excerpt":{"rendered":"<p>GUM Easy Flossers est un porte fil dentaire ultra-r\u00e9sistant. Pr\u00eat \u00e0 l&#8217;emploi. Fil dentaire cir\u00e9, menthol\u00e9 et ultrar\u00e9sistant, serti sur<\/p>\n","protected":false},"featured_media":46550,"comment_status":"open","ping_status":"closed","template":"","meta":[],"product_brand":[800],"product_cat":[841],"product_tag":[],"class_list":{"0":"post-46513","1":"product","2":"type-product","3":"status-publish","4":"has-post-thumbnail","6":"product_brand-gum","7":"product_cat-brossettes-interdentaires-et-fils-dentaires","9":"first","10":"instock","11":"sale","12":"shipping-taxable","13":"purchasable","14":"product-type-simple"},"yoast_head":"<!-- This site is optimized with the Yoast SEO plugin v26.6 - https:\/\/yoast.com\/wordpress\/plugins\/seo\/ -->\r\n<title>GUM EASY FLOSSERS MENTHOLE CIRE20 CURE DENT+FIL PRET A L&#039;EMPLOI REF 890 - Paracherkaoui.ma<\/title>\r\n<meta name=\"robots\" content=\"index, follow, max-snippet:-1, max-image-preview:large, max-video-preview:-1\" \/>\r\n<link rel=\"canonical\" href=\"https:\/\/paracherkaoui.ma\/index.php\/produit\/gum-easy-flossers-menthole-cire20-cure-dentfil-pret-a-lemploi-ref-890\/\" \/>\r\n<meta property=\"og:locale\" content=\"fr_FR\" \/>\r\n<meta property=\"og:type\" content=\"article\" \/>\r\n<meta property=\"og:title\" content=\"GUM EASY FLOSSERS MENTHOLE CIRE20 CURE DENT+FIL PRET A L&#039;EMPLOI REF 890 - Paracherkaoui.ma\" \/>\r\n<meta property=\"og:description\" content=\"GUM Easy Flossers est un porte fil dentaire ultra-r\u00e9sistant. Pr\u00eat \u00e0 l&#8217;emploi. Fil dentaire cir\u00e9, menthol\u00e9 et ultrar\u00e9sistant, serti sur\" \/>\r\n<meta property=\"og:url\" content=\"https:\/\/paracherkaoui.ma\/index.php\/produit\/gum-easy-flossers-menthole-cire20-cure-dentfil-pret-a-lemploi-ref-890\/\" \/>\r\n<meta property=\"og:site_name\" content=\"Paracherkaoui.ma\" \/>\r\n<meta property=\"article:modified_time\" content=\"2025-12-12T18:23:01+00:00\" \/>\r\n<meta property=\"og:image\" content=\"https:\/\/paracherkaoui.ma\/wp-content\/uploads\/2025\/12\/gum-easy-flossers-menthole-cire20-cure-dentfil-pret-a-l-emploi-ref-890.jpg\" \/>\r\n\t<meta property=\"og:image:width\" content=\"700\" \/>\r\n\t<meta property=\"og:image:height\" content=\"700\" \/>\r\n\t<meta property=\"og:image:type\" content=\"image\/jpeg\" \/>\r\n<meta name=\"twitter:card\" content=\"summary_large_image\" \/>\r\n<meta name=\"twitter:label1\" content=\"Dur\u00e9e de lecture estim\u00e9e\" \/>\n\t<meta name=\"twitter:data1\" content=\"1 minute\" \/>\r\n<script type=\"application\/ld+json\" class=\"yoast-schema-graph\">{\"@context\":\"https:\/\/schema.org\",\"@graph\":[{\"@type\":\"WebPage\",\"@id\":\"https:\/\/paracherkaoui.ma\/index.php\/produit\/gum-easy-flossers-menthole-cire20-cure-dentfil-pret-a-lemploi-ref-890\/\",\"url\":\"https:\/\/paracherkaoui.ma\/index.php\/produit\/gum-easy-flossers-menthole-cire20-cure-dentfil-pret-a-lemploi-ref-890\/\",\"name\":\"GUM EASY FLOSSERS MENTHOLE CIRE20 CURE DENT+FIL PRET A L'EMPLOI REF 890 - Paracherkaoui.ma\",\"isPartOf\":{\"@id\":\"https:\/\/paracherkaoui.ma\/#website\"},\"primaryImageOfPage\":{\"@id\":\"https:\/\/paracherkaoui.ma\/index.php\/produit\/gum-easy-flossers-menthole-cire20-cure-dentfil-pret-a-lemploi-ref-890\/#primaryimage\"},\"image\":{\"@id\":\"https:\/\/paracherkaoui.ma\/index.php\/produit\/gum-easy-flossers-menthole-cire20-cure-dentfil-pret-a-lemploi-ref-890\/#primaryimage\"},\"thumbnailUrl\":\"https:\/\/paracherkaoui.ma\/wp-content\/uploads\/2025\/12\/gum-easy-flossers-menthole-cire20-cure-dentfil-pret-a-l-emploi-ref-890.jpg\",\"datePublished\":\"2025-12-12T18:22:54+00:00\",\"dateModified\":\"2025-12-12T18:23:01+00:00\",\"breadcrumb\":{\"@id\":\"https:\/\/paracherkaoui.ma\/index.php\/produit\/gum-easy-flossers-menthole-cire20-cure-dentfil-pret-a-lemploi-ref-890\/#breadcrumb\"},\"inLanguage\":\"fr-FR\",\"potentialAction\":[{\"@type\":\"ReadAction\",\"target\":[\"https:\/\/paracherkaoui.ma\/index.php\/produit\/gum-easy-flossers-menthole-cire20-cure-dentfil-pret-a-lemploi-ref-890\/\"]}]},{\"@type\":\"ImageObject\",\"inLanguage\":\"fr-FR\",\"@id\":\"https:\/\/paracherkaoui.ma\/index.php\/produit\/gum-easy-flossers-menthole-cire20-cure-dentfil-pret-a-lemploi-ref-890\/#primaryimage\",\"url\":\"https:\/\/paracherkaoui.ma\/wp-content\/uploads\/2025\/12\/gum-easy-flossers-menthole-cire20-cure-dentfil-pret-a-l-emploi-ref-890.jpg\",\"contentUrl\":\"https:\/\/paracherkaoui.ma\/wp-content\/uploads\/2025\/12\/gum-easy-flossers-menthole-cire20-cure-dentfil-pret-a-l-emploi-ref-890.jpg\",\"width\":700,\"height\":700},{\"@type\":\"BreadcrumbList\",\"@id\":\"https:\/\/paracherkaoui.ma\/index.php\/produit\/gum-easy-flossers-menthole-cire20-cure-dentfil-pret-a-lemploi-ref-890\/#breadcrumb\",\"itemListElement\":[{\"@type\":\"ListItem\",\"position\":1,\"name\":\"Accueil\",\"item\":\"https:\/\/paracherkaoui.ma\/\"},{\"@type\":\"ListItem\",\"position\":2,\"name\":\"Boutique\",\"item\":\"https:\/\/paracherkaoui.ma\/index.php\/boutique\/\"},{\"@type\":\"ListItem\",\"position\":3,\"name\":\"GUM EASY FLOSSERS MENTHOLE CIRE20 CURE DENT+FIL PRET A L&rsquo;EMPLOI REF 890\"}]},{\"@type\":\"WebSite\",\"@id\":\"https:\/\/paracherkaoui.ma\/#website\",\"url\":\"https:\/\/paracherkaoui.ma\/\",\"name\":\"Paracherkaoui.ma\",\"description\":\"Achetez en ligne sur Paracherkaoui.ma\",\"potentialAction\":[{\"@type\":\"SearchAction\",\"target\":{\"@type\":\"EntryPoint\",\"urlTemplate\":\"https:\/\/paracherkaoui.ma\/?s={search_term_string}\"},\"query-input\":{\"@type\":\"PropertyValueSpecification\",\"valueRequired\":true,\"valueName\":\"search_term_string\"}}],\"inLanguage\":\"fr-FR\"}]}<\/script>\r\n<!-- \/ Yoast SEO plugin. -->","yoast_head_json":{"title":"GUM EASY FLOSSERS MENTHOLE CIRE20 CURE DENT+FIL PRET A L'EMPLOI REF 890 - Paracherkaoui.ma","robots":{"index":"index","follow":"follow","max-snippet":"max-snippet:-1","max-image-preview":"max-image-preview:large","max-video-preview":"max-video-preview:-1"},"canonical":"https:\/\/paracherkaoui.ma\/index.php\/produit\/gum-easy-flossers-menthole-cire20-cure-dentfil-pret-a-lemploi-ref-890\/","og_locale":"fr_FR","og_type":"article","og_title":"GUM EASY FLOSSERS MENTHOLE CIRE20 CURE DENT+FIL PRET A L'EMPLOI REF 890 - Paracherkaoui.ma","og_description":"GUM Easy Flossers est un porte fil dentaire ultra-r\u00e9sistant. Pr\u00eat \u00e0 l&#8217;emploi. Fil dentaire cir\u00e9, menthol\u00e9 et ultrar\u00e9sistant, serti sur","og_url":"https:\/\/paracherkaoui.ma\/index.php\/produit\/gum-easy-flossers-menthole-cire20-cure-dentfil-pret-a-lemploi-ref-890\/","og_site_name":"Paracherkaoui.ma","article_modified_time":"2025-12-12T18:23:01+00:00","og_image":[{"width":700,"height":700,"url":"https:\/\/paracherkaoui.ma\/wp-content\/uploads\/2025\/12\/gum-easy-flossers-menthole-cire20-cure-dentfil-pret-a-l-emploi-ref-890.jpg","type":"image\/jpeg"}],"twitter_card":"summary_large_image","twitter_misc":{"Dur\u00e9e de lecture estim\u00e9e":"1 minute"},"schema":{"@context":"https:\/\/schema.org","@graph":[{"@type":"WebPage","@id":"https:\/\/paracherkaoui.ma\/index.php\/produit\/gum-easy-flossers-menthole-cire20-cure-dentfil-pret-a-lemploi-ref-890\/","url":"https:\/\/paracherkaoui.ma\/index.php\/produit\/gum-easy-flossers-menthole-cire20-cure-dentfil-pret-a-lemploi-ref-890\/","name":"GUM EASY FLOSSERS MENTHOLE CIRE20 CURE DENT+FIL PRET A L'EMPLOI REF 890 - Paracherkaoui.ma","isPartOf":{"@id":"https:\/\/paracherkaoui.ma\/#website"},"primaryImageOfPage":{"@id":"https:\/\/paracherkaoui.ma\/index.php\/produit\/gum-easy-flossers-menthole-cire20-cure-dentfil-pret-a-lemploi-ref-890\/#primaryimage"},"image":{"@id":"https:\/\/paracherkaoui.ma\/index.php\/produit\/gum-easy-flossers-menthole-cire20-cure-dentfil-pret-a-lemploi-ref-890\/#primaryimage"},"thumbnailUrl":"https:\/\/paracherkaoui.ma\/wp-content\/uploads\/2025\/12\/gum-easy-flossers-menthole-cire20-cure-dentfil-pret-a-l-emploi-ref-890.jpg","datePublished":"2025-12-12T18:22:54+00:00","dateModified":"2025-12-12T18:23:01+00:00","breadcrumb":{"@id":"https:\/\/paracherkaoui.ma\/index.php\/produit\/gum-easy-flossers-menthole-cire20-cure-dentfil-pret-a-lemploi-ref-890\/#breadcrumb"},"inLanguage":"fr-FR","potentialAction":[{"@type":"ReadAction","target":["https:\/\/paracherkaoui.ma\/index.php\/produit\/gum-easy-flossers-menthole-cire20-cure-dentfil-pret-a-lemploi-ref-890\/"]}]},{"@type":"ImageObject","inLanguage":"fr-FR","@id":"https:\/\/paracherkaoui.ma\/index.php\/produit\/gum-easy-flossers-menthole-cire20-cure-dentfil-pret-a-lemploi-ref-890\/#primaryimage","url":"https:\/\/paracherkaoui.ma\/wp-content\/uploads\/2025\/12\/gum-easy-flossers-menthole-cire20-cure-dentfil-pret-a-l-emploi-ref-890.jpg","contentUrl":"https:\/\/paracherkaoui.ma\/wp-content\/uploads\/2025\/12\/gum-easy-flossers-menthole-cire20-cure-dentfil-pret-a-l-emploi-ref-890.jpg","width":700,"height":700},{"@type":"BreadcrumbList","@id":"https:\/\/paracherkaoui.ma\/index.php\/produit\/gum-easy-flossers-menthole-cire20-cure-dentfil-pret-a-lemploi-ref-890\/#breadcrumb","itemListElement":[{"@type":"ListItem","position":1,"name":"Accueil","item":"https:\/\/paracherkaoui.ma\/"},{"@type":"ListItem","position":2,"name":"Boutique","item":"https:\/\/paracherkaoui.ma\/index.php\/boutique\/"},{"@type":"ListItem","position":3,"name":"GUM EASY FLOSSERS MENTHOLE CIRE20 CURE DENT+FIL PRET A L&rsquo;EMPLOI REF 890"}]},{"@type":"WebSite","@id":"https:\/\/paracherkaoui.ma\/#website","url":"https:\/\/paracherkaoui.ma\/","name":"Paracherkaoui.ma","description":"Achetez en ligne sur Paracherkaoui.ma","potentialAction":[{"@type":"SearchAction","target":{"@type":"EntryPoint","urlTemplate":"https:\/\/paracherkaoui.ma\/?s={search_term_string}"},"query-input":{"@type":"PropertyValueSpecification","valueRequired":true,"valueName":"search_term_string"}}],"inLanguage":"fr-FR"}]}},"_links":{"self":[{"href":"https:\/\/paracherkaoui.ma\/index.php\/wp-json\/wp\/v2\/product\/46513","targetHints":{"allow":["GET"]}}],"collection":[{"href":"https:\/\/paracherkaoui.ma\/index.php\/wp-json\/wp\/v2\/product"}],"about":[{"href":"https:\/\/paracherkaoui.ma\/index.php\/wp-json\/wp\/v2\/types\/product"}],"replies":[{"embeddable":true,"href":"https:\/\/paracherkaoui.ma\/index.php\/wp-json\/wp\/v2\/comments?post=46513"}],"version-history":[{"count":1,"href":"https:\/\/paracherkaoui.ma\/index.php\/wp-json\/wp\/v2\/product\/46513\/revisions"}],"predecessor-version":[{"id":46551,"href":"https:\/\/paracherkaoui.ma\/index.php\/wp-json\/wp\/v2\/product\/46513\/revisions\/46551"}],"wp:featuredmedia":[{"embeddable":true,"href":"https:\/\/paracherkaoui.ma\/index.php\/wp-json\/wp\/v2\/media\/46550"}],"wp:attachment":[{"href":"https:\/\/paracherkaoui.ma\/index.php\/wp-json\/wp\/v2\/media?parent=46513"}],"wp:term":[{"taxonomy":"product_brand","embeddable":true,"href":"https:\/\/paracherkaoui.ma\/index.php\/wp-json\/wp\/v2\/product_brand?post=46513"},{"taxonomy":"product_cat","embeddable":true,"href":"https:\/\/paracherkaoui.ma\/index.php\/wp-json\/wp\/v2\/product_cat?post=46513"},{"taxonomy":"product_tag","embeddable":true,"href":"https:\/\/paracherkaoui.ma\/index.php\/wp-json\/wp\/v2\/product_tag?post=46513"}],"curies":[{"name":"wp","href":"https:\/\/api.w.org\/{rel}","templated":true}]}}