{"id":46444,"date":"2025-12-12T19:17:53","date_gmt":"2025-12-12T18:17:53","guid":{"rendered":"https:\/\/test.ecbeaute.com\/?post_type=product&#038;p=46444"},"modified":"2025-12-12T19:17:56","modified_gmt":"2025-12-12T18:17:56","slug":"dr-browns-brosse-a-dents-bebe-1-4-ans-dinosaure-vert","status":"publish","type":"product","link":"https:\/\/paracherkaoui.ma\/index.php\/produit\/dr-browns-brosse-a-dents-bebe-1-4-ans-dinosaure-vert\/","title":{"rendered":"DR BROWNS BROSSE A DENTS BEBE 1-4 ANS DINOSAURE VERT"},"content":{"rendered":"<p>Brosse \u00e0 dents parfaite pour l\u2019apprentissage de l\u2019hygi\u00e8ne dentaire. Brosse les dents de votre enfant de mani\u00e8re simple et confortable.<br \/>\nBrosse \u00e0 dents souple et douce pour les gencives sensibles et les premi\u00e8res dents de votre enfant. La poign\u00e9e confortable permet aux petites mains de s\u2019y accrocher facilement. La forme d\u2019animal permet de s\u2019amuser tout en se brossant les dents. La brosse \u00e0 dents peut tenir debout, elle est donc hygi\u00e9nique et propre. Convient aux enfants de 1 \u00e0 4 ans.<\/p>\n","protected":false},"excerpt":{"rendered":"<p>Brosse \u00e0 dents parfaite pour l\u2019apprentissage de l\u2019hygi\u00e8ne dentaire. Brosse les dents de votre enfant de mani\u00e8re simple et confortable.<\/p>\n","protected":false},"featured_media":46470,"comment_status":"open","ping_status":"closed","template":"","meta":[],"product_brand":[740],"product_cat":[838],"product_tag":[],"class_list":{"0":"post-46444","1":"product","2":"type-product","3":"status-publish","4":"has-post-thumbnail","6":"product_brand-dr-browns","7":"product_cat-brosses-a-dents-enfants","9":"first","10":"instock","11":"sale","12":"shipping-taxable","13":"purchasable","14":"product-type-simple"},"yoast_head":"<!-- This site is optimized with the Yoast SEO plugin v26.6 - https:\/\/yoast.com\/wordpress\/plugins\/seo\/ -->\r\n<title>DR BROWNS BROSSE A DENTS BEBE 1-4 ANS DINOSAURE VERT - Paracherkaoui.ma<\/title>\r\n<meta name=\"robots\" content=\"index, follow, max-snippet:-1, max-image-preview:large, max-video-preview:-1\" \/>\r\n<link rel=\"canonical\" href=\"https:\/\/paracherkaoui.ma\/index.php\/produit\/dr-browns-brosse-a-dents-bebe-1-4-ans-dinosaure-vert\/\" \/>\r\n<meta property=\"og:locale\" content=\"fr_FR\" \/>\r\n<meta property=\"og:type\" content=\"article\" \/>\r\n<meta property=\"og:title\" content=\"DR BROWNS BROSSE A DENTS BEBE 1-4 ANS DINOSAURE VERT - Paracherkaoui.ma\" \/>\r\n<meta property=\"og:description\" content=\"Brosse \u00e0 dents parfaite pour l\u2019apprentissage de l\u2019hygi\u00e8ne dentaire. Brosse les dents de votre enfant de mani\u00e8re simple et confortable.\" \/>\r\n<meta property=\"og:url\" content=\"https:\/\/paracherkaoui.ma\/index.php\/produit\/dr-browns-brosse-a-dents-bebe-1-4-ans-dinosaure-vert\/\" \/>\r\n<meta property=\"og:site_name\" content=\"Paracherkaoui.ma\" \/>\r\n<meta property=\"article:modified_time\" content=\"2025-12-12T18:17:56+00:00\" \/>\r\n<meta property=\"og:image\" content=\"https:\/\/paracherkaoui.ma\/wp-content\/uploads\/2025\/12\/dr-browns-brosse-a-dents-bebe-1-4-ans-dinosaure-vert.jpg\" \/>\r\n\t<meta property=\"og:image:width\" content=\"700\" \/>\r\n\t<meta property=\"og:image:height\" content=\"700\" \/>\r\n\t<meta property=\"og:image:type\" content=\"image\/jpeg\" \/>\r\n<meta name=\"twitter:card\" content=\"summary_large_image\" \/>\r\n<script type=\"application\/ld+json\" class=\"yoast-schema-graph\">{\"@context\":\"https:\/\/schema.org\",\"@graph\":[{\"@type\":\"WebPage\",\"@id\":\"https:\/\/paracherkaoui.ma\/index.php\/produit\/dr-browns-brosse-a-dents-bebe-1-4-ans-dinosaure-vert\/\",\"url\":\"https:\/\/paracherkaoui.ma\/index.php\/produit\/dr-browns-brosse-a-dents-bebe-1-4-ans-dinosaure-vert\/\",\"name\":\"DR BROWNS BROSSE A DENTS BEBE 1-4 ANS DINOSAURE VERT - Paracherkaoui.ma\",\"isPartOf\":{\"@id\":\"https:\/\/paracherkaoui.ma\/#website\"},\"primaryImageOfPage\":{\"@id\":\"https:\/\/paracherkaoui.ma\/index.php\/produit\/dr-browns-brosse-a-dents-bebe-1-4-ans-dinosaure-vert\/#primaryimage\"},\"image\":{\"@id\":\"https:\/\/paracherkaoui.ma\/index.php\/produit\/dr-browns-brosse-a-dents-bebe-1-4-ans-dinosaure-vert\/#primaryimage\"},\"thumbnailUrl\":\"https:\/\/paracherkaoui.ma\/wp-content\/uploads\/2025\/12\/dr-browns-brosse-a-dents-bebe-1-4-ans-dinosaure-vert.jpg\",\"datePublished\":\"2025-12-12T18:17:53+00:00\",\"dateModified\":\"2025-12-12T18:17:56+00:00\",\"breadcrumb\":{\"@id\":\"https:\/\/paracherkaoui.ma\/index.php\/produit\/dr-browns-brosse-a-dents-bebe-1-4-ans-dinosaure-vert\/#breadcrumb\"},\"inLanguage\":\"fr-FR\",\"potentialAction\":[{\"@type\":\"ReadAction\",\"target\":[\"https:\/\/paracherkaoui.ma\/index.php\/produit\/dr-browns-brosse-a-dents-bebe-1-4-ans-dinosaure-vert\/\"]}]},{\"@type\":\"ImageObject\",\"inLanguage\":\"fr-FR\",\"@id\":\"https:\/\/paracherkaoui.ma\/index.php\/produit\/dr-browns-brosse-a-dents-bebe-1-4-ans-dinosaure-vert\/#primaryimage\",\"url\":\"https:\/\/paracherkaoui.ma\/wp-content\/uploads\/2025\/12\/dr-browns-brosse-a-dents-bebe-1-4-ans-dinosaure-vert.jpg\",\"contentUrl\":\"https:\/\/paracherkaoui.ma\/wp-content\/uploads\/2025\/12\/dr-browns-brosse-a-dents-bebe-1-4-ans-dinosaure-vert.jpg\",\"width\":700,\"height\":700},{\"@type\":\"BreadcrumbList\",\"@id\":\"https:\/\/paracherkaoui.ma\/index.php\/produit\/dr-browns-brosse-a-dents-bebe-1-4-ans-dinosaure-vert\/#breadcrumb\",\"itemListElement\":[{\"@type\":\"ListItem\",\"position\":1,\"name\":\"Accueil\",\"item\":\"https:\/\/paracherkaoui.ma\/\"},{\"@type\":\"ListItem\",\"position\":2,\"name\":\"Boutique\",\"item\":\"https:\/\/paracherkaoui.ma\/index.php\/boutique\/\"},{\"@type\":\"ListItem\",\"position\":3,\"name\":\"DR BROWNS BROSSE A DENTS BEBE 1-4 ANS DINOSAURE VERT\"}]},{\"@type\":\"WebSite\",\"@id\":\"https:\/\/paracherkaoui.ma\/#website\",\"url\":\"https:\/\/paracherkaoui.ma\/\",\"name\":\"Paracherkaoui.ma\",\"description\":\"Achetez en ligne sur Paracherkaoui.ma\",\"potentialAction\":[{\"@type\":\"SearchAction\",\"target\":{\"@type\":\"EntryPoint\",\"urlTemplate\":\"https:\/\/paracherkaoui.ma\/?s={search_term_string}\"},\"query-input\":{\"@type\":\"PropertyValueSpecification\",\"valueRequired\":true,\"valueName\":\"search_term_string\"}}],\"inLanguage\":\"fr-FR\"}]}<\/script>\r\n<!-- \/ Yoast SEO plugin. -->","yoast_head_json":{"title":"DR BROWNS BROSSE A DENTS BEBE 1-4 ANS DINOSAURE VERT - Paracherkaoui.ma","robots":{"index":"index","follow":"follow","max-snippet":"max-snippet:-1","max-image-preview":"max-image-preview:large","max-video-preview":"max-video-preview:-1"},"canonical":"https:\/\/paracherkaoui.ma\/index.php\/produit\/dr-browns-brosse-a-dents-bebe-1-4-ans-dinosaure-vert\/","og_locale":"fr_FR","og_type":"article","og_title":"DR BROWNS BROSSE A DENTS BEBE 1-4 ANS DINOSAURE VERT - Paracherkaoui.ma","og_description":"Brosse \u00e0 dents parfaite pour l\u2019apprentissage de l\u2019hygi\u00e8ne dentaire. Brosse les dents de votre enfant de mani\u00e8re simple et confortable.","og_url":"https:\/\/paracherkaoui.ma\/index.php\/produit\/dr-browns-brosse-a-dents-bebe-1-4-ans-dinosaure-vert\/","og_site_name":"Paracherkaoui.ma","article_modified_time":"2025-12-12T18:17:56+00:00","og_image":[{"width":700,"height":700,"url":"https:\/\/paracherkaoui.ma\/wp-content\/uploads\/2025\/12\/dr-browns-brosse-a-dents-bebe-1-4-ans-dinosaure-vert.jpg","type":"image\/jpeg"}],"twitter_card":"summary_large_image","schema":{"@context":"https:\/\/schema.org","@graph":[{"@type":"WebPage","@id":"https:\/\/paracherkaoui.ma\/index.php\/produit\/dr-browns-brosse-a-dents-bebe-1-4-ans-dinosaure-vert\/","url":"https:\/\/paracherkaoui.ma\/index.php\/produit\/dr-browns-brosse-a-dents-bebe-1-4-ans-dinosaure-vert\/","name":"DR BROWNS BROSSE A DENTS BEBE 1-4 ANS DINOSAURE VERT - Paracherkaoui.ma","isPartOf":{"@id":"https:\/\/paracherkaoui.ma\/#website"},"primaryImageOfPage":{"@id":"https:\/\/paracherkaoui.ma\/index.php\/produit\/dr-browns-brosse-a-dents-bebe-1-4-ans-dinosaure-vert\/#primaryimage"},"image":{"@id":"https:\/\/paracherkaoui.ma\/index.php\/produit\/dr-browns-brosse-a-dents-bebe-1-4-ans-dinosaure-vert\/#primaryimage"},"thumbnailUrl":"https:\/\/paracherkaoui.ma\/wp-content\/uploads\/2025\/12\/dr-browns-brosse-a-dents-bebe-1-4-ans-dinosaure-vert.jpg","datePublished":"2025-12-12T18:17:53+00:00","dateModified":"2025-12-12T18:17:56+00:00","breadcrumb":{"@id":"https:\/\/paracherkaoui.ma\/index.php\/produit\/dr-browns-brosse-a-dents-bebe-1-4-ans-dinosaure-vert\/#breadcrumb"},"inLanguage":"fr-FR","potentialAction":[{"@type":"ReadAction","target":["https:\/\/paracherkaoui.ma\/index.php\/produit\/dr-browns-brosse-a-dents-bebe-1-4-ans-dinosaure-vert\/"]}]},{"@type":"ImageObject","inLanguage":"fr-FR","@id":"https:\/\/paracherkaoui.ma\/index.php\/produit\/dr-browns-brosse-a-dents-bebe-1-4-ans-dinosaure-vert\/#primaryimage","url":"https:\/\/paracherkaoui.ma\/wp-content\/uploads\/2025\/12\/dr-browns-brosse-a-dents-bebe-1-4-ans-dinosaure-vert.jpg","contentUrl":"https:\/\/paracherkaoui.ma\/wp-content\/uploads\/2025\/12\/dr-browns-brosse-a-dents-bebe-1-4-ans-dinosaure-vert.jpg","width":700,"height":700},{"@type":"BreadcrumbList","@id":"https:\/\/paracherkaoui.ma\/index.php\/produit\/dr-browns-brosse-a-dents-bebe-1-4-ans-dinosaure-vert\/#breadcrumb","itemListElement":[{"@type":"ListItem","position":1,"name":"Accueil","item":"https:\/\/paracherkaoui.ma\/"},{"@type":"ListItem","position":2,"name":"Boutique","item":"https:\/\/paracherkaoui.ma\/index.php\/boutique\/"},{"@type":"ListItem","position":3,"name":"DR BROWNS BROSSE A DENTS BEBE 1-4 ANS DINOSAURE VERT"}]},{"@type":"WebSite","@id":"https:\/\/paracherkaoui.ma\/#website","url":"https:\/\/paracherkaoui.ma\/","name":"Paracherkaoui.ma","description":"Achetez en ligne sur Paracherkaoui.ma","potentialAction":[{"@type":"SearchAction","target":{"@type":"EntryPoint","urlTemplate":"https:\/\/paracherkaoui.ma\/?s={search_term_string}"},"query-input":{"@type":"PropertyValueSpecification","valueRequired":true,"valueName":"search_term_string"}}],"inLanguage":"fr-FR"}]}},"_links":{"self":[{"href":"https:\/\/paracherkaoui.ma\/index.php\/wp-json\/wp\/v2\/product\/46444","targetHints":{"allow":["GET"]}}],"collection":[{"href":"https:\/\/paracherkaoui.ma\/index.php\/wp-json\/wp\/v2\/product"}],"about":[{"href":"https:\/\/paracherkaoui.ma\/index.php\/wp-json\/wp\/v2\/types\/product"}],"replies":[{"embeddable":true,"href":"https:\/\/paracherkaoui.ma\/index.php\/wp-json\/wp\/v2\/comments?post=46444"}],"version-history":[{"count":1,"href":"https:\/\/paracherkaoui.ma\/index.php\/wp-json\/wp\/v2\/product\/46444\/revisions"}],"predecessor-version":[{"id":46471,"href":"https:\/\/paracherkaoui.ma\/index.php\/wp-json\/wp\/v2\/product\/46444\/revisions\/46471"}],"wp:featuredmedia":[{"embeddable":true,"href":"https:\/\/paracherkaoui.ma\/index.php\/wp-json\/wp\/v2\/media\/46470"}],"wp:attachment":[{"href":"https:\/\/paracherkaoui.ma\/index.php\/wp-json\/wp\/v2\/media?parent=46444"}],"wp:term":[{"taxonomy":"product_brand","embeddable":true,"href":"https:\/\/paracherkaoui.ma\/index.php\/wp-json\/wp\/v2\/product_brand?post=46444"},{"taxonomy":"product_cat","embeddable":true,"href":"https:\/\/paracherkaoui.ma\/index.php\/wp-json\/wp\/v2\/product_cat?post=46444"},{"taxonomy":"product_tag","embeddable":true,"href":"https:\/\/paracherkaoui.ma\/index.php\/wp-json\/wp\/v2\/product_tag?post=46444"}],"curies":[{"name":"wp","href":"https:\/\/api.w.org\/{rel}","templated":true}]}}