{"id":46369,"date":"2025-12-12T19:17:45","date_gmt":"2025-12-12T18:17:45","guid":{"rendered":"https:\/\/test.ecbeaute.com\/?post_type=product&#038;p=46369"},"modified":"2025-12-12T19:17:51","modified_gmt":"2025-12-12T18:17:51","slug":"dr-browns-brosse-a-dents-bebe-0-3-ans-oreille-elephant","status":"publish","type":"product","link":"https:\/\/paracherkaoui.ma\/index.php\/produit\/dr-browns-brosse-a-dents-bebe-0-3-ans-oreille-elephant\/","title":{"rendered":"DR BROWNS BROSSE A DENTS BEBE 0-3 ANS OREILLE ELEPHANT"},"content":{"rendered":"<p>Contribue au bon hygi\u00e8ne buccale. Les avantages:<br \/>\nLa parfaite brosse \u00e0 dents d\u2019entra\u00eenement<br \/>\nSuper doux et s\u00e9cure pour les premiers dents du b\u00e9b\u00e9<br \/>\nBrosse flexible et doux dans gencives sensibles<br \/>\nPoign\u00e9e comfortable donc facile \u00e0 tenir pour petites mains<br \/>\nLa forme d\u2019\u00e9l\u00e9phant fait plaisir en se brossant les dents<br \/>\nHygi\u00e9nique et propre, la brosse ne touche pas la surface \u00e0 cause des oreilles lev\u00e9es d\u2019\u00e9l\u00e9phant<\/p>\n","protected":false},"excerpt":{"rendered":"<p>Contribue au bon hygi\u00e8ne buccale. Les avantages: La parfaite brosse \u00e0 dents d\u2019entra\u00eenement Super doux et s\u00e9cure pour les premiers<\/p>\n","protected":false},"featured_media":46417,"comment_status":"open","ping_status":"closed","template":"","meta":[],"product_brand":[740],"product_cat":[838],"product_tag":[],"class_list":{"0":"post-46369","1":"product","2":"type-product","3":"status-publish","4":"has-post-thumbnail","6":"product_brand-dr-browns","7":"product_cat-brosses-a-dents-enfants","9":"first","10":"instock","11":"sale","12":"shipping-taxable","13":"purchasable","14":"product-type-simple"},"yoast_head":"<!-- This site is optimized with the Yoast SEO plugin v26.6 - https:\/\/yoast.com\/wordpress\/plugins\/seo\/ -->\r\n<title>DR BROWNS BROSSE A DENTS BEBE 0-3 ANS OREILLE ELEPHANT - Paracherkaoui.ma<\/title>\r\n<meta name=\"robots\" content=\"index, follow, max-snippet:-1, max-image-preview:large, max-video-preview:-1\" \/>\r\n<link rel=\"canonical\" href=\"https:\/\/paracherkaoui.ma\/index.php\/produit\/dr-browns-brosse-a-dents-bebe-0-3-ans-oreille-elephant\/\" \/>\r\n<meta property=\"og:locale\" content=\"fr_FR\" \/>\r\n<meta property=\"og:type\" content=\"article\" \/>\r\n<meta property=\"og:title\" content=\"DR BROWNS BROSSE A DENTS BEBE 0-3 ANS OREILLE ELEPHANT - Paracherkaoui.ma\" \/>\r\n<meta property=\"og:description\" content=\"Contribue au bon hygi\u00e8ne buccale. Les avantages: La parfaite brosse \u00e0 dents d\u2019entra\u00eenement Super doux et s\u00e9cure pour les premiers\" \/>\r\n<meta property=\"og:url\" content=\"https:\/\/paracherkaoui.ma\/index.php\/produit\/dr-browns-brosse-a-dents-bebe-0-3-ans-oreille-elephant\/\" \/>\r\n<meta property=\"og:site_name\" content=\"Paracherkaoui.ma\" \/>\r\n<meta property=\"article:modified_time\" content=\"2025-12-12T18:17:51+00:00\" \/>\r\n<meta property=\"og:image\" content=\"https:\/\/paracherkaoui.ma\/wp-content\/uploads\/2025\/12\/dr-browns-dr-browns-brosse-a-dents-bebe-0-3-ans-oreille-elephant-brosses-a-dents-enfants.jpg\" \/>\r\n\t<meta property=\"og:image:width\" content=\"700\" \/>\r\n\t<meta property=\"og:image:height\" content=\"700\" \/>\r\n\t<meta property=\"og:image:type\" content=\"image\/jpeg\" \/>\r\n<meta name=\"twitter:card\" content=\"summary_large_image\" \/>\r\n<script type=\"application\/ld+json\" class=\"yoast-schema-graph\">{\"@context\":\"https:\/\/schema.org\",\"@graph\":[{\"@type\":\"WebPage\",\"@id\":\"https:\/\/paracherkaoui.ma\/index.php\/produit\/dr-browns-brosse-a-dents-bebe-0-3-ans-oreille-elephant\/\",\"url\":\"https:\/\/paracherkaoui.ma\/index.php\/produit\/dr-browns-brosse-a-dents-bebe-0-3-ans-oreille-elephant\/\",\"name\":\"DR BROWNS BROSSE A DENTS BEBE 0-3 ANS OREILLE ELEPHANT - Paracherkaoui.ma\",\"isPartOf\":{\"@id\":\"https:\/\/paracherkaoui.ma\/#website\"},\"primaryImageOfPage\":{\"@id\":\"https:\/\/paracherkaoui.ma\/index.php\/produit\/dr-browns-brosse-a-dents-bebe-0-3-ans-oreille-elephant\/#primaryimage\"},\"image\":{\"@id\":\"https:\/\/paracherkaoui.ma\/index.php\/produit\/dr-browns-brosse-a-dents-bebe-0-3-ans-oreille-elephant\/#primaryimage\"},\"thumbnailUrl\":\"https:\/\/paracherkaoui.ma\/wp-content\/uploads\/2025\/12\/dr-browns-dr-browns-brosse-a-dents-bebe-0-3-ans-oreille-elephant-brosses-a-dents-enfants.jpg\",\"datePublished\":\"2025-12-12T18:17:45+00:00\",\"dateModified\":\"2025-12-12T18:17:51+00:00\",\"breadcrumb\":{\"@id\":\"https:\/\/paracherkaoui.ma\/index.php\/produit\/dr-browns-brosse-a-dents-bebe-0-3-ans-oreille-elephant\/#breadcrumb\"},\"inLanguage\":\"fr-FR\",\"potentialAction\":[{\"@type\":\"ReadAction\",\"target\":[\"https:\/\/paracherkaoui.ma\/index.php\/produit\/dr-browns-brosse-a-dents-bebe-0-3-ans-oreille-elephant\/\"]}]},{\"@type\":\"ImageObject\",\"inLanguage\":\"fr-FR\",\"@id\":\"https:\/\/paracherkaoui.ma\/index.php\/produit\/dr-browns-brosse-a-dents-bebe-0-3-ans-oreille-elephant\/#primaryimage\",\"url\":\"https:\/\/paracherkaoui.ma\/wp-content\/uploads\/2025\/12\/dr-browns-dr-browns-brosse-a-dents-bebe-0-3-ans-oreille-elephant-brosses-a-dents-enfants.jpg\",\"contentUrl\":\"https:\/\/paracherkaoui.ma\/wp-content\/uploads\/2025\/12\/dr-browns-dr-browns-brosse-a-dents-bebe-0-3-ans-oreille-elephant-brosses-a-dents-enfants.jpg\",\"width\":700,\"height\":700},{\"@type\":\"BreadcrumbList\",\"@id\":\"https:\/\/paracherkaoui.ma\/index.php\/produit\/dr-browns-brosse-a-dents-bebe-0-3-ans-oreille-elephant\/#breadcrumb\",\"itemListElement\":[{\"@type\":\"ListItem\",\"position\":1,\"name\":\"Accueil\",\"item\":\"https:\/\/paracherkaoui.ma\/\"},{\"@type\":\"ListItem\",\"position\":2,\"name\":\"Boutique\",\"item\":\"https:\/\/paracherkaoui.ma\/index.php\/boutique\/\"},{\"@type\":\"ListItem\",\"position\":3,\"name\":\"DR BROWNS BROSSE A DENTS BEBE 0-3 ANS OREILLE ELEPHANT\"}]},{\"@type\":\"WebSite\",\"@id\":\"https:\/\/paracherkaoui.ma\/#website\",\"url\":\"https:\/\/paracherkaoui.ma\/\",\"name\":\"Paracherkaoui.ma\",\"description\":\"Achetez en ligne sur Paracherkaoui.ma\",\"potentialAction\":[{\"@type\":\"SearchAction\",\"target\":{\"@type\":\"EntryPoint\",\"urlTemplate\":\"https:\/\/paracherkaoui.ma\/?s={search_term_string}\"},\"query-input\":{\"@type\":\"PropertyValueSpecification\",\"valueRequired\":true,\"valueName\":\"search_term_string\"}}],\"inLanguage\":\"fr-FR\"}]}<\/script>\r\n<!-- \/ Yoast SEO plugin. -->","yoast_head_json":{"title":"DR BROWNS BROSSE A DENTS BEBE 0-3 ANS OREILLE ELEPHANT - Paracherkaoui.ma","robots":{"index":"index","follow":"follow","max-snippet":"max-snippet:-1","max-image-preview":"max-image-preview:large","max-video-preview":"max-video-preview:-1"},"canonical":"https:\/\/paracherkaoui.ma\/index.php\/produit\/dr-browns-brosse-a-dents-bebe-0-3-ans-oreille-elephant\/","og_locale":"fr_FR","og_type":"article","og_title":"DR BROWNS BROSSE A DENTS BEBE 0-3 ANS OREILLE ELEPHANT - Paracherkaoui.ma","og_description":"Contribue au bon hygi\u00e8ne buccale. Les avantages: La parfaite brosse \u00e0 dents d\u2019entra\u00eenement Super doux et s\u00e9cure pour les premiers","og_url":"https:\/\/paracherkaoui.ma\/index.php\/produit\/dr-browns-brosse-a-dents-bebe-0-3-ans-oreille-elephant\/","og_site_name":"Paracherkaoui.ma","article_modified_time":"2025-12-12T18:17:51+00:00","og_image":[{"width":700,"height":700,"url":"https:\/\/paracherkaoui.ma\/wp-content\/uploads\/2025\/12\/dr-browns-dr-browns-brosse-a-dents-bebe-0-3-ans-oreille-elephant-brosses-a-dents-enfants.jpg","type":"image\/jpeg"}],"twitter_card":"summary_large_image","schema":{"@context":"https:\/\/schema.org","@graph":[{"@type":"WebPage","@id":"https:\/\/paracherkaoui.ma\/index.php\/produit\/dr-browns-brosse-a-dents-bebe-0-3-ans-oreille-elephant\/","url":"https:\/\/paracherkaoui.ma\/index.php\/produit\/dr-browns-brosse-a-dents-bebe-0-3-ans-oreille-elephant\/","name":"DR BROWNS BROSSE A DENTS BEBE 0-3 ANS OREILLE ELEPHANT - Paracherkaoui.ma","isPartOf":{"@id":"https:\/\/paracherkaoui.ma\/#website"},"primaryImageOfPage":{"@id":"https:\/\/paracherkaoui.ma\/index.php\/produit\/dr-browns-brosse-a-dents-bebe-0-3-ans-oreille-elephant\/#primaryimage"},"image":{"@id":"https:\/\/paracherkaoui.ma\/index.php\/produit\/dr-browns-brosse-a-dents-bebe-0-3-ans-oreille-elephant\/#primaryimage"},"thumbnailUrl":"https:\/\/paracherkaoui.ma\/wp-content\/uploads\/2025\/12\/dr-browns-dr-browns-brosse-a-dents-bebe-0-3-ans-oreille-elephant-brosses-a-dents-enfants.jpg","datePublished":"2025-12-12T18:17:45+00:00","dateModified":"2025-12-12T18:17:51+00:00","breadcrumb":{"@id":"https:\/\/paracherkaoui.ma\/index.php\/produit\/dr-browns-brosse-a-dents-bebe-0-3-ans-oreille-elephant\/#breadcrumb"},"inLanguage":"fr-FR","potentialAction":[{"@type":"ReadAction","target":["https:\/\/paracherkaoui.ma\/index.php\/produit\/dr-browns-brosse-a-dents-bebe-0-3-ans-oreille-elephant\/"]}]},{"@type":"ImageObject","inLanguage":"fr-FR","@id":"https:\/\/paracherkaoui.ma\/index.php\/produit\/dr-browns-brosse-a-dents-bebe-0-3-ans-oreille-elephant\/#primaryimage","url":"https:\/\/paracherkaoui.ma\/wp-content\/uploads\/2025\/12\/dr-browns-dr-browns-brosse-a-dents-bebe-0-3-ans-oreille-elephant-brosses-a-dents-enfants.jpg","contentUrl":"https:\/\/paracherkaoui.ma\/wp-content\/uploads\/2025\/12\/dr-browns-dr-browns-brosse-a-dents-bebe-0-3-ans-oreille-elephant-brosses-a-dents-enfants.jpg","width":700,"height":700},{"@type":"BreadcrumbList","@id":"https:\/\/paracherkaoui.ma\/index.php\/produit\/dr-browns-brosse-a-dents-bebe-0-3-ans-oreille-elephant\/#breadcrumb","itemListElement":[{"@type":"ListItem","position":1,"name":"Accueil","item":"https:\/\/paracherkaoui.ma\/"},{"@type":"ListItem","position":2,"name":"Boutique","item":"https:\/\/paracherkaoui.ma\/index.php\/boutique\/"},{"@type":"ListItem","position":3,"name":"DR BROWNS BROSSE A DENTS BEBE 0-3 ANS OREILLE ELEPHANT"}]},{"@type":"WebSite","@id":"https:\/\/paracherkaoui.ma\/#website","url":"https:\/\/paracherkaoui.ma\/","name":"Paracherkaoui.ma","description":"Achetez en ligne sur Paracherkaoui.ma","potentialAction":[{"@type":"SearchAction","target":{"@type":"EntryPoint","urlTemplate":"https:\/\/paracherkaoui.ma\/?s={search_term_string}"},"query-input":{"@type":"PropertyValueSpecification","valueRequired":true,"valueName":"search_term_string"}}],"inLanguage":"fr-FR"}]}},"_links":{"self":[{"href":"https:\/\/paracherkaoui.ma\/index.php\/wp-json\/wp\/v2\/product\/46369","targetHints":{"allow":["GET"]}}],"collection":[{"href":"https:\/\/paracherkaoui.ma\/index.php\/wp-json\/wp\/v2\/product"}],"about":[{"href":"https:\/\/paracherkaoui.ma\/index.php\/wp-json\/wp\/v2\/types\/product"}],"replies":[{"embeddable":true,"href":"https:\/\/paracherkaoui.ma\/index.php\/wp-json\/wp\/v2\/comments?post=46369"}],"version-history":[{"count":1,"href":"https:\/\/paracherkaoui.ma\/index.php\/wp-json\/wp\/v2\/product\/46369\/revisions"}],"predecessor-version":[{"id":46418,"href":"https:\/\/paracherkaoui.ma\/index.php\/wp-json\/wp\/v2\/product\/46369\/revisions\/46418"}],"wp:featuredmedia":[{"embeddable":true,"href":"https:\/\/paracherkaoui.ma\/index.php\/wp-json\/wp\/v2\/media\/46417"}],"wp:attachment":[{"href":"https:\/\/paracherkaoui.ma\/index.php\/wp-json\/wp\/v2\/media?parent=46369"}],"wp:term":[{"taxonomy":"product_brand","embeddable":true,"href":"https:\/\/paracherkaoui.ma\/index.php\/wp-json\/wp\/v2\/product_brand?post=46369"},{"taxonomy":"product_cat","embeddable":true,"href":"https:\/\/paracherkaoui.ma\/index.php\/wp-json\/wp\/v2\/product_cat?post=46369"},{"taxonomy":"product_tag","embeddable":true,"href":"https:\/\/paracherkaoui.ma\/index.php\/wp-json\/wp\/v2\/product_tag?post=46369"}],"curies":[{"name":"wp","href":"https:\/\/api.w.org\/{rel}","templated":true}]}}