{"id":46349,"date":"2025-12-12T19:17:44","date_gmt":"2025-12-12T18:17:44","guid":{"rendered":"https:\/\/test.ecbeaute.com\/?post_type=product&#038;p=46349"},"modified":"2025-12-12T19:17:47","modified_gmt":"2025-12-12T18:17:47","slug":"oral-b-recharge-brosse-a-dents-3d-white-advanced-pack-de-2","status":"publish","type":"product","link":"https:\/\/paracherkaoui.ma\/index.php\/produit\/oral-b-recharge-brosse-a-dents-3d-white-advanced-pack-de-2\/","title":{"rendered":"ORAL B RECHARGE BROSSE A DENTS 3D WHITE ADVANCED PACK DE 2"},"content":{"rendered":"<p>Description:<br \/>\nOral-B 3DWhite Advanced Cleaning and Whitening Brush Heads est un pack de recharges de brosse \u00e0 dents. Il a plusieurs angles pr\u00e9cis qui \u00e9liminent plus de plaque par rapport \u00e0 une brosse normale. Leurs t\u00eates sont sp\u00e9cialement con\u00e7ues pour couvrir leurs dents de mani\u00e8re optimale. Brosses id\u00e9ales pour le nettoyage et le blanchiment des dents, aidant \u00e0 \u00e9liminer les taches \u00e0 la surface des dents.Les t\u00eates de brosse de nettoyage et de blanchiment avanc\u00e9es Oral-B 3DWhite ont les caract\u00e9ristiques suivantes :Les poils nettoient en profondeur. \u00c9limine plus de plaque qu&rsquo;une brosse normale, Compatible avec toutes les brosses rotatives et\/ou oscillantes, Compatible avec les c\u00e2bles de brosses \u00e9lectriques rechargeables Oral-B, sauf Oral-B sonic<\/p>\n<p>Conseils d&rsquo;utilisation:<br \/>\nAppliquez les t\u00eates de brosse Oral-B 3DWhite Advanced Cleaning and Whitening pendant deux \u00e0 trois minutes sur les dents, trois fois par jour, apr\u00e8s les repas. D\u00e9placez lentement la brosse d&rsquo;une dent \u00e0 l&rsquo;autre.<\/p>\n","protected":false},"excerpt":{"rendered":"<p>Description: Oral-B 3DWhite Advanced Cleaning and Whitening Brush Heads est un pack de recharges de brosse \u00e0 dents. Il a<\/p>\n","protected":false},"featured_media":46382,"comment_status":"open","ping_status":"closed","template":"","meta":[],"product_brand":[823],"product_cat":[834],"product_tag":[],"class_list":{"0":"post-46349","1":"product","2":"type-product","3":"status-publish","4":"has-post-thumbnail","6":"product_brand-oral-b","7":"product_cat-brosses-a-dents-adultes","9":"first","10":"instock","11":"sale","12":"shipping-taxable","13":"purchasable","14":"product-type-simple"},"yoast_head":"<!-- This site is optimized with the Yoast SEO plugin v26.6 - https:\/\/yoast.com\/wordpress\/plugins\/seo\/ -->\r\n<title>ORAL B RECHARGE BROSSE A DENTS 3D WHITE ADVANCED PACK DE 2 - Paracherkaoui.ma<\/title>\r\n<meta name=\"robots\" content=\"index, follow, max-snippet:-1, max-image-preview:large, max-video-preview:-1\" \/>\r\n<link rel=\"canonical\" href=\"https:\/\/paracherkaoui.ma\/index.php\/produit\/oral-b-recharge-brosse-a-dents-3d-white-advanced-pack-de-2\/\" \/>\r\n<meta property=\"og:locale\" content=\"fr_FR\" \/>\r\n<meta property=\"og:type\" content=\"article\" \/>\r\n<meta property=\"og:title\" content=\"ORAL B RECHARGE BROSSE A DENTS 3D WHITE ADVANCED PACK DE 2 - Paracherkaoui.ma\" \/>\r\n<meta property=\"og:description\" content=\"Description: Oral-B 3DWhite Advanced Cleaning and Whitening Brush Heads est un pack de recharges de brosse \u00e0 dents. Il a\" \/>\r\n<meta property=\"og:url\" content=\"https:\/\/paracherkaoui.ma\/index.php\/produit\/oral-b-recharge-brosse-a-dents-3d-white-advanced-pack-de-2\/\" \/>\r\n<meta property=\"og:site_name\" content=\"Paracherkaoui.ma\" \/>\r\n<meta property=\"article:modified_time\" content=\"2025-12-12T18:17:47+00:00\" \/>\r\n<meta property=\"og:image\" content=\"https:\/\/paracherkaoui.ma\/wp-content\/uploads\/2025\/12\/oral-b-recharge-brosse-a-dents-3d-white-advanced-pack-de-2.jpg\" \/>\r\n\t<meta property=\"og:image:width\" content=\"700\" \/>\r\n\t<meta property=\"og:image:height\" content=\"700\" \/>\r\n\t<meta property=\"og:image:type\" content=\"image\/jpeg\" \/>\r\n<meta name=\"twitter:card\" content=\"summary_large_image\" \/>\r\n<meta name=\"twitter:label1\" content=\"Dur\u00e9e de lecture estim\u00e9e\" \/>\n\t<meta name=\"twitter:data1\" content=\"1 minute\" \/>\r\n<script type=\"application\/ld+json\" class=\"yoast-schema-graph\">{\"@context\":\"https:\/\/schema.org\",\"@graph\":[{\"@type\":\"WebPage\",\"@id\":\"https:\/\/paracherkaoui.ma\/index.php\/produit\/oral-b-recharge-brosse-a-dents-3d-white-advanced-pack-de-2\/\",\"url\":\"https:\/\/paracherkaoui.ma\/index.php\/produit\/oral-b-recharge-brosse-a-dents-3d-white-advanced-pack-de-2\/\",\"name\":\"ORAL B RECHARGE BROSSE A DENTS 3D WHITE ADVANCED PACK DE 2 - Paracherkaoui.ma\",\"isPartOf\":{\"@id\":\"https:\/\/paracherkaoui.ma\/#website\"},\"primaryImageOfPage\":{\"@id\":\"https:\/\/paracherkaoui.ma\/index.php\/produit\/oral-b-recharge-brosse-a-dents-3d-white-advanced-pack-de-2\/#primaryimage\"},\"image\":{\"@id\":\"https:\/\/paracherkaoui.ma\/index.php\/produit\/oral-b-recharge-brosse-a-dents-3d-white-advanced-pack-de-2\/#primaryimage\"},\"thumbnailUrl\":\"https:\/\/paracherkaoui.ma\/wp-content\/uploads\/2025\/12\/oral-b-recharge-brosse-a-dents-3d-white-advanced-pack-de-2.jpg\",\"datePublished\":\"2025-12-12T18:17:44+00:00\",\"dateModified\":\"2025-12-12T18:17:47+00:00\",\"breadcrumb\":{\"@id\":\"https:\/\/paracherkaoui.ma\/index.php\/produit\/oral-b-recharge-brosse-a-dents-3d-white-advanced-pack-de-2\/#breadcrumb\"},\"inLanguage\":\"fr-FR\",\"potentialAction\":[{\"@type\":\"ReadAction\",\"target\":[\"https:\/\/paracherkaoui.ma\/index.php\/produit\/oral-b-recharge-brosse-a-dents-3d-white-advanced-pack-de-2\/\"]}]},{\"@type\":\"ImageObject\",\"inLanguage\":\"fr-FR\",\"@id\":\"https:\/\/paracherkaoui.ma\/index.php\/produit\/oral-b-recharge-brosse-a-dents-3d-white-advanced-pack-de-2\/#primaryimage\",\"url\":\"https:\/\/paracherkaoui.ma\/wp-content\/uploads\/2025\/12\/oral-b-recharge-brosse-a-dents-3d-white-advanced-pack-de-2.jpg\",\"contentUrl\":\"https:\/\/paracherkaoui.ma\/wp-content\/uploads\/2025\/12\/oral-b-recharge-brosse-a-dents-3d-white-advanced-pack-de-2.jpg\",\"width\":700,\"height\":700},{\"@type\":\"BreadcrumbList\",\"@id\":\"https:\/\/paracherkaoui.ma\/index.php\/produit\/oral-b-recharge-brosse-a-dents-3d-white-advanced-pack-de-2\/#breadcrumb\",\"itemListElement\":[{\"@type\":\"ListItem\",\"position\":1,\"name\":\"Accueil\",\"item\":\"https:\/\/paracherkaoui.ma\/\"},{\"@type\":\"ListItem\",\"position\":2,\"name\":\"Boutique\",\"item\":\"https:\/\/paracherkaoui.ma\/index.php\/boutique\/\"},{\"@type\":\"ListItem\",\"position\":3,\"name\":\"ORAL B RECHARGE BROSSE A DENTS 3D WHITE ADVANCED PACK DE 2\"}]},{\"@type\":\"WebSite\",\"@id\":\"https:\/\/paracherkaoui.ma\/#website\",\"url\":\"https:\/\/paracherkaoui.ma\/\",\"name\":\"Paracherkaoui.ma\",\"description\":\"Achetez en ligne sur Paracherkaoui.ma\",\"potentialAction\":[{\"@type\":\"SearchAction\",\"target\":{\"@type\":\"EntryPoint\",\"urlTemplate\":\"https:\/\/paracherkaoui.ma\/?s={search_term_string}\"},\"query-input\":{\"@type\":\"PropertyValueSpecification\",\"valueRequired\":true,\"valueName\":\"search_term_string\"}}],\"inLanguage\":\"fr-FR\"}]}<\/script>\r\n<!-- \/ Yoast SEO plugin. -->","yoast_head_json":{"title":"ORAL B RECHARGE BROSSE A DENTS 3D WHITE ADVANCED PACK DE 2 - Paracherkaoui.ma","robots":{"index":"index","follow":"follow","max-snippet":"max-snippet:-1","max-image-preview":"max-image-preview:large","max-video-preview":"max-video-preview:-1"},"canonical":"https:\/\/paracherkaoui.ma\/index.php\/produit\/oral-b-recharge-brosse-a-dents-3d-white-advanced-pack-de-2\/","og_locale":"fr_FR","og_type":"article","og_title":"ORAL B RECHARGE BROSSE A DENTS 3D WHITE ADVANCED PACK DE 2 - Paracherkaoui.ma","og_description":"Description: Oral-B 3DWhite Advanced Cleaning and Whitening Brush Heads est un pack de recharges de brosse \u00e0 dents. Il a","og_url":"https:\/\/paracherkaoui.ma\/index.php\/produit\/oral-b-recharge-brosse-a-dents-3d-white-advanced-pack-de-2\/","og_site_name":"Paracherkaoui.ma","article_modified_time":"2025-12-12T18:17:47+00:00","og_image":[{"width":700,"height":700,"url":"https:\/\/paracherkaoui.ma\/wp-content\/uploads\/2025\/12\/oral-b-recharge-brosse-a-dents-3d-white-advanced-pack-de-2.jpg","type":"image\/jpeg"}],"twitter_card":"summary_large_image","twitter_misc":{"Dur\u00e9e de lecture estim\u00e9e":"1 minute"},"schema":{"@context":"https:\/\/schema.org","@graph":[{"@type":"WebPage","@id":"https:\/\/paracherkaoui.ma\/index.php\/produit\/oral-b-recharge-brosse-a-dents-3d-white-advanced-pack-de-2\/","url":"https:\/\/paracherkaoui.ma\/index.php\/produit\/oral-b-recharge-brosse-a-dents-3d-white-advanced-pack-de-2\/","name":"ORAL B RECHARGE BROSSE A DENTS 3D WHITE ADVANCED PACK DE 2 - Paracherkaoui.ma","isPartOf":{"@id":"https:\/\/paracherkaoui.ma\/#website"},"primaryImageOfPage":{"@id":"https:\/\/paracherkaoui.ma\/index.php\/produit\/oral-b-recharge-brosse-a-dents-3d-white-advanced-pack-de-2\/#primaryimage"},"image":{"@id":"https:\/\/paracherkaoui.ma\/index.php\/produit\/oral-b-recharge-brosse-a-dents-3d-white-advanced-pack-de-2\/#primaryimage"},"thumbnailUrl":"https:\/\/paracherkaoui.ma\/wp-content\/uploads\/2025\/12\/oral-b-recharge-brosse-a-dents-3d-white-advanced-pack-de-2.jpg","datePublished":"2025-12-12T18:17:44+00:00","dateModified":"2025-12-12T18:17:47+00:00","breadcrumb":{"@id":"https:\/\/paracherkaoui.ma\/index.php\/produit\/oral-b-recharge-brosse-a-dents-3d-white-advanced-pack-de-2\/#breadcrumb"},"inLanguage":"fr-FR","potentialAction":[{"@type":"ReadAction","target":["https:\/\/paracherkaoui.ma\/index.php\/produit\/oral-b-recharge-brosse-a-dents-3d-white-advanced-pack-de-2\/"]}]},{"@type":"ImageObject","inLanguage":"fr-FR","@id":"https:\/\/paracherkaoui.ma\/index.php\/produit\/oral-b-recharge-brosse-a-dents-3d-white-advanced-pack-de-2\/#primaryimage","url":"https:\/\/paracherkaoui.ma\/wp-content\/uploads\/2025\/12\/oral-b-recharge-brosse-a-dents-3d-white-advanced-pack-de-2.jpg","contentUrl":"https:\/\/paracherkaoui.ma\/wp-content\/uploads\/2025\/12\/oral-b-recharge-brosse-a-dents-3d-white-advanced-pack-de-2.jpg","width":700,"height":700},{"@type":"BreadcrumbList","@id":"https:\/\/paracherkaoui.ma\/index.php\/produit\/oral-b-recharge-brosse-a-dents-3d-white-advanced-pack-de-2\/#breadcrumb","itemListElement":[{"@type":"ListItem","position":1,"name":"Accueil","item":"https:\/\/paracherkaoui.ma\/"},{"@type":"ListItem","position":2,"name":"Boutique","item":"https:\/\/paracherkaoui.ma\/index.php\/boutique\/"},{"@type":"ListItem","position":3,"name":"ORAL B RECHARGE BROSSE A DENTS 3D WHITE ADVANCED PACK DE 2"}]},{"@type":"WebSite","@id":"https:\/\/paracherkaoui.ma\/#website","url":"https:\/\/paracherkaoui.ma\/","name":"Paracherkaoui.ma","description":"Achetez en ligne sur Paracherkaoui.ma","potentialAction":[{"@type":"SearchAction","target":{"@type":"EntryPoint","urlTemplate":"https:\/\/paracherkaoui.ma\/?s={search_term_string}"},"query-input":{"@type":"PropertyValueSpecification","valueRequired":true,"valueName":"search_term_string"}}],"inLanguage":"fr-FR"}]}},"_links":{"self":[{"href":"https:\/\/paracherkaoui.ma\/index.php\/wp-json\/wp\/v2\/product\/46349","targetHints":{"allow":["GET"]}}],"collection":[{"href":"https:\/\/paracherkaoui.ma\/index.php\/wp-json\/wp\/v2\/product"}],"about":[{"href":"https:\/\/paracherkaoui.ma\/index.php\/wp-json\/wp\/v2\/types\/product"}],"replies":[{"embeddable":true,"href":"https:\/\/paracherkaoui.ma\/index.php\/wp-json\/wp\/v2\/comments?post=46349"}],"version-history":[{"count":1,"href":"https:\/\/paracherkaoui.ma\/index.php\/wp-json\/wp\/v2\/product\/46349\/revisions"}],"predecessor-version":[{"id":46383,"href":"https:\/\/paracherkaoui.ma\/index.php\/wp-json\/wp\/v2\/product\/46349\/revisions\/46383"}],"wp:featuredmedia":[{"embeddable":true,"href":"https:\/\/paracherkaoui.ma\/index.php\/wp-json\/wp\/v2\/media\/46382"}],"wp:attachment":[{"href":"https:\/\/paracherkaoui.ma\/index.php\/wp-json\/wp\/v2\/media?parent=46349"}],"wp:term":[{"taxonomy":"product_brand","embeddable":true,"href":"https:\/\/paracherkaoui.ma\/index.php\/wp-json\/wp\/v2\/product_brand?post=46349"},{"taxonomy":"product_cat","embeddable":true,"href":"https:\/\/paracherkaoui.ma\/index.php\/wp-json\/wp\/v2\/product_cat?post=46349"},{"taxonomy":"product_tag","embeddable":true,"href":"https:\/\/paracherkaoui.ma\/index.php\/wp-json\/wp\/v2\/product_tag?post=46349"}],"curies":[{"name":"wp","href":"https:\/\/api.w.org\/{rel}","templated":true}]}}