{"id":46346,"date":"2025-12-12T19:17:44","date_gmt":"2025-12-12T18:17:44","guid":{"rendered":"https:\/\/test.ecbeaute.com\/?post_type=product&#038;p=46346"},"modified":"2025-12-12T19:17:46","modified_gmt":"2025-12-12T18:17:46","slug":"oral-b-vitality-100-brosse-a-dents-rose","status":"publish","type":"product","link":"https:\/\/paracherkaoui.ma\/index.php\/produit\/oral-b-vitality-100-brosse-a-dents-rose\/","title":{"rendered":"ORAL B VITALITY 100 BROSSE A DENTS ROSE"},"content":{"rendered":"<p>Il a \u00e9t\u00e9 prouv\u00e9 cliniquement que la brosse \u00e0 dents \u00e9lectrique rechargeable Oral-B Vitality 100 Cross Action nettoie plus efficacement qu\u2019une brosse \u00e0 dents manuelle classique. Le design de la brossette CrossAction permet d\u2019entourer chaque dent gr\u00e2ce aux poils positionn\u00e9s \u00e0 un angle de 16 degr\u00e9s. Son action de nettoyage 2D associe oscillations et rotations pour une \u00e9limination de la plaque dentaire plus efficace par rapport \u00e0 une brosse \u00e0 dents manuelle classique. Le minuteur int\u00e9gr\u00e9 au manche vous aide \u00e0 respecter le temps de brossage de 2 minutes recommand\u00e9 par les dentistes.<br \/>\nContenu du coffret<br \/>\n1 brossette, 1 chargeur<\/p>\n","protected":false},"excerpt":{"rendered":"<p>Il a \u00e9t\u00e9 prouv\u00e9 cliniquement que la brosse \u00e0 dents \u00e9lectrique rechargeable Oral-B Vitality 100 Cross Action nettoie plus efficacement<\/p>\n","protected":false},"featured_media":46376,"comment_status":"open","ping_status":"closed","template":"","meta":[],"product_brand":[823],"product_cat":[834],"product_tag":[],"class_list":{"0":"post-46346","1":"product","2":"type-product","3":"status-publish","4":"has-post-thumbnail","6":"product_brand-oral-b","7":"product_cat-brosses-a-dents-adultes","9":"first","10":"instock","11":"sale","12":"shipping-taxable","13":"purchasable","14":"product-type-simple"},"yoast_head":"<!-- This site is optimized with the Yoast SEO plugin v26.6 - https:\/\/yoast.com\/wordpress\/plugins\/seo\/ -->\r\n<title>ORAL B VITALITY 100 BROSSE A DENTS ROSE - Paracherkaoui.ma<\/title>\r\n<meta name=\"robots\" content=\"index, follow, max-snippet:-1, max-image-preview:large, max-video-preview:-1\" \/>\r\n<link rel=\"canonical\" href=\"https:\/\/paracherkaoui.ma\/index.php\/produit\/oral-b-vitality-100-brosse-a-dents-rose\/\" \/>\r\n<meta property=\"og:locale\" content=\"fr_FR\" \/>\r\n<meta property=\"og:type\" content=\"article\" \/>\r\n<meta property=\"og:title\" content=\"ORAL B VITALITY 100 BROSSE A DENTS ROSE - Paracherkaoui.ma\" \/>\r\n<meta property=\"og:description\" content=\"Il a \u00e9t\u00e9 prouv\u00e9 cliniquement que la brosse \u00e0 dents \u00e9lectrique rechargeable Oral-B Vitality 100 Cross Action nettoie plus efficacement\" \/>\r\n<meta property=\"og:url\" content=\"https:\/\/paracherkaoui.ma\/index.php\/produit\/oral-b-vitality-100-brosse-a-dents-rose\/\" \/>\r\n<meta property=\"og:site_name\" content=\"Paracherkaoui.ma\" \/>\r\n<meta property=\"article:modified_time\" content=\"2025-12-12T18:17:46+00:00\" \/>\r\n<meta property=\"og:image\" content=\"https:\/\/paracherkaoui.ma\/wp-content\/uploads\/2025\/12\/oral-b-oral-b-vitality-100-brosse-a-dents-rose-brosses-a-dents.jpg\" \/>\r\n\t<meta property=\"og:image:width\" content=\"700\" \/>\r\n\t<meta property=\"og:image:height\" content=\"700\" \/>\r\n\t<meta property=\"og:image:type\" content=\"image\/jpeg\" \/>\r\n<meta name=\"twitter:card\" content=\"summary_large_image\" \/>\r\n<script type=\"application\/ld+json\" class=\"yoast-schema-graph\">{\"@context\":\"https:\/\/schema.org\",\"@graph\":[{\"@type\":\"WebPage\",\"@id\":\"https:\/\/paracherkaoui.ma\/index.php\/produit\/oral-b-vitality-100-brosse-a-dents-rose\/\",\"url\":\"https:\/\/paracherkaoui.ma\/index.php\/produit\/oral-b-vitality-100-brosse-a-dents-rose\/\",\"name\":\"ORAL B VITALITY 100 BROSSE A DENTS ROSE - Paracherkaoui.ma\",\"isPartOf\":{\"@id\":\"https:\/\/paracherkaoui.ma\/#website\"},\"primaryImageOfPage\":{\"@id\":\"https:\/\/paracherkaoui.ma\/index.php\/produit\/oral-b-vitality-100-brosse-a-dents-rose\/#primaryimage\"},\"image\":{\"@id\":\"https:\/\/paracherkaoui.ma\/index.php\/produit\/oral-b-vitality-100-brosse-a-dents-rose\/#primaryimage\"},\"thumbnailUrl\":\"https:\/\/paracherkaoui.ma\/wp-content\/uploads\/2025\/12\/oral-b-oral-b-vitality-100-brosse-a-dents-rose-brosses-a-dents.jpg\",\"datePublished\":\"2025-12-12T18:17:44+00:00\",\"dateModified\":\"2025-12-12T18:17:46+00:00\",\"breadcrumb\":{\"@id\":\"https:\/\/paracherkaoui.ma\/index.php\/produit\/oral-b-vitality-100-brosse-a-dents-rose\/#breadcrumb\"},\"inLanguage\":\"fr-FR\",\"potentialAction\":[{\"@type\":\"ReadAction\",\"target\":[\"https:\/\/paracherkaoui.ma\/index.php\/produit\/oral-b-vitality-100-brosse-a-dents-rose\/\"]}]},{\"@type\":\"ImageObject\",\"inLanguage\":\"fr-FR\",\"@id\":\"https:\/\/paracherkaoui.ma\/index.php\/produit\/oral-b-vitality-100-brosse-a-dents-rose\/#primaryimage\",\"url\":\"https:\/\/paracherkaoui.ma\/wp-content\/uploads\/2025\/12\/oral-b-oral-b-vitality-100-brosse-a-dents-rose-brosses-a-dents.jpg\",\"contentUrl\":\"https:\/\/paracherkaoui.ma\/wp-content\/uploads\/2025\/12\/oral-b-oral-b-vitality-100-brosse-a-dents-rose-brosses-a-dents.jpg\",\"width\":700,\"height\":700},{\"@type\":\"BreadcrumbList\",\"@id\":\"https:\/\/paracherkaoui.ma\/index.php\/produit\/oral-b-vitality-100-brosse-a-dents-rose\/#breadcrumb\",\"itemListElement\":[{\"@type\":\"ListItem\",\"position\":1,\"name\":\"Accueil\",\"item\":\"https:\/\/paracherkaoui.ma\/\"},{\"@type\":\"ListItem\",\"position\":2,\"name\":\"Boutique\",\"item\":\"https:\/\/paracherkaoui.ma\/index.php\/boutique\/\"},{\"@type\":\"ListItem\",\"position\":3,\"name\":\"ORAL B VITALITY 100 BROSSE A DENTS ROSE\"}]},{\"@type\":\"WebSite\",\"@id\":\"https:\/\/paracherkaoui.ma\/#website\",\"url\":\"https:\/\/paracherkaoui.ma\/\",\"name\":\"Paracherkaoui.ma\",\"description\":\"Achetez en ligne sur Paracherkaoui.ma\",\"potentialAction\":[{\"@type\":\"SearchAction\",\"target\":{\"@type\":\"EntryPoint\",\"urlTemplate\":\"https:\/\/paracherkaoui.ma\/?s={search_term_string}\"},\"query-input\":{\"@type\":\"PropertyValueSpecification\",\"valueRequired\":true,\"valueName\":\"search_term_string\"}}],\"inLanguage\":\"fr-FR\"}]}<\/script>\r\n<!-- \/ Yoast SEO plugin. -->","yoast_head_json":{"title":"ORAL B VITALITY 100 BROSSE A DENTS ROSE - Paracherkaoui.ma","robots":{"index":"index","follow":"follow","max-snippet":"max-snippet:-1","max-image-preview":"max-image-preview:large","max-video-preview":"max-video-preview:-1"},"canonical":"https:\/\/paracherkaoui.ma\/index.php\/produit\/oral-b-vitality-100-brosse-a-dents-rose\/","og_locale":"fr_FR","og_type":"article","og_title":"ORAL B VITALITY 100 BROSSE A DENTS ROSE - Paracherkaoui.ma","og_description":"Il a \u00e9t\u00e9 prouv\u00e9 cliniquement que la brosse \u00e0 dents \u00e9lectrique rechargeable Oral-B Vitality 100 Cross Action nettoie plus efficacement","og_url":"https:\/\/paracherkaoui.ma\/index.php\/produit\/oral-b-vitality-100-brosse-a-dents-rose\/","og_site_name":"Paracherkaoui.ma","article_modified_time":"2025-12-12T18:17:46+00:00","og_image":[{"width":700,"height":700,"url":"https:\/\/paracherkaoui.ma\/wp-content\/uploads\/2025\/12\/oral-b-oral-b-vitality-100-brosse-a-dents-rose-brosses-a-dents.jpg","type":"image\/jpeg"}],"twitter_card":"summary_large_image","schema":{"@context":"https:\/\/schema.org","@graph":[{"@type":"WebPage","@id":"https:\/\/paracherkaoui.ma\/index.php\/produit\/oral-b-vitality-100-brosse-a-dents-rose\/","url":"https:\/\/paracherkaoui.ma\/index.php\/produit\/oral-b-vitality-100-brosse-a-dents-rose\/","name":"ORAL B VITALITY 100 BROSSE A DENTS ROSE - Paracherkaoui.ma","isPartOf":{"@id":"https:\/\/paracherkaoui.ma\/#website"},"primaryImageOfPage":{"@id":"https:\/\/paracherkaoui.ma\/index.php\/produit\/oral-b-vitality-100-brosse-a-dents-rose\/#primaryimage"},"image":{"@id":"https:\/\/paracherkaoui.ma\/index.php\/produit\/oral-b-vitality-100-brosse-a-dents-rose\/#primaryimage"},"thumbnailUrl":"https:\/\/paracherkaoui.ma\/wp-content\/uploads\/2025\/12\/oral-b-oral-b-vitality-100-brosse-a-dents-rose-brosses-a-dents.jpg","datePublished":"2025-12-12T18:17:44+00:00","dateModified":"2025-12-12T18:17:46+00:00","breadcrumb":{"@id":"https:\/\/paracherkaoui.ma\/index.php\/produit\/oral-b-vitality-100-brosse-a-dents-rose\/#breadcrumb"},"inLanguage":"fr-FR","potentialAction":[{"@type":"ReadAction","target":["https:\/\/paracherkaoui.ma\/index.php\/produit\/oral-b-vitality-100-brosse-a-dents-rose\/"]}]},{"@type":"ImageObject","inLanguage":"fr-FR","@id":"https:\/\/paracherkaoui.ma\/index.php\/produit\/oral-b-vitality-100-brosse-a-dents-rose\/#primaryimage","url":"https:\/\/paracherkaoui.ma\/wp-content\/uploads\/2025\/12\/oral-b-oral-b-vitality-100-brosse-a-dents-rose-brosses-a-dents.jpg","contentUrl":"https:\/\/paracherkaoui.ma\/wp-content\/uploads\/2025\/12\/oral-b-oral-b-vitality-100-brosse-a-dents-rose-brosses-a-dents.jpg","width":700,"height":700},{"@type":"BreadcrumbList","@id":"https:\/\/paracherkaoui.ma\/index.php\/produit\/oral-b-vitality-100-brosse-a-dents-rose\/#breadcrumb","itemListElement":[{"@type":"ListItem","position":1,"name":"Accueil","item":"https:\/\/paracherkaoui.ma\/"},{"@type":"ListItem","position":2,"name":"Boutique","item":"https:\/\/paracherkaoui.ma\/index.php\/boutique\/"},{"@type":"ListItem","position":3,"name":"ORAL B VITALITY 100 BROSSE A DENTS ROSE"}]},{"@type":"WebSite","@id":"https:\/\/paracherkaoui.ma\/#website","url":"https:\/\/paracherkaoui.ma\/","name":"Paracherkaoui.ma","description":"Achetez en ligne sur Paracherkaoui.ma","potentialAction":[{"@type":"SearchAction","target":{"@type":"EntryPoint","urlTemplate":"https:\/\/paracherkaoui.ma\/?s={search_term_string}"},"query-input":{"@type":"PropertyValueSpecification","valueRequired":true,"valueName":"search_term_string"}}],"inLanguage":"fr-FR"}]}},"_links":{"self":[{"href":"https:\/\/paracherkaoui.ma\/index.php\/wp-json\/wp\/v2\/product\/46346","targetHints":{"allow":["GET"]}}],"collection":[{"href":"https:\/\/paracherkaoui.ma\/index.php\/wp-json\/wp\/v2\/product"}],"about":[{"href":"https:\/\/paracherkaoui.ma\/index.php\/wp-json\/wp\/v2\/types\/product"}],"replies":[{"embeddable":true,"href":"https:\/\/paracherkaoui.ma\/index.php\/wp-json\/wp\/v2\/comments?post=46346"}],"version-history":[{"count":1,"href":"https:\/\/paracherkaoui.ma\/index.php\/wp-json\/wp\/v2\/product\/46346\/revisions"}],"predecessor-version":[{"id":46377,"href":"https:\/\/paracherkaoui.ma\/index.php\/wp-json\/wp\/v2\/product\/46346\/revisions\/46377"}],"wp:featuredmedia":[{"embeddable":true,"href":"https:\/\/paracherkaoui.ma\/index.php\/wp-json\/wp\/v2\/media\/46376"}],"wp:attachment":[{"href":"https:\/\/paracherkaoui.ma\/index.php\/wp-json\/wp\/v2\/media?parent=46346"}],"wp:term":[{"taxonomy":"product_brand","embeddable":true,"href":"https:\/\/paracherkaoui.ma\/index.php\/wp-json\/wp\/v2\/product_brand?post=46346"},{"taxonomy":"product_cat","embeddable":true,"href":"https:\/\/paracherkaoui.ma\/index.php\/wp-json\/wp\/v2\/product_cat?post=46346"},{"taxonomy":"product_tag","embeddable":true,"href":"https:\/\/paracherkaoui.ma\/index.php\/wp-json\/wp\/v2\/product_tag?post=46346"}],"curies":[{"name":"wp","href":"https:\/\/api.w.org\/{rel}","templated":true}]}}