{"id":46277,"date":"2025-12-12T19:17:35","date_gmt":"2025-12-12T18:17:35","guid":{"rendered":"https:\/\/test.ecbeaute.com\/?post_type=product&#038;p=46277"},"modified":"2025-12-12T19:17:41","modified_gmt":"2025-12-12T18:17:41","slug":"oral-b-brosse-a-dents-3d-white-luxe-souple","status":"publish","type":"product","link":"https:\/\/paracherkaoui.ma\/index.php\/produit\/oral-b-brosse-a-dents-3d-white-luxe-souple\/","title":{"rendered":"ORAL B BROSSE A DENTS 3D WHITE LUXE SOUPLE"},"content":{"rendered":"<p>La brosse \u00e0 dents Oral-B 3D White Luxe Pro-Flex poss\u00e8de des parties flexibles et un effaceur de taches pour des dents plus blanches naturellement.<br \/>\nLa brosse \u00e0 dents Oral-B 3D White Luxe Pro-Flex a une t\u00eate de brosse avec des parties flexibles qui s\u2019adapte \u00e0 votre dentition unique pour un nettoyage complet et une exp\u00e9rience blancheur tonifiante.<br \/>\nElle poss\u00e8de \u00e9galement un effaceur de tache avec une forme unique qui ag\u00eet avec les poils de la brosse \u00e0 dents pour polir en douceur et aider \u00e0 blanchir vos dents, en enlevant jusqu\u2019\u00e0 90% des taches en surfaces.<\/p>\n","protected":false},"excerpt":{"rendered":"<p>La brosse \u00e0 dents Oral-B 3D White Luxe Pro-Flex poss\u00e8de des parties flexibles et un effaceur de taches pour des<\/p>\n","protected":false},"featured_media":46328,"comment_status":"open","ping_status":"closed","template":"","meta":[],"product_brand":[823],"product_cat":[834],"product_tag":[],"class_list":{"0":"post-46277","1":"product","2":"type-product","3":"status-publish","4":"has-post-thumbnail","6":"product_brand-oral-b","7":"product_cat-brosses-a-dents-adultes","9":"first","10":"instock","11":"sale","12":"shipping-taxable","13":"purchasable","14":"product-type-simple"},"yoast_head":"<!-- This site is optimized with the Yoast SEO plugin v26.6 - https:\/\/yoast.com\/wordpress\/plugins\/seo\/ -->\r\n<title>ORAL B BROSSE A DENTS 3D WHITE LUXE SOUPLE - Paracherkaoui.ma<\/title>\r\n<meta name=\"robots\" content=\"index, follow, max-snippet:-1, max-image-preview:large, max-video-preview:-1\" \/>\r\n<link rel=\"canonical\" href=\"https:\/\/paracherkaoui.ma\/index.php\/produit\/oral-b-brosse-a-dents-3d-white-luxe-souple\/\" \/>\r\n<meta property=\"og:locale\" content=\"fr_FR\" \/>\r\n<meta property=\"og:type\" content=\"article\" \/>\r\n<meta property=\"og:title\" content=\"ORAL B BROSSE A DENTS 3D WHITE LUXE SOUPLE - Paracherkaoui.ma\" \/>\r\n<meta property=\"og:description\" content=\"La brosse \u00e0 dents Oral-B 3D White Luxe Pro-Flex poss\u00e8de des parties flexibles et un effaceur de taches pour des\" \/>\r\n<meta property=\"og:url\" content=\"https:\/\/paracherkaoui.ma\/index.php\/produit\/oral-b-brosse-a-dents-3d-white-luxe-souple\/\" \/>\r\n<meta property=\"og:site_name\" content=\"Paracherkaoui.ma\" \/>\r\n<meta property=\"article:modified_time\" content=\"2025-12-12T18:17:41+00:00\" \/>\r\n<meta property=\"og:image\" content=\"https:\/\/paracherkaoui.ma\/wp-content\/uploads\/2025\/12\/oral-b-oral-b-brosse-a-dents-3d-white-luxe-souple-brosses-a-dents.jpg\" \/>\r\n\t<meta property=\"og:image:width\" content=\"700\" \/>\r\n\t<meta property=\"og:image:height\" content=\"700\" \/>\r\n\t<meta property=\"og:image:type\" content=\"image\/jpeg\" \/>\r\n<meta name=\"twitter:card\" content=\"summary_large_image\" \/>\r\n<script type=\"application\/ld+json\" class=\"yoast-schema-graph\">{\"@context\":\"https:\/\/schema.org\",\"@graph\":[{\"@type\":\"WebPage\",\"@id\":\"https:\/\/paracherkaoui.ma\/index.php\/produit\/oral-b-brosse-a-dents-3d-white-luxe-souple\/\",\"url\":\"https:\/\/paracherkaoui.ma\/index.php\/produit\/oral-b-brosse-a-dents-3d-white-luxe-souple\/\",\"name\":\"ORAL B BROSSE A DENTS 3D WHITE LUXE SOUPLE - Paracherkaoui.ma\",\"isPartOf\":{\"@id\":\"https:\/\/paracherkaoui.ma\/#website\"},\"primaryImageOfPage\":{\"@id\":\"https:\/\/paracherkaoui.ma\/index.php\/produit\/oral-b-brosse-a-dents-3d-white-luxe-souple\/#primaryimage\"},\"image\":{\"@id\":\"https:\/\/paracherkaoui.ma\/index.php\/produit\/oral-b-brosse-a-dents-3d-white-luxe-souple\/#primaryimage\"},\"thumbnailUrl\":\"https:\/\/paracherkaoui.ma\/wp-content\/uploads\/2025\/12\/oral-b-oral-b-brosse-a-dents-3d-white-luxe-souple-brosses-a-dents.jpg\",\"datePublished\":\"2025-12-12T18:17:35+00:00\",\"dateModified\":\"2025-12-12T18:17:41+00:00\",\"breadcrumb\":{\"@id\":\"https:\/\/paracherkaoui.ma\/index.php\/produit\/oral-b-brosse-a-dents-3d-white-luxe-souple\/#breadcrumb\"},\"inLanguage\":\"fr-FR\",\"potentialAction\":[{\"@type\":\"ReadAction\",\"target\":[\"https:\/\/paracherkaoui.ma\/index.php\/produit\/oral-b-brosse-a-dents-3d-white-luxe-souple\/\"]}]},{\"@type\":\"ImageObject\",\"inLanguage\":\"fr-FR\",\"@id\":\"https:\/\/paracherkaoui.ma\/index.php\/produit\/oral-b-brosse-a-dents-3d-white-luxe-souple\/#primaryimage\",\"url\":\"https:\/\/paracherkaoui.ma\/wp-content\/uploads\/2025\/12\/oral-b-oral-b-brosse-a-dents-3d-white-luxe-souple-brosses-a-dents.jpg\",\"contentUrl\":\"https:\/\/paracherkaoui.ma\/wp-content\/uploads\/2025\/12\/oral-b-oral-b-brosse-a-dents-3d-white-luxe-souple-brosses-a-dents.jpg\",\"width\":700,\"height\":700},{\"@type\":\"BreadcrumbList\",\"@id\":\"https:\/\/paracherkaoui.ma\/index.php\/produit\/oral-b-brosse-a-dents-3d-white-luxe-souple\/#breadcrumb\",\"itemListElement\":[{\"@type\":\"ListItem\",\"position\":1,\"name\":\"Accueil\",\"item\":\"https:\/\/paracherkaoui.ma\/\"},{\"@type\":\"ListItem\",\"position\":2,\"name\":\"Boutique\",\"item\":\"https:\/\/paracherkaoui.ma\/index.php\/boutique\/\"},{\"@type\":\"ListItem\",\"position\":3,\"name\":\"ORAL B BROSSE A DENTS 3D WHITE LUXE SOUPLE\"}]},{\"@type\":\"WebSite\",\"@id\":\"https:\/\/paracherkaoui.ma\/#website\",\"url\":\"https:\/\/paracherkaoui.ma\/\",\"name\":\"Paracherkaoui.ma\",\"description\":\"Achetez en ligne sur Paracherkaoui.ma\",\"potentialAction\":[{\"@type\":\"SearchAction\",\"target\":{\"@type\":\"EntryPoint\",\"urlTemplate\":\"https:\/\/paracherkaoui.ma\/?s={search_term_string}\"},\"query-input\":{\"@type\":\"PropertyValueSpecification\",\"valueRequired\":true,\"valueName\":\"search_term_string\"}}],\"inLanguage\":\"fr-FR\"}]}<\/script>\r\n<!-- \/ Yoast SEO plugin. -->","yoast_head_json":{"title":"ORAL B BROSSE A DENTS 3D WHITE LUXE SOUPLE - Paracherkaoui.ma","robots":{"index":"index","follow":"follow","max-snippet":"max-snippet:-1","max-image-preview":"max-image-preview:large","max-video-preview":"max-video-preview:-1"},"canonical":"https:\/\/paracherkaoui.ma\/index.php\/produit\/oral-b-brosse-a-dents-3d-white-luxe-souple\/","og_locale":"fr_FR","og_type":"article","og_title":"ORAL B BROSSE A DENTS 3D WHITE LUXE SOUPLE - Paracherkaoui.ma","og_description":"La brosse \u00e0 dents Oral-B 3D White Luxe Pro-Flex poss\u00e8de des parties flexibles et un effaceur de taches pour des","og_url":"https:\/\/paracherkaoui.ma\/index.php\/produit\/oral-b-brosse-a-dents-3d-white-luxe-souple\/","og_site_name":"Paracherkaoui.ma","article_modified_time":"2025-12-12T18:17:41+00:00","og_image":[{"width":700,"height":700,"url":"https:\/\/paracherkaoui.ma\/wp-content\/uploads\/2025\/12\/oral-b-oral-b-brosse-a-dents-3d-white-luxe-souple-brosses-a-dents.jpg","type":"image\/jpeg"}],"twitter_card":"summary_large_image","schema":{"@context":"https:\/\/schema.org","@graph":[{"@type":"WebPage","@id":"https:\/\/paracherkaoui.ma\/index.php\/produit\/oral-b-brosse-a-dents-3d-white-luxe-souple\/","url":"https:\/\/paracherkaoui.ma\/index.php\/produit\/oral-b-brosse-a-dents-3d-white-luxe-souple\/","name":"ORAL B BROSSE A DENTS 3D WHITE LUXE SOUPLE - Paracherkaoui.ma","isPartOf":{"@id":"https:\/\/paracherkaoui.ma\/#website"},"primaryImageOfPage":{"@id":"https:\/\/paracherkaoui.ma\/index.php\/produit\/oral-b-brosse-a-dents-3d-white-luxe-souple\/#primaryimage"},"image":{"@id":"https:\/\/paracherkaoui.ma\/index.php\/produit\/oral-b-brosse-a-dents-3d-white-luxe-souple\/#primaryimage"},"thumbnailUrl":"https:\/\/paracherkaoui.ma\/wp-content\/uploads\/2025\/12\/oral-b-oral-b-brosse-a-dents-3d-white-luxe-souple-brosses-a-dents.jpg","datePublished":"2025-12-12T18:17:35+00:00","dateModified":"2025-12-12T18:17:41+00:00","breadcrumb":{"@id":"https:\/\/paracherkaoui.ma\/index.php\/produit\/oral-b-brosse-a-dents-3d-white-luxe-souple\/#breadcrumb"},"inLanguage":"fr-FR","potentialAction":[{"@type":"ReadAction","target":["https:\/\/paracherkaoui.ma\/index.php\/produit\/oral-b-brosse-a-dents-3d-white-luxe-souple\/"]}]},{"@type":"ImageObject","inLanguage":"fr-FR","@id":"https:\/\/paracherkaoui.ma\/index.php\/produit\/oral-b-brosse-a-dents-3d-white-luxe-souple\/#primaryimage","url":"https:\/\/paracherkaoui.ma\/wp-content\/uploads\/2025\/12\/oral-b-oral-b-brosse-a-dents-3d-white-luxe-souple-brosses-a-dents.jpg","contentUrl":"https:\/\/paracherkaoui.ma\/wp-content\/uploads\/2025\/12\/oral-b-oral-b-brosse-a-dents-3d-white-luxe-souple-brosses-a-dents.jpg","width":700,"height":700},{"@type":"BreadcrumbList","@id":"https:\/\/paracherkaoui.ma\/index.php\/produit\/oral-b-brosse-a-dents-3d-white-luxe-souple\/#breadcrumb","itemListElement":[{"@type":"ListItem","position":1,"name":"Accueil","item":"https:\/\/paracherkaoui.ma\/"},{"@type":"ListItem","position":2,"name":"Boutique","item":"https:\/\/paracherkaoui.ma\/index.php\/boutique\/"},{"@type":"ListItem","position":3,"name":"ORAL B BROSSE A DENTS 3D WHITE LUXE SOUPLE"}]},{"@type":"WebSite","@id":"https:\/\/paracherkaoui.ma\/#website","url":"https:\/\/paracherkaoui.ma\/","name":"Paracherkaoui.ma","description":"Achetez en ligne sur Paracherkaoui.ma","potentialAction":[{"@type":"SearchAction","target":{"@type":"EntryPoint","urlTemplate":"https:\/\/paracherkaoui.ma\/?s={search_term_string}"},"query-input":{"@type":"PropertyValueSpecification","valueRequired":true,"valueName":"search_term_string"}}],"inLanguage":"fr-FR"}]}},"_links":{"self":[{"href":"https:\/\/paracherkaoui.ma\/index.php\/wp-json\/wp\/v2\/product\/46277","targetHints":{"allow":["GET"]}}],"collection":[{"href":"https:\/\/paracherkaoui.ma\/index.php\/wp-json\/wp\/v2\/product"}],"about":[{"href":"https:\/\/paracherkaoui.ma\/index.php\/wp-json\/wp\/v2\/types\/product"}],"replies":[{"embeddable":true,"href":"https:\/\/paracherkaoui.ma\/index.php\/wp-json\/wp\/v2\/comments?post=46277"}],"version-history":[{"count":1,"href":"https:\/\/paracherkaoui.ma\/index.php\/wp-json\/wp\/v2\/product\/46277\/revisions"}],"predecessor-version":[{"id":46329,"href":"https:\/\/paracherkaoui.ma\/index.php\/wp-json\/wp\/v2\/product\/46277\/revisions\/46329"}],"wp:featuredmedia":[{"embeddable":true,"href":"https:\/\/paracherkaoui.ma\/index.php\/wp-json\/wp\/v2\/media\/46328"}],"wp:attachment":[{"href":"https:\/\/paracherkaoui.ma\/index.php\/wp-json\/wp\/v2\/media?parent=46277"}],"wp:term":[{"taxonomy":"product_brand","embeddable":true,"href":"https:\/\/paracherkaoui.ma\/index.php\/wp-json\/wp\/v2\/product_brand?post=46277"},{"taxonomy":"product_cat","embeddable":true,"href":"https:\/\/paracherkaoui.ma\/index.php\/wp-json\/wp\/v2\/product_cat?post=46277"},{"taxonomy":"product_tag","embeddable":true,"href":"https:\/\/paracherkaoui.ma\/index.php\/wp-json\/wp\/v2\/product_tag?post=46277"}],"curies":[{"name":"wp","href":"https:\/\/api.w.org\/{rel}","templated":true}]}}