{"id":46276,"date":"2025-12-12T19:17:35","date_gmt":"2025-12-12T18:17:35","guid":{"rendered":"https:\/\/test.ecbeaute.com\/?post_type=product&#038;p=46276"},"modified":"2025-12-12T19:17:41","modified_gmt":"2025-12-12T18:17:41","slug":"oral-b-brossettes-sensi-ultrathin-2-recharges","status":"publish","type":"product","link":"https:\/\/paracherkaoui.ma\/index.php\/produit\/oral-b-brossettes-sensi-ultrathin-2-recharges\/","title":{"rendered":"ORAL B BROSSETTES SENSI ULTRATHIN 2-RECHARGES"},"content":{"rendered":"<p>D\u00e9couvrez la brossette Oral-B Sensi UltraThin con\u00e7ue par la marque la plus utilis\u00e9e par les dentistes eux-m\u00eames dans le monde : Oral-B. La forme en p\u00e9tale ronde est con\u00e7ue avec des dentistes. Elle poss\u00e8de des poils doux et ultra-fins, d\u00e9licats pour les gencives, associ\u00e9s \u00e0 des poils classiques efficaces contre la plaque. Sensi Ultrathin retire jusqu\u2019\u00e0 100 % de plaque suppl\u00e9mentaire et r\u00e9duit les inflammations des gencives jusqu\u2019\u00e0 100 % par rapport \u00e0 une brosse \u00e0 dents manuelle. La combinaison unique de poils \u00e0 bouts arrondis et ultra-fins rend la brosse Sensi Ultrathin id\u00e9ale pour tous ceux qui ont la bouche sensible ou qui recherchent un excellent nettoyage en douceur. Compatible avec les mod\u00e8les Oral-B Genius, Oral-B Smart, Oral-B Pro, Oral-B Vitality, Oral-B Trizone, Oral-B Teen, Oral-B Triumph, Oral-B Advance Power (\u00e0 l\u2019exception de Sonic, Pulsonic). Chaque commande contient 3x brossettes de rechange pour brosse \u00e0 dents \u00e9lectrique Oral-B Sensitive Ultrathin.<\/p>\n<p>\u2022 \u00c9limine jusqu\u2019\u00e0 100 % de plaque en plus, pour des gencives plus saines par rapport \u00e0 une brosse \u00e0 dents manuelle classique<br \/>\n\u2022 R\u00e9duit l\u2019inflammation des gencives jusqu\u2019\u00e0 100 % par rapport \u00e0 une brosse \u00e0 dents manuelle classique<br \/>\n\u2022 D\u00e9velopp\u00e9 en collaboration avec des dentistes : Brossette ronde dot\u00e9e de poils ultra-fins et classiques, doux pour les gencives et efficaces contre la plaque<br \/>\n\u2022 Compatible avec les manches de brosses \u00e0 dents \u00e9lectriques rechargeables Oral-B, \u00e0 l\u2019exception des brosses \u00e0 dents Oral-B Sonic<br \/>\n\u2022 Oral-B, la marque de brosse \u00e0 dents la plus utilis\u00e9e par les dentistes eux-m\u00eames dans le monde<br \/>\n\u2022 Contenu : 3 brossettes pour brosse \u00e0 dents \u00e9lectrique Sensi Ultrathin<br \/>\nPOUR UN NETTOYAGE EN DOUCEUR<br \/>\n\u00c9limine jusqu&rsquo;\u00e0 100 % de plaque dentaire en plus* pour des gencives en meilleure sant\u00e9<br \/>\nBrossette ronde avec poils ultra-fins pour un nettoyage tout en douceur<br \/>\nAide \u00e0 pr\u00e9venir les probl\u00e8mes de gencives<\/p>\n","protected":false},"excerpt":{"rendered":"<p>D\u00e9couvrez la brossette Oral-B Sensi UltraThin con\u00e7ue par la marque la plus utilis\u00e9e par les dentistes eux-m\u00eames dans le monde<\/p>\n","protected":false},"featured_media":46326,"comment_status":"open","ping_status":"closed","template":"","meta":[],"product_brand":[823],"product_cat":[834],"product_tag":[],"class_list":{"0":"post-46276","1":"product","2":"type-product","3":"status-publish","4":"has-post-thumbnail","6":"product_brand-oral-b","7":"product_cat-brosses-a-dents-adultes","9":"first","10":"instock","11":"sale","12":"shipping-taxable","13":"purchasable","14":"product-type-simple"},"yoast_head":"<!-- This site is optimized with the Yoast SEO plugin v26.6 - https:\/\/yoast.com\/wordpress\/plugins\/seo\/ -->\r\n<title>ORAL B BROSSETTES SENSI ULTRATHIN 2-RECHARGES - Paracherkaoui.ma<\/title>\r\n<meta name=\"robots\" content=\"index, follow, max-snippet:-1, max-image-preview:large, max-video-preview:-1\" \/>\r\n<link rel=\"canonical\" href=\"https:\/\/paracherkaoui.ma\/index.php\/produit\/oral-b-brossettes-sensi-ultrathin-2-recharges\/\" \/>\r\n<meta property=\"og:locale\" content=\"fr_FR\" \/>\r\n<meta property=\"og:type\" content=\"article\" \/>\r\n<meta property=\"og:title\" content=\"ORAL B BROSSETTES SENSI ULTRATHIN 2-RECHARGES - Paracherkaoui.ma\" \/>\r\n<meta property=\"og:description\" content=\"D\u00e9couvrez la brossette Oral-B Sensi UltraThin con\u00e7ue par la marque la plus utilis\u00e9e par les dentistes eux-m\u00eames dans le monde\" \/>\r\n<meta property=\"og:url\" content=\"https:\/\/paracherkaoui.ma\/index.php\/produit\/oral-b-brossettes-sensi-ultrathin-2-recharges\/\" \/>\r\n<meta property=\"og:site_name\" content=\"Paracherkaoui.ma\" \/>\r\n<meta property=\"article:modified_time\" content=\"2025-12-12T18:17:41+00:00\" \/>\r\n<meta property=\"og:image\" content=\"https:\/\/paracherkaoui.ma\/wp-content\/uploads\/2025\/12\/oral-b-oral-b-brossettes-sensi-ultrathin-2-recharges-brosses-a-dents-adultes.jpg\" \/>\r\n\t<meta property=\"og:image:width\" content=\"700\" \/>\r\n\t<meta property=\"og:image:height\" content=\"700\" \/>\r\n\t<meta property=\"og:image:type\" content=\"image\/jpeg\" \/>\r\n<meta name=\"twitter:card\" content=\"summary_large_image\" \/>\r\n<meta name=\"twitter:label1\" content=\"Dur\u00e9e de lecture estim\u00e9e\" \/>\n\t<meta name=\"twitter:data1\" content=\"1 minute\" \/>\r\n<script type=\"application\/ld+json\" class=\"yoast-schema-graph\">{\"@context\":\"https:\/\/schema.org\",\"@graph\":[{\"@type\":\"WebPage\",\"@id\":\"https:\/\/paracherkaoui.ma\/index.php\/produit\/oral-b-brossettes-sensi-ultrathin-2-recharges\/\",\"url\":\"https:\/\/paracherkaoui.ma\/index.php\/produit\/oral-b-brossettes-sensi-ultrathin-2-recharges\/\",\"name\":\"ORAL B BROSSETTES SENSI ULTRATHIN 2-RECHARGES - Paracherkaoui.ma\",\"isPartOf\":{\"@id\":\"https:\/\/paracherkaoui.ma\/#website\"},\"primaryImageOfPage\":{\"@id\":\"https:\/\/paracherkaoui.ma\/index.php\/produit\/oral-b-brossettes-sensi-ultrathin-2-recharges\/#primaryimage\"},\"image\":{\"@id\":\"https:\/\/paracherkaoui.ma\/index.php\/produit\/oral-b-brossettes-sensi-ultrathin-2-recharges\/#primaryimage\"},\"thumbnailUrl\":\"https:\/\/paracherkaoui.ma\/wp-content\/uploads\/2025\/12\/oral-b-oral-b-brossettes-sensi-ultrathin-2-recharges-brosses-a-dents-adultes.jpg\",\"datePublished\":\"2025-12-12T18:17:35+00:00\",\"dateModified\":\"2025-12-12T18:17:41+00:00\",\"breadcrumb\":{\"@id\":\"https:\/\/paracherkaoui.ma\/index.php\/produit\/oral-b-brossettes-sensi-ultrathin-2-recharges\/#breadcrumb\"},\"inLanguage\":\"fr-FR\",\"potentialAction\":[{\"@type\":\"ReadAction\",\"target\":[\"https:\/\/paracherkaoui.ma\/index.php\/produit\/oral-b-brossettes-sensi-ultrathin-2-recharges\/\"]}]},{\"@type\":\"ImageObject\",\"inLanguage\":\"fr-FR\",\"@id\":\"https:\/\/paracherkaoui.ma\/index.php\/produit\/oral-b-brossettes-sensi-ultrathin-2-recharges\/#primaryimage\",\"url\":\"https:\/\/paracherkaoui.ma\/wp-content\/uploads\/2025\/12\/oral-b-oral-b-brossettes-sensi-ultrathin-2-recharges-brosses-a-dents-adultes.jpg\",\"contentUrl\":\"https:\/\/paracherkaoui.ma\/wp-content\/uploads\/2025\/12\/oral-b-oral-b-brossettes-sensi-ultrathin-2-recharges-brosses-a-dents-adultes.jpg\",\"width\":700,\"height\":700},{\"@type\":\"BreadcrumbList\",\"@id\":\"https:\/\/paracherkaoui.ma\/index.php\/produit\/oral-b-brossettes-sensi-ultrathin-2-recharges\/#breadcrumb\",\"itemListElement\":[{\"@type\":\"ListItem\",\"position\":1,\"name\":\"Accueil\",\"item\":\"https:\/\/paracherkaoui.ma\/\"},{\"@type\":\"ListItem\",\"position\":2,\"name\":\"Boutique\",\"item\":\"https:\/\/paracherkaoui.ma\/index.php\/boutique\/\"},{\"@type\":\"ListItem\",\"position\":3,\"name\":\"ORAL B BROSSETTES SENSI ULTRATHIN 2-RECHARGES\"}]},{\"@type\":\"WebSite\",\"@id\":\"https:\/\/paracherkaoui.ma\/#website\",\"url\":\"https:\/\/paracherkaoui.ma\/\",\"name\":\"Paracherkaoui.ma\",\"description\":\"Achetez en ligne sur Paracherkaoui.ma\",\"potentialAction\":[{\"@type\":\"SearchAction\",\"target\":{\"@type\":\"EntryPoint\",\"urlTemplate\":\"https:\/\/paracherkaoui.ma\/?s={search_term_string}\"},\"query-input\":{\"@type\":\"PropertyValueSpecification\",\"valueRequired\":true,\"valueName\":\"search_term_string\"}}],\"inLanguage\":\"fr-FR\"}]}<\/script>\r\n<!-- \/ Yoast SEO plugin. -->","yoast_head_json":{"title":"ORAL B BROSSETTES SENSI ULTRATHIN 2-RECHARGES - Paracherkaoui.ma","robots":{"index":"index","follow":"follow","max-snippet":"max-snippet:-1","max-image-preview":"max-image-preview:large","max-video-preview":"max-video-preview:-1"},"canonical":"https:\/\/paracherkaoui.ma\/index.php\/produit\/oral-b-brossettes-sensi-ultrathin-2-recharges\/","og_locale":"fr_FR","og_type":"article","og_title":"ORAL B BROSSETTES SENSI ULTRATHIN 2-RECHARGES - Paracherkaoui.ma","og_description":"D\u00e9couvrez la brossette Oral-B Sensi UltraThin con\u00e7ue par la marque la plus utilis\u00e9e par les dentistes eux-m\u00eames dans le monde","og_url":"https:\/\/paracherkaoui.ma\/index.php\/produit\/oral-b-brossettes-sensi-ultrathin-2-recharges\/","og_site_name":"Paracherkaoui.ma","article_modified_time":"2025-12-12T18:17:41+00:00","og_image":[{"width":700,"height":700,"url":"https:\/\/paracherkaoui.ma\/wp-content\/uploads\/2025\/12\/oral-b-oral-b-brossettes-sensi-ultrathin-2-recharges-brosses-a-dents-adultes.jpg","type":"image\/jpeg"}],"twitter_card":"summary_large_image","twitter_misc":{"Dur\u00e9e de lecture estim\u00e9e":"1 minute"},"schema":{"@context":"https:\/\/schema.org","@graph":[{"@type":"WebPage","@id":"https:\/\/paracherkaoui.ma\/index.php\/produit\/oral-b-brossettes-sensi-ultrathin-2-recharges\/","url":"https:\/\/paracherkaoui.ma\/index.php\/produit\/oral-b-brossettes-sensi-ultrathin-2-recharges\/","name":"ORAL B BROSSETTES SENSI ULTRATHIN 2-RECHARGES - Paracherkaoui.ma","isPartOf":{"@id":"https:\/\/paracherkaoui.ma\/#website"},"primaryImageOfPage":{"@id":"https:\/\/paracherkaoui.ma\/index.php\/produit\/oral-b-brossettes-sensi-ultrathin-2-recharges\/#primaryimage"},"image":{"@id":"https:\/\/paracherkaoui.ma\/index.php\/produit\/oral-b-brossettes-sensi-ultrathin-2-recharges\/#primaryimage"},"thumbnailUrl":"https:\/\/paracherkaoui.ma\/wp-content\/uploads\/2025\/12\/oral-b-oral-b-brossettes-sensi-ultrathin-2-recharges-brosses-a-dents-adultes.jpg","datePublished":"2025-12-12T18:17:35+00:00","dateModified":"2025-12-12T18:17:41+00:00","breadcrumb":{"@id":"https:\/\/paracherkaoui.ma\/index.php\/produit\/oral-b-brossettes-sensi-ultrathin-2-recharges\/#breadcrumb"},"inLanguage":"fr-FR","potentialAction":[{"@type":"ReadAction","target":["https:\/\/paracherkaoui.ma\/index.php\/produit\/oral-b-brossettes-sensi-ultrathin-2-recharges\/"]}]},{"@type":"ImageObject","inLanguage":"fr-FR","@id":"https:\/\/paracherkaoui.ma\/index.php\/produit\/oral-b-brossettes-sensi-ultrathin-2-recharges\/#primaryimage","url":"https:\/\/paracherkaoui.ma\/wp-content\/uploads\/2025\/12\/oral-b-oral-b-brossettes-sensi-ultrathin-2-recharges-brosses-a-dents-adultes.jpg","contentUrl":"https:\/\/paracherkaoui.ma\/wp-content\/uploads\/2025\/12\/oral-b-oral-b-brossettes-sensi-ultrathin-2-recharges-brosses-a-dents-adultes.jpg","width":700,"height":700},{"@type":"BreadcrumbList","@id":"https:\/\/paracherkaoui.ma\/index.php\/produit\/oral-b-brossettes-sensi-ultrathin-2-recharges\/#breadcrumb","itemListElement":[{"@type":"ListItem","position":1,"name":"Accueil","item":"https:\/\/paracherkaoui.ma\/"},{"@type":"ListItem","position":2,"name":"Boutique","item":"https:\/\/paracherkaoui.ma\/index.php\/boutique\/"},{"@type":"ListItem","position":3,"name":"ORAL B BROSSETTES SENSI ULTRATHIN 2-RECHARGES"}]},{"@type":"WebSite","@id":"https:\/\/paracherkaoui.ma\/#website","url":"https:\/\/paracherkaoui.ma\/","name":"Paracherkaoui.ma","description":"Achetez en ligne sur Paracherkaoui.ma","potentialAction":[{"@type":"SearchAction","target":{"@type":"EntryPoint","urlTemplate":"https:\/\/paracherkaoui.ma\/?s={search_term_string}"},"query-input":{"@type":"PropertyValueSpecification","valueRequired":true,"valueName":"search_term_string"}}],"inLanguage":"fr-FR"}]}},"_links":{"self":[{"href":"https:\/\/paracherkaoui.ma\/index.php\/wp-json\/wp\/v2\/product\/46276","targetHints":{"allow":["GET"]}}],"collection":[{"href":"https:\/\/paracherkaoui.ma\/index.php\/wp-json\/wp\/v2\/product"}],"about":[{"href":"https:\/\/paracherkaoui.ma\/index.php\/wp-json\/wp\/v2\/types\/product"}],"replies":[{"embeddable":true,"href":"https:\/\/paracherkaoui.ma\/index.php\/wp-json\/wp\/v2\/comments?post=46276"}],"version-history":[{"count":1,"href":"https:\/\/paracherkaoui.ma\/index.php\/wp-json\/wp\/v2\/product\/46276\/revisions"}],"predecessor-version":[{"id":46327,"href":"https:\/\/paracherkaoui.ma\/index.php\/wp-json\/wp\/v2\/product\/46276\/revisions\/46327"}],"wp:featuredmedia":[{"embeddable":true,"href":"https:\/\/paracherkaoui.ma\/index.php\/wp-json\/wp\/v2\/media\/46326"}],"wp:attachment":[{"href":"https:\/\/paracherkaoui.ma\/index.php\/wp-json\/wp\/v2\/media?parent=46276"}],"wp:term":[{"taxonomy":"product_brand","embeddable":true,"href":"https:\/\/paracherkaoui.ma\/index.php\/wp-json\/wp\/v2\/product_brand?post=46276"},{"taxonomy":"product_cat","embeddable":true,"href":"https:\/\/paracherkaoui.ma\/index.php\/wp-json\/wp\/v2\/product_cat?post=46276"},{"taxonomy":"product_tag","embeddable":true,"href":"https:\/\/paracherkaoui.ma\/index.php\/wp-json\/wp\/v2\/product_tag?post=46276"}],"curies":[{"name":"wp","href":"https:\/\/api.w.org\/{rel}","templated":true}]}}