{"id":46272,"date":"2025-12-12T19:17:35","date_gmt":"2025-12-12T18:17:35","guid":{"rendered":"https:\/\/test.ecbeaute.com\/?post_type=product&#038;p=46272"},"modified":"2025-12-12T19:17:40","modified_gmt":"2025-12-12T18:17:40","slug":"oral-b-pro-expert-brosse-a-dents-anti-bacteria-pack-de-2-medium-40","status":"publish","type":"product","link":"https:\/\/paracherkaoui.ma\/index.php\/produit\/oral-b-pro-expert-brosse-a-dents-anti-bacteria-pack-de-2-medium-40\/","title":{"rendered":"ORAL B PRO EXPERT BROSSE A DENTS ANTI BACTERIA PACK DE 2 MEDIUM 40"},"content":{"rendered":"<p>Oral-B Pro-Expert Bacteria Blast avec protection antibact\u00e9rienne des poils aide \u00e0 garder les poils plus propres entre les brossages. Il inhibe la croissance microbienne qui peut affecter les poils pendant 90 jours maximum. Les poils ne tuent pas les bact\u00e9ries pr\u00e9sentes dans la bouche et ne vous prot\u00e8gent pas contre les maladies.<br \/>\nLa conception des poils de l&rsquo;Oral-B Pro-Expert Bacteria Blast est optimis\u00e9e pour un nettoyage en profondeur, atteignant m\u00eame les zones difficiles d&rsquo;acc\u00e8s. Chaque brossage devient une exp\u00e9rience agr\u00e9able et efficace, contribuant \u00e0 une meilleure sant\u00e9 bucco-dentaire. La brosse \u00e0 dents aide \u00e0 \u00e9liminer la plaque dentaire, r\u00e9duit les risques de caries et de maladies des gencives, tout en offrant une sensation de fra\u00eecheur in\u00e9gal\u00e9e.<br \/>\nConseils d&rsquo;utilisation :<br \/>\nBrosser vos dents d\u00e9licatement pendant une minute<\/p>\n","protected":false},"excerpt":{"rendered":"<p>Oral-B Pro-Expert Bacteria Blast avec protection antibact\u00e9rienne des poils aide \u00e0 garder les poils plus propres entre les brossages. Il<\/p>\n","protected":false},"featured_media":46318,"comment_status":"open","ping_status":"closed","template":"","meta":[],"product_brand":[823],"product_cat":[834],"product_tag":[],"class_list":{"0":"post-46272","1":"product","2":"type-product","3":"status-publish","4":"has-post-thumbnail","6":"product_brand-oral-b","7":"product_cat-brosses-a-dents-adultes","9":"first","10":"instock","11":"sale","12":"shipping-taxable","13":"purchasable","14":"product-type-simple"},"yoast_head":"<!-- This site is optimized with the Yoast SEO plugin v26.6 - https:\/\/yoast.com\/wordpress\/plugins\/seo\/ -->\r\n<title>ORAL B PRO EXPERT BROSSE A DENTS ANTI BACTERIA PACK DE 2 MEDIUM 40 - Paracherkaoui.ma<\/title>\r\n<meta name=\"robots\" content=\"index, follow, max-snippet:-1, max-image-preview:large, max-video-preview:-1\" \/>\r\n<link rel=\"canonical\" href=\"https:\/\/paracherkaoui.ma\/index.php\/produit\/oral-b-pro-expert-brosse-a-dents-anti-bacteria-pack-de-2-medium-40\/\" \/>\r\n<meta property=\"og:locale\" content=\"fr_FR\" \/>\r\n<meta property=\"og:type\" content=\"article\" \/>\r\n<meta property=\"og:title\" content=\"ORAL B PRO EXPERT BROSSE A DENTS ANTI BACTERIA PACK DE 2 MEDIUM 40 - Paracherkaoui.ma\" \/>\r\n<meta property=\"og:description\" content=\"Oral-B Pro-Expert Bacteria Blast avec protection antibact\u00e9rienne des poils aide \u00e0 garder les poils plus propres entre les brossages. Il\" \/>\r\n<meta property=\"og:url\" content=\"https:\/\/paracherkaoui.ma\/index.php\/produit\/oral-b-pro-expert-brosse-a-dents-anti-bacteria-pack-de-2-medium-40\/\" \/>\r\n<meta property=\"og:site_name\" content=\"Paracherkaoui.ma\" \/>\r\n<meta property=\"article:modified_time\" content=\"2025-12-12T18:17:40+00:00\" \/>\r\n<meta property=\"og:image\" content=\"https:\/\/paracherkaoui.ma\/wp-content\/uploads\/2025\/12\/oral-b-pro-expert-brosse-a-dents-anti-bacteria-pack-de-2-medium-40.jpg\" \/>\r\n\t<meta property=\"og:image:width\" content=\"700\" \/>\r\n\t<meta property=\"og:image:height\" content=\"700\" \/>\r\n\t<meta property=\"og:image:type\" content=\"image\/jpeg\" \/>\r\n<meta name=\"twitter:card\" content=\"summary_large_image\" \/>\r\n<meta name=\"twitter:label1\" content=\"Dur\u00e9e de lecture estim\u00e9e\" \/>\n\t<meta name=\"twitter:data1\" content=\"1 minute\" \/>\r\n<script type=\"application\/ld+json\" class=\"yoast-schema-graph\">{\"@context\":\"https:\/\/schema.org\",\"@graph\":[{\"@type\":\"WebPage\",\"@id\":\"https:\/\/paracherkaoui.ma\/index.php\/produit\/oral-b-pro-expert-brosse-a-dents-anti-bacteria-pack-de-2-medium-40\/\",\"url\":\"https:\/\/paracherkaoui.ma\/index.php\/produit\/oral-b-pro-expert-brosse-a-dents-anti-bacteria-pack-de-2-medium-40\/\",\"name\":\"ORAL B PRO EXPERT BROSSE A DENTS ANTI BACTERIA PACK DE 2 MEDIUM 40 - Paracherkaoui.ma\",\"isPartOf\":{\"@id\":\"https:\/\/paracherkaoui.ma\/#website\"},\"primaryImageOfPage\":{\"@id\":\"https:\/\/paracherkaoui.ma\/index.php\/produit\/oral-b-pro-expert-brosse-a-dents-anti-bacteria-pack-de-2-medium-40\/#primaryimage\"},\"image\":{\"@id\":\"https:\/\/paracherkaoui.ma\/index.php\/produit\/oral-b-pro-expert-brosse-a-dents-anti-bacteria-pack-de-2-medium-40\/#primaryimage\"},\"thumbnailUrl\":\"https:\/\/paracherkaoui.ma\/wp-content\/uploads\/2025\/12\/oral-b-pro-expert-brosse-a-dents-anti-bacteria-pack-de-2-medium-40.jpg\",\"datePublished\":\"2025-12-12T18:17:35+00:00\",\"dateModified\":\"2025-12-12T18:17:40+00:00\",\"breadcrumb\":{\"@id\":\"https:\/\/paracherkaoui.ma\/index.php\/produit\/oral-b-pro-expert-brosse-a-dents-anti-bacteria-pack-de-2-medium-40\/#breadcrumb\"},\"inLanguage\":\"fr-FR\",\"potentialAction\":[{\"@type\":\"ReadAction\",\"target\":[\"https:\/\/paracherkaoui.ma\/index.php\/produit\/oral-b-pro-expert-brosse-a-dents-anti-bacteria-pack-de-2-medium-40\/\"]}]},{\"@type\":\"ImageObject\",\"inLanguage\":\"fr-FR\",\"@id\":\"https:\/\/paracherkaoui.ma\/index.php\/produit\/oral-b-pro-expert-brosse-a-dents-anti-bacteria-pack-de-2-medium-40\/#primaryimage\",\"url\":\"https:\/\/paracherkaoui.ma\/wp-content\/uploads\/2025\/12\/oral-b-pro-expert-brosse-a-dents-anti-bacteria-pack-de-2-medium-40.jpg\",\"contentUrl\":\"https:\/\/paracherkaoui.ma\/wp-content\/uploads\/2025\/12\/oral-b-pro-expert-brosse-a-dents-anti-bacteria-pack-de-2-medium-40.jpg\",\"width\":700,\"height\":700},{\"@type\":\"BreadcrumbList\",\"@id\":\"https:\/\/paracherkaoui.ma\/index.php\/produit\/oral-b-pro-expert-brosse-a-dents-anti-bacteria-pack-de-2-medium-40\/#breadcrumb\",\"itemListElement\":[{\"@type\":\"ListItem\",\"position\":1,\"name\":\"Accueil\",\"item\":\"https:\/\/paracherkaoui.ma\/\"},{\"@type\":\"ListItem\",\"position\":2,\"name\":\"Boutique\",\"item\":\"https:\/\/paracherkaoui.ma\/index.php\/boutique\/\"},{\"@type\":\"ListItem\",\"position\":3,\"name\":\"ORAL B PRO EXPERT BROSSE A DENTS ANTI BACTERIA PACK DE 2 MEDIUM 40\"}]},{\"@type\":\"WebSite\",\"@id\":\"https:\/\/paracherkaoui.ma\/#website\",\"url\":\"https:\/\/paracherkaoui.ma\/\",\"name\":\"Paracherkaoui.ma\",\"description\":\"Achetez en ligne sur Paracherkaoui.ma\",\"potentialAction\":[{\"@type\":\"SearchAction\",\"target\":{\"@type\":\"EntryPoint\",\"urlTemplate\":\"https:\/\/paracherkaoui.ma\/?s={search_term_string}\"},\"query-input\":{\"@type\":\"PropertyValueSpecification\",\"valueRequired\":true,\"valueName\":\"search_term_string\"}}],\"inLanguage\":\"fr-FR\"}]}<\/script>\r\n<!-- \/ Yoast SEO plugin. -->","yoast_head_json":{"title":"ORAL B PRO EXPERT BROSSE A DENTS ANTI BACTERIA PACK DE 2 MEDIUM 40 - Paracherkaoui.ma","robots":{"index":"index","follow":"follow","max-snippet":"max-snippet:-1","max-image-preview":"max-image-preview:large","max-video-preview":"max-video-preview:-1"},"canonical":"https:\/\/paracherkaoui.ma\/index.php\/produit\/oral-b-pro-expert-brosse-a-dents-anti-bacteria-pack-de-2-medium-40\/","og_locale":"fr_FR","og_type":"article","og_title":"ORAL B PRO EXPERT BROSSE A DENTS ANTI BACTERIA PACK DE 2 MEDIUM 40 - Paracherkaoui.ma","og_description":"Oral-B Pro-Expert Bacteria Blast avec protection antibact\u00e9rienne des poils aide \u00e0 garder les poils plus propres entre les brossages. Il","og_url":"https:\/\/paracherkaoui.ma\/index.php\/produit\/oral-b-pro-expert-brosse-a-dents-anti-bacteria-pack-de-2-medium-40\/","og_site_name":"Paracherkaoui.ma","article_modified_time":"2025-12-12T18:17:40+00:00","og_image":[{"width":700,"height":700,"url":"https:\/\/paracherkaoui.ma\/wp-content\/uploads\/2025\/12\/oral-b-pro-expert-brosse-a-dents-anti-bacteria-pack-de-2-medium-40.jpg","type":"image\/jpeg"}],"twitter_card":"summary_large_image","twitter_misc":{"Dur\u00e9e de lecture estim\u00e9e":"1 minute"},"schema":{"@context":"https:\/\/schema.org","@graph":[{"@type":"WebPage","@id":"https:\/\/paracherkaoui.ma\/index.php\/produit\/oral-b-pro-expert-brosse-a-dents-anti-bacteria-pack-de-2-medium-40\/","url":"https:\/\/paracherkaoui.ma\/index.php\/produit\/oral-b-pro-expert-brosse-a-dents-anti-bacteria-pack-de-2-medium-40\/","name":"ORAL B PRO EXPERT BROSSE A DENTS ANTI BACTERIA PACK DE 2 MEDIUM 40 - Paracherkaoui.ma","isPartOf":{"@id":"https:\/\/paracherkaoui.ma\/#website"},"primaryImageOfPage":{"@id":"https:\/\/paracherkaoui.ma\/index.php\/produit\/oral-b-pro-expert-brosse-a-dents-anti-bacteria-pack-de-2-medium-40\/#primaryimage"},"image":{"@id":"https:\/\/paracherkaoui.ma\/index.php\/produit\/oral-b-pro-expert-brosse-a-dents-anti-bacteria-pack-de-2-medium-40\/#primaryimage"},"thumbnailUrl":"https:\/\/paracherkaoui.ma\/wp-content\/uploads\/2025\/12\/oral-b-pro-expert-brosse-a-dents-anti-bacteria-pack-de-2-medium-40.jpg","datePublished":"2025-12-12T18:17:35+00:00","dateModified":"2025-12-12T18:17:40+00:00","breadcrumb":{"@id":"https:\/\/paracherkaoui.ma\/index.php\/produit\/oral-b-pro-expert-brosse-a-dents-anti-bacteria-pack-de-2-medium-40\/#breadcrumb"},"inLanguage":"fr-FR","potentialAction":[{"@type":"ReadAction","target":["https:\/\/paracherkaoui.ma\/index.php\/produit\/oral-b-pro-expert-brosse-a-dents-anti-bacteria-pack-de-2-medium-40\/"]}]},{"@type":"ImageObject","inLanguage":"fr-FR","@id":"https:\/\/paracherkaoui.ma\/index.php\/produit\/oral-b-pro-expert-brosse-a-dents-anti-bacteria-pack-de-2-medium-40\/#primaryimage","url":"https:\/\/paracherkaoui.ma\/wp-content\/uploads\/2025\/12\/oral-b-pro-expert-brosse-a-dents-anti-bacteria-pack-de-2-medium-40.jpg","contentUrl":"https:\/\/paracherkaoui.ma\/wp-content\/uploads\/2025\/12\/oral-b-pro-expert-brosse-a-dents-anti-bacteria-pack-de-2-medium-40.jpg","width":700,"height":700},{"@type":"BreadcrumbList","@id":"https:\/\/paracherkaoui.ma\/index.php\/produit\/oral-b-pro-expert-brosse-a-dents-anti-bacteria-pack-de-2-medium-40\/#breadcrumb","itemListElement":[{"@type":"ListItem","position":1,"name":"Accueil","item":"https:\/\/paracherkaoui.ma\/"},{"@type":"ListItem","position":2,"name":"Boutique","item":"https:\/\/paracherkaoui.ma\/index.php\/boutique\/"},{"@type":"ListItem","position":3,"name":"ORAL B PRO EXPERT BROSSE A DENTS ANTI BACTERIA PACK DE 2 MEDIUM 40"}]},{"@type":"WebSite","@id":"https:\/\/paracherkaoui.ma\/#website","url":"https:\/\/paracherkaoui.ma\/","name":"Paracherkaoui.ma","description":"Achetez en ligne sur Paracherkaoui.ma","potentialAction":[{"@type":"SearchAction","target":{"@type":"EntryPoint","urlTemplate":"https:\/\/paracherkaoui.ma\/?s={search_term_string}"},"query-input":{"@type":"PropertyValueSpecification","valueRequired":true,"valueName":"search_term_string"}}],"inLanguage":"fr-FR"}]}},"_links":{"self":[{"href":"https:\/\/paracherkaoui.ma\/index.php\/wp-json\/wp\/v2\/product\/46272","targetHints":{"allow":["GET"]}}],"collection":[{"href":"https:\/\/paracherkaoui.ma\/index.php\/wp-json\/wp\/v2\/product"}],"about":[{"href":"https:\/\/paracherkaoui.ma\/index.php\/wp-json\/wp\/v2\/types\/product"}],"replies":[{"embeddable":true,"href":"https:\/\/paracherkaoui.ma\/index.php\/wp-json\/wp\/v2\/comments?post=46272"}],"version-history":[{"count":1,"href":"https:\/\/paracherkaoui.ma\/index.php\/wp-json\/wp\/v2\/product\/46272\/revisions"}],"predecessor-version":[{"id":46319,"href":"https:\/\/paracherkaoui.ma\/index.php\/wp-json\/wp\/v2\/product\/46272\/revisions\/46319"}],"wp:featuredmedia":[{"embeddable":true,"href":"https:\/\/paracherkaoui.ma\/index.php\/wp-json\/wp\/v2\/media\/46318"}],"wp:attachment":[{"href":"https:\/\/paracherkaoui.ma\/index.php\/wp-json\/wp\/v2\/media?parent=46272"}],"wp:term":[{"taxonomy":"product_brand","embeddable":true,"href":"https:\/\/paracherkaoui.ma\/index.php\/wp-json\/wp\/v2\/product_brand?post=46272"},{"taxonomy":"product_cat","embeddable":true,"href":"https:\/\/paracherkaoui.ma\/index.php\/wp-json\/wp\/v2\/product_cat?post=46272"},{"taxonomy":"product_tag","embeddable":true,"href":"https:\/\/paracherkaoui.ma\/index.php\/wp-json\/wp\/v2\/product_tag?post=46272"}],"curies":[{"name":"wp","href":"https:\/\/api.w.org\/{rel}","templated":true}]}}