{"id":46186,"date":"2025-12-12T19:17:26","date_gmt":"2025-12-12T18:17:26","guid":{"rendered":"https:\/\/test.ecbeaute.com\/?post_type=product&#038;p=46186"},"modified":"2025-12-12T19:17:31","modified_gmt":"2025-12-12T18:17:31","slug":"elmex-brosse-a-dents-sensitive-extra-souple","status":"publish","type":"product","link":"https:\/\/paracherkaoui.ma\/index.php\/produit\/elmex-brosse-a-dents-sensitive-extra-souple\/","title":{"rendered":"ELMEX BROSSE A DENTS SENSITIVE EXTRA SOUPLE"},"content":{"rendered":"<p>La brosse \u00e0 dents Extra Souple Elmex Sensitive Professional est dot\u00e9e de brins tr\u00e8s souples\u00a0qui assurent un brossage \u00e0 la fois doux et efficace\u00a0de l\u2019ensemble de la dentition notamment en cas de collets d\u00e9nud\u00e9s.<br \/>\nSes poils en X sont plus longs afin de mieux atteindre les espaces interdentaires\u00a0difficiles d\u2019acc\u00e8s et de garantir une hygi\u00e8ne bucco-dentaire maximale.<br \/>\nCette brosse \u00e0 dent est \u00e9galement munie d&rsquo;une t\u00eate de brosse tr\u00e8s douce\u00a0et d&rsquo;un manche ergonomique\u00a0pour une utilisation quotidienne facile et agr\u00e9able.<\/p>\n","protected":false},"excerpt":{"rendered":"<p>La brosse \u00e0 dents Extra Souple Elmex Sensitive Professional est dot\u00e9e de brins tr\u00e8s souples\u00a0qui assurent un brossage \u00e0 la<\/p>\n","protected":false},"featured_media":46234,"comment_status":"open","ping_status":"closed","template":"","meta":[],"product_brand":[812],"product_cat":[834],"product_tag":[],"class_list":{"0":"post-46186","1":"product","2":"type-product","3":"status-publish","4":"has-post-thumbnail","6":"product_brand-elmex","7":"product_cat-brosses-a-dents-adultes","9":"first","10":"instock","11":"sale","12":"shipping-taxable","13":"purchasable","14":"product-type-simple"},"yoast_head":"<!-- This site is optimized with the Yoast SEO plugin v26.6 - https:\/\/yoast.com\/wordpress\/plugins\/seo\/ -->\r\n<title>ELMEX BROSSE A DENTS SENSITIVE EXTRA SOUPLE - Paracherkaoui.ma<\/title>\r\n<meta name=\"robots\" content=\"index, follow, max-snippet:-1, max-image-preview:large, max-video-preview:-1\" \/>\r\n<link rel=\"canonical\" href=\"https:\/\/paracherkaoui.ma\/index.php\/produit\/elmex-brosse-a-dents-sensitive-extra-souple\/\" \/>\r\n<meta property=\"og:locale\" content=\"fr_FR\" \/>\r\n<meta property=\"og:type\" content=\"article\" \/>\r\n<meta property=\"og:title\" content=\"ELMEX BROSSE A DENTS SENSITIVE EXTRA SOUPLE - Paracherkaoui.ma\" \/>\r\n<meta property=\"og:description\" content=\"La brosse \u00e0 dents Extra Souple Elmex Sensitive Professional est dot\u00e9e de brins tr\u00e8s souples\u00a0qui assurent un brossage \u00e0 la\" \/>\r\n<meta property=\"og:url\" content=\"https:\/\/paracherkaoui.ma\/index.php\/produit\/elmex-brosse-a-dents-sensitive-extra-souple\/\" \/>\r\n<meta property=\"og:site_name\" content=\"Paracherkaoui.ma\" \/>\r\n<meta property=\"article:modified_time\" content=\"2025-12-12T18:17:31+00:00\" \/>\r\n<meta property=\"og:image\" content=\"https:\/\/paracherkaoui.ma\/wp-content\/uploads\/2025\/12\/elmex-elmex-brosse-a-dents-sensitive-extra-souple-brosses-a-dents.jpg\" \/>\r\n\t<meta property=\"og:image:width\" content=\"700\" \/>\r\n\t<meta property=\"og:image:height\" content=\"700\" \/>\r\n\t<meta property=\"og:image:type\" content=\"image\/jpeg\" \/>\r\n<meta name=\"twitter:card\" content=\"summary_large_image\" \/>\r\n<script type=\"application\/ld+json\" class=\"yoast-schema-graph\">{\"@context\":\"https:\/\/schema.org\",\"@graph\":[{\"@type\":\"WebPage\",\"@id\":\"https:\/\/paracherkaoui.ma\/index.php\/produit\/elmex-brosse-a-dents-sensitive-extra-souple\/\",\"url\":\"https:\/\/paracherkaoui.ma\/index.php\/produit\/elmex-brosse-a-dents-sensitive-extra-souple\/\",\"name\":\"ELMEX BROSSE A DENTS SENSITIVE EXTRA SOUPLE - Paracherkaoui.ma\",\"isPartOf\":{\"@id\":\"https:\/\/paracherkaoui.ma\/#website\"},\"primaryImageOfPage\":{\"@id\":\"https:\/\/paracherkaoui.ma\/index.php\/produit\/elmex-brosse-a-dents-sensitive-extra-souple\/#primaryimage\"},\"image\":{\"@id\":\"https:\/\/paracherkaoui.ma\/index.php\/produit\/elmex-brosse-a-dents-sensitive-extra-souple\/#primaryimage\"},\"thumbnailUrl\":\"https:\/\/paracherkaoui.ma\/wp-content\/uploads\/2025\/12\/elmex-elmex-brosse-a-dents-sensitive-extra-souple-brosses-a-dents.jpg\",\"datePublished\":\"2025-12-12T18:17:26+00:00\",\"dateModified\":\"2025-12-12T18:17:31+00:00\",\"breadcrumb\":{\"@id\":\"https:\/\/paracherkaoui.ma\/index.php\/produit\/elmex-brosse-a-dents-sensitive-extra-souple\/#breadcrumb\"},\"inLanguage\":\"fr-FR\",\"potentialAction\":[{\"@type\":\"ReadAction\",\"target\":[\"https:\/\/paracherkaoui.ma\/index.php\/produit\/elmex-brosse-a-dents-sensitive-extra-souple\/\"]}]},{\"@type\":\"ImageObject\",\"inLanguage\":\"fr-FR\",\"@id\":\"https:\/\/paracherkaoui.ma\/index.php\/produit\/elmex-brosse-a-dents-sensitive-extra-souple\/#primaryimage\",\"url\":\"https:\/\/paracherkaoui.ma\/wp-content\/uploads\/2025\/12\/elmex-elmex-brosse-a-dents-sensitive-extra-souple-brosses-a-dents.jpg\",\"contentUrl\":\"https:\/\/paracherkaoui.ma\/wp-content\/uploads\/2025\/12\/elmex-elmex-brosse-a-dents-sensitive-extra-souple-brosses-a-dents.jpg\",\"width\":700,\"height\":700},{\"@type\":\"BreadcrumbList\",\"@id\":\"https:\/\/paracherkaoui.ma\/index.php\/produit\/elmex-brosse-a-dents-sensitive-extra-souple\/#breadcrumb\",\"itemListElement\":[{\"@type\":\"ListItem\",\"position\":1,\"name\":\"Accueil\",\"item\":\"https:\/\/paracherkaoui.ma\/\"},{\"@type\":\"ListItem\",\"position\":2,\"name\":\"Boutique\",\"item\":\"https:\/\/paracherkaoui.ma\/index.php\/boutique\/\"},{\"@type\":\"ListItem\",\"position\":3,\"name\":\"ELMEX BROSSE A DENTS SENSITIVE EXTRA SOUPLE\"}]},{\"@type\":\"WebSite\",\"@id\":\"https:\/\/paracherkaoui.ma\/#website\",\"url\":\"https:\/\/paracherkaoui.ma\/\",\"name\":\"Paracherkaoui.ma\",\"description\":\"Achetez en ligne sur Paracherkaoui.ma\",\"potentialAction\":[{\"@type\":\"SearchAction\",\"target\":{\"@type\":\"EntryPoint\",\"urlTemplate\":\"https:\/\/paracherkaoui.ma\/?s={search_term_string}\"},\"query-input\":{\"@type\":\"PropertyValueSpecification\",\"valueRequired\":true,\"valueName\":\"search_term_string\"}}],\"inLanguage\":\"fr-FR\"}]}<\/script>\r\n<!-- \/ Yoast SEO plugin. -->","yoast_head_json":{"title":"ELMEX BROSSE A DENTS SENSITIVE EXTRA SOUPLE - Paracherkaoui.ma","robots":{"index":"index","follow":"follow","max-snippet":"max-snippet:-1","max-image-preview":"max-image-preview:large","max-video-preview":"max-video-preview:-1"},"canonical":"https:\/\/paracherkaoui.ma\/index.php\/produit\/elmex-brosse-a-dents-sensitive-extra-souple\/","og_locale":"fr_FR","og_type":"article","og_title":"ELMEX BROSSE A DENTS SENSITIVE EXTRA SOUPLE - Paracherkaoui.ma","og_description":"La brosse \u00e0 dents Extra Souple Elmex Sensitive Professional est dot\u00e9e de brins tr\u00e8s souples\u00a0qui assurent un brossage \u00e0 la","og_url":"https:\/\/paracherkaoui.ma\/index.php\/produit\/elmex-brosse-a-dents-sensitive-extra-souple\/","og_site_name":"Paracherkaoui.ma","article_modified_time":"2025-12-12T18:17:31+00:00","og_image":[{"width":700,"height":700,"url":"https:\/\/paracherkaoui.ma\/wp-content\/uploads\/2025\/12\/elmex-elmex-brosse-a-dents-sensitive-extra-souple-brosses-a-dents.jpg","type":"image\/jpeg"}],"twitter_card":"summary_large_image","schema":{"@context":"https:\/\/schema.org","@graph":[{"@type":"WebPage","@id":"https:\/\/paracherkaoui.ma\/index.php\/produit\/elmex-brosse-a-dents-sensitive-extra-souple\/","url":"https:\/\/paracherkaoui.ma\/index.php\/produit\/elmex-brosse-a-dents-sensitive-extra-souple\/","name":"ELMEX BROSSE A DENTS SENSITIVE EXTRA SOUPLE - Paracherkaoui.ma","isPartOf":{"@id":"https:\/\/paracherkaoui.ma\/#website"},"primaryImageOfPage":{"@id":"https:\/\/paracherkaoui.ma\/index.php\/produit\/elmex-brosse-a-dents-sensitive-extra-souple\/#primaryimage"},"image":{"@id":"https:\/\/paracherkaoui.ma\/index.php\/produit\/elmex-brosse-a-dents-sensitive-extra-souple\/#primaryimage"},"thumbnailUrl":"https:\/\/paracherkaoui.ma\/wp-content\/uploads\/2025\/12\/elmex-elmex-brosse-a-dents-sensitive-extra-souple-brosses-a-dents.jpg","datePublished":"2025-12-12T18:17:26+00:00","dateModified":"2025-12-12T18:17:31+00:00","breadcrumb":{"@id":"https:\/\/paracherkaoui.ma\/index.php\/produit\/elmex-brosse-a-dents-sensitive-extra-souple\/#breadcrumb"},"inLanguage":"fr-FR","potentialAction":[{"@type":"ReadAction","target":["https:\/\/paracherkaoui.ma\/index.php\/produit\/elmex-brosse-a-dents-sensitive-extra-souple\/"]}]},{"@type":"ImageObject","inLanguage":"fr-FR","@id":"https:\/\/paracherkaoui.ma\/index.php\/produit\/elmex-brosse-a-dents-sensitive-extra-souple\/#primaryimage","url":"https:\/\/paracherkaoui.ma\/wp-content\/uploads\/2025\/12\/elmex-elmex-brosse-a-dents-sensitive-extra-souple-brosses-a-dents.jpg","contentUrl":"https:\/\/paracherkaoui.ma\/wp-content\/uploads\/2025\/12\/elmex-elmex-brosse-a-dents-sensitive-extra-souple-brosses-a-dents.jpg","width":700,"height":700},{"@type":"BreadcrumbList","@id":"https:\/\/paracherkaoui.ma\/index.php\/produit\/elmex-brosse-a-dents-sensitive-extra-souple\/#breadcrumb","itemListElement":[{"@type":"ListItem","position":1,"name":"Accueil","item":"https:\/\/paracherkaoui.ma\/"},{"@type":"ListItem","position":2,"name":"Boutique","item":"https:\/\/paracherkaoui.ma\/index.php\/boutique\/"},{"@type":"ListItem","position":3,"name":"ELMEX BROSSE A DENTS SENSITIVE EXTRA SOUPLE"}]},{"@type":"WebSite","@id":"https:\/\/paracherkaoui.ma\/#website","url":"https:\/\/paracherkaoui.ma\/","name":"Paracherkaoui.ma","description":"Achetez en ligne sur Paracherkaoui.ma","potentialAction":[{"@type":"SearchAction","target":{"@type":"EntryPoint","urlTemplate":"https:\/\/paracherkaoui.ma\/?s={search_term_string}"},"query-input":{"@type":"PropertyValueSpecification","valueRequired":true,"valueName":"search_term_string"}}],"inLanguage":"fr-FR"}]}},"_links":{"self":[{"href":"https:\/\/paracherkaoui.ma\/index.php\/wp-json\/wp\/v2\/product\/46186","targetHints":{"allow":["GET"]}}],"collection":[{"href":"https:\/\/paracherkaoui.ma\/index.php\/wp-json\/wp\/v2\/product"}],"about":[{"href":"https:\/\/paracherkaoui.ma\/index.php\/wp-json\/wp\/v2\/types\/product"}],"replies":[{"embeddable":true,"href":"https:\/\/paracherkaoui.ma\/index.php\/wp-json\/wp\/v2\/comments?post=46186"}],"version-history":[{"count":1,"href":"https:\/\/paracherkaoui.ma\/index.php\/wp-json\/wp\/v2\/product\/46186\/revisions"}],"predecessor-version":[{"id":46235,"href":"https:\/\/paracherkaoui.ma\/index.php\/wp-json\/wp\/v2\/product\/46186\/revisions\/46235"}],"wp:featuredmedia":[{"embeddable":true,"href":"https:\/\/paracherkaoui.ma\/index.php\/wp-json\/wp\/v2\/media\/46234"}],"wp:attachment":[{"href":"https:\/\/paracherkaoui.ma\/index.php\/wp-json\/wp\/v2\/media?parent=46186"}],"wp:term":[{"taxonomy":"product_brand","embeddable":true,"href":"https:\/\/paracherkaoui.ma\/index.php\/wp-json\/wp\/v2\/product_brand?post=46186"},{"taxonomy":"product_cat","embeddable":true,"href":"https:\/\/paracherkaoui.ma\/index.php\/wp-json\/wp\/v2\/product_cat?post=46186"},{"taxonomy":"product_tag","embeddable":true,"href":"https:\/\/paracherkaoui.ma\/index.php\/wp-json\/wp\/v2\/product_tag?post=46186"}],"curies":[{"name":"wp","href":"https:\/\/api.w.org\/{rel}","templated":true}]}}