{"id":46174,"date":"2025-12-12T19:17:25","date_gmt":"2025-12-12T18:17:25","guid":{"rendered":"https:\/\/test.ecbeaute.com\/?post_type=product&#038;p=46174"},"modified":"2025-12-12T19:17:29","modified_gmt":"2025-12-12T18:17:29","slug":"curaprox-brosse-a-dent-hydrosonic-easy","status":"publish","type":"product","link":"https:\/\/paracherkaoui.ma\/index.php\/produit\/curaprox-brosse-a-dent-hydrosonic-easy\/","title":{"rendered":"CURAPROX BROSSE A DENT HYDROSONIC EASY"},"content":{"rendered":"<p>L&rsquo;hydrosonic easy am\u00e9liore en douceur la sant\u00e9 bucco-dentaire d&rsquo;une mani\u00e8re technologiquement avanc\u00e9e. Cette brosse \u00e0 dents hydrodynamique nettoie jusqu&rsquo;\u00e0 42 000 mouvements par minute &#8211; douce, simple, efficace et fiable : t\u00eate de brosse chs 200 Sensitive &#8211; id\u00e9ale pour les d\u00e9butants en brosse \u00e0 dents sonique, particuli\u00e8rement douce, mais avec une performance de nettoyage extr\u00eamement \u00e9lev\u00e9e. T\u00eate de brosse chs 300 power &#8211; performance maximale Pour les professionnels de la brosse \u00e0 dents sonique. Cette t\u00eate motrice nettoie \u00e0 la perfection et est extr\u00eamement douce. Les t\u00eates de brosse Curaprox sont \u00e9quip\u00e9es de CUREN au lieu de poils en nylon : les filaments CUREN offrent des performances constantes, tout en \u00e9tant particuli\u00e8rement doux. L&rsquo;hydrosonic easy est \u00e9galement parfait pour les personnes portant des appareils dentaires, des implants et des proth\u00e8ses dentaires.<\/p>\n","protected":false},"excerpt":{"rendered":"<p>L&rsquo;hydrosonic easy am\u00e9liore en douceur la sant\u00e9 bucco-dentaire d&rsquo;une mani\u00e8re technologiquement avanc\u00e9e. Cette brosse \u00e0 dents hydrodynamique nettoie jusqu&rsquo;\u00e0 42<\/p>\n","protected":false},"featured_media":46210,"comment_status":"open","ping_status":"closed","template":"","meta":[],"product_brand":[836],"product_cat":[834],"product_tag":[],"class_list":{"0":"post-46174","1":"product","2":"type-product","3":"status-publish","4":"has-post-thumbnail","6":"product_brand-curaprox","7":"product_cat-brosses-a-dents-adultes","9":"first","10":"instock","11":"sale","12":"shipping-taxable","13":"purchasable","14":"product-type-simple"},"yoast_head":"<!-- This site is optimized with the Yoast SEO plugin v26.6 - https:\/\/yoast.com\/wordpress\/plugins\/seo\/ -->\r\n<title>CURAPROX BROSSE A DENT HYDROSONIC EASY - Paracherkaoui.ma<\/title>\r\n<meta name=\"robots\" content=\"index, follow, max-snippet:-1, max-image-preview:large, max-video-preview:-1\" \/>\r\n<link rel=\"canonical\" href=\"https:\/\/paracherkaoui.ma\/index.php\/produit\/curaprox-brosse-a-dent-hydrosonic-easy\/\" \/>\r\n<meta property=\"og:locale\" content=\"fr_FR\" \/>\r\n<meta property=\"og:type\" content=\"article\" \/>\r\n<meta property=\"og:title\" content=\"CURAPROX BROSSE A DENT HYDROSONIC EASY - Paracherkaoui.ma\" \/>\r\n<meta property=\"og:description\" content=\"L&rsquo;hydrosonic easy am\u00e9liore en douceur la sant\u00e9 bucco-dentaire d&rsquo;une mani\u00e8re technologiquement avanc\u00e9e. Cette brosse \u00e0 dents hydrodynamique nettoie jusqu&rsquo;\u00e0 42\" \/>\r\n<meta property=\"og:url\" content=\"https:\/\/paracherkaoui.ma\/index.php\/produit\/curaprox-brosse-a-dent-hydrosonic-easy\/\" \/>\r\n<meta property=\"og:site_name\" content=\"Paracherkaoui.ma\" \/>\r\n<meta property=\"article:modified_time\" content=\"2025-12-12T18:17:29+00:00\" \/>\r\n<meta property=\"og:image\" content=\"https:\/\/paracherkaoui.ma\/wp-content\/uploads\/2025\/12\/curaprox-curaprox-brosse-a-dent-hydrosonic-easy-brosses-a-dents.jpg\" \/>\r\n\t<meta property=\"og:image:width\" content=\"700\" \/>\r\n\t<meta property=\"og:image:height\" content=\"700\" \/>\r\n\t<meta property=\"og:image:type\" content=\"image\/jpeg\" \/>\r\n<meta name=\"twitter:card\" content=\"summary_large_image\" \/>\r\n<meta name=\"twitter:label1\" content=\"Dur\u00e9e de lecture estim\u00e9e\" \/>\n\t<meta name=\"twitter:data1\" content=\"1 minute\" \/>\r\n<script type=\"application\/ld+json\" class=\"yoast-schema-graph\">{\"@context\":\"https:\/\/schema.org\",\"@graph\":[{\"@type\":\"WebPage\",\"@id\":\"https:\/\/paracherkaoui.ma\/index.php\/produit\/curaprox-brosse-a-dent-hydrosonic-easy\/\",\"url\":\"https:\/\/paracherkaoui.ma\/index.php\/produit\/curaprox-brosse-a-dent-hydrosonic-easy\/\",\"name\":\"CURAPROX BROSSE A DENT HYDROSONIC EASY - Paracherkaoui.ma\",\"isPartOf\":{\"@id\":\"https:\/\/paracherkaoui.ma\/#website\"},\"primaryImageOfPage\":{\"@id\":\"https:\/\/paracherkaoui.ma\/index.php\/produit\/curaprox-brosse-a-dent-hydrosonic-easy\/#primaryimage\"},\"image\":{\"@id\":\"https:\/\/paracherkaoui.ma\/index.php\/produit\/curaprox-brosse-a-dent-hydrosonic-easy\/#primaryimage\"},\"thumbnailUrl\":\"https:\/\/paracherkaoui.ma\/wp-content\/uploads\/2025\/12\/curaprox-curaprox-brosse-a-dent-hydrosonic-easy-brosses-a-dents.jpg\",\"datePublished\":\"2025-12-12T18:17:25+00:00\",\"dateModified\":\"2025-12-12T18:17:29+00:00\",\"breadcrumb\":{\"@id\":\"https:\/\/paracherkaoui.ma\/index.php\/produit\/curaprox-brosse-a-dent-hydrosonic-easy\/#breadcrumb\"},\"inLanguage\":\"fr-FR\",\"potentialAction\":[{\"@type\":\"ReadAction\",\"target\":[\"https:\/\/paracherkaoui.ma\/index.php\/produit\/curaprox-brosse-a-dent-hydrosonic-easy\/\"]}]},{\"@type\":\"ImageObject\",\"inLanguage\":\"fr-FR\",\"@id\":\"https:\/\/paracherkaoui.ma\/index.php\/produit\/curaprox-brosse-a-dent-hydrosonic-easy\/#primaryimage\",\"url\":\"https:\/\/paracherkaoui.ma\/wp-content\/uploads\/2025\/12\/curaprox-curaprox-brosse-a-dent-hydrosonic-easy-brosses-a-dents.jpg\",\"contentUrl\":\"https:\/\/paracherkaoui.ma\/wp-content\/uploads\/2025\/12\/curaprox-curaprox-brosse-a-dent-hydrosonic-easy-brosses-a-dents.jpg\",\"width\":700,\"height\":700},{\"@type\":\"BreadcrumbList\",\"@id\":\"https:\/\/paracherkaoui.ma\/index.php\/produit\/curaprox-brosse-a-dent-hydrosonic-easy\/#breadcrumb\",\"itemListElement\":[{\"@type\":\"ListItem\",\"position\":1,\"name\":\"Accueil\",\"item\":\"https:\/\/paracherkaoui.ma\/\"},{\"@type\":\"ListItem\",\"position\":2,\"name\":\"Boutique\",\"item\":\"https:\/\/paracherkaoui.ma\/index.php\/boutique\/\"},{\"@type\":\"ListItem\",\"position\":3,\"name\":\"CURAPROX BROSSE A DENT HYDROSONIC EASY\"}]},{\"@type\":\"WebSite\",\"@id\":\"https:\/\/paracherkaoui.ma\/#website\",\"url\":\"https:\/\/paracherkaoui.ma\/\",\"name\":\"Paracherkaoui.ma\",\"description\":\"Achetez en ligne sur Paracherkaoui.ma\",\"potentialAction\":[{\"@type\":\"SearchAction\",\"target\":{\"@type\":\"EntryPoint\",\"urlTemplate\":\"https:\/\/paracherkaoui.ma\/?s={search_term_string}\"},\"query-input\":{\"@type\":\"PropertyValueSpecification\",\"valueRequired\":true,\"valueName\":\"search_term_string\"}}],\"inLanguage\":\"fr-FR\"}]}<\/script>\r\n<!-- \/ Yoast SEO plugin. -->","yoast_head_json":{"title":"CURAPROX BROSSE A DENT HYDROSONIC EASY - Paracherkaoui.ma","robots":{"index":"index","follow":"follow","max-snippet":"max-snippet:-1","max-image-preview":"max-image-preview:large","max-video-preview":"max-video-preview:-1"},"canonical":"https:\/\/paracherkaoui.ma\/index.php\/produit\/curaprox-brosse-a-dent-hydrosonic-easy\/","og_locale":"fr_FR","og_type":"article","og_title":"CURAPROX BROSSE A DENT HYDROSONIC EASY - Paracherkaoui.ma","og_description":"L&rsquo;hydrosonic easy am\u00e9liore en douceur la sant\u00e9 bucco-dentaire d&rsquo;une mani\u00e8re technologiquement avanc\u00e9e. Cette brosse \u00e0 dents hydrodynamique nettoie jusqu&rsquo;\u00e0 42","og_url":"https:\/\/paracherkaoui.ma\/index.php\/produit\/curaprox-brosse-a-dent-hydrosonic-easy\/","og_site_name":"Paracherkaoui.ma","article_modified_time":"2025-12-12T18:17:29+00:00","og_image":[{"width":700,"height":700,"url":"https:\/\/paracherkaoui.ma\/wp-content\/uploads\/2025\/12\/curaprox-curaprox-brosse-a-dent-hydrosonic-easy-brosses-a-dents.jpg","type":"image\/jpeg"}],"twitter_card":"summary_large_image","twitter_misc":{"Dur\u00e9e de lecture estim\u00e9e":"1 minute"},"schema":{"@context":"https:\/\/schema.org","@graph":[{"@type":"WebPage","@id":"https:\/\/paracherkaoui.ma\/index.php\/produit\/curaprox-brosse-a-dent-hydrosonic-easy\/","url":"https:\/\/paracherkaoui.ma\/index.php\/produit\/curaprox-brosse-a-dent-hydrosonic-easy\/","name":"CURAPROX BROSSE A DENT HYDROSONIC EASY - Paracherkaoui.ma","isPartOf":{"@id":"https:\/\/paracherkaoui.ma\/#website"},"primaryImageOfPage":{"@id":"https:\/\/paracherkaoui.ma\/index.php\/produit\/curaprox-brosse-a-dent-hydrosonic-easy\/#primaryimage"},"image":{"@id":"https:\/\/paracherkaoui.ma\/index.php\/produit\/curaprox-brosse-a-dent-hydrosonic-easy\/#primaryimage"},"thumbnailUrl":"https:\/\/paracherkaoui.ma\/wp-content\/uploads\/2025\/12\/curaprox-curaprox-brosse-a-dent-hydrosonic-easy-brosses-a-dents.jpg","datePublished":"2025-12-12T18:17:25+00:00","dateModified":"2025-12-12T18:17:29+00:00","breadcrumb":{"@id":"https:\/\/paracherkaoui.ma\/index.php\/produit\/curaprox-brosse-a-dent-hydrosonic-easy\/#breadcrumb"},"inLanguage":"fr-FR","potentialAction":[{"@type":"ReadAction","target":["https:\/\/paracherkaoui.ma\/index.php\/produit\/curaprox-brosse-a-dent-hydrosonic-easy\/"]}]},{"@type":"ImageObject","inLanguage":"fr-FR","@id":"https:\/\/paracherkaoui.ma\/index.php\/produit\/curaprox-brosse-a-dent-hydrosonic-easy\/#primaryimage","url":"https:\/\/paracherkaoui.ma\/wp-content\/uploads\/2025\/12\/curaprox-curaprox-brosse-a-dent-hydrosonic-easy-brosses-a-dents.jpg","contentUrl":"https:\/\/paracherkaoui.ma\/wp-content\/uploads\/2025\/12\/curaprox-curaprox-brosse-a-dent-hydrosonic-easy-brosses-a-dents.jpg","width":700,"height":700},{"@type":"BreadcrumbList","@id":"https:\/\/paracherkaoui.ma\/index.php\/produit\/curaprox-brosse-a-dent-hydrosonic-easy\/#breadcrumb","itemListElement":[{"@type":"ListItem","position":1,"name":"Accueil","item":"https:\/\/paracherkaoui.ma\/"},{"@type":"ListItem","position":2,"name":"Boutique","item":"https:\/\/paracherkaoui.ma\/index.php\/boutique\/"},{"@type":"ListItem","position":3,"name":"CURAPROX BROSSE A DENT HYDROSONIC EASY"}]},{"@type":"WebSite","@id":"https:\/\/paracherkaoui.ma\/#website","url":"https:\/\/paracherkaoui.ma\/","name":"Paracherkaoui.ma","description":"Achetez en ligne sur Paracherkaoui.ma","potentialAction":[{"@type":"SearchAction","target":{"@type":"EntryPoint","urlTemplate":"https:\/\/paracherkaoui.ma\/?s={search_term_string}"},"query-input":{"@type":"PropertyValueSpecification","valueRequired":true,"valueName":"search_term_string"}}],"inLanguage":"fr-FR"}]}},"_links":{"self":[{"href":"https:\/\/paracherkaoui.ma\/index.php\/wp-json\/wp\/v2\/product\/46174","targetHints":{"allow":["GET"]}}],"collection":[{"href":"https:\/\/paracherkaoui.ma\/index.php\/wp-json\/wp\/v2\/product"}],"about":[{"href":"https:\/\/paracherkaoui.ma\/index.php\/wp-json\/wp\/v2\/types\/product"}],"replies":[{"embeddable":true,"href":"https:\/\/paracherkaoui.ma\/index.php\/wp-json\/wp\/v2\/comments?post=46174"}],"version-history":[{"count":1,"href":"https:\/\/paracherkaoui.ma\/index.php\/wp-json\/wp\/v2\/product\/46174\/revisions"}],"predecessor-version":[{"id":46211,"href":"https:\/\/paracherkaoui.ma\/index.php\/wp-json\/wp\/v2\/product\/46174\/revisions\/46211"}],"wp:featuredmedia":[{"embeddable":true,"href":"https:\/\/paracherkaoui.ma\/index.php\/wp-json\/wp\/v2\/media\/46210"}],"wp:attachment":[{"href":"https:\/\/paracherkaoui.ma\/index.php\/wp-json\/wp\/v2\/media?parent=46174"}],"wp:term":[{"taxonomy":"product_brand","embeddable":true,"href":"https:\/\/paracherkaoui.ma\/index.php\/wp-json\/wp\/v2\/product_brand?post=46174"},{"taxonomy":"product_cat","embeddable":true,"href":"https:\/\/paracherkaoui.ma\/index.php\/wp-json\/wp\/v2\/product_cat?post=46174"},{"taxonomy":"product_tag","embeddable":true,"href":"https:\/\/paracherkaoui.ma\/index.php\/wp-json\/wp\/v2\/product_tag?post=46174"}],"curies":[{"name":"wp","href":"https:\/\/api.w.org\/{rel}","templated":true}]}}