{"id":46170,"date":"2025-12-12T19:17:25","date_gmt":"2025-12-12T18:17:25","guid":{"rendered":"https:\/\/test.ecbeaute.com\/?post_type=product&#038;p=46170"},"modified":"2025-12-12T19:17:28","modified_gmt":"2025-12-12T18:17:28","slug":"miradent-brosse-a-dents-prosonic-micro-2","status":"publish","type":"product","link":"https:\/\/paracherkaoui.ma\/index.php\/produit\/miradent-brosse-a-dents-prosonic-micro-2\/","title":{"rendered":"MIRADENT BROSSE A DENTS PROSONIC MICRO 2"},"content":{"rendered":"<p>Brosse \u00e0 dents sonique \u00e0 piles peu co\u00fbteuse et facile \u00e0 voyager pour une hygi\u00e8ne bucco-dentaire compl\u00e8te et compl\u00e8te. Il nettoie efficacement et longtemps avec 30 000 vibrations par minute. Gr\u00e2ce aux micro-vibrations, les bact\u00e9ries, la plaque dentaire et la d\u00e9coloration sont \u00e9limin\u00e9es de mani\u00e8re optimale. Un petit grattoir \u00e0 langue est int\u00e9gr\u00e9 \u00e0 l&rsquo;arri\u00e8re de la t\u00eate de brosse, avec lequel les d\u00e9p\u00f4ts de langue &#8211; une cause principale de mauvaise haleine &#8211; peuvent \u00eatre \u00e9limin\u00e9s de mani\u00e8re fiable.<\/p>\n","protected":false},"excerpt":{"rendered":"<p>Brosse \u00e0 dents sonique \u00e0 piles peu co\u00fbteuse et facile \u00e0 voyager pour une hygi\u00e8ne bucco-dentaire compl\u00e8te et compl\u00e8te. Il<\/p>\n","protected":false},"featured_media":46202,"comment_status":"open","ping_status":"closed","template":"","meta":[],"product_brand":[662],"product_cat":[834],"product_tag":[],"class_list":{"0":"post-46170","1":"product","2":"type-product","3":"status-publish","4":"has-post-thumbnail","6":"product_brand-miradent","7":"product_cat-brosses-a-dents-adultes","9":"first","10":"instock","11":"sale","12":"shipping-taxable","13":"purchasable","14":"product-type-simple"},"yoast_head":"<!-- This site is optimized with the Yoast SEO plugin v26.6 - https:\/\/yoast.com\/wordpress\/plugins\/seo\/ -->\r\n<title>MIRADENT BROSSE A DENTS PROSONIC MICRO 2 - Paracherkaoui.ma<\/title>\r\n<meta name=\"robots\" content=\"index, follow, max-snippet:-1, max-image-preview:large, max-video-preview:-1\" \/>\r\n<link rel=\"canonical\" href=\"https:\/\/paracherkaoui.ma\/index.php\/produit\/miradent-brosse-a-dents-prosonic-micro-2\/\" \/>\r\n<meta property=\"og:locale\" content=\"fr_FR\" \/>\r\n<meta property=\"og:type\" content=\"article\" \/>\r\n<meta property=\"og:title\" content=\"MIRADENT BROSSE A DENTS PROSONIC MICRO 2 - Paracherkaoui.ma\" \/>\r\n<meta property=\"og:description\" content=\"Brosse \u00e0 dents sonique \u00e0 piles peu co\u00fbteuse et facile \u00e0 voyager pour une hygi\u00e8ne bucco-dentaire compl\u00e8te et compl\u00e8te. Il\" \/>\r\n<meta property=\"og:url\" content=\"https:\/\/paracherkaoui.ma\/index.php\/produit\/miradent-brosse-a-dents-prosonic-micro-2\/\" \/>\r\n<meta property=\"og:site_name\" content=\"Paracherkaoui.ma\" \/>\r\n<meta property=\"article:modified_time\" content=\"2025-12-12T18:17:28+00:00\" \/>\r\n<meta property=\"og:image\" content=\"https:\/\/paracherkaoui.ma\/wp-content\/uploads\/2025\/12\/miradent-miradent-brosse-a-dents-prosonic-micro-2-brosses-a-dents.jpg\" \/>\r\n\t<meta property=\"og:image:width\" content=\"700\" \/>\r\n\t<meta property=\"og:image:height\" content=\"700\" \/>\r\n\t<meta property=\"og:image:type\" content=\"image\/jpeg\" \/>\r\n<meta name=\"twitter:card\" content=\"summary_large_image\" \/>\r\n<script type=\"application\/ld+json\" class=\"yoast-schema-graph\">{\"@context\":\"https:\/\/schema.org\",\"@graph\":[{\"@type\":\"WebPage\",\"@id\":\"https:\/\/paracherkaoui.ma\/index.php\/produit\/miradent-brosse-a-dents-prosonic-micro-2\/\",\"url\":\"https:\/\/paracherkaoui.ma\/index.php\/produit\/miradent-brosse-a-dents-prosonic-micro-2\/\",\"name\":\"MIRADENT BROSSE A DENTS PROSONIC MICRO 2 - Paracherkaoui.ma\",\"isPartOf\":{\"@id\":\"https:\/\/paracherkaoui.ma\/#website\"},\"primaryImageOfPage\":{\"@id\":\"https:\/\/paracherkaoui.ma\/index.php\/produit\/miradent-brosse-a-dents-prosonic-micro-2\/#primaryimage\"},\"image\":{\"@id\":\"https:\/\/paracherkaoui.ma\/index.php\/produit\/miradent-brosse-a-dents-prosonic-micro-2\/#primaryimage\"},\"thumbnailUrl\":\"https:\/\/paracherkaoui.ma\/wp-content\/uploads\/2025\/12\/miradent-miradent-brosse-a-dents-prosonic-micro-2-brosses-a-dents.jpg\",\"datePublished\":\"2025-12-12T18:17:25+00:00\",\"dateModified\":\"2025-12-12T18:17:28+00:00\",\"breadcrumb\":{\"@id\":\"https:\/\/paracherkaoui.ma\/index.php\/produit\/miradent-brosse-a-dents-prosonic-micro-2\/#breadcrumb\"},\"inLanguage\":\"fr-FR\",\"potentialAction\":[{\"@type\":\"ReadAction\",\"target\":[\"https:\/\/paracherkaoui.ma\/index.php\/produit\/miradent-brosse-a-dents-prosonic-micro-2\/\"]}]},{\"@type\":\"ImageObject\",\"inLanguage\":\"fr-FR\",\"@id\":\"https:\/\/paracherkaoui.ma\/index.php\/produit\/miradent-brosse-a-dents-prosonic-micro-2\/#primaryimage\",\"url\":\"https:\/\/paracherkaoui.ma\/wp-content\/uploads\/2025\/12\/miradent-miradent-brosse-a-dents-prosonic-micro-2-brosses-a-dents.jpg\",\"contentUrl\":\"https:\/\/paracherkaoui.ma\/wp-content\/uploads\/2025\/12\/miradent-miradent-brosse-a-dents-prosonic-micro-2-brosses-a-dents.jpg\",\"width\":700,\"height\":700},{\"@type\":\"BreadcrumbList\",\"@id\":\"https:\/\/paracherkaoui.ma\/index.php\/produit\/miradent-brosse-a-dents-prosonic-micro-2\/#breadcrumb\",\"itemListElement\":[{\"@type\":\"ListItem\",\"position\":1,\"name\":\"Accueil\",\"item\":\"https:\/\/paracherkaoui.ma\/\"},{\"@type\":\"ListItem\",\"position\":2,\"name\":\"Boutique\",\"item\":\"https:\/\/paracherkaoui.ma\/index.php\/boutique\/\"},{\"@type\":\"ListItem\",\"position\":3,\"name\":\"MIRADENT BROSSE A DENTS PROSONIC MICRO 2\"}]},{\"@type\":\"WebSite\",\"@id\":\"https:\/\/paracherkaoui.ma\/#website\",\"url\":\"https:\/\/paracherkaoui.ma\/\",\"name\":\"Paracherkaoui.ma\",\"description\":\"Achetez en ligne sur Paracherkaoui.ma\",\"potentialAction\":[{\"@type\":\"SearchAction\",\"target\":{\"@type\":\"EntryPoint\",\"urlTemplate\":\"https:\/\/paracherkaoui.ma\/?s={search_term_string}\"},\"query-input\":{\"@type\":\"PropertyValueSpecification\",\"valueRequired\":true,\"valueName\":\"search_term_string\"}}],\"inLanguage\":\"fr-FR\"}]}<\/script>\r\n<!-- \/ Yoast SEO plugin. -->","yoast_head_json":{"title":"MIRADENT BROSSE A DENTS PROSONIC MICRO 2 - Paracherkaoui.ma","robots":{"index":"index","follow":"follow","max-snippet":"max-snippet:-1","max-image-preview":"max-image-preview:large","max-video-preview":"max-video-preview:-1"},"canonical":"https:\/\/paracherkaoui.ma\/index.php\/produit\/miradent-brosse-a-dents-prosonic-micro-2\/","og_locale":"fr_FR","og_type":"article","og_title":"MIRADENT BROSSE A DENTS PROSONIC MICRO 2 - Paracherkaoui.ma","og_description":"Brosse \u00e0 dents sonique \u00e0 piles peu co\u00fbteuse et facile \u00e0 voyager pour une hygi\u00e8ne bucco-dentaire compl\u00e8te et compl\u00e8te. Il","og_url":"https:\/\/paracherkaoui.ma\/index.php\/produit\/miradent-brosse-a-dents-prosonic-micro-2\/","og_site_name":"Paracherkaoui.ma","article_modified_time":"2025-12-12T18:17:28+00:00","og_image":[{"width":700,"height":700,"url":"https:\/\/paracherkaoui.ma\/wp-content\/uploads\/2025\/12\/miradent-miradent-brosse-a-dents-prosonic-micro-2-brosses-a-dents.jpg","type":"image\/jpeg"}],"twitter_card":"summary_large_image","schema":{"@context":"https:\/\/schema.org","@graph":[{"@type":"WebPage","@id":"https:\/\/paracherkaoui.ma\/index.php\/produit\/miradent-brosse-a-dents-prosonic-micro-2\/","url":"https:\/\/paracherkaoui.ma\/index.php\/produit\/miradent-brosse-a-dents-prosonic-micro-2\/","name":"MIRADENT BROSSE A DENTS PROSONIC MICRO 2 - Paracherkaoui.ma","isPartOf":{"@id":"https:\/\/paracherkaoui.ma\/#website"},"primaryImageOfPage":{"@id":"https:\/\/paracherkaoui.ma\/index.php\/produit\/miradent-brosse-a-dents-prosonic-micro-2\/#primaryimage"},"image":{"@id":"https:\/\/paracherkaoui.ma\/index.php\/produit\/miradent-brosse-a-dents-prosonic-micro-2\/#primaryimage"},"thumbnailUrl":"https:\/\/paracherkaoui.ma\/wp-content\/uploads\/2025\/12\/miradent-miradent-brosse-a-dents-prosonic-micro-2-brosses-a-dents.jpg","datePublished":"2025-12-12T18:17:25+00:00","dateModified":"2025-12-12T18:17:28+00:00","breadcrumb":{"@id":"https:\/\/paracherkaoui.ma\/index.php\/produit\/miradent-brosse-a-dents-prosonic-micro-2\/#breadcrumb"},"inLanguage":"fr-FR","potentialAction":[{"@type":"ReadAction","target":["https:\/\/paracherkaoui.ma\/index.php\/produit\/miradent-brosse-a-dents-prosonic-micro-2\/"]}]},{"@type":"ImageObject","inLanguage":"fr-FR","@id":"https:\/\/paracherkaoui.ma\/index.php\/produit\/miradent-brosse-a-dents-prosonic-micro-2\/#primaryimage","url":"https:\/\/paracherkaoui.ma\/wp-content\/uploads\/2025\/12\/miradent-miradent-brosse-a-dents-prosonic-micro-2-brosses-a-dents.jpg","contentUrl":"https:\/\/paracherkaoui.ma\/wp-content\/uploads\/2025\/12\/miradent-miradent-brosse-a-dents-prosonic-micro-2-brosses-a-dents.jpg","width":700,"height":700},{"@type":"BreadcrumbList","@id":"https:\/\/paracherkaoui.ma\/index.php\/produit\/miradent-brosse-a-dents-prosonic-micro-2\/#breadcrumb","itemListElement":[{"@type":"ListItem","position":1,"name":"Accueil","item":"https:\/\/paracherkaoui.ma\/"},{"@type":"ListItem","position":2,"name":"Boutique","item":"https:\/\/paracherkaoui.ma\/index.php\/boutique\/"},{"@type":"ListItem","position":3,"name":"MIRADENT BROSSE A DENTS PROSONIC MICRO 2"}]},{"@type":"WebSite","@id":"https:\/\/paracherkaoui.ma\/#website","url":"https:\/\/paracherkaoui.ma\/","name":"Paracherkaoui.ma","description":"Achetez en ligne sur Paracherkaoui.ma","potentialAction":[{"@type":"SearchAction","target":{"@type":"EntryPoint","urlTemplate":"https:\/\/paracherkaoui.ma\/?s={search_term_string}"},"query-input":{"@type":"PropertyValueSpecification","valueRequired":true,"valueName":"search_term_string"}}],"inLanguage":"fr-FR"}]}},"_links":{"self":[{"href":"https:\/\/paracherkaoui.ma\/index.php\/wp-json\/wp\/v2\/product\/46170","targetHints":{"allow":["GET"]}}],"collection":[{"href":"https:\/\/paracherkaoui.ma\/index.php\/wp-json\/wp\/v2\/product"}],"about":[{"href":"https:\/\/paracherkaoui.ma\/index.php\/wp-json\/wp\/v2\/types\/product"}],"replies":[{"embeddable":true,"href":"https:\/\/paracherkaoui.ma\/index.php\/wp-json\/wp\/v2\/comments?post=46170"}],"version-history":[{"count":1,"href":"https:\/\/paracherkaoui.ma\/index.php\/wp-json\/wp\/v2\/product\/46170\/revisions"}],"predecessor-version":[{"id":46203,"href":"https:\/\/paracherkaoui.ma\/index.php\/wp-json\/wp\/v2\/product\/46170\/revisions\/46203"}],"wp:featuredmedia":[{"embeddable":true,"href":"https:\/\/paracherkaoui.ma\/index.php\/wp-json\/wp\/v2\/media\/46202"}],"wp:attachment":[{"href":"https:\/\/paracherkaoui.ma\/index.php\/wp-json\/wp\/v2\/media?parent=46170"}],"wp:term":[{"taxonomy":"product_brand","embeddable":true,"href":"https:\/\/paracherkaoui.ma\/index.php\/wp-json\/wp\/v2\/product_brand?post=46170"},{"taxonomy":"product_cat","embeddable":true,"href":"https:\/\/paracherkaoui.ma\/index.php\/wp-json\/wp\/v2\/product_cat?post=46170"},{"taxonomy":"product_tag","embeddable":true,"href":"https:\/\/paracherkaoui.ma\/index.php\/wp-json\/wp\/v2\/product_tag?post=46170"}],"curies":[{"name":"wp","href":"https:\/\/api.w.org\/{rel}","templated":true}]}}