{"id":46088,"date":"2025-12-12T19:17:12","date_gmt":"2025-12-12T18:17:12","guid":{"rendered":"https:\/\/test.ecbeaute.com\/?post_type=product&#038;p=46088"},"modified":"2025-12-12T19:17:19","modified_gmt":"2025-12-12T18:17:19","slug":"gum-brosse-a-dents-technique-souple-compacte-ref-491","status":"publish","type":"product","link":"https:\/\/paracherkaoui.ma\/index.php\/produit\/gum-brosse-a-dents-technique-souple-compacte-ref-491\/","title":{"rendered":"GUM BROSSE A DENTS TECHNIQUE SOUPLE COMPACTE REF 491"},"content":{"rendered":"<p>GUM TECHNIQUE + BROSSE \u00c0 DENTS SOUPLE COMPACTE 491.<br \/>\nPour un brossage perfectionn\u00e9 : son manche brevet\u00e9 Quad Grip\u00ae permet d&rsquo;orienter les brins selon l\u2019angle id\u00e9al de brossage de 45\u00b0 pour \u00e9liminer efficacement la plaque dentaire.<br \/>\nPour un brossage perfectionn\u00e9 !<br \/>\nLe manche en forme de losange guide le brossage \u00e0 45\u00b0 tout en nettoyant les 4 quadrants de la cavit\u00e9 buccale.<br \/>\nUne conception de t\u00eate de brosse multi-niveaux :<br \/>\n&#8211; La coupe des brins en forme de d\u00f4me a \u00e9t\u00e9 cliniquement prouv\u00e9e pour nettoyer sous le sillon gingival, l\u00e0 o\u00f9 apparaissent g\u00e9n\u00e9ralement les maladies gingivales.<br \/>\n&#8211; Sa conception de coupe interdentaire permet d&rsquo;\u00e9liminer efficacement la plaque dentaire entre les dents.<br \/>\n&#8211; Ses brins sur\u00e9lev\u00e9s \u00e0 l&rsquo;avant permettent d\u2019\u00e9liminer la plaque dentaire dans les zones difficiles d\u2019acc\u00e8s.<\/p>\n","protected":false},"excerpt":{"rendered":"<p>GUM TECHNIQUE + BROSSE \u00c0 DENTS SOUPLE COMPACTE 491. Pour un brossage perfectionn\u00e9 : son manche brevet\u00e9 Quad Grip\u00ae permet<\/p>\n","protected":false},"featured_media":46129,"comment_status":"open","ping_status":"closed","template":"","meta":[],"product_brand":[800],"product_cat":[834],"product_tag":[],"class_list":{"0":"post-46088","1":"product","2":"type-product","3":"status-publish","4":"has-post-thumbnail","6":"product_brand-gum","7":"product_cat-brosses-a-dents-adultes","9":"first","10":"instock","11":"sale","12":"shipping-taxable","13":"purchasable","14":"product-type-simple"},"yoast_head":"<!-- This site is optimized with the Yoast SEO plugin v26.6 - https:\/\/yoast.com\/wordpress\/plugins\/seo\/ -->\r\n<title>GUM BROSSE A DENTS TECHNIQUE SOUPLE COMPACTE REF 491 - Paracherkaoui.ma<\/title>\r\n<meta name=\"robots\" content=\"index, follow, max-snippet:-1, max-image-preview:large, max-video-preview:-1\" \/>\r\n<link rel=\"canonical\" href=\"https:\/\/paracherkaoui.ma\/index.php\/produit\/gum-brosse-a-dents-technique-souple-compacte-ref-491\/\" \/>\r\n<meta property=\"og:locale\" content=\"fr_FR\" \/>\r\n<meta property=\"og:type\" content=\"article\" \/>\r\n<meta property=\"og:title\" content=\"GUM BROSSE A DENTS TECHNIQUE SOUPLE COMPACTE REF 491 - Paracherkaoui.ma\" \/>\r\n<meta property=\"og:description\" content=\"GUM TECHNIQUE + BROSSE \u00c0 DENTS SOUPLE COMPACTE 491. Pour un brossage perfectionn\u00e9 : son manche brevet\u00e9 Quad Grip\u00ae permet\" \/>\r\n<meta property=\"og:url\" content=\"https:\/\/paracherkaoui.ma\/index.php\/produit\/gum-brosse-a-dents-technique-souple-compacte-ref-491\/\" \/>\r\n<meta property=\"og:site_name\" content=\"Paracherkaoui.ma\" \/>\r\n<meta property=\"article:modified_time\" content=\"2025-12-12T18:17:19+00:00\" \/>\r\n<meta property=\"og:image\" content=\"https:\/\/paracherkaoui.ma\/wp-content\/uploads\/2025\/12\/gum-gum-brosse-a-dents-technique-souple-compacte-ref-491-brosses-a-dents-adultes.jpg\" \/>\r\n\t<meta property=\"og:image:width\" content=\"700\" \/>\r\n\t<meta property=\"og:image:height\" content=\"700\" \/>\r\n\t<meta property=\"og:image:type\" content=\"image\/jpeg\" \/>\r\n<meta name=\"twitter:card\" content=\"summary_large_image\" \/>\r\n<meta name=\"twitter:label1\" content=\"Dur\u00e9e de lecture estim\u00e9e\" \/>\n\t<meta name=\"twitter:data1\" content=\"1 minute\" \/>\r\n<script type=\"application\/ld+json\" class=\"yoast-schema-graph\">{\"@context\":\"https:\/\/schema.org\",\"@graph\":[{\"@type\":\"WebPage\",\"@id\":\"https:\/\/paracherkaoui.ma\/index.php\/produit\/gum-brosse-a-dents-technique-souple-compacte-ref-491\/\",\"url\":\"https:\/\/paracherkaoui.ma\/index.php\/produit\/gum-brosse-a-dents-technique-souple-compacte-ref-491\/\",\"name\":\"GUM BROSSE A DENTS TECHNIQUE SOUPLE COMPACTE REF 491 - Paracherkaoui.ma\",\"isPartOf\":{\"@id\":\"https:\/\/paracherkaoui.ma\/#website\"},\"primaryImageOfPage\":{\"@id\":\"https:\/\/paracherkaoui.ma\/index.php\/produit\/gum-brosse-a-dents-technique-souple-compacte-ref-491\/#primaryimage\"},\"image\":{\"@id\":\"https:\/\/paracherkaoui.ma\/index.php\/produit\/gum-brosse-a-dents-technique-souple-compacte-ref-491\/#primaryimage\"},\"thumbnailUrl\":\"https:\/\/paracherkaoui.ma\/wp-content\/uploads\/2025\/12\/gum-gum-brosse-a-dents-technique-souple-compacte-ref-491-brosses-a-dents-adultes.jpg\",\"datePublished\":\"2025-12-12T18:17:12+00:00\",\"dateModified\":\"2025-12-12T18:17:19+00:00\",\"breadcrumb\":{\"@id\":\"https:\/\/paracherkaoui.ma\/index.php\/produit\/gum-brosse-a-dents-technique-souple-compacte-ref-491\/#breadcrumb\"},\"inLanguage\":\"fr-FR\",\"potentialAction\":[{\"@type\":\"ReadAction\",\"target\":[\"https:\/\/paracherkaoui.ma\/index.php\/produit\/gum-brosse-a-dents-technique-souple-compacte-ref-491\/\"]}]},{\"@type\":\"ImageObject\",\"inLanguage\":\"fr-FR\",\"@id\":\"https:\/\/paracherkaoui.ma\/index.php\/produit\/gum-brosse-a-dents-technique-souple-compacte-ref-491\/#primaryimage\",\"url\":\"https:\/\/paracherkaoui.ma\/wp-content\/uploads\/2025\/12\/gum-gum-brosse-a-dents-technique-souple-compacte-ref-491-brosses-a-dents-adultes.jpg\",\"contentUrl\":\"https:\/\/paracherkaoui.ma\/wp-content\/uploads\/2025\/12\/gum-gum-brosse-a-dents-technique-souple-compacte-ref-491-brosses-a-dents-adultes.jpg\",\"width\":700,\"height\":700},{\"@type\":\"BreadcrumbList\",\"@id\":\"https:\/\/paracherkaoui.ma\/index.php\/produit\/gum-brosse-a-dents-technique-souple-compacte-ref-491\/#breadcrumb\",\"itemListElement\":[{\"@type\":\"ListItem\",\"position\":1,\"name\":\"Accueil\",\"item\":\"https:\/\/paracherkaoui.ma\/\"},{\"@type\":\"ListItem\",\"position\":2,\"name\":\"Boutique\",\"item\":\"https:\/\/paracherkaoui.ma\/index.php\/boutique\/\"},{\"@type\":\"ListItem\",\"position\":3,\"name\":\"GUM BROSSE A DENTS TECHNIQUE SOUPLE COMPACTE REF 491\"}]},{\"@type\":\"WebSite\",\"@id\":\"https:\/\/paracherkaoui.ma\/#website\",\"url\":\"https:\/\/paracherkaoui.ma\/\",\"name\":\"Paracherkaoui.ma\",\"description\":\"Achetez en ligne sur Paracherkaoui.ma\",\"potentialAction\":[{\"@type\":\"SearchAction\",\"target\":{\"@type\":\"EntryPoint\",\"urlTemplate\":\"https:\/\/paracherkaoui.ma\/?s={search_term_string}\"},\"query-input\":{\"@type\":\"PropertyValueSpecification\",\"valueRequired\":true,\"valueName\":\"search_term_string\"}}],\"inLanguage\":\"fr-FR\"}]}<\/script>\r\n<!-- \/ Yoast SEO plugin. -->","yoast_head_json":{"title":"GUM BROSSE A DENTS TECHNIQUE SOUPLE COMPACTE REF 491 - Paracherkaoui.ma","robots":{"index":"index","follow":"follow","max-snippet":"max-snippet:-1","max-image-preview":"max-image-preview:large","max-video-preview":"max-video-preview:-1"},"canonical":"https:\/\/paracherkaoui.ma\/index.php\/produit\/gum-brosse-a-dents-technique-souple-compacte-ref-491\/","og_locale":"fr_FR","og_type":"article","og_title":"GUM BROSSE A DENTS TECHNIQUE SOUPLE COMPACTE REF 491 - Paracherkaoui.ma","og_description":"GUM TECHNIQUE + BROSSE \u00c0 DENTS SOUPLE COMPACTE 491. Pour un brossage perfectionn\u00e9 : son manche brevet\u00e9 Quad Grip\u00ae permet","og_url":"https:\/\/paracherkaoui.ma\/index.php\/produit\/gum-brosse-a-dents-technique-souple-compacte-ref-491\/","og_site_name":"Paracherkaoui.ma","article_modified_time":"2025-12-12T18:17:19+00:00","og_image":[{"width":700,"height":700,"url":"https:\/\/paracherkaoui.ma\/wp-content\/uploads\/2025\/12\/gum-gum-brosse-a-dents-technique-souple-compacte-ref-491-brosses-a-dents-adultes.jpg","type":"image\/jpeg"}],"twitter_card":"summary_large_image","twitter_misc":{"Dur\u00e9e de lecture estim\u00e9e":"1 minute"},"schema":{"@context":"https:\/\/schema.org","@graph":[{"@type":"WebPage","@id":"https:\/\/paracherkaoui.ma\/index.php\/produit\/gum-brosse-a-dents-technique-souple-compacte-ref-491\/","url":"https:\/\/paracherkaoui.ma\/index.php\/produit\/gum-brosse-a-dents-technique-souple-compacte-ref-491\/","name":"GUM BROSSE A DENTS TECHNIQUE SOUPLE COMPACTE REF 491 - Paracherkaoui.ma","isPartOf":{"@id":"https:\/\/paracherkaoui.ma\/#website"},"primaryImageOfPage":{"@id":"https:\/\/paracherkaoui.ma\/index.php\/produit\/gum-brosse-a-dents-technique-souple-compacte-ref-491\/#primaryimage"},"image":{"@id":"https:\/\/paracherkaoui.ma\/index.php\/produit\/gum-brosse-a-dents-technique-souple-compacte-ref-491\/#primaryimage"},"thumbnailUrl":"https:\/\/paracherkaoui.ma\/wp-content\/uploads\/2025\/12\/gum-gum-brosse-a-dents-technique-souple-compacte-ref-491-brosses-a-dents-adultes.jpg","datePublished":"2025-12-12T18:17:12+00:00","dateModified":"2025-12-12T18:17:19+00:00","breadcrumb":{"@id":"https:\/\/paracherkaoui.ma\/index.php\/produit\/gum-brosse-a-dents-technique-souple-compacte-ref-491\/#breadcrumb"},"inLanguage":"fr-FR","potentialAction":[{"@type":"ReadAction","target":["https:\/\/paracherkaoui.ma\/index.php\/produit\/gum-brosse-a-dents-technique-souple-compacte-ref-491\/"]}]},{"@type":"ImageObject","inLanguage":"fr-FR","@id":"https:\/\/paracherkaoui.ma\/index.php\/produit\/gum-brosse-a-dents-technique-souple-compacte-ref-491\/#primaryimage","url":"https:\/\/paracherkaoui.ma\/wp-content\/uploads\/2025\/12\/gum-gum-brosse-a-dents-technique-souple-compacte-ref-491-brosses-a-dents-adultes.jpg","contentUrl":"https:\/\/paracherkaoui.ma\/wp-content\/uploads\/2025\/12\/gum-gum-brosse-a-dents-technique-souple-compacte-ref-491-brosses-a-dents-adultes.jpg","width":700,"height":700},{"@type":"BreadcrumbList","@id":"https:\/\/paracherkaoui.ma\/index.php\/produit\/gum-brosse-a-dents-technique-souple-compacte-ref-491\/#breadcrumb","itemListElement":[{"@type":"ListItem","position":1,"name":"Accueil","item":"https:\/\/paracherkaoui.ma\/"},{"@type":"ListItem","position":2,"name":"Boutique","item":"https:\/\/paracherkaoui.ma\/index.php\/boutique\/"},{"@type":"ListItem","position":3,"name":"GUM BROSSE A DENTS TECHNIQUE SOUPLE COMPACTE REF 491"}]},{"@type":"WebSite","@id":"https:\/\/paracherkaoui.ma\/#website","url":"https:\/\/paracherkaoui.ma\/","name":"Paracherkaoui.ma","description":"Achetez en ligne sur Paracherkaoui.ma","potentialAction":[{"@type":"SearchAction","target":{"@type":"EntryPoint","urlTemplate":"https:\/\/paracherkaoui.ma\/?s={search_term_string}"},"query-input":{"@type":"PropertyValueSpecification","valueRequired":true,"valueName":"search_term_string"}}],"inLanguage":"fr-FR"}]}},"_links":{"self":[{"href":"https:\/\/paracherkaoui.ma\/index.php\/wp-json\/wp\/v2\/product\/46088","targetHints":{"allow":["GET"]}}],"collection":[{"href":"https:\/\/paracherkaoui.ma\/index.php\/wp-json\/wp\/v2\/product"}],"about":[{"href":"https:\/\/paracherkaoui.ma\/index.php\/wp-json\/wp\/v2\/types\/product"}],"replies":[{"embeddable":true,"href":"https:\/\/paracherkaoui.ma\/index.php\/wp-json\/wp\/v2\/comments?post=46088"}],"version-history":[{"count":1,"href":"https:\/\/paracherkaoui.ma\/index.php\/wp-json\/wp\/v2\/product\/46088\/revisions"}],"predecessor-version":[{"id":46130,"href":"https:\/\/paracherkaoui.ma\/index.php\/wp-json\/wp\/v2\/product\/46088\/revisions\/46130"}],"wp:featuredmedia":[{"embeddable":true,"href":"https:\/\/paracherkaoui.ma\/index.php\/wp-json\/wp\/v2\/media\/46129"}],"wp:attachment":[{"href":"https:\/\/paracherkaoui.ma\/index.php\/wp-json\/wp\/v2\/media?parent=46088"}],"wp:term":[{"taxonomy":"product_brand","embeddable":true,"href":"https:\/\/paracherkaoui.ma\/index.php\/wp-json\/wp\/v2\/product_brand?post=46088"},{"taxonomy":"product_cat","embeddable":true,"href":"https:\/\/paracherkaoui.ma\/index.php\/wp-json\/wp\/v2\/product_cat?post=46088"},{"taxonomy":"product_tag","embeddable":true,"href":"https:\/\/paracherkaoui.ma\/index.php\/wp-json\/wp\/v2\/product_tag?post=46088"}],"curies":[{"name":"wp","href":"https:\/\/api.w.org\/{rel}","templated":true}]}}