{"id":46002,"date":"2025-12-12T19:16:57","date_gmt":"2025-12-12T18:16:57","guid":{"rendered":"https:\/\/test.ecbeaute.com\/?post_type=product&#038;p=46002"},"modified":"2025-12-12T19:17:08","modified_gmt":"2025-12-12T18:17:08","slug":"curasept-brosse-a-dents-mono-tuft","status":"publish","type":"product","link":"https:\/\/paracherkaoui.ma\/index.php\/produit\/curasept-brosse-a-dents-mono-tuft\/","title":{"rendered":"CURASEPT BROSSE A DENTS MONO TUFT"},"content":{"rendered":"<p>Curasept Special Brosse \u00e0 dents MonoTuftl La brosse \u00e0 dents Monotouft Long pr\u00e9sente un embout circulaire unique \u00e0 forme conique, compos\u00e9 de poils souples et longs. L\u2019inclinaison de la brosse, la poign\u00e9e ergonomique et la d\u00e9licatesse des poils en font l\u2019outil id\u00e9al dans des domaines sp\u00e9cifiques tels que : hygi\u00e8ne bucco-dentaire en pr\u00e9sence d\u2019installations, de ponts et de dispositifs orthodontiques hygi\u00e8ne des zones difficiles \u00e0 atteindre, nettoyage des dents isol\u00e9es particuli\u00e8rement utiles en association avec le gel Curasept.<\/p>\n","protected":false},"excerpt":{"rendered":"<p>Curasept Special Brosse \u00e0 dents MonoTuftl La brosse \u00e0 dents Monotouft Long pr\u00e9sente un embout circulaire unique \u00e0 forme conique,<\/p>\n","protected":false},"featured_media":46047,"comment_status":"open","ping_status":"closed","template":"","meta":[],"product_brand":[805],"product_cat":[834],"product_tag":[],"class_list":{"0":"post-46002","1":"product","2":"type-product","3":"status-publish","4":"has-post-thumbnail","6":"product_brand-curasept","7":"product_cat-brosses-a-dents-adultes","9":"first","10":"instock","11":"sale","12":"shipping-taxable","13":"purchasable","14":"product-type-simple"},"yoast_head":"<!-- This site is optimized with the Yoast SEO plugin v26.6 - https:\/\/yoast.com\/wordpress\/plugins\/seo\/ -->\r\n<title>CURASEPT BROSSE A DENTS MONO TUFT - Paracherkaoui.ma<\/title>\r\n<meta name=\"robots\" content=\"index, follow, max-snippet:-1, max-image-preview:large, max-video-preview:-1\" \/>\r\n<link rel=\"canonical\" href=\"https:\/\/paracherkaoui.ma\/index.php\/produit\/curasept-brosse-a-dents-mono-tuft\/\" \/>\r\n<meta property=\"og:locale\" content=\"fr_FR\" \/>\r\n<meta property=\"og:type\" content=\"article\" \/>\r\n<meta property=\"og:title\" content=\"CURASEPT BROSSE A DENTS MONO TUFT - Paracherkaoui.ma\" \/>\r\n<meta property=\"og:description\" content=\"Curasept Special Brosse \u00e0 dents MonoTuftl La brosse \u00e0 dents Monotouft Long pr\u00e9sente un embout circulaire unique \u00e0 forme conique,\" \/>\r\n<meta property=\"og:url\" content=\"https:\/\/paracherkaoui.ma\/index.php\/produit\/curasept-brosse-a-dents-mono-tuft\/\" \/>\r\n<meta property=\"og:site_name\" content=\"Paracherkaoui.ma\" \/>\r\n<meta property=\"article:modified_time\" content=\"2025-12-12T18:17:08+00:00\" \/>\r\n<meta property=\"og:image\" content=\"https:\/\/paracherkaoui.ma\/wp-content\/uploads\/2025\/12\/curasept-curasept-brosse-a-dents-mono-tuft-brosses-a-dents-adultes.jpg\" \/>\r\n\t<meta property=\"og:image:width\" content=\"700\" \/>\r\n\t<meta property=\"og:image:height\" content=\"700\" \/>\r\n\t<meta property=\"og:image:type\" content=\"image\/jpeg\" \/>\r\n<meta name=\"twitter:card\" content=\"summary_large_image\" \/>\r\n<script type=\"application\/ld+json\" class=\"yoast-schema-graph\">{\"@context\":\"https:\/\/schema.org\",\"@graph\":[{\"@type\":\"WebPage\",\"@id\":\"https:\/\/paracherkaoui.ma\/index.php\/produit\/curasept-brosse-a-dents-mono-tuft\/\",\"url\":\"https:\/\/paracherkaoui.ma\/index.php\/produit\/curasept-brosse-a-dents-mono-tuft\/\",\"name\":\"CURASEPT BROSSE A DENTS MONO TUFT - Paracherkaoui.ma\",\"isPartOf\":{\"@id\":\"https:\/\/paracherkaoui.ma\/#website\"},\"primaryImageOfPage\":{\"@id\":\"https:\/\/paracherkaoui.ma\/index.php\/produit\/curasept-brosse-a-dents-mono-tuft\/#primaryimage\"},\"image\":{\"@id\":\"https:\/\/paracherkaoui.ma\/index.php\/produit\/curasept-brosse-a-dents-mono-tuft\/#primaryimage\"},\"thumbnailUrl\":\"https:\/\/paracherkaoui.ma\/wp-content\/uploads\/2025\/12\/curasept-curasept-brosse-a-dents-mono-tuft-brosses-a-dents-adultes.jpg\",\"datePublished\":\"2025-12-12T18:16:57+00:00\",\"dateModified\":\"2025-12-12T18:17:08+00:00\",\"breadcrumb\":{\"@id\":\"https:\/\/paracherkaoui.ma\/index.php\/produit\/curasept-brosse-a-dents-mono-tuft\/#breadcrumb\"},\"inLanguage\":\"fr-FR\",\"potentialAction\":[{\"@type\":\"ReadAction\",\"target\":[\"https:\/\/paracherkaoui.ma\/index.php\/produit\/curasept-brosse-a-dents-mono-tuft\/\"]}]},{\"@type\":\"ImageObject\",\"inLanguage\":\"fr-FR\",\"@id\":\"https:\/\/paracherkaoui.ma\/index.php\/produit\/curasept-brosse-a-dents-mono-tuft\/#primaryimage\",\"url\":\"https:\/\/paracherkaoui.ma\/wp-content\/uploads\/2025\/12\/curasept-curasept-brosse-a-dents-mono-tuft-brosses-a-dents-adultes.jpg\",\"contentUrl\":\"https:\/\/paracherkaoui.ma\/wp-content\/uploads\/2025\/12\/curasept-curasept-brosse-a-dents-mono-tuft-brosses-a-dents-adultes.jpg\",\"width\":700,\"height\":700},{\"@type\":\"BreadcrumbList\",\"@id\":\"https:\/\/paracherkaoui.ma\/index.php\/produit\/curasept-brosse-a-dents-mono-tuft\/#breadcrumb\",\"itemListElement\":[{\"@type\":\"ListItem\",\"position\":1,\"name\":\"Accueil\",\"item\":\"https:\/\/paracherkaoui.ma\/\"},{\"@type\":\"ListItem\",\"position\":2,\"name\":\"Boutique\",\"item\":\"https:\/\/paracherkaoui.ma\/index.php\/boutique\/\"},{\"@type\":\"ListItem\",\"position\":3,\"name\":\"CURASEPT BROSSE A DENTS MONO TUFT\"}]},{\"@type\":\"WebSite\",\"@id\":\"https:\/\/paracherkaoui.ma\/#website\",\"url\":\"https:\/\/paracherkaoui.ma\/\",\"name\":\"Paracherkaoui.ma\",\"description\":\"Achetez en ligne sur Paracherkaoui.ma\",\"potentialAction\":[{\"@type\":\"SearchAction\",\"target\":{\"@type\":\"EntryPoint\",\"urlTemplate\":\"https:\/\/paracherkaoui.ma\/?s={search_term_string}\"},\"query-input\":{\"@type\":\"PropertyValueSpecification\",\"valueRequired\":true,\"valueName\":\"search_term_string\"}}],\"inLanguage\":\"fr-FR\"}]}<\/script>\r\n<!-- \/ Yoast SEO plugin. -->","yoast_head_json":{"title":"CURASEPT BROSSE A DENTS MONO TUFT - Paracherkaoui.ma","robots":{"index":"index","follow":"follow","max-snippet":"max-snippet:-1","max-image-preview":"max-image-preview:large","max-video-preview":"max-video-preview:-1"},"canonical":"https:\/\/paracherkaoui.ma\/index.php\/produit\/curasept-brosse-a-dents-mono-tuft\/","og_locale":"fr_FR","og_type":"article","og_title":"CURASEPT BROSSE A DENTS MONO TUFT - Paracherkaoui.ma","og_description":"Curasept Special Brosse \u00e0 dents MonoTuftl La brosse \u00e0 dents Monotouft Long pr\u00e9sente un embout circulaire unique \u00e0 forme conique,","og_url":"https:\/\/paracherkaoui.ma\/index.php\/produit\/curasept-brosse-a-dents-mono-tuft\/","og_site_name":"Paracherkaoui.ma","article_modified_time":"2025-12-12T18:17:08+00:00","og_image":[{"width":700,"height":700,"url":"https:\/\/paracherkaoui.ma\/wp-content\/uploads\/2025\/12\/curasept-curasept-brosse-a-dents-mono-tuft-brosses-a-dents-adultes.jpg","type":"image\/jpeg"}],"twitter_card":"summary_large_image","schema":{"@context":"https:\/\/schema.org","@graph":[{"@type":"WebPage","@id":"https:\/\/paracherkaoui.ma\/index.php\/produit\/curasept-brosse-a-dents-mono-tuft\/","url":"https:\/\/paracherkaoui.ma\/index.php\/produit\/curasept-brosse-a-dents-mono-tuft\/","name":"CURASEPT BROSSE A DENTS MONO TUFT - Paracherkaoui.ma","isPartOf":{"@id":"https:\/\/paracherkaoui.ma\/#website"},"primaryImageOfPage":{"@id":"https:\/\/paracherkaoui.ma\/index.php\/produit\/curasept-brosse-a-dents-mono-tuft\/#primaryimage"},"image":{"@id":"https:\/\/paracherkaoui.ma\/index.php\/produit\/curasept-brosse-a-dents-mono-tuft\/#primaryimage"},"thumbnailUrl":"https:\/\/paracherkaoui.ma\/wp-content\/uploads\/2025\/12\/curasept-curasept-brosse-a-dents-mono-tuft-brosses-a-dents-adultes.jpg","datePublished":"2025-12-12T18:16:57+00:00","dateModified":"2025-12-12T18:17:08+00:00","breadcrumb":{"@id":"https:\/\/paracherkaoui.ma\/index.php\/produit\/curasept-brosse-a-dents-mono-tuft\/#breadcrumb"},"inLanguage":"fr-FR","potentialAction":[{"@type":"ReadAction","target":["https:\/\/paracherkaoui.ma\/index.php\/produit\/curasept-brosse-a-dents-mono-tuft\/"]}]},{"@type":"ImageObject","inLanguage":"fr-FR","@id":"https:\/\/paracherkaoui.ma\/index.php\/produit\/curasept-brosse-a-dents-mono-tuft\/#primaryimage","url":"https:\/\/paracherkaoui.ma\/wp-content\/uploads\/2025\/12\/curasept-curasept-brosse-a-dents-mono-tuft-brosses-a-dents-adultes.jpg","contentUrl":"https:\/\/paracherkaoui.ma\/wp-content\/uploads\/2025\/12\/curasept-curasept-brosse-a-dents-mono-tuft-brosses-a-dents-adultes.jpg","width":700,"height":700},{"@type":"BreadcrumbList","@id":"https:\/\/paracherkaoui.ma\/index.php\/produit\/curasept-brosse-a-dents-mono-tuft\/#breadcrumb","itemListElement":[{"@type":"ListItem","position":1,"name":"Accueil","item":"https:\/\/paracherkaoui.ma\/"},{"@type":"ListItem","position":2,"name":"Boutique","item":"https:\/\/paracherkaoui.ma\/index.php\/boutique\/"},{"@type":"ListItem","position":3,"name":"CURASEPT BROSSE A DENTS MONO TUFT"}]},{"@type":"WebSite","@id":"https:\/\/paracherkaoui.ma\/#website","url":"https:\/\/paracherkaoui.ma\/","name":"Paracherkaoui.ma","description":"Achetez en ligne sur Paracherkaoui.ma","potentialAction":[{"@type":"SearchAction","target":{"@type":"EntryPoint","urlTemplate":"https:\/\/paracherkaoui.ma\/?s={search_term_string}"},"query-input":{"@type":"PropertyValueSpecification","valueRequired":true,"valueName":"search_term_string"}}],"inLanguage":"fr-FR"}]}},"_links":{"self":[{"href":"https:\/\/paracherkaoui.ma\/index.php\/wp-json\/wp\/v2\/product\/46002","targetHints":{"allow":["GET"]}}],"collection":[{"href":"https:\/\/paracherkaoui.ma\/index.php\/wp-json\/wp\/v2\/product"}],"about":[{"href":"https:\/\/paracherkaoui.ma\/index.php\/wp-json\/wp\/v2\/types\/product"}],"replies":[{"embeddable":true,"href":"https:\/\/paracherkaoui.ma\/index.php\/wp-json\/wp\/v2\/comments?post=46002"}],"version-history":[{"count":1,"href":"https:\/\/paracherkaoui.ma\/index.php\/wp-json\/wp\/v2\/product\/46002\/revisions"}],"predecessor-version":[{"id":46048,"href":"https:\/\/paracherkaoui.ma\/index.php\/wp-json\/wp\/v2\/product\/46002\/revisions\/46048"}],"wp:featuredmedia":[{"embeddable":true,"href":"https:\/\/paracherkaoui.ma\/index.php\/wp-json\/wp\/v2\/media\/46047"}],"wp:attachment":[{"href":"https:\/\/paracherkaoui.ma\/index.php\/wp-json\/wp\/v2\/media?parent=46002"}],"wp:term":[{"taxonomy":"product_brand","embeddable":true,"href":"https:\/\/paracherkaoui.ma\/index.php\/wp-json\/wp\/v2\/product_brand?post=46002"},{"taxonomy":"product_cat","embeddable":true,"href":"https:\/\/paracherkaoui.ma\/index.php\/wp-json\/wp\/v2\/product_cat?post=46002"},{"taxonomy":"product_tag","embeddable":true,"href":"https:\/\/paracherkaoui.ma\/index.php\/wp-json\/wp\/v2\/product_tag?post=46002"}],"curies":[{"name":"wp","href":"https:\/\/api.w.org\/{rel}","templated":true}]}}