{"id":45996,"date":"2025-12-12T19:16:57","date_gmt":"2025-12-12T18:16:57","guid":{"rendered":"https:\/\/test.ecbeaute.com\/?post_type=product&#038;p=45996"},"modified":"2025-12-12T19:17:05","modified_gmt":"2025-12-12T18:17:05","slug":"elgydium-vitale-brosse-a-dents-souple","status":"publish","type":"product","link":"https:\/\/paracherkaoui.ma\/index.php\/produit\/elgydium-vitale-brosse-a-dents-souple\/","title":{"rendered":"ELGYDIUM VITALE BROSSE A DENTS SOUPLE"},"content":{"rendered":"<p>Avec sa t\u00eate longue et arrondie, ses brins en nylon de qualit\u00e9 sup\u00e9rieure finement arrondis \u00e0 leur extr\u00e9mit\u00e9 et son manche ergonomique antid\u00e9rapant, la brosse \u00e0 dents ELGYDIUM Vitale offre un parfait confort de brossage. Elle respecte les dents et les gencives.<br \/>\nLes bienfaits :<br \/>\n\u2022 ESSENTIELLE gr\u00e2ce \u00e0 sa t\u00eate longue et arrondie pour un confort de brossage parfait.<br \/>\n\u2022 ERGONOMIQUE : pour une parfaite prise en main et un meilleur confort.<br \/>\n\u2022 HYGI\u00c9NIQUE gr\u00e2ce \u00e0 son prot\u00e8ge-t\u00eate.<br \/>\nConseils d&rsquo;utilisation:<br \/>\nIl est recommand\u00e9 de se brosser les dents apr\u00e8s chaque repas, 2 \u00e0 3 fois par jour, pendant 2 minutes, id\u00e9alement avec le dentifrice ELGYDIUM Protection Caries.<\/p>\n","protected":false},"excerpt":{"rendered":"<p>Avec sa t\u00eate longue et arrondie, ses brins en nylon de qualit\u00e9 sup\u00e9rieure finement arrondis \u00e0 leur extr\u00e9mit\u00e9 et son<\/p>\n","protected":false},"featured_media":46035,"comment_status":"open","ping_status":"closed","template":"","meta":[],"product_brand":[798],"product_cat":[834],"product_tag":[],"class_list":{"0":"post-45996","1":"product","2":"type-product","3":"status-publish","4":"has-post-thumbnail","6":"product_brand-elgydium","7":"product_cat-brosses-a-dents-adultes","9":"first","10":"instock","11":"sale","12":"shipping-taxable","13":"purchasable","14":"product-type-simple"},"yoast_head":"<!-- This site is optimized with the Yoast SEO plugin v26.6 - https:\/\/yoast.com\/wordpress\/plugins\/seo\/ -->\r\n<title>ELGYDIUM VITALE BROSSE A DENTS SOUPLE - Paracherkaoui.ma<\/title>\r\n<meta name=\"robots\" content=\"index, follow, max-snippet:-1, max-image-preview:large, max-video-preview:-1\" \/>\r\n<link rel=\"canonical\" href=\"https:\/\/paracherkaoui.ma\/index.php\/produit\/elgydium-vitale-brosse-a-dents-souple\/\" \/>\r\n<meta property=\"og:locale\" content=\"fr_FR\" \/>\r\n<meta property=\"og:type\" content=\"article\" \/>\r\n<meta property=\"og:title\" content=\"ELGYDIUM VITALE BROSSE A DENTS SOUPLE - Paracherkaoui.ma\" \/>\r\n<meta property=\"og:description\" content=\"Avec sa t\u00eate longue et arrondie, ses brins en nylon de qualit\u00e9 sup\u00e9rieure finement arrondis \u00e0 leur extr\u00e9mit\u00e9 et son\" \/>\r\n<meta property=\"og:url\" content=\"https:\/\/paracherkaoui.ma\/index.php\/produit\/elgydium-vitale-brosse-a-dents-souple\/\" \/>\r\n<meta property=\"og:site_name\" content=\"Paracherkaoui.ma\" \/>\r\n<meta property=\"article:modified_time\" content=\"2025-12-12T18:17:05+00:00\" \/>\r\n<meta property=\"og:image\" content=\"https:\/\/paracherkaoui.ma\/wp-content\/uploads\/2025\/12\/elgydium-elgydium-vitale-brosse-a-dents-souple-brosses-a-dents-adultes.jpg\" \/>\r\n\t<meta property=\"og:image:width\" content=\"700\" \/>\r\n\t<meta property=\"og:image:height\" content=\"700\" \/>\r\n\t<meta property=\"og:image:type\" content=\"image\/jpeg\" \/>\r\n<meta name=\"twitter:card\" content=\"summary_large_image\" \/>\r\n<meta name=\"twitter:label1\" content=\"Dur\u00e9e de lecture estim\u00e9e\" \/>\n\t<meta name=\"twitter:data1\" content=\"1 minute\" \/>\r\n<script type=\"application\/ld+json\" class=\"yoast-schema-graph\">{\"@context\":\"https:\/\/schema.org\",\"@graph\":[{\"@type\":\"WebPage\",\"@id\":\"https:\/\/paracherkaoui.ma\/index.php\/produit\/elgydium-vitale-brosse-a-dents-souple\/\",\"url\":\"https:\/\/paracherkaoui.ma\/index.php\/produit\/elgydium-vitale-brosse-a-dents-souple\/\",\"name\":\"ELGYDIUM VITALE BROSSE A DENTS SOUPLE - Paracherkaoui.ma\",\"isPartOf\":{\"@id\":\"https:\/\/paracherkaoui.ma\/#website\"},\"primaryImageOfPage\":{\"@id\":\"https:\/\/paracherkaoui.ma\/index.php\/produit\/elgydium-vitale-brosse-a-dents-souple\/#primaryimage\"},\"image\":{\"@id\":\"https:\/\/paracherkaoui.ma\/index.php\/produit\/elgydium-vitale-brosse-a-dents-souple\/#primaryimage\"},\"thumbnailUrl\":\"https:\/\/paracherkaoui.ma\/wp-content\/uploads\/2025\/12\/elgydium-elgydium-vitale-brosse-a-dents-souple-brosses-a-dents-adultes.jpg\",\"datePublished\":\"2025-12-12T18:16:57+00:00\",\"dateModified\":\"2025-12-12T18:17:05+00:00\",\"breadcrumb\":{\"@id\":\"https:\/\/paracherkaoui.ma\/index.php\/produit\/elgydium-vitale-brosse-a-dents-souple\/#breadcrumb\"},\"inLanguage\":\"fr-FR\",\"potentialAction\":[{\"@type\":\"ReadAction\",\"target\":[\"https:\/\/paracherkaoui.ma\/index.php\/produit\/elgydium-vitale-brosse-a-dents-souple\/\"]}]},{\"@type\":\"ImageObject\",\"inLanguage\":\"fr-FR\",\"@id\":\"https:\/\/paracherkaoui.ma\/index.php\/produit\/elgydium-vitale-brosse-a-dents-souple\/#primaryimage\",\"url\":\"https:\/\/paracherkaoui.ma\/wp-content\/uploads\/2025\/12\/elgydium-elgydium-vitale-brosse-a-dents-souple-brosses-a-dents-adultes.jpg\",\"contentUrl\":\"https:\/\/paracherkaoui.ma\/wp-content\/uploads\/2025\/12\/elgydium-elgydium-vitale-brosse-a-dents-souple-brosses-a-dents-adultes.jpg\",\"width\":700,\"height\":700},{\"@type\":\"BreadcrumbList\",\"@id\":\"https:\/\/paracherkaoui.ma\/index.php\/produit\/elgydium-vitale-brosse-a-dents-souple\/#breadcrumb\",\"itemListElement\":[{\"@type\":\"ListItem\",\"position\":1,\"name\":\"Accueil\",\"item\":\"https:\/\/paracherkaoui.ma\/\"},{\"@type\":\"ListItem\",\"position\":2,\"name\":\"Boutique\",\"item\":\"https:\/\/paracherkaoui.ma\/index.php\/boutique\/\"},{\"@type\":\"ListItem\",\"position\":3,\"name\":\"ELGYDIUM VITALE BROSSE A DENTS SOUPLE\"}]},{\"@type\":\"WebSite\",\"@id\":\"https:\/\/paracherkaoui.ma\/#website\",\"url\":\"https:\/\/paracherkaoui.ma\/\",\"name\":\"Paracherkaoui.ma\",\"description\":\"Achetez en ligne sur Paracherkaoui.ma\",\"potentialAction\":[{\"@type\":\"SearchAction\",\"target\":{\"@type\":\"EntryPoint\",\"urlTemplate\":\"https:\/\/paracherkaoui.ma\/?s={search_term_string}\"},\"query-input\":{\"@type\":\"PropertyValueSpecification\",\"valueRequired\":true,\"valueName\":\"search_term_string\"}}],\"inLanguage\":\"fr-FR\"}]}<\/script>\r\n<!-- \/ Yoast SEO plugin. -->","yoast_head_json":{"title":"ELGYDIUM VITALE BROSSE A DENTS SOUPLE - Paracherkaoui.ma","robots":{"index":"index","follow":"follow","max-snippet":"max-snippet:-1","max-image-preview":"max-image-preview:large","max-video-preview":"max-video-preview:-1"},"canonical":"https:\/\/paracherkaoui.ma\/index.php\/produit\/elgydium-vitale-brosse-a-dents-souple\/","og_locale":"fr_FR","og_type":"article","og_title":"ELGYDIUM VITALE BROSSE A DENTS SOUPLE - Paracherkaoui.ma","og_description":"Avec sa t\u00eate longue et arrondie, ses brins en nylon de qualit\u00e9 sup\u00e9rieure finement arrondis \u00e0 leur extr\u00e9mit\u00e9 et son","og_url":"https:\/\/paracherkaoui.ma\/index.php\/produit\/elgydium-vitale-brosse-a-dents-souple\/","og_site_name":"Paracherkaoui.ma","article_modified_time":"2025-12-12T18:17:05+00:00","og_image":[{"width":700,"height":700,"url":"https:\/\/paracherkaoui.ma\/wp-content\/uploads\/2025\/12\/elgydium-elgydium-vitale-brosse-a-dents-souple-brosses-a-dents-adultes.jpg","type":"image\/jpeg"}],"twitter_card":"summary_large_image","twitter_misc":{"Dur\u00e9e de lecture estim\u00e9e":"1 minute"},"schema":{"@context":"https:\/\/schema.org","@graph":[{"@type":"WebPage","@id":"https:\/\/paracherkaoui.ma\/index.php\/produit\/elgydium-vitale-brosse-a-dents-souple\/","url":"https:\/\/paracherkaoui.ma\/index.php\/produit\/elgydium-vitale-brosse-a-dents-souple\/","name":"ELGYDIUM VITALE BROSSE A DENTS SOUPLE - Paracherkaoui.ma","isPartOf":{"@id":"https:\/\/paracherkaoui.ma\/#website"},"primaryImageOfPage":{"@id":"https:\/\/paracherkaoui.ma\/index.php\/produit\/elgydium-vitale-brosse-a-dents-souple\/#primaryimage"},"image":{"@id":"https:\/\/paracherkaoui.ma\/index.php\/produit\/elgydium-vitale-brosse-a-dents-souple\/#primaryimage"},"thumbnailUrl":"https:\/\/paracherkaoui.ma\/wp-content\/uploads\/2025\/12\/elgydium-elgydium-vitale-brosse-a-dents-souple-brosses-a-dents-adultes.jpg","datePublished":"2025-12-12T18:16:57+00:00","dateModified":"2025-12-12T18:17:05+00:00","breadcrumb":{"@id":"https:\/\/paracherkaoui.ma\/index.php\/produit\/elgydium-vitale-brosse-a-dents-souple\/#breadcrumb"},"inLanguage":"fr-FR","potentialAction":[{"@type":"ReadAction","target":["https:\/\/paracherkaoui.ma\/index.php\/produit\/elgydium-vitale-brosse-a-dents-souple\/"]}]},{"@type":"ImageObject","inLanguage":"fr-FR","@id":"https:\/\/paracherkaoui.ma\/index.php\/produit\/elgydium-vitale-brosse-a-dents-souple\/#primaryimage","url":"https:\/\/paracherkaoui.ma\/wp-content\/uploads\/2025\/12\/elgydium-elgydium-vitale-brosse-a-dents-souple-brosses-a-dents-adultes.jpg","contentUrl":"https:\/\/paracherkaoui.ma\/wp-content\/uploads\/2025\/12\/elgydium-elgydium-vitale-brosse-a-dents-souple-brosses-a-dents-adultes.jpg","width":700,"height":700},{"@type":"BreadcrumbList","@id":"https:\/\/paracherkaoui.ma\/index.php\/produit\/elgydium-vitale-brosse-a-dents-souple\/#breadcrumb","itemListElement":[{"@type":"ListItem","position":1,"name":"Accueil","item":"https:\/\/paracherkaoui.ma\/"},{"@type":"ListItem","position":2,"name":"Boutique","item":"https:\/\/paracherkaoui.ma\/index.php\/boutique\/"},{"@type":"ListItem","position":3,"name":"ELGYDIUM VITALE BROSSE A DENTS SOUPLE"}]},{"@type":"WebSite","@id":"https:\/\/paracherkaoui.ma\/#website","url":"https:\/\/paracherkaoui.ma\/","name":"Paracherkaoui.ma","description":"Achetez en ligne sur Paracherkaoui.ma","potentialAction":[{"@type":"SearchAction","target":{"@type":"EntryPoint","urlTemplate":"https:\/\/paracherkaoui.ma\/?s={search_term_string}"},"query-input":{"@type":"PropertyValueSpecification","valueRequired":true,"valueName":"search_term_string"}}],"inLanguage":"fr-FR"}]}},"_links":{"self":[{"href":"https:\/\/paracherkaoui.ma\/index.php\/wp-json\/wp\/v2\/product\/45996","targetHints":{"allow":["GET"]}}],"collection":[{"href":"https:\/\/paracherkaoui.ma\/index.php\/wp-json\/wp\/v2\/product"}],"about":[{"href":"https:\/\/paracherkaoui.ma\/index.php\/wp-json\/wp\/v2\/types\/product"}],"replies":[{"embeddable":true,"href":"https:\/\/paracherkaoui.ma\/index.php\/wp-json\/wp\/v2\/comments?post=45996"}],"version-history":[{"count":1,"href":"https:\/\/paracherkaoui.ma\/index.php\/wp-json\/wp\/v2\/product\/45996\/revisions"}],"predecessor-version":[{"id":46036,"href":"https:\/\/paracherkaoui.ma\/index.php\/wp-json\/wp\/v2\/product\/45996\/revisions\/46036"}],"wp:featuredmedia":[{"embeddable":true,"href":"https:\/\/paracherkaoui.ma\/index.php\/wp-json\/wp\/v2\/media\/46035"}],"wp:attachment":[{"href":"https:\/\/paracherkaoui.ma\/index.php\/wp-json\/wp\/v2\/media?parent=45996"}],"wp:term":[{"taxonomy":"product_brand","embeddable":true,"href":"https:\/\/paracherkaoui.ma\/index.php\/wp-json\/wp\/v2\/product_brand?post=45996"},{"taxonomy":"product_cat","embeddable":true,"href":"https:\/\/paracherkaoui.ma\/index.php\/wp-json\/wp\/v2\/product_cat?post=45996"},{"taxonomy":"product_tag","embeddable":true,"href":"https:\/\/paracherkaoui.ma\/index.php\/wp-json\/wp\/v2\/product_tag?post=45996"}],"curies":[{"name":"wp","href":"https:\/\/api.w.org\/{rel}","templated":true}]}}