{"id":45992,"date":"2025-12-12T19:16:57","date_gmt":"2025-12-12T18:16:57","guid":{"rendered":"https:\/\/test.ecbeaute.com\/?post_type=product&#038;p=45992"},"modified":"2025-12-12T19:17:02","modified_gmt":"2025-12-12T18:17:02","slug":"curaprox-brosse-a-dents-smart-ultra-souple","status":"publish","type":"product","link":"https:\/\/paracherkaoui.ma\/index.php\/produit\/curaprox-brosse-a-dents-smart-ultra-souple\/","title":{"rendered":"CURAPROX BROSSE A DENTS SMART ULTRA SOUPLE"},"content":{"rendered":"<p>Il existe maintenant une nouvelle brosse parfaite pour les enfants et les adultes ayant une petite bouche. Le CS Smart ressemble \u00e0 notre version \u00e0 succ\u00e8s pour adultes mais a une t\u00eate encore plus petite mais \u00e9tonnamment plus de filaments ! 7 600 filaments CUREN\u00ae pour \u00eatre exact chacun avec un diam\u00e8tre tr\u00e8s fin de 0,08 mm. Petit mais puissant, c&rsquo;est le nouveau CS Smart<\/p>\n","protected":false},"excerpt":{"rendered":"<p>Il existe maintenant une nouvelle brosse parfaite pour les enfants et les adultes ayant une petite bouche. Le CS Smart<\/p>\n","protected":false},"featured_media":46027,"comment_status":"open","ping_status":"closed","template":"","meta":[],"product_brand":[836],"product_cat":[834],"product_tag":[],"class_list":{"0":"post-45992","1":"product","2":"type-product","3":"status-publish","4":"has-post-thumbnail","6":"product_brand-curaprox","7":"product_cat-brosses-a-dents-adultes","9":"first","10":"instock","11":"sale","12":"shipping-taxable","13":"purchasable","14":"product-type-simple"},"yoast_head":"<!-- This site is optimized with the Yoast SEO plugin v26.6 - https:\/\/yoast.com\/wordpress\/plugins\/seo\/ -->\r\n<title>CURAPROX BROSSE A DENTS SMART ULTRA SOUPLE - Paracherkaoui.ma<\/title>\r\n<meta name=\"robots\" content=\"index, follow, max-snippet:-1, max-image-preview:large, max-video-preview:-1\" \/>\r\n<link rel=\"canonical\" href=\"https:\/\/paracherkaoui.ma\/index.php\/produit\/curaprox-brosse-a-dents-smart-ultra-souple\/\" \/>\r\n<meta property=\"og:locale\" content=\"fr_FR\" \/>\r\n<meta property=\"og:type\" content=\"article\" \/>\r\n<meta property=\"og:title\" content=\"CURAPROX BROSSE A DENTS SMART ULTRA SOUPLE - Paracherkaoui.ma\" \/>\r\n<meta property=\"og:description\" content=\"Il existe maintenant une nouvelle brosse parfaite pour les enfants et les adultes ayant une petite bouche. Le CS Smart\" \/>\r\n<meta property=\"og:url\" content=\"https:\/\/paracherkaoui.ma\/index.php\/produit\/curaprox-brosse-a-dents-smart-ultra-souple\/\" \/>\r\n<meta property=\"og:site_name\" content=\"Paracherkaoui.ma\" \/>\r\n<meta property=\"article:modified_time\" content=\"2025-12-12T18:17:02+00:00\" \/>\r\n<meta property=\"og:image\" content=\"https:\/\/paracherkaoui.ma\/wp-content\/uploads\/2025\/12\/curaprox-curaprox-brosse-a-dents-smart-ultra-souple-brosses-a-dents-adultes.jpg\" \/>\r\n\t<meta property=\"og:image:width\" content=\"700\" \/>\r\n\t<meta property=\"og:image:height\" content=\"700\" \/>\r\n\t<meta property=\"og:image:type\" content=\"image\/jpeg\" \/>\r\n<meta name=\"twitter:card\" content=\"summary_large_image\" \/>\r\n<script type=\"application\/ld+json\" class=\"yoast-schema-graph\">{\"@context\":\"https:\/\/schema.org\",\"@graph\":[{\"@type\":\"WebPage\",\"@id\":\"https:\/\/paracherkaoui.ma\/index.php\/produit\/curaprox-brosse-a-dents-smart-ultra-souple\/\",\"url\":\"https:\/\/paracherkaoui.ma\/index.php\/produit\/curaprox-brosse-a-dents-smart-ultra-souple\/\",\"name\":\"CURAPROX BROSSE A DENTS SMART ULTRA SOUPLE - Paracherkaoui.ma\",\"isPartOf\":{\"@id\":\"https:\/\/paracherkaoui.ma\/#website\"},\"primaryImageOfPage\":{\"@id\":\"https:\/\/paracherkaoui.ma\/index.php\/produit\/curaprox-brosse-a-dents-smart-ultra-souple\/#primaryimage\"},\"image\":{\"@id\":\"https:\/\/paracherkaoui.ma\/index.php\/produit\/curaprox-brosse-a-dents-smart-ultra-souple\/#primaryimage\"},\"thumbnailUrl\":\"https:\/\/paracherkaoui.ma\/wp-content\/uploads\/2025\/12\/curaprox-curaprox-brosse-a-dents-smart-ultra-souple-brosses-a-dents-adultes.jpg\",\"datePublished\":\"2025-12-12T18:16:57+00:00\",\"dateModified\":\"2025-12-12T18:17:02+00:00\",\"breadcrumb\":{\"@id\":\"https:\/\/paracherkaoui.ma\/index.php\/produit\/curaprox-brosse-a-dents-smart-ultra-souple\/#breadcrumb\"},\"inLanguage\":\"fr-FR\",\"potentialAction\":[{\"@type\":\"ReadAction\",\"target\":[\"https:\/\/paracherkaoui.ma\/index.php\/produit\/curaprox-brosse-a-dents-smart-ultra-souple\/\"]}]},{\"@type\":\"ImageObject\",\"inLanguage\":\"fr-FR\",\"@id\":\"https:\/\/paracherkaoui.ma\/index.php\/produit\/curaprox-brosse-a-dents-smart-ultra-souple\/#primaryimage\",\"url\":\"https:\/\/paracherkaoui.ma\/wp-content\/uploads\/2025\/12\/curaprox-curaprox-brosse-a-dents-smart-ultra-souple-brosses-a-dents-adultes.jpg\",\"contentUrl\":\"https:\/\/paracherkaoui.ma\/wp-content\/uploads\/2025\/12\/curaprox-curaprox-brosse-a-dents-smart-ultra-souple-brosses-a-dents-adultes.jpg\",\"width\":700,\"height\":700},{\"@type\":\"BreadcrumbList\",\"@id\":\"https:\/\/paracherkaoui.ma\/index.php\/produit\/curaprox-brosse-a-dents-smart-ultra-souple\/#breadcrumb\",\"itemListElement\":[{\"@type\":\"ListItem\",\"position\":1,\"name\":\"Accueil\",\"item\":\"https:\/\/paracherkaoui.ma\/\"},{\"@type\":\"ListItem\",\"position\":2,\"name\":\"Boutique\",\"item\":\"https:\/\/paracherkaoui.ma\/index.php\/boutique\/\"},{\"@type\":\"ListItem\",\"position\":3,\"name\":\"CURAPROX BROSSE A DENTS SMART ULTRA SOUPLE\"}]},{\"@type\":\"WebSite\",\"@id\":\"https:\/\/paracherkaoui.ma\/#website\",\"url\":\"https:\/\/paracherkaoui.ma\/\",\"name\":\"Paracherkaoui.ma\",\"description\":\"Achetez en ligne sur Paracherkaoui.ma\",\"potentialAction\":[{\"@type\":\"SearchAction\",\"target\":{\"@type\":\"EntryPoint\",\"urlTemplate\":\"https:\/\/paracherkaoui.ma\/?s={search_term_string}\"},\"query-input\":{\"@type\":\"PropertyValueSpecification\",\"valueRequired\":true,\"valueName\":\"search_term_string\"}}],\"inLanguage\":\"fr-FR\"}]}<\/script>\r\n<!-- \/ Yoast SEO plugin. -->","yoast_head_json":{"title":"CURAPROX BROSSE A DENTS SMART ULTRA SOUPLE - Paracherkaoui.ma","robots":{"index":"index","follow":"follow","max-snippet":"max-snippet:-1","max-image-preview":"max-image-preview:large","max-video-preview":"max-video-preview:-1"},"canonical":"https:\/\/paracherkaoui.ma\/index.php\/produit\/curaprox-brosse-a-dents-smart-ultra-souple\/","og_locale":"fr_FR","og_type":"article","og_title":"CURAPROX BROSSE A DENTS SMART ULTRA SOUPLE - Paracherkaoui.ma","og_description":"Il existe maintenant une nouvelle brosse parfaite pour les enfants et les adultes ayant une petite bouche. Le CS Smart","og_url":"https:\/\/paracherkaoui.ma\/index.php\/produit\/curaprox-brosse-a-dents-smart-ultra-souple\/","og_site_name":"Paracherkaoui.ma","article_modified_time":"2025-12-12T18:17:02+00:00","og_image":[{"width":700,"height":700,"url":"https:\/\/paracherkaoui.ma\/wp-content\/uploads\/2025\/12\/curaprox-curaprox-brosse-a-dents-smart-ultra-souple-brosses-a-dents-adultes.jpg","type":"image\/jpeg"}],"twitter_card":"summary_large_image","schema":{"@context":"https:\/\/schema.org","@graph":[{"@type":"WebPage","@id":"https:\/\/paracherkaoui.ma\/index.php\/produit\/curaprox-brosse-a-dents-smart-ultra-souple\/","url":"https:\/\/paracherkaoui.ma\/index.php\/produit\/curaprox-brosse-a-dents-smart-ultra-souple\/","name":"CURAPROX BROSSE A DENTS SMART ULTRA SOUPLE - Paracherkaoui.ma","isPartOf":{"@id":"https:\/\/paracherkaoui.ma\/#website"},"primaryImageOfPage":{"@id":"https:\/\/paracherkaoui.ma\/index.php\/produit\/curaprox-brosse-a-dents-smart-ultra-souple\/#primaryimage"},"image":{"@id":"https:\/\/paracherkaoui.ma\/index.php\/produit\/curaprox-brosse-a-dents-smart-ultra-souple\/#primaryimage"},"thumbnailUrl":"https:\/\/paracherkaoui.ma\/wp-content\/uploads\/2025\/12\/curaprox-curaprox-brosse-a-dents-smart-ultra-souple-brosses-a-dents-adultes.jpg","datePublished":"2025-12-12T18:16:57+00:00","dateModified":"2025-12-12T18:17:02+00:00","breadcrumb":{"@id":"https:\/\/paracherkaoui.ma\/index.php\/produit\/curaprox-brosse-a-dents-smart-ultra-souple\/#breadcrumb"},"inLanguage":"fr-FR","potentialAction":[{"@type":"ReadAction","target":["https:\/\/paracherkaoui.ma\/index.php\/produit\/curaprox-brosse-a-dents-smart-ultra-souple\/"]}]},{"@type":"ImageObject","inLanguage":"fr-FR","@id":"https:\/\/paracherkaoui.ma\/index.php\/produit\/curaprox-brosse-a-dents-smart-ultra-souple\/#primaryimage","url":"https:\/\/paracherkaoui.ma\/wp-content\/uploads\/2025\/12\/curaprox-curaprox-brosse-a-dents-smart-ultra-souple-brosses-a-dents-adultes.jpg","contentUrl":"https:\/\/paracherkaoui.ma\/wp-content\/uploads\/2025\/12\/curaprox-curaprox-brosse-a-dents-smart-ultra-souple-brosses-a-dents-adultes.jpg","width":700,"height":700},{"@type":"BreadcrumbList","@id":"https:\/\/paracherkaoui.ma\/index.php\/produit\/curaprox-brosse-a-dents-smart-ultra-souple\/#breadcrumb","itemListElement":[{"@type":"ListItem","position":1,"name":"Accueil","item":"https:\/\/paracherkaoui.ma\/"},{"@type":"ListItem","position":2,"name":"Boutique","item":"https:\/\/paracherkaoui.ma\/index.php\/boutique\/"},{"@type":"ListItem","position":3,"name":"CURAPROX BROSSE A DENTS SMART ULTRA SOUPLE"}]},{"@type":"WebSite","@id":"https:\/\/paracherkaoui.ma\/#website","url":"https:\/\/paracherkaoui.ma\/","name":"Paracherkaoui.ma","description":"Achetez en ligne sur Paracherkaoui.ma","potentialAction":[{"@type":"SearchAction","target":{"@type":"EntryPoint","urlTemplate":"https:\/\/paracherkaoui.ma\/?s={search_term_string}"},"query-input":{"@type":"PropertyValueSpecification","valueRequired":true,"valueName":"search_term_string"}}],"inLanguage":"fr-FR"}]}},"_links":{"self":[{"href":"https:\/\/paracherkaoui.ma\/index.php\/wp-json\/wp\/v2\/product\/45992","targetHints":{"allow":["GET"]}}],"collection":[{"href":"https:\/\/paracherkaoui.ma\/index.php\/wp-json\/wp\/v2\/product"}],"about":[{"href":"https:\/\/paracherkaoui.ma\/index.php\/wp-json\/wp\/v2\/types\/product"}],"replies":[{"embeddable":true,"href":"https:\/\/paracherkaoui.ma\/index.php\/wp-json\/wp\/v2\/comments?post=45992"}],"version-history":[{"count":1,"href":"https:\/\/paracherkaoui.ma\/index.php\/wp-json\/wp\/v2\/product\/45992\/revisions"}],"predecessor-version":[{"id":46028,"href":"https:\/\/paracherkaoui.ma\/index.php\/wp-json\/wp\/v2\/product\/45992\/revisions\/46028"}],"wp:featuredmedia":[{"embeddable":true,"href":"https:\/\/paracherkaoui.ma\/index.php\/wp-json\/wp\/v2\/media\/46027"}],"wp:attachment":[{"href":"https:\/\/paracherkaoui.ma\/index.php\/wp-json\/wp\/v2\/media?parent=45992"}],"wp:term":[{"taxonomy":"product_brand","embeddable":true,"href":"https:\/\/paracherkaoui.ma\/index.php\/wp-json\/wp\/v2\/product_brand?post=45992"},{"taxonomy":"product_cat","embeddable":true,"href":"https:\/\/paracherkaoui.ma\/index.php\/wp-json\/wp\/v2\/product_cat?post=45992"},{"taxonomy":"product_tag","embeddable":true,"href":"https:\/\/paracherkaoui.ma\/index.php\/wp-json\/wp\/v2\/product_tag?post=45992"}],"curies":[{"name":"wp","href":"https:\/\/api.w.org\/{rel}","templated":true}]}}