{"id":45923,"date":"2025-12-12T19:16:46","date_gmt":"2025-12-12T18:16:46","guid":{"rendered":"https:\/\/test.ecbeaute.com\/?post_type=product&#038;p=45923"},"modified":"2025-12-12T19:16:55","modified_gmt":"2025-12-12T18:16:55","slug":"curaprox-brosse-a-dents-ultra-souples-5460","status":"publish","type":"product","link":"https:\/\/paracherkaoui.ma\/index.php\/produit\/curaprox-brosse-a-dents-ultra-souples-5460\/","title":{"rendered":"CURAPROX BROSSE A DENTS ULTRA SOUPLES 5460"},"content":{"rendered":"<p>la brosse \u00e0 dents ultra douce Cs 5460 est fabriqu\u00e9e avec des filaments de Curen, chaque bristle \u00e9tant mince de 0,01 cm et arrondi au sommet, pour une exp\u00e9rience de brossage douce<\/p>\n","protected":false},"excerpt":{"rendered":"<p>la brosse \u00e0 dents ultra douce Cs 5460 est fabriqu\u00e9e avec des filaments de Curen, chaque bristle \u00e9tant mince de<\/p>\n","protected":false},"featured_media":45979,"comment_status":"open","ping_status":"closed","template":"","meta":[],"product_brand":[836],"product_cat":[834],"product_tag":[],"class_list":{"0":"post-45923","1":"product","2":"type-product","3":"status-publish","4":"has-post-thumbnail","6":"product_brand-curaprox","7":"product_cat-brosses-a-dents-adultes","9":"first","10":"instock","11":"sale","12":"shipping-taxable","13":"purchasable","14":"product-type-simple"},"yoast_head":"<!-- This site is optimized with the Yoast SEO plugin v26.6 - https:\/\/yoast.com\/wordpress\/plugins\/seo\/ -->\r\n<title>CURAPROX BROSSE A DENTS ULTRA SOUPLES 5460 - Paracherkaoui.ma<\/title>\r\n<meta name=\"robots\" content=\"index, follow, max-snippet:-1, max-image-preview:large, max-video-preview:-1\" \/>\r\n<link rel=\"canonical\" href=\"https:\/\/paracherkaoui.ma\/index.php\/produit\/curaprox-brosse-a-dents-ultra-souples-5460\/\" \/>\r\n<meta property=\"og:locale\" content=\"fr_FR\" \/>\r\n<meta property=\"og:type\" content=\"article\" \/>\r\n<meta property=\"og:title\" content=\"CURAPROX BROSSE A DENTS ULTRA SOUPLES 5460 - Paracherkaoui.ma\" \/>\r\n<meta property=\"og:description\" content=\"la brosse \u00e0 dents ultra douce Cs 5460 est fabriqu\u00e9e avec des filaments de Curen, chaque bristle \u00e9tant mince de\" \/>\r\n<meta property=\"og:url\" content=\"https:\/\/paracherkaoui.ma\/index.php\/produit\/curaprox-brosse-a-dents-ultra-souples-5460\/\" \/>\r\n<meta property=\"og:site_name\" content=\"Paracherkaoui.ma\" \/>\r\n<meta property=\"article:modified_time\" content=\"2025-12-12T18:16:55+00:00\" \/>\r\n<meta property=\"og:image\" content=\"https:\/\/paracherkaoui.ma\/wp-content\/uploads\/2025\/12\/curaprox-curaprox-brosse-a-dents-ultra-souples-5460-brosses-a-dents.jpg\" \/>\r\n\t<meta property=\"og:image:width\" content=\"700\" \/>\r\n\t<meta property=\"og:image:height\" content=\"700\" \/>\r\n\t<meta property=\"og:image:type\" content=\"image\/jpeg\" \/>\r\n<meta name=\"twitter:card\" content=\"summary_large_image\" \/>\r\n<script type=\"application\/ld+json\" class=\"yoast-schema-graph\">{\"@context\":\"https:\/\/schema.org\",\"@graph\":[{\"@type\":\"WebPage\",\"@id\":\"https:\/\/paracherkaoui.ma\/index.php\/produit\/curaprox-brosse-a-dents-ultra-souples-5460\/\",\"url\":\"https:\/\/paracherkaoui.ma\/index.php\/produit\/curaprox-brosse-a-dents-ultra-souples-5460\/\",\"name\":\"CURAPROX BROSSE A DENTS ULTRA SOUPLES 5460 - Paracherkaoui.ma\",\"isPartOf\":{\"@id\":\"https:\/\/paracherkaoui.ma\/#website\"},\"primaryImageOfPage\":{\"@id\":\"https:\/\/paracherkaoui.ma\/index.php\/produit\/curaprox-brosse-a-dents-ultra-souples-5460\/#primaryimage\"},\"image\":{\"@id\":\"https:\/\/paracherkaoui.ma\/index.php\/produit\/curaprox-brosse-a-dents-ultra-souples-5460\/#primaryimage\"},\"thumbnailUrl\":\"https:\/\/paracherkaoui.ma\/wp-content\/uploads\/2025\/12\/curaprox-curaprox-brosse-a-dents-ultra-souples-5460-brosses-a-dents.jpg\",\"datePublished\":\"2025-12-12T18:16:46+00:00\",\"dateModified\":\"2025-12-12T18:16:55+00:00\",\"breadcrumb\":{\"@id\":\"https:\/\/paracherkaoui.ma\/index.php\/produit\/curaprox-brosse-a-dents-ultra-souples-5460\/#breadcrumb\"},\"inLanguage\":\"fr-FR\",\"potentialAction\":[{\"@type\":\"ReadAction\",\"target\":[\"https:\/\/paracherkaoui.ma\/index.php\/produit\/curaprox-brosse-a-dents-ultra-souples-5460\/\"]}]},{\"@type\":\"ImageObject\",\"inLanguage\":\"fr-FR\",\"@id\":\"https:\/\/paracherkaoui.ma\/index.php\/produit\/curaprox-brosse-a-dents-ultra-souples-5460\/#primaryimage\",\"url\":\"https:\/\/paracherkaoui.ma\/wp-content\/uploads\/2025\/12\/curaprox-curaprox-brosse-a-dents-ultra-souples-5460-brosses-a-dents.jpg\",\"contentUrl\":\"https:\/\/paracherkaoui.ma\/wp-content\/uploads\/2025\/12\/curaprox-curaprox-brosse-a-dents-ultra-souples-5460-brosses-a-dents.jpg\",\"width\":700,\"height\":700},{\"@type\":\"BreadcrumbList\",\"@id\":\"https:\/\/paracherkaoui.ma\/index.php\/produit\/curaprox-brosse-a-dents-ultra-souples-5460\/#breadcrumb\",\"itemListElement\":[{\"@type\":\"ListItem\",\"position\":1,\"name\":\"Accueil\",\"item\":\"https:\/\/paracherkaoui.ma\/\"},{\"@type\":\"ListItem\",\"position\":2,\"name\":\"Boutique\",\"item\":\"https:\/\/paracherkaoui.ma\/index.php\/boutique\/\"},{\"@type\":\"ListItem\",\"position\":3,\"name\":\"CURAPROX BROSSE A DENTS ULTRA SOUPLES 5460\"}]},{\"@type\":\"WebSite\",\"@id\":\"https:\/\/paracherkaoui.ma\/#website\",\"url\":\"https:\/\/paracherkaoui.ma\/\",\"name\":\"Paracherkaoui.ma\",\"description\":\"Achetez en ligne sur Paracherkaoui.ma\",\"potentialAction\":[{\"@type\":\"SearchAction\",\"target\":{\"@type\":\"EntryPoint\",\"urlTemplate\":\"https:\/\/paracherkaoui.ma\/?s={search_term_string}\"},\"query-input\":{\"@type\":\"PropertyValueSpecification\",\"valueRequired\":true,\"valueName\":\"search_term_string\"}}],\"inLanguage\":\"fr-FR\"}]}<\/script>\r\n<!-- \/ Yoast SEO plugin. -->","yoast_head_json":{"title":"CURAPROX BROSSE A DENTS ULTRA SOUPLES 5460 - Paracherkaoui.ma","robots":{"index":"index","follow":"follow","max-snippet":"max-snippet:-1","max-image-preview":"max-image-preview:large","max-video-preview":"max-video-preview:-1"},"canonical":"https:\/\/paracherkaoui.ma\/index.php\/produit\/curaprox-brosse-a-dents-ultra-souples-5460\/","og_locale":"fr_FR","og_type":"article","og_title":"CURAPROX BROSSE A DENTS ULTRA SOUPLES 5460 - Paracherkaoui.ma","og_description":"la brosse \u00e0 dents ultra douce Cs 5460 est fabriqu\u00e9e avec des filaments de Curen, chaque bristle \u00e9tant mince de","og_url":"https:\/\/paracherkaoui.ma\/index.php\/produit\/curaprox-brosse-a-dents-ultra-souples-5460\/","og_site_name":"Paracherkaoui.ma","article_modified_time":"2025-12-12T18:16:55+00:00","og_image":[{"width":700,"height":700,"url":"https:\/\/paracherkaoui.ma\/wp-content\/uploads\/2025\/12\/curaprox-curaprox-brosse-a-dents-ultra-souples-5460-brosses-a-dents.jpg","type":"image\/jpeg"}],"twitter_card":"summary_large_image","schema":{"@context":"https:\/\/schema.org","@graph":[{"@type":"WebPage","@id":"https:\/\/paracherkaoui.ma\/index.php\/produit\/curaprox-brosse-a-dents-ultra-souples-5460\/","url":"https:\/\/paracherkaoui.ma\/index.php\/produit\/curaprox-brosse-a-dents-ultra-souples-5460\/","name":"CURAPROX BROSSE A DENTS ULTRA SOUPLES 5460 - Paracherkaoui.ma","isPartOf":{"@id":"https:\/\/paracherkaoui.ma\/#website"},"primaryImageOfPage":{"@id":"https:\/\/paracherkaoui.ma\/index.php\/produit\/curaprox-brosse-a-dents-ultra-souples-5460\/#primaryimage"},"image":{"@id":"https:\/\/paracherkaoui.ma\/index.php\/produit\/curaprox-brosse-a-dents-ultra-souples-5460\/#primaryimage"},"thumbnailUrl":"https:\/\/paracherkaoui.ma\/wp-content\/uploads\/2025\/12\/curaprox-curaprox-brosse-a-dents-ultra-souples-5460-brosses-a-dents.jpg","datePublished":"2025-12-12T18:16:46+00:00","dateModified":"2025-12-12T18:16:55+00:00","breadcrumb":{"@id":"https:\/\/paracherkaoui.ma\/index.php\/produit\/curaprox-brosse-a-dents-ultra-souples-5460\/#breadcrumb"},"inLanguage":"fr-FR","potentialAction":[{"@type":"ReadAction","target":["https:\/\/paracherkaoui.ma\/index.php\/produit\/curaprox-brosse-a-dents-ultra-souples-5460\/"]}]},{"@type":"ImageObject","inLanguage":"fr-FR","@id":"https:\/\/paracherkaoui.ma\/index.php\/produit\/curaprox-brosse-a-dents-ultra-souples-5460\/#primaryimage","url":"https:\/\/paracherkaoui.ma\/wp-content\/uploads\/2025\/12\/curaprox-curaprox-brosse-a-dents-ultra-souples-5460-brosses-a-dents.jpg","contentUrl":"https:\/\/paracherkaoui.ma\/wp-content\/uploads\/2025\/12\/curaprox-curaprox-brosse-a-dents-ultra-souples-5460-brosses-a-dents.jpg","width":700,"height":700},{"@type":"BreadcrumbList","@id":"https:\/\/paracherkaoui.ma\/index.php\/produit\/curaprox-brosse-a-dents-ultra-souples-5460\/#breadcrumb","itemListElement":[{"@type":"ListItem","position":1,"name":"Accueil","item":"https:\/\/paracherkaoui.ma\/"},{"@type":"ListItem","position":2,"name":"Boutique","item":"https:\/\/paracherkaoui.ma\/index.php\/boutique\/"},{"@type":"ListItem","position":3,"name":"CURAPROX BROSSE A DENTS ULTRA SOUPLES 5460"}]},{"@type":"WebSite","@id":"https:\/\/paracherkaoui.ma\/#website","url":"https:\/\/paracherkaoui.ma\/","name":"Paracherkaoui.ma","description":"Achetez en ligne sur Paracherkaoui.ma","potentialAction":[{"@type":"SearchAction","target":{"@type":"EntryPoint","urlTemplate":"https:\/\/paracherkaoui.ma\/?s={search_term_string}"},"query-input":{"@type":"PropertyValueSpecification","valueRequired":true,"valueName":"search_term_string"}}],"inLanguage":"fr-FR"}]}},"_links":{"self":[{"href":"https:\/\/paracherkaoui.ma\/index.php\/wp-json\/wp\/v2\/product\/45923","targetHints":{"allow":["GET"]}}],"collection":[{"href":"https:\/\/paracherkaoui.ma\/index.php\/wp-json\/wp\/v2\/product"}],"about":[{"href":"https:\/\/paracherkaoui.ma\/index.php\/wp-json\/wp\/v2\/types\/product"}],"replies":[{"embeddable":true,"href":"https:\/\/paracherkaoui.ma\/index.php\/wp-json\/wp\/v2\/comments?post=45923"}],"version-history":[{"count":1,"href":"https:\/\/paracherkaoui.ma\/index.php\/wp-json\/wp\/v2\/product\/45923\/revisions"}],"predecessor-version":[{"id":45980,"href":"https:\/\/paracherkaoui.ma\/index.php\/wp-json\/wp\/v2\/product\/45923\/revisions\/45980"}],"wp:featuredmedia":[{"embeddable":true,"href":"https:\/\/paracherkaoui.ma\/index.php\/wp-json\/wp\/v2\/media\/45979"}],"wp:attachment":[{"href":"https:\/\/paracherkaoui.ma\/index.php\/wp-json\/wp\/v2\/media?parent=45923"}],"wp:term":[{"taxonomy":"product_brand","embeddable":true,"href":"https:\/\/paracherkaoui.ma\/index.php\/wp-json\/wp\/v2\/product_brand?post=45923"},{"taxonomy":"product_cat","embeddable":true,"href":"https:\/\/paracherkaoui.ma\/index.php\/wp-json\/wp\/v2\/product_cat?post=45923"},{"taxonomy":"product_tag","embeddable":true,"href":"https:\/\/paracherkaoui.ma\/index.php\/wp-json\/wp\/v2\/product_tag?post=45923"}],"curies":[{"name":"wp","href":"https:\/\/api.w.org\/{rel}","templated":true}]}}