{"id":45911,"date":"2025-12-12T19:16:45","date_gmt":"2025-12-12T18:16:45","guid":{"rendered":"https:\/\/test.ecbeaute.com\/?post_type=product&#038;p=45911"},"modified":"2025-12-12T19:16:52","modified_gmt":"2025-12-12T18:16:52","slug":"vitis-brosse-a-dents-orthodontic-access","status":"publish","type":"product","link":"https:\/\/paracherkaoui.ma\/index.php\/produit\/vitis-brosse-a-dents-orthodontic-access\/","title":{"rendered":"VITIS BROSSE A DENTS ORTHODONTIC ACCESS"},"content":{"rendered":"<p>Description:<br \/>\nBrosse \u00e0 dents sp\u00e9cifiquement con\u00e7ue pour un nettoyage optimal autour des appareils orthodontiques. La t\u00eate de brosse, particuli\u00e8rement petite et flexible, est dot\u00e9e d\u2019un sillon sp\u00e9cial en V en son centre. Celui-ci favorise un bon nettoyage des dents en pr\u00e9sence d\u2019un appareil dentaire fixe<\/p>\n","protected":false},"excerpt":{"rendered":"<p>Description: Brosse \u00e0 dents sp\u00e9cifiquement con\u00e7ue pour un nettoyage optimal autour des appareils orthodontiques. La t\u00eate de brosse, particuli\u00e8rement petite<\/p>\n","protected":false},"featured_media":45955,"comment_status":"open","ping_status":"closed","template":"","meta":[],"product_brand":[797],"product_cat":[834],"product_tag":[],"class_list":{"0":"post-45911","1":"product","2":"type-product","3":"status-publish","4":"has-post-thumbnail","6":"product_brand-vitis","7":"product_cat-brosses-a-dents-adultes","9":"first","10":"instock","11":"sale","12":"shipping-taxable","13":"purchasable","14":"product-type-simple"},"yoast_head":"<!-- This site is optimized with the Yoast SEO plugin v26.6 - https:\/\/yoast.com\/wordpress\/plugins\/seo\/ -->\r\n<title>VITIS BROSSE A DENTS ORTHODONTIC ACCESS - Paracherkaoui.ma<\/title>\r\n<meta name=\"robots\" content=\"index, follow, max-snippet:-1, max-image-preview:large, max-video-preview:-1\" \/>\r\n<link rel=\"canonical\" href=\"https:\/\/paracherkaoui.ma\/index.php\/produit\/vitis-brosse-a-dents-orthodontic-access\/\" \/>\r\n<meta property=\"og:locale\" content=\"fr_FR\" \/>\r\n<meta property=\"og:type\" content=\"article\" \/>\r\n<meta property=\"og:title\" content=\"VITIS BROSSE A DENTS ORTHODONTIC ACCESS - Paracherkaoui.ma\" \/>\r\n<meta property=\"og:description\" content=\"Description: Brosse \u00e0 dents sp\u00e9cifiquement con\u00e7ue pour un nettoyage optimal autour des appareils orthodontiques. La t\u00eate de brosse, particuli\u00e8rement petite\" \/>\r\n<meta property=\"og:url\" content=\"https:\/\/paracherkaoui.ma\/index.php\/produit\/vitis-brosse-a-dents-orthodontic-access\/\" \/>\r\n<meta property=\"og:site_name\" content=\"Paracherkaoui.ma\" \/>\r\n<meta property=\"article:modified_time\" content=\"2025-12-12T18:16:52+00:00\" \/>\r\n<meta property=\"og:image\" content=\"https:\/\/paracherkaoui.ma\/wp-content\/uploads\/2025\/12\/vitis-vitis-brosse-a-dents-orthodontic-access-brosses-a-dents.jpg\" \/>\r\n\t<meta property=\"og:image:width\" content=\"700\" \/>\r\n\t<meta property=\"og:image:height\" content=\"700\" \/>\r\n\t<meta property=\"og:image:type\" content=\"image\/jpeg\" \/>\r\n<meta name=\"twitter:card\" content=\"summary_large_image\" \/>\r\n<script type=\"application\/ld+json\" class=\"yoast-schema-graph\">{\"@context\":\"https:\/\/schema.org\",\"@graph\":[{\"@type\":\"WebPage\",\"@id\":\"https:\/\/paracherkaoui.ma\/index.php\/produit\/vitis-brosse-a-dents-orthodontic-access\/\",\"url\":\"https:\/\/paracherkaoui.ma\/index.php\/produit\/vitis-brosse-a-dents-orthodontic-access\/\",\"name\":\"VITIS BROSSE A DENTS ORTHODONTIC ACCESS - Paracherkaoui.ma\",\"isPartOf\":{\"@id\":\"https:\/\/paracherkaoui.ma\/#website\"},\"primaryImageOfPage\":{\"@id\":\"https:\/\/paracherkaoui.ma\/index.php\/produit\/vitis-brosse-a-dents-orthodontic-access\/#primaryimage\"},\"image\":{\"@id\":\"https:\/\/paracherkaoui.ma\/index.php\/produit\/vitis-brosse-a-dents-orthodontic-access\/#primaryimage\"},\"thumbnailUrl\":\"https:\/\/paracherkaoui.ma\/wp-content\/uploads\/2025\/12\/vitis-vitis-brosse-a-dents-orthodontic-access-brosses-a-dents.jpg\",\"datePublished\":\"2025-12-12T18:16:45+00:00\",\"dateModified\":\"2025-12-12T18:16:52+00:00\",\"breadcrumb\":{\"@id\":\"https:\/\/paracherkaoui.ma\/index.php\/produit\/vitis-brosse-a-dents-orthodontic-access\/#breadcrumb\"},\"inLanguage\":\"fr-FR\",\"potentialAction\":[{\"@type\":\"ReadAction\",\"target\":[\"https:\/\/paracherkaoui.ma\/index.php\/produit\/vitis-brosse-a-dents-orthodontic-access\/\"]}]},{\"@type\":\"ImageObject\",\"inLanguage\":\"fr-FR\",\"@id\":\"https:\/\/paracherkaoui.ma\/index.php\/produit\/vitis-brosse-a-dents-orthodontic-access\/#primaryimage\",\"url\":\"https:\/\/paracherkaoui.ma\/wp-content\/uploads\/2025\/12\/vitis-vitis-brosse-a-dents-orthodontic-access-brosses-a-dents.jpg\",\"contentUrl\":\"https:\/\/paracherkaoui.ma\/wp-content\/uploads\/2025\/12\/vitis-vitis-brosse-a-dents-orthodontic-access-brosses-a-dents.jpg\",\"width\":700,\"height\":700},{\"@type\":\"BreadcrumbList\",\"@id\":\"https:\/\/paracherkaoui.ma\/index.php\/produit\/vitis-brosse-a-dents-orthodontic-access\/#breadcrumb\",\"itemListElement\":[{\"@type\":\"ListItem\",\"position\":1,\"name\":\"Accueil\",\"item\":\"https:\/\/paracherkaoui.ma\/\"},{\"@type\":\"ListItem\",\"position\":2,\"name\":\"Boutique\",\"item\":\"https:\/\/paracherkaoui.ma\/index.php\/boutique\/\"},{\"@type\":\"ListItem\",\"position\":3,\"name\":\"VITIS BROSSE A DENTS ORTHODONTIC ACCESS\"}]},{\"@type\":\"WebSite\",\"@id\":\"https:\/\/paracherkaoui.ma\/#website\",\"url\":\"https:\/\/paracherkaoui.ma\/\",\"name\":\"Paracherkaoui.ma\",\"description\":\"Achetez en ligne sur Paracherkaoui.ma\",\"potentialAction\":[{\"@type\":\"SearchAction\",\"target\":{\"@type\":\"EntryPoint\",\"urlTemplate\":\"https:\/\/paracherkaoui.ma\/?s={search_term_string}\"},\"query-input\":{\"@type\":\"PropertyValueSpecification\",\"valueRequired\":true,\"valueName\":\"search_term_string\"}}],\"inLanguage\":\"fr-FR\"}]}<\/script>\r\n<!-- \/ Yoast SEO plugin. -->","yoast_head_json":{"title":"VITIS BROSSE A DENTS ORTHODONTIC ACCESS - Paracherkaoui.ma","robots":{"index":"index","follow":"follow","max-snippet":"max-snippet:-1","max-image-preview":"max-image-preview:large","max-video-preview":"max-video-preview:-1"},"canonical":"https:\/\/paracherkaoui.ma\/index.php\/produit\/vitis-brosse-a-dents-orthodontic-access\/","og_locale":"fr_FR","og_type":"article","og_title":"VITIS BROSSE A DENTS ORTHODONTIC ACCESS - Paracherkaoui.ma","og_description":"Description: Brosse \u00e0 dents sp\u00e9cifiquement con\u00e7ue pour un nettoyage optimal autour des appareils orthodontiques. La t\u00eate de brosse, particuli\u00e8rement petite","og_url":"https:\/\/paracherkaoui.ma\/index.php\/produit\/vitis-brosse-a-dents-orthodontic-access\/","og_site_name":"Paracherkaoui.ma","article_modified_time":"2025-12-12T18:16:52+00:00","og_image":[{"width":700,"height":700,"url":"https:\/\/paracherkaoui.ma\/wp-content\/uploads\/2025\/12\/vitis-vitis-brosse-a-dents-orthodontic-access-brosses-a-dents.jpg","type":"image\/jpeg"}],"twitter_card":"summary_large_image","schema":{"@context":"https:\/\/schema.org","@graph":[{"@type":"WebPage","@id":"https:\/\/paracherkaoui.ma\/index.php\/produit\/vitis-brosse-a-dents-orthodontic-access\/","url":"https:\/\/paracherkaoui.ma\/index.php\/produit\/vitis-brosse-a-dents-orthodontic-access\/","name":"VITIS BROSSE A DENTS ORTHODONTIC ACCESS - Paracherkaoui.ma","isPartOf":{"@id":"https:\/\/paracherkaoui.ma\/#website"},"primaryImageOfPage":{"@id":"https:\/\/paracherkaoui.ma\/index.php\/produit\/vitis-brosse-a-dents-orthodontic-access\/#primaryimage"},"image":{"@id":"https:\/\/paracherkaoui.ma\/index.php\/produit\/vitis-brosse-a-dents-orthodontic-access\/#primaryimage"},"thumbnailUrl":"https:\/\/paracherkaoui.ma\/wp-content\/uploads\/2025\/12\/vitis-vitis-brosse-a-dents-orthodontic-access-brosses-a-dents.jpg","datePublished":"2025-12-12T18:16:45+00:00","dateModified":"2025-12-12T18:16:52+00:00","breadcrumb":{"@id":"https:\/\/paracherkaoui.ma\/index.php\/produit\/vitis-brosse-a-dents-orthodontic-access\/#breadcrumb"},"inLanguage":"fr-FR","potentialAction":[{"@type":"ReadAction","target":["https:\/\/paracherkaoui.ma\/index.php\/produit\/vitis-brosse-a-dents-orthodontic-access\/"]}]},{"@type":"ImageObject","inLanguage":"fr-FR","@id":"https:\/\/paracherkaoui.ma\/index.php\/produit\/vitis-brosse-a-dents-orthodontic-access\/#primaryimage","url":"https:\/\/paracherkaoui.ma\/wp-content\/uploads\/2025\/12\/vitis-vitis-brosse-a-dents-orthodontic-access-brosses-a-dents.jpg","contentUrl":"https:\/\/paracherkaoui.ma\/wp-content\/uploads\/2025\/12\/vitis-vitis-brosse-a-dents-orthodontic-access-brosses-a-dents.jpg","width":700,"height":700},{"@type":"BreadcrumbList","@id":"https:\/\/paracherkaoui.ma\/index.php\/produit\/vitis-brosse-a-dents-orthodontic-access\/#breadcrumb","itemListElement":[{"@type":"ListItem","position":1,"name":"Accueil","item":"https:\/\/paracherkaoui.ma\/"},{"@type":"ListItem","position":2,"name":"Boutique","item":"https:\/\/paracherkaoui.ma\/index.php\/boutique\/"},{"@type":"ListItem","position":3,"name":"VITIS BROSSE A DENTS ORTHODONTIC ACCESS"}]},{"@type":"WebSite","@id":"https:\/\/paracherkaoui.ma\/#website","url":"https:\/\/paracherkaoui.ma\/","name":"Paracherkaoui.ma","description":"Achetez en ligne sur Paracherkaoui.ma","potentialAction":[{"@type":"SearchAction","target":{"@type":"EntryPoint","urlTemplate":"https:\/\/paracherkaoui.ma\/?s={search_term_string}"},"query-input":{"@type":"PropertyValueSpecification","valueRequired":true,"valueName":"search_term_string"}}],"inLanguage":"fr-FR"}]}},"_links":{"self":[{"href":"https:\/\/paracherkaoui.ma\/index.php\/wp-json\/wp\/v2\/product\/45911","targetHints":{"allow":["GET"]}}],"collection":[{"href":"https:\/\/paracherkaoui.ma\/index.php\/wp-json\/wp\/v2\/product"}],"about":[{"href":"https:\/\/paracherkaoui.ma\/index.php\/wp-json\/wp\/v2\/types\/product"}],"replies":[{"embeddable":true,"href":"https:\/\/paracherkaoui.ma\/index.php\/wp-json\/wp\/v2\/comments?post=45911"}],"version-history":[{"count":1,"href":"https:\/\/paracherkaoui.ma\/index.php\/wp-json\/wp\/v2\/product\/45911\/revisions"}],"predecessor-version":[{"id":45956,"href":"https:\/\/paracherkaoui.ma\/index.php\/wp-json\/wp\/v2\/product\/45911\/revisions\/45956"}],"wp:featuredmedia":[{"embeddable":true,"href":"https:\/\/paracherkaoui.ma\/index.php\/wp-json\/wp\/v2\/media\/45955"}],"wp:attachment":[{"href":"https:\/\/paracherkaoui.ma\/index.php\/wp-json\/wp\/v2\/media?parent=45911"}],"wp:term":[{"taxonomy":"product_brand","embeddable":true,"href":"https:\/\/paracherkaoui.ma\/index.php\/wp-json\/wp\/v2\/product_brand?post=45911"},{"taxonomy":"product_cat","embeddable":true,"href":"https:\/\/paracherkaoui.ma\/index.php\/wp-json\/wp\/v2\/product_cat?post=45911"},{"taxonomy":"product_tag","embeddable":true,"href":"https:\/\/paracherkaoui.ma\/index.php\/wp-json\/wp\/v2\/product_tag?post=45911"}],"curies":[{"name":"wp","href":"https:\/\/api.w.org\/{rel}","templated":true}]}}