{"id":45910,"date":"2025-12-12T19:16:45","date_gmt":"2025-12-12T18:16:45","guid":{"rendered":"https:\/\/test.ecbeaute.com\/?post_type=product&#038;p=45910"},"modified":"2025-12-12T19:16:52","modified_gmt":"2025-12-12T18:16:52","slug":"gum-junior-light-up-1-minute-brosse-a-dents-souple","status":"publish","type":"product","link":"https:\/\/paracherkaoui.ma\/index.php\/produit\/gum-junior-light-up-1-minute-brosse-a-dents-souple\/","title":{"rendered":"GUM JUNIOR LIGHT UP 1 MINUTE BROSSE A DENTS SOUPLE"},"content":{"rendered":"<p>Les laboratoires SUNSTAR GUM sont sp\u00e9cialis\u00e9s dans l\u2019hygi\u00e8ne bucco-dentaire (bain de bouches, dentifrices\u2026). La brosse \u00e0 dents Timer Light est sp\u00e9cialement d\u00e9di\u00e9e aux enfants de 7 ans et +, quand les dents de laits commencent \u00e0 tomber et que certaines dents d\u00e9finitives se forment. Cette brosse \u00e0 dents est con\u00e7ue pour aider les enfants \u00e0 atteindre les dents de derri\u00e8re difficiles d\u2019acc\u00e8s, et elle est munie d\u2019une t\u00eate de brossage compacte \u00e0 poils souples pour prot\u00e9ger les gencives d\u00e9licates et nettoyer d\u00e9licatement les petites dents.<\/p>\n","protected":false},"excerpt":{"rendered":"<p>Les laboratoires SUNSTAR GUM sont sp\u00e9cialis\u00e9s dans l\u2019hygi\u00e8ne bucco-dentaire (bain de bouches, dentifrices\u2026). La brosse \u00e0 dents Timer Light est<\/p>\n","protected":false},"featured_media":45953,"comment_status":"open","ping_status":"closed","template":"","meta":[],"product_brand":[800],"product_cat":[834],"product_tag":[],"class_list":{"0":"post-45910","1":"product","2":"type-product","3":"status-publish","4":"has-post-thumbnail","6":"product_brand-gum","7":"product_cat-brosses-a-dents-adultes","9":"first","10":"instock","11":"sale","12":"shipping-taxable","13":"purchasable","14":"product-type-simple"},"yoast_head":"<!-- This site is optimized with the Yoast SEO plugin v26.6 - https:\/\/yoast.com\/wordpress\/plugins\/seo\/ -->\r\n<title>GUM JUNIOR LIGHT UP 1 MINUTE BROSSE A DENTS SOUPLE - Paracherkaoui.ma<\/title>\r\n<meta name=\"robots\" content=\"index, follow, max-snippet:-1, max-image-preview:large, max-video-preview:-1\" \/>\r\n<link rel=\"canonical\" href=\"https:\/\/paracherkaoui.ma\/index.php\/produit\/gum-junior-light-up-1-minute-brosse-a-dents-souple\/\" \/>\r\n<meta property=\"og:locale\" content=\"fr_FR\" \/>\r\n<meta property=\"og:type\" content=\"article\" \/>\r\n<meta property=\"og:title\" content=\"GUM JUNIOR LIGHT UP 1 MINUTE BROSSE A DENTS SOUPLE - Paracherkaoui.ma\" \/>\r\n<meta property=\"og:description\" content=\"Les laboratoires SUNSTAR GUM sont sp\u00e9cialis\u00e9s dans l\u2019hygi\u00e8ne bucco-dentaire (bain de bouches, dentifrices\u2026). La brosse \u00e0 dents Timer Light est\" \/>\r\n<meta property=\"og:url\" content=\"https:\/\/paracherkaoui.ma\/index.php\/produit\/gum-junior-light-up-1-minute-brosse-a-dents-souple\/\" \/>\r\n<meta property=\"og:site_name\" content=\"Paracherkaoui.ma\" \/>\r\n<meta property=\"article:modified_time\" content=\"2025-12-12T18:16:52+00:00\" \/>\r\n<meta property=\"og:image\" content=\"https:\/\/paracherkaoui.ma\/wp-content\/uploads\/2025\/12\/gum-gum-junior-light-up-1-minute-brosse-a-dents-souple-brosses-a-dents.jpg\" \/>\r\n\t<meta property=\"og:image:width\" content=\"700\" \/>\r\n\t<meta property=\"og:image:height\" content=\"700\" \/>\r\n\t<meta property=\"og:image:type\" content=\"image\/jpeg\" \/>\r\n<meta name=\"twitter:card\" content=\"summary_large_image\" \/>\r\n<script type=\"application\/ld+json\" class=\"yoast-schema-graph\">{\"@context\":\"https:\/\/schema.org\",\"@graph\":[{\"@type\":\"WebPage\",\"@id\":\"https:\/\/paracherkaoui.ma\/index.php\/produit\/gum-junior-light-up-1-minute-brosse-a-dents-souple\/\",\"url\":\"https:\/\/paracherkaoui.ma\/index.php\/produit\/gum-junior-light-up-1-minute-brosse-a-dents-souple\/\",\"name\":\"GUM JUNIOR LIGHT UP 1 MINUTE BROSSE A DENTS SOUPLE - Paracherkaoui.ma\",\"isPartOf\":{\"@id\":\"https:\/\/paracherkaoui.ma\/#website\"},\"primaryImageOfPage\":{\"@id\":\"https:\/\/paracherkaoui.ma\/index.php\/produit\/gum-junior-light-up-1-minute-brosse-a-dents-souple\/#primaryimage\"},\"image\":{\"@id\":\"https:\/\/paracherkaoui.ma\/index.php\/produit\/gum-junior-light-up-1-minute-brosse-a-dents-souple\/#primaryimage\"},\"thumbnailUrl\":\"https:\/\/paracherkaoui.ma\/wp-content\/uploads\/2025\/12\/gum-gum-junior-light-up-1-minute-brosse-a-dents-souple-brosses-a-dents.jpg\",\"datePublished\":\"2025-12-12T18:16:45+00:00\",\"dateModified\":\"2025-12-12T18:16:52+00:00\",\"breadcrumb\":{\"@id\":\"https:\/\/paracherkaoui.ma\/index.php\/produit\/gum-junior-light-up-1-minute-brosse-a-dents-souple\/#breadcrumb\"},\"inLanguage\":\"fr-FR\",\"potentialAction\":[{\"@type\":\"ReadAction\",\"target\":[\"https:\/\/paracherkaoui.ma\/index.php\/produit\/gum-junior-light-up-1-minute-brosse-a-dents-souple\/\"]}]},{\"@type\":\"ImageObject\",\"inLanguage\":\"fr-FR\",\"@id\":\"https:\/\/paracherkaoui.ma\/index.php\/produit\/gum-junior-light-up-1-minute-brosse-a-dents-souple\/#primaryimage\",\"url\":\"https:\/\/paracherkaoui.ma\/wp-content\/uploads\/2025\/12\/gum-gum-junior-light-up-1-minute-brosse-a-dents-souple-brosses-a-dents.jpg\",\"contentUrl\":\"https:\/\/paracherkaoui.ma\/wp-content\/uploads\/2025\/12\/gum-gum-junior-light-up-1-minute-brosse-a-dents-souple-brosses-a-dents.jpg\",\"width\":700,\"height\":700},{\"@type\":\"BreadcrumbList\",\"@id\":\"https:\/\/paracherkaoui.ma\/index.php\/produit\/gum-junior-light-up-1-minute-brosse-a-dents-souple\/#breadcrumb\",\"itemListElement\":[{\"@type\":\"ListItem\",\"position\":1,\"name\":\"Accueil\",\"item\":\"https:\/\/paracherkaoui.ma\/\"},{\"@type\":\"ListItem\",\"position\":2,\"name\":\"Boutique\",\"item\":\"https:\/\/paracherkaoui.ma\/index.php\/boutique\/\"},{\"@type\":\"ListItem\",\"position\":3,\"name\":\"GUM JUNIOR LIGHT UP 1 MINUTE BROSSE A DENTS SOUPLE\"}]},{\"@type\":\"WebSite\",\"@id\":\"https:\/\/paracherkaoui.ma\/#website\",\"url\":\"https:\/\/paracherkaoui.ma\/\",\"name\":\"Paracherkaoui.ma\",\"description\":\"Achetez en ligne sur Paracherkaoui.ma\",\"potentialAction\":[{\"@type\":\"SearchAction\",\"target\":{\"@type\":\"EntryPoint\",\"urlTemplate\":\"https:\/\/paracherkaoui.ma\/?s={search_term_string}\"},\"query-input\":{\"@type\":\"PropertyValueSpecification\",\"valueRequired\":true,\"valueName\":\"search_term_string\"}}],\"inLanguage\":\"fr-FR\"}]}<\/script>\r\n<!-- \/ Yoast SEO plugin. -->","yoast_head_json":{"title":"GUM JUNIOR LIGHT UP 1 MINUTE BROSSE A DENTS SOUPLE - Paracherkaoui.ma","robots":{"index":"index","follow":"follow","max-snippet":"max-snippet:-1","max-image-preview":"max-image-preview:large","max-video-preview":"max-video-preview:-1"},"canonical":"https:\/\/paracherkaoui.ma\/index.php\/produit\/gum-junior-light-up-1-minute-brosse-a-dents-souple\/","og_locale":"fr_FR","og_type":"article","og_title":"GUM JUNIOR LIGHT UP 1 MINUTE BROSSE A DENTS SOUPLE - Paracherkaoui.ma","og_description":"Les laboratoires SUNSTAR GUM sont sp\u00e9cialis\u00e9s dans l\u2019hygi\u00e8ne bucco-dentaire (bain de bouches, dentifrices\u2026). La brosse \u00e0 dents Timer Light est","og_url":"https:\/\/paracherkaoui.ma\/index.php\/produit\/gum-junior-light-up-1-minute-brosse-a-dents-souple\/","og_site_name":"Paracherkaoui.ma","article_modified_time":"2025-12-12T18:16:52+00:00","og_image":[{"width":700,"height":700,"url":"https:\/\/paracherkaoui.ma\/wp-content\/uploads\/2025\/12\/gum-gum-junior-light-up-1-minute-brosse-a-dents-souple-brosses-a-dents.jpg","type":"image\/jpeg"}],"twitter_card":"summary_large_image","schema":{"@context":"https:\/\/schema.org","@graph":[{"@type":"WebPage","@id":"https:\/\/paracherkaoui.ma\/index.php\/produit\/gum-junior-light-up-1-minute-brosse-a-dents-souple\/","url":"https:\/\/paracherkaoui.ma\/index.php\/produit\/gum-junior-light-up-1-minute-brosse-a-dents-souple\/","name":"GUM JUNIOR LIGHT UP 1 MINUTE BROSSE A DENTS SOUPLE - Paracherkaoui.ma","isPartOf":{"@id":"https:\/\/paracherkaoui.ma\/#website"},"primaryImageOfPage":{"@id":"https:\/\/paracherkaoui.ma\/index.php\/produit\/gum-junior-light-up-1-minute-brosse-a-dents-souple\/#primaryimage"},"image":{"@id":"https:\/\/paracherkaoui.ma\/index.php\/produit\/gum-junior-light-up-1-minute-brosse-a-dents-souple\/#primaryimage"},"thumbnailUrl":"https:\/\/paracherkaoui.ma\/wp-content\/uploads\/2025\/12\/gum-gum-junior-light-up-1-minute-brosse-a-dents-souple-brosses-a-dents.jpg","datePublished":"2025-12-12T18:16:45+00:00","dateModified":"2025-12-12T18:16:52+00:00","breadcrumb":{"@id":"https:\/\/paracherkaoui.ma\/index.php\/produit\/gum-junior-light-up-1-minute-brosse-a-dents-souple\/#breadcrumb"},"inLanguage":"fr-FR","potentialAction":[{"@type":"ReadAction","target":["https:\/\/paracherkaoui.ma\/index.php\/produit\/gum-junior-light-up-1-minute-brosse-a-dents-souple\/"]}]},{"@type":"ImageObject","inLanguage":"fr-FR","@id":"https:\/\/paracherkaoui.ma\/index.php\/produit\/gum-junior-light-up-1-minute-brosse-a-dents-souple\/#primaryimage","url":"https:\/\/paracherkaoui.ma\/wp-content\/uploads\/2025\/12\/gum-gum-junior-light-up-1-minute-brosse-a-dents-souple-brosses-a-dents.jpg","contentUrl":"https:\/\/paracherkaoui.ma\/wp-content\/uploads\/2025\/12\/gum-gum-junior-light-up-1-minute-brosse-a-dents-souple-brosses-a-dents.jpg","width":700,"height":700},{"@type":"BreadcrumbList","@id":"https:\/\/paracherkaoui.ma\/index.php\/produit\/gum-junior-light-up-1-minute-brosse-a-dents-souple\/#breadcrumb","itemListElement":[{"@type":"ListItem","position":1,"name":"Accueil","item":"https:\/\/paracherkaoui.ma\/"},{"@type":"ListItem","position":2,"name":"Boutique","item":"https:\/\/paracherkaoui.ma\/index.php\/boutique\/"},{"@type":"ListItem","position":3,"name":"GUM JUNIOR LIGHT UP 1 MINUTE BROSSE A DENTS SOUPLE"}]},{"@type":"WebSite","@id":"https:\/\/paracherkaoui.ma\/#website","url":"https:\/\/paracherkaoui.ma\/","name":"Paracherkaoui.ma","description":"Achetez en ligne sur Paracherkaoui.ma","potentialAction":[{"@type":"SearchAction","target":{"@type":"EntryPoint","urlTemplate":"https:\/\/paracherkaoui.ma\/?s={search_term_string}"},"query-input":{"@type":"PropertyValueSpecification","valueRequired":true,"valueName":"search_term_string"}}],"inLanguage":"fr-FR"}]}},"_links":{"self":[{"href":"https:\/\/paracherkaoui.ma\/index.php\/wp-json\/wp\/v2\/product\/45910","targetHints":{"allow":["GET"]}}],"collection":[{"href":"https:\/\/paracherkaoui.ma\/index.php\/wp-json\/wp\/v2\/product"}],"about":[{"href":"https:\/\/paracherkaoui.ma\/index.php\/wp-json\/wp\/v2\/types\/product"}],"replies":[{"embeddable":true,"href":"https:\/\/paracherkaoui.ma\/index.php\/wp-json\/wp\/v2\/comments?post=45910"}],"version-history":[{"count":1,"href":"https:\/\/paracherkaoui.ma\/index.php\/wp-json\/wp\/v2\/product\/45910\/revisions"}],"predecessor-version":[{"id":45954,"href":"https:\/\/paracherkaoui.ma\/index.php\/wp-json\/wp\/v2\/product\/45910\/revisions\/45954"}],"wp:featuredmedia":[{"embeddable":true,"href":"https:\/\/paracherkaoui.ma\/index.php\/wp-json\/wp\/v2\/media\/45953"}],"wp:attachment":[{"href":"https:\/\/paracherkaoui.ma\/index.php\/wp-json\/wp\/v2\/media?parent=45910"}],"wp:term":[{"taxonomy":"product_brand","embeddable":true,"href":"https:\/\/paracherkaoui.ma\/index.php\/wp-json\/wp\/v2\/product_brand?post=45910"},{"taxonomy":"product_cat","embeddable":true,"href":"https:\/\/paracherkaoui.ma\/index.php\/wp-json\/wp\/v2\/product_cat?post=45910"},{"taxonomy":"product_tag","embeddable":true,"href":"https:\/\/paracherkaoui.ma\/index.php\/wp-json\/wp\/v2\/product_tag?post=45910"}],"curies":[{"name":"wp","href":"https:\/\/api.w.org\/{rel}","templated":true}]}}