{"id":45907,"date":"2025-12-12T19:16:44","date_gmt":"2025-12-12T18:16:44","guid":{"rendered":"https:\/\/test.ecbeaute.com\/?post_type=product&#038;p=45907"},"modified":"2025-12-12T19:16:51","modified_gmt":"2025-12-12T18:16:51","slug":"gum-brosse-a-dents-end-tuft-souple-ref-308","status":"publish","type":"product","link":"https:\/\/paracherkaoui.ma\/index.php\/produit\/gum-brosse-a-dents-end-tuft-souple-ref-308\/","title":{"rendered":"GUM BROSSE A DENTS END TUFT SOUPLE REF 308"},"content":{"rendered":"<p>La brosse \u00e0 dents GUM\u00ae End Tuft est cliniquement con\u00e7ue pour les zones difficiles \u00e0 atteindre ou simplement difficiles \u00e0 nettoyer o\u00f9 l\u2019accumulation de plaque dentaire deviendra nocive pour les dents ou les gencives.<\/p>\n","protected":false},"excerpt":{"rendered":"<p>La brosse \u00e0 dents GUM\u00ae End Tuft est cliniquement con\u00e7ue pour les zones difficiles \u00e0 atteindre ou simplement difficiles \u00e0<\/p>\n","protected":false},"featured_media":45947,"comment_status":"open","ping_status":"closed","template":"","meta":[],"product_brand":[800],"product_cat":[834],"product_tag":[],"class_list":{"0":"post-45907","1":"product","2":"type-product","3":"status-publish","4":"has-post-thumbnail","6":"product_brand-gum","7":"product_cat-brosses-a-dents-adultes","9":"first","10":"instock","11":"sale","12":"shipping-taxable","13":"purchasable","14":"product-type-simple"},"yoast_head":"<!-- This site is optimized with the Yoast SEO plugin v26.6 - https:\/\/yoast.com\/wordpress\/plugins\/seo\/ -->\r\n<title>GUM BROSSE A DENTS END TUFT SOUPLE REF 308 - Paracherkaoui.ma<\/title>\r\n<meta name=\"robots\" content=\"index, follow, max-snippet:-1, max-image-preview:large, max-video-preview:-1\" \/>\r\n<link rel=\"canonical\" href=\"https:\/\/paracherkaoui.ma\/index.php\/produit\/gum-brosse-a-dents-end-tuft-souple-ref-308\/\" \/>\r\n<meta property=\"og:locale\" content=\"fr_FR\" \/>\r\n<meta property=\"og:type\" content=\"article\" \/>\r\n<meta property=\"og:title\" content=\"GUM BROSSE A DENTS END TUFT SOUPLE REF 308 - Paracherkaoui.ma\" \/>\r\n<meta property=\"og:description\" content=\"La brosse \u00e0 dents GUM\u00ae End Tuft est cliniquement con\u00e7ue pour les zones difficiles \u00e0 atteindre ou simplement difficiles \u00e0\" \/>\r\n<meta property=\"og:url\" content=\"https:\/\/paracherkaoui.ma\/index.php\/produit\/gum-brosse-a-dents-end-tuft-souple-ref-308\/\" \/>\r\n<meta property=\"og:site_name\" content=\"Paracherkaoui.ma\" \/>\r\n<meta property=\"article:modified_time\" content=\"2025-12-12T18:16:51+00:00\" \/>\r\n<meta property=\"og:image\" content=\"https:\/\/paracherkaoui.ma\/wp-content\/uploads\/2025\/12\/gum-gum-brosse-a-dents-end-tuft-souple-ref-308-brosses-a-dents.jpg\" \/>\r\n\t<meta property=\"og:image:width\" content=\"700\" \/>\r\n\t<meta property=\"og:image:height\" content=\"700\" \/>\r\n\t<meta property=\"og:image:type\" content=\"image\/jpeg\" \/>\r\n<meta name=\"twitter:card\" content=\"summary_large_image\" \/>\r\n<script type=\"application\/ld+json\" class=\"yoast-schema-graph\">{\"@context\":\"https:\/\/schema.org\",\"@graph\":[{\"@type\":\"WebPage\",\"@id\":\"https:\/\/paracherkaoui.ma\/index.php\/produit\/gum-brosse-a-dents-end-tuft-souple-ref-308\/\",\"url\":\"https:\/\/paracherkaoui.ma\/index.php\/produit\/gum-brosse-a-dents-end-tuft-souple-ref-308\/\",\"name\":\"GUM BROSSE A DENTS END TUFT SOUPLE REF 308 - Paracherkaoui.ma\",\"isPartOf\":{\"@id\":\"https:\/\/paracherkaoui.ma\/#website\"},\"primaryImageOfPage\":{\"@id\":\"https:\/\/paracherkaoui.ma\/index.php\/produit\/gum-brosse-a-dents-end-tuft-souple-ref-308\/#primaryimage\"},\"image\":{\"@id\":\"https:\/\/paracherkaoui.ma\/index.php\/produit\/gum-brosse-a-dents-end-tuft-souple-ref-308\/#primaryimage\"},\"thumbnailUrl\":\"https:\/\/paracherkaoui.ma\/wp-content\/uploads\/2025\/12\/gum-gum-brosse-a-dents-end-tuft-souple-ref-308-brosses-a-dents.jpg\",\"datePublished\":\"2025-12-12T18:16:44+00:00\",\"dateModified\":\"2025-12-12T18:16:51+00:00\",\"breadcrumb\":{\"@id\":\"https:\/\/paracherkaoui.ma\/index.php\/produit\/gum-brosse-a-dents-end-tuft-souple-ref-308\/#breadcrumb\"},\"inLanguage\":\"fr-FR\",\"potentialAction\":[{\"@type\":\"ReadAction\",\"target\":[\"https:\/\/paracherkaoui.ma\/index.php\/produit\/gum-brosse-a-dents-end-tuft-souple-ref-308\/\"]}]},{\"@type\":\"ImageObject\",\"inLanguage\":\"fr-FR\",\"@id\":\"https:\/\/paracherkaoui.ma\/index.php\/produit\/gum-brosse-a-dents-end-tuft-souple-ref-308\/#primaryimage\",\"url\":\"https:\/\/paracherkaoui.ma\/wp-content\/uploads\/2025\/12\/gum-gum-brosse-a-dents-end-tuft-souple-ref-308-brosses-a-dents.jpg\",\"contentUrl\":\"https:\/\/paracherkaoui.ma\/wp-content\/uploads\/2025\/12\/gum-gum-brosse-a-dents-end-tuft-souple-ref-308-brosses-a-dents.jpg\",\"width\":700,\"height\":700},{\"@type\":\"BreadcrumbList\",\"@id\":\"https:\/\/paracherkaoui.ma\/index.php\/produit\/gum-brosse-a-dents-end-tuft-souple-ref-308\/#breadcrumb\",\"itemListElement\":[{\"@type\":\"ListItem\",\"position\":1,\"name\":\"Accueil\",\"item\":\"https:\/\/paracherkaoui.ma\/\"},{\"@type\":\"ListItem\",\"position\":2,\"name\":\"Boutique\",\"item\":\"https:\/\/paracherkaoui.ma\/index.php\/boutique\/\"},{\"@type\":\"ListItem\",\"position\":3,\"name\":\"GUM BROSSE A DENTS END TUFT SOUPLE REF 308\"}]},{\"@type\":\"WebSite\",\"@id\":\"https:\/\/paracherkaoui.ma\/#website\",\"url\":\"https:\/\/paracherkaoui.ma\/\",\"name\":\"Paracherkaoui.ma\",\"description\":\"Achetez en ligne sur Paracherkaoui.ma\",\"potentialAction\":[{\"@type\":\"SearchAction\",\"target\":{\"@type\":\"EntryPoint\",\"urlTemplate\":\"https:\/\/paracherkaoui.ma\/?s={search_term_string}\"},\"query-input\":{\"@type\":\"PropertyValueSpecification\",\"valueRequired\":true,\"valueName\":\"search_term_string\"}}],\"inLanguage\":\"fr-FR\"}]}<\/script>\r\n<!-- \/ Yoast SEO plugin. -->","yoast_head_json":{"title":"GUM BROSSE A DENTS END TUFT SOUPLE REF 308 - Paracherkaoui.ma","robots":{"index":"index","follow":"follow","max-snippet":"max-snippet:-1","max-image-preview":"max-image-preview:large","max-video-preview":"max-video-preview:-1"},"canonical":"https:\/\/paracherkaoui.ma\/index.php\/produit\/gum-brosse-a-dents-end-tuft-souple-ref-308\/","og_locale":"fr_FR","og_type":"article","og_title":"GUM BROSSE A DENTS END TUFT SOUPLE REF 308 - Paracherkaoui.ma","og_description":"La brosse \u00e0 dents GUM\u00ae End Tuft est cliniquement con\u00e7ue pour les zones difficiles \u00e0 atteindre ou simplement difficiles \u00e0","og_url":"https:\/\/paracherkaoui.ma\/index.php\/produit\/gum-brosse-a-dents-end-tuft-souple-ref-308\/","og_site_name":"Paracherkaoui.ma","article_modified_time":"2025-12-12T18:16:51+00:00","og_image":[{"width":700,"height":700,"url":"https:\/\/paracherkaoui.ma\/wp-content\/uploads\/2025\/12\/gum-gum-brosse-a-dents-end-tuft-souple-ref-308-brosses-a-dents.jpg","type":"image\/jpeg"}],"twitter_card":"summary_large_image","schema":{"@context":"https:\/\/schema.org","@graph":[{"@type":"WebPage","@id":"https:\/\/paracherkaoui.ma\/index.php\/produit\/gum-brosse-a-dents-end-tuft-souple-ref-308\/","url":"https:\/\/paracherkaoui.ma\/index.php\/produit\/gum-brosse-a-dents-end-tuft-souple-ref-308\/","name":"GUM BROSSE A DENTS END TUFT SOUPLE REF 308 - Paracherkaoui.ma","isPartOf":{"@id":"https:\/\/paracherkaoui.ma\/#website"},"primaryImageOfPage":{"@id":"https:\/\/paracherkaoui.ma\/index.php\/produit\/gum-brosse-a-dents-end-tuft-souple-ref-308\/#primaryimage"},"image":{"@id":"https:\/\/paracherkaoui.ma\/index.php\/produit\/gum-brosse-a-dents-end-tuft-souple-ref-308\/#primaryimage"},"thumbnailUrl":"https:\/\/paracherkaoui.ma\/wp-content\/uploads\/2025\/12\/gum-gum-brosse-a-dents-end-tuft-souple-ref-308-brosses-a-dents.jpg","datePublished":"2025-12-12T18:16:44+00:00","dateModified":"2025-12-12T18:16:51+00:00","breadcrumb":{"@id":"https:\/\/paracherkaoui.ma\/index.php\/produit\/gum-brosse-a-dents-end-tuft-souple-ref-308\/#breadcrumb"},"inLanguage":"fr-FR","potentialAction":[{"@type":"ReadAction","target":["https:\/\/paracherkaoui.ma\/index.php\/produit\/gum-brosse-a-dents-end-tuft-souple-ref-308\/"]}]},{"@type":"ImageObject","inLanguage":"fr-FR","@id":"https:\/\/paracherkaoui.ma\/index.php\/produit\/gum-brosse-a-dents-end-tuft-souple-ref-308\/#primaryimage","url":"https:\/\/paracherkaoui.ma\/wp-content\/uploads\/2025\/12\/gum-gum-brosse-a-dents-end-tuft-souple-ref-308-brosses-a-dents.jpg","contentUrl":"https:\/\/paracherkaoui.ma\/wp-content\/uploads\/2025\/12\/gum-gum-brosse-a-dents-end-tuft-souple-ref-308-brosses-a-dents.jpg","width":700,"height":700},{"@type":"BreadcrumbList","@id":"https:\/\/paracherkaoui.ma\/index.php\/produit\/gum-brosse-a-dents-end-tuft-souple-ref-308\/#breadcrumb","itemListElement":[{"@type":"ListItem","position":1,"name":"Accueil","item":"https:\/\/paracherkaoui.ma\/"},{"@type":"ListItem","position":2,"name":"Boutique","item":"https:\/\/paracherkaoui.ma\/index.php\/boutique\/"},{"@type":"ListItem","position":3,"name":"GUM BROSSE A DENTS END TUFT SOUPLE REF 308"}]},{"@type":"WebSite","@id":"https:\/\/paracherkaoui.ma\/#website","url":"https:\/\/paracherkaoui.ma\/","name":"Paracherkaoui.ma","description":"Achetez en ligne sur Paracherkaoui.ma","potentialAction":[{"@type":"SearchAction","target":{"@type":"EntryPoint","urlTemplate":"https:\/\/paracherkaoui.ma\/?s={search_term_string}"},"query-input":{"@type":"PropertyValueSpecification","valueRequired":true,"valueName":"search_term_string"}}],"inLanguage":"fr-FR"}]}},"_links":{"self":[{"href":"https:\/\/paracherkaoui.ma\/index.php\/wp-json\/wp\/v2\/product\/45907","targetHints":{"allow":["GET"]}}],"collection":[{"href":"https:\/\/paracherkaoui.ma\/index.php\/wp-json\/wp\/v2\/product"}],"about":[{"href":"https:\/\/paracherkaoui.ma\/index.php\/wp-json\/wp\/v2\/types\/product"}],"replies":[{"embeddable":true,"href":"https:\/\/paracherkaoui.ma\/index.php\/wp-json\/wp\/v2\/comments?post=45907"}],"version-history":[{"count":1,"href":"https:\/\/paracherkaoui.ma\/index.php\/wp-json\/wp\/v2\/product\/45907\/revisions"}],"predecessor-version":[{"id":45948,"href":"https:\/\/paracherkaoui.ma\/index.php\/wp-json\/wp\/v2\/product\/45907\/revisions\/45948"}],"wp:featuredmedia":[{"embeddable":true,"href":"https:\/\/paracherkaoui.ma\/index.php\/wp-json\/wp\/v2\/media\/45947"}],"wp:attachment":[{"href":"https:\/\/paracherkaoui.ma\/index.php\/wp-json\/wp\/v2\/media?parent=45907"}],"wp:term":[{"taxonomy":"product_brand","embeddable":true,"href":"https:\/\/paracherkaoui.ma\/index.php\/wp-json\/wp\/v2\/product_brand?post=45907"},{"taxonomy":"product_cat","embeddable":true,"href":"https:\/\/paracherkaoui.ma\/index.php\/wp-json\/wp\/v2\/product_cat?post=45907"},{"taxonomy":"product_tag","embeddable":true,"href":"https:\/\/paracherkaoui.ma\/index.php\/wp-json\/wp\/v2\/product_tag?post=45907"}],"curies":[{"name":"wp","href":"https:\/\/api.w.org\/{rel}","templated":true}]}}