{"id":45903,"date":"2025-12-12T19:16:44","date_gmt":"2025-12-12T18:16:44","guid":{"rendered":"https:\/\/test.ecbeaute.com\/?post_type=product&#038;p=45903"},"modified":"2025-12-12T19:16:50","modified_gmt":"2025-12-12T18:16:50","slug":"oral-b-hydropulseurbrosse-oxyjet-pro-2000","status":"publish","type":"product","link":"https:\/\/paracherkaoui.ma\/index.php\/produit\/oral-b-hydropulseurbrosse-oxyjet-pro-2000\/","title":{"rendered":"ORAL B HYDROPULSEUR+BROSSE OXYJET PRO 2000"},"content":{"rendered":"<p>Le combin\u00e9 dentaire Oral-B PRO 2000 + Oxyjet associe l\u2019action de nettoyage en profondeur de la brosse \u00e0 dents Oral-B PRO 2000 \u00e0 l\u2019hydropulseur Oxyjet.<br \/>\nLa brosse \u00e0 dents PRO 2000 de Oral-B vous offre un meilleur nettoyage et \u00e9limine jusqu\u2019\u00e0 100 % de plaque dentaire en plus qu\u2019une brosse \u00e0 dents manuelle classique. De plus, elle est dot\u00e9e de 2 modes de nettoyage diff\u00e9rents : standard et soin des gencives.<br \/>\nLa brosse \u00e0 dents PRO 2000 de Oral-B \u00e9limine les taches pour vous offrir un sourire plus blanc d\u00e8s le premier jour.<br \/>\nGr\u00e2ce \u00e0 sa technologie de microbulles, l\u2019hydropulseur Oxyjet de Oral-B nettoie en profondeur le sillon gingival et lutte contre les bact\u00e9ries nocives.<br \/>\nL\u2019hydropulseur Oxyjet de Oral-B est r\u00e9glable, vous pouvez donc simplement r\u00e9gler la pression du jet d\u2019eau sur faible ou intense \u00e0 l\u2019aide du bouton de s\u00e9lection.<br \/>\nPour une action nettoyante sur laquelle vous pouvez compter au quotidien, choisissez donc le combin\u00e9 dentaire Oral-B PRO 2000 + Oxyjet.<\/p>\n","protected":false},"excerpt":{"rendered":"<p>Le combin\u00e9 dentaire Oral-B PRO 2000 + Oxyjet associe l\u2019action de nettoyage en profondeur de la brosse \u00e0 dents Oral-B<\/p>\n","protected":false},"featured_media":45939,"comment_status":"open","ping_status":"closed","template":"","meta":[],"product_brand":[823],"product_cat":[834],"product_tag":[],"class_list":{"0":"post-45903","1":"product","2":"type-product","3":"status-publish","4":"has-post-thumbnail","6":"product_brand-oral-b","7":"product_cat-brosses-a-dents-adultes","9":"first","10":"instock","11":"sale","12":"shipping-taxable","13":"purchasable","14":"product-type-simple"},"yoast_head":"<!-- This site is optimized with the Yoast SEO plugin v26.6 - https:\/\/yoast.com\/wordpress\/plugins\/seo\/ -->\r\n<title>ORAL B HYDROPULSEUR+BROSSE OXYJET PRO 2000 - Paracherkaoui.ma<\/title>\r\n<meta name=\"robots\" content=\"index, follow, max-snippet:-1, max-image-preview:large, max-video-preview:-1\" \/>\r\n<link rel=\"canonical\" href=\"https:\/\/paracherkaoui.ma\/index.php\/produit\/oral-b-hydropulseurbrosse-oxyjet-pro-2000\/\" \/>\r\n<meta property=\"og:locale\" content=\"fr_FR\" \/>\r\n<meta property=\"og:type\" content=\"article\" \/>\r\n<meta property=\"og:title\" content=\"ORAL B HYDROPULSEUR+BROSSE OXYJET PRO 2000 - Paracherkaoui.ma\" \/>\r\n<meta property=\"og:description\" content=\"Le combin\u00e9 dentaire Oral-B PRO 2000 + Oxyjet associe l\u2019action de nettoyage en profondeur de la brosse \u00e0 dents Oral-B\" \/>\r\n<meta property=\"og:url\" content=\"https:\/\/paracherkaoui.ma\/index.php\/produit\/oral-b-hydropulseurbrosse-oxyjet-pro-2000\/\" \/>\r\n<meta property=\"og:site_name\" content=\"Paracherkaoui.ma\" \/>\r\n<meta property=\"article:modified_time\" content=\"2025-12-12T18:16:50+00:00\" \/>\r\n<meta property=\"og:image\" content=\"https:\/\/paracherkaoui.ma\/wp-content\/uploads\/2025\/12\/oral-b-oral-b-hydropulseur-brosse-oxyjet-pro-2000-brosses-a-dents.jpg\" \/>\r\n\t<meta property=\"og:image:width\" content=\"700\" \/>\r\n\t<meta property=\"og:image:height\" content=\"700\" \/>\r\n\t<meta property=\"og:image:type\" content=\"image\/jpeg\" \/>\r\n<meta name=\"twitter:card\" content=\"summary_large_image\" \/>\r\n<meta name=\"twitter:label1\" content=\"Dur\u00e9e de lecture estim\u00e9e\" \/>\n\t<meta name=\"twitter:data1\" content=\"1 minute\" \/>\r\n<script type=\"application\/ld+json\" class=\"yoast-schema-graph\">{\"@context\":\"https:\/\/schema.org\",\"@graph\":[{\"@type\":\"WebPage\",\"@id\":\"https:\/\/paracherkaoui.ma\/index.php\/produit\/oral-b-hydropulseurbrosse-oxyjet-pro-2000\/\",\"url\":\"https:\/\/paracherkaoui.ma\/index.php\/produit\/oral-b-hydropulseurbrosse-oxyjet-pro-2000\/\",\"name\":\"ORAL B HYDROPULSEUR+BROSSE OXYJET PRO 2000 - Paracherkaoui.ma\",\"isPartOf\":{\"@id\":\"https:\/\/paracherkaoui.ma\/#website\"},\"primaryImageOfPage\":{\"@id\":\"https:\/\/paracherkaoui.ma\/index.php\/produit\/oral-b-hydropulseurbrosse-oxyjet-pro-2000\/#primaryimage\"},\"image\":{\"@id\":\"https:\/\/paracherkaoui.ma\/index.php\/produit\/oral-b-hydropulseurbrosse-oxyjet-pro-2000\/#primaryimage\"},\"thumbnailUrl\":\"https:\/\/paracherkaoui.ma\/wp-content\/uploads\/2025\/12\/oral-b-oral-b-hydropulseur-brosse-oxyjet-pro-2000-brosses-a-dents.jpg\",\"datePublished\":\"2025-12-12T18:16:44+00:00\",\"dateModified\":\"2025-12-12T18:16:50+00:00\",\"breadcrumb\":{\"@id\":\"https:\/\/paracherkaoui.ma\/index.php\/produit\/oral-b-hydropulseurbrosse-oxyjet-pro-2000\/#breadcrumb\"},\"inLanguage\":\"fr-FR\",\"potentialAction\":[{\"@type\":\"ReadAction\",\"target\":[\"https:\/\/paracherkaoui.ma\/index.php\/produit\/oral-b-hydropulseurbrosse-oxyjet-pro-2000\/\"]}]},{\"@type\":\"ImageObject\",\"inLanguage\":\"fr-FR\",\"@id\":\"https:\/\/paracherkaoui.ma\/index.php\/produit\/oral-b-hydropulseurbrosse-oxyjet-pro-2000\/#primaryimage\",\"url\":\"https:\/\/paracherkaoui.ma\/wp-content\/uploads\/2025\/12\/oral-b-oral-b-hydropulseur-brosse-oxyjet-pro-2000-brosses-a-dents.jpg\",\"contentUrl\":\"https:\/\/paracherkaoui.ma\/wp-content\/uploads\/2025\/12\/oral-b-oral-b-hydropulseur-brosse-oxyjet-pro-2000-brosses-a-dents.jpg\",\"width\":700,\"height\":700},{\"@type\":\"BreadcrumbList\",\"@id\":\"https:\/\/paracherkaoui.ma\/index.php\/produit\/oral-b-hydropulseurbrosse-oxyjet-pro-2000\/#breadcrumb\",\"itemListElement\":[{\"@type\":\"ListItem\",\"position\":1,\"name\":\"Accueil\",\"item\":\"https:\/\/paracherkaoui.ma\/\"},{\"@type\":\"ListItem\",\"position\":2,\"name\":\"Boutique\",\"item\":\"https:\/\/paracherkaoui.ma\/index.php\/boutique\/\"},{\"@type\":\"ListItem\",\"position\":3,\"name\":\"ORAL B HYDROPULSEUR+BROSSE OXYJET PRO 2000\"}]},{\"@type\":\"WebSite\",\"@id\":\"https:\/\/paracherkaoui.ma\/#website\",\"url\":\"https:\/\/paracherkaoui.ma\/\",\"name\":\"Paracherkaoui.ma\",\"description\":\"Achetez en ligne sur Paracherkaoui.ma\",\"potentialAction\":[{\"@type\":\"SearchAction\",\"target\":{\"@type\":\"EntryPoint\",\"urlTemplate\":\"https:\/\/paracherkaoui.ma\/?s={search_term_string}\"},\"query-input\":{\"@type\":\"PropertyValueSpecification\",\"valueRequired\":true,\"valueName\":\"search_term_string\"}}],\"inLanguage\":\"fr-FR\"}]}<\/script>\r\n<!-- \/ Yoast SEO plugin. -->","yoast_head_json":{"title":"ORAL B HYDROPULSEUR+BROSSE OXYJET PRO 2000 - Paracherkaoui.ma","robots":{"index":"index","follow":"follow","max-snippet":"max-snippet:-1","max-image-preview":"max-image-preview:large","max-video-preview":"max-video-preview:-1"},"canonical":"https:\/\/paracherkaoui.ma\/index.php\/produit\/oral-b-hydropulseurbrosse-oxyjet-pro-2000\/","og_locale":"fr_FR","og_type":"article","og_title":"ORAL B HYDROPULSEUR+BROSSE OXYJET PRO 2000 - Paracherkaoui.ma","og_description":"Le combin\u00e9 dentaire Oral-B PRO 2000 + Oxyjet associe l\u2019action de nettoyage en profondeur de la brosse \u00e0 dents Oral-B","og_url":"https:\/\/paracherkaoui.ma\/index.php\/produit\/oral-b-hydropulseurbrosse-oxyjet-pro-2000\/","og_site_name":"Paracherkaoui.ma","article_modified_time":"2025-12-12T18:16:50+00:00","og_image":[{"width":700,"height":700,"url":"https:\/\/paracherkaoui.ma\/wp-content\/uploads\/2025\/12\/oral-b-oral-b-hydropulseur-brosse-oxyjet-pro-2000-brosses-a-dents.jpg","type":"image\/jpeg"}],"twitter_card":"summary_large_image","twitter_misc":{"Dur\u00e9e de lecture estim\u00e9e":"1 minute"},"schema":{"@context":"https:\/\/schema.org","@graph":[{"@type":"WebPage","@id":"https:\/\/paracherkaoui.ma\/index.php\/produit\/oral-b-hydropulseurbrosse-oxyjet-pro-2000\/","url":"https:\/\/paracherkaoui.ma\/index.php\/produit\/oral-b-hydropulseurbrosse-oxyjet-pro-2000\/","name":"ORAL B HYDROPULSEUR+BROSSE OXYJET PRO 2000 - Paracherkaoui.ma","isPartOf":{"@id":"https:\/\/paracherkaoui.ma\/#website"},"primaryImageOfPage":{"@id":"https:\/\/paracherkaoui.ma\/index.php\/produit\/oral-b-hydropulseurbrosse-oxyjet-pro-2000\/#primaryimage"},"image":{"@id":"https:\/\/paracherkaoui.ma\/index.php\/produit\/oral-b-hydropulseurbrosse-oxyjet-pro-2000\/#primaryimage"},"thumbnailUrl":"https:\/\/paracherkaoui.ma\/wp-content\/uploads\/2025\/12\/oral-b-oral-b-hydropulseur-brosse-oxyjet-pro-2000-brosses-a-dents.jpg","datePublished":"2025-12-12T18:16:44+00:00","dateModified":"2025-12-12T18:16:50+00:00","breadcrumb":{"@id":"https:\/\/paracherkaoui.ma\/index.php\/produit\/oral-b-hydropulseurbrosse-oxyjet-pro-2000\/#breadcrumb"},"inLanguage":"fr-FR","potentialAction":[{"@type":"ReadAction","target":["https:\/\/paracherkaoui.ma\/index.php\/produit\/oral-b-hydropulseurbrosse-oxyjet-pro-2000\/"]}]},{"@type":"ImageObject","inLanguage":"fr-FR","@id":"https:\/\/paracherkaoui.ma\/index.php\/produit\/oral-b-hydropulseurbrosse-oxyjet-pro-2000\/#primaryimage","url":"https:\/\/paracherkaoui.ma\/wp-content\/uploads\/2025\/12\/oral-b-oral-b-hydropulseur-brosse-oxyjet-pro-2000-brosses-a-dents.jpg","contentUrl":"https:\/\/paracherkaoui.ma\/wp-content\/uploads\/2025\/12\/oral-b-oral-b-hydropulseur-brosse-oxyjet-pro-2000-brosses-a-dents.jpg","width":700,"height":700},{"@type":"BreadcrumbList","@id":"https:\/\/paracherkaoui.ma\/index.php\/produit\/oral-b-hydropulseurbrosse-oxyjet-pro-2000\/#breadcrumb","itemListElement":[{"@type":"ListItem","position":1,"name":"Accueil","item":"https:\/\/paracherkaoui.ma\/"},{"@type":"ListItem","position":2,"name":"Boutique","item":"https:\/\/paracherkaoui.ma\/index.php\/boutique\/"},{"@type":"ListItem","position":3,"name":"ORAL B HYDROPULSEUR+BROSSE OXYJET PRO 2000"}]},{"@type":"WebSite","@id":"https:\/\/paracherkaoui.ma\/#website","url":"https:\/\/paracherkaoui.ma\/","name":"Paracherkaoui.ma","description":"Achetez en ligne sur Paracherkaoui.ma","potentialAction":[{"@type":"SearchAction","target":{"@type":"EntryPoint","urlTemplate":"https:\/\/paracherkaoui.ma\/?s={search_term_string}"},"query-input":{"@type":"PropertyValueSpecification","valueRequired":true,"valueName":"search_term_string"}}],"inLanguage":"fr-FR"}]}},"_links":{"self":[{"href":"https:\/\/paracherkaoui.ma\/index.php\/wp-json\/wp\/v2\/product\/45903","targetHints":{"allow":["GET"]}}],"collection":[{"href":"https:\/\/paracherkaoui.ma\/index.php\/wp-json\/wp\/v2\/product"}],"about":[{"href":"https:\/\/paracherkaoui.ma\/index.php\/wp-json\/wp\/v2\/types\/product"}],"replies":[{"embeddable":true,"href":"https:\/\/paracherkaoui.ma\/index.php\/wp-json\/wp\/v2\/comments?post=45903"}],"version-history":[{"count":1,"href":"https:\/\/paracherkaoui.ma\/index.php\/wp-json\/wp\/v2\/product\/45903\/revisions"}],"predecessor-version":[{"id":45940,"href":"https:\/\/paracherkaoui.ma\/index.php\/wp-json\/wp\/v2\/product\/45903\/revisions\/45940"}],"wp:featuredmedia":[{"embeddable":true,"href":"https:\/\/paracherkaoui.ma\/index.php\/wp-json\/wp\/v2\/media\/45939"}],"wp:attachment":[{"href":"https:\/\/paracherkaoui.ma\/index.php\/wp-json\/wp\/v2\/media?parent=45903"}],"wp:term":[{"taxonomy":"product_brand","embeddable":true,"href":"https:\/\/paracherkaoui.ma\/index.php\/wp-json\/wp\/v2\/product_brand?post=45903"},{"taxonomy":"product_cat","embeddable":true,"href":"https:\/\/paracherkaoui.ma\/index.php\/wp-json\/wp\/v2\/product_cat?post=45903"},{"taxonomy":"product_tag","embeddable":true,"href":"https:\/\/paracherkaoui.ma\/index.php\/wp-json\/wp\/v2\/product_tag?post=45903"}],"curies":[{"name":"wp","href":"https:\/\/api.w.org\/{rel}","templated":true}]}}