{"id":45899,"date":"2025-12-12T19:16:44","date_gmt":"2025-12-12T18:16:44","guid":{"rendered":"https:\/\/test.ecbeaute.com\/?post_type=product&#038;p=45899"},"modified":"2025-12-12T19:16:48","modified_gmt":"2025-12-12T18:16:48","slug":"gum-brosse-a-dents-orthodontie-ambulatoire-ref-125","status":"publish","type":"product","link":"https:\/\/paracherkaoui.ma\/index.php\/produit\/gum-brosse-a-dents-orthodontie-ambulatoire-ref-125\/","title":{"rendered":"GUM BROSSE A DENTS ORTHODONTIE AMBULATOIRE REF 125"},"content":{"rendered":"<p>La brosse \u00e0 dents Butler Gum Ortho Travel\u00a0est pratique \u00e0 transporter. Elle est egalement efficace pour le brossage des dents des personnes porteuses d&rsquo;un appareil orthodontique.<\/p>\n<p>La brosse \u00e0 dents orthodontique Travel de Gum se replie dans son manche\u00a0qui fait office d&rsquo;\u00e9tui de transport. Celui-ci est perc\u00e9, permettant ainsi l&rsquo;a\u00e9ration de la brosse, pour une meilleure hygi\u00e8ne. Une fois repli\u00e9e dans son \u00e9tui, la brosse \u00e0 dents Ortho Travel de Gum se glissera facilement dans un sac ou m\u00eame une poche. Une fois rentr\u00e9s dans la coque cr\u00e9\u00e9e par le manche, les brins seront prot\u00e9g\u00e9s des \u00e9ventuelles poussi\u00e8res et impuret\u00e9s. Elle permettra d&rsquo;\u00e9viter d&rsquo;avoir \u00e0 emporter un volumineux \u00e9tui pour brosse \u00e0 dents classique. Pour garder la brosse saine entre deux utilisations, ses brins sont impr\u00e9gn\u00e9s de chlorhexidine, un antiseptique \u00e0 large spectre\u00a0qui va emp\u00eacher les bact\u00e9ries de prolif\u00e9rer.<\/p>\n","protected":false},"excerpt":{"rendered":"<p>La brosse \u00e0 dents Butler Gum Ortho Travel\u00a0est pratique \u00e0 transporter. Elle est egalement efficace pour le brossage des dents<\/p>\n","protected":false},"featured_media":45931,"comment_status":"open","ping_status":"closed","template":"","meta":[],"product_brand":[800],"product_cat":[834],"product_tag":[],"class_list":{"0":"post-45899","1":"product","2":"type-product","3":"status-publish","4":"has-post-thumbnail","6":"product_brand-gum","7":"product_cat-brosses-a-dents-adultes","9":"first","10":"instock","11":"sale","12":"shipping-taxable","13":"purchasable","14":"product-type-simple"},"yoast_head":"<!-- This site is optimized with the Yoast SEO plugin v26.6 - https:\/\/yoast.com\/wordpress\/plugins\/seo\/ -->\r\n<title>GUM BROSSE A DENTS ORTHODONTIE AMBULATOIRE REF 125 - Paracherkaoui.ma<\/title>\r\n<meta name=\"robots\" content=\"index, follow, max-snippet:-1, max-image-preview:large, max-video-preview:-1\" \/>\r\n<link rel=\"canonical\" href=\"https:\/\/paracherkaoui.ma\/index.php\/produit\/gum-brosse-a-dents-orthodontie-ambulatoire-ref-125\/\" \/>\r\n<meta property=\"og:locale\" content=\"fr_FR\" \/>\r\n<meta property=\"og:type\" content=\"article\" \/>\r\n<meta property=\"og:title\" content=\"GUM BROSSE A DENTS ORTHODONTIE AMBULATOIRE REF 125 - Paracherkaoui.ma\" \/>\r\n<meta property=\"og:description\" content=\"La brosse \u00e0 dents Butler Gum Ortho Travel\u00a0est pratique \u00e0 transporter. Elle est egalement efficace pour le brossage des dents\" \/>\r\n<meta property=\"og:url\" content=\"https:\/\/paracherkaoui.ma\/index.php\/produit\/gum-brosse-a-dents-orthodontie-ambulatoire-ref-125\/\" \/>\r\n<meta property=\"og:site_name\" content=\"Paracherkaoui.ma\" \/>\r\n<meta property=\"article:modified_time\" content=\"2025-12-12T18:16:48+00:00\" \/>\r\n<meta property=\"og:image\" content=\"https:\/\/paracherkaoui.ma\/wp-content\/uploads\/2025\/12\/gum-gum-brosse-a-dents-orthodontie-ambulatoire-ref-125-brosses-a-dents.jpg\" \/>\r\n\t<meta property=\"og:image:width\" content=\"700\" \/>\r\n\t<meta property=\"og:image:height\" content=\"700\" \/>\r\n\t<meta property=\"og:image:type\" content=\"image\/jpeg\" \/>\r\n<meta name=\"twitter:card\" content=\"summary_large_image\" \/>\r\n<meta name=\"twitter:label1\" content=\"Dur\u00e9e de lecture estim\u00e9e\" \/>\n\t<meta name=\"twitter:data1\" content=\"1 minute\" \/>\r\n<script type=\"application\/ld+json\" class=\"yoast-schema-graph\">{\"@context\":\"https:\/\/schema.org\",\"@graph\":[{\"@type\":\"WebPage\",\"@id\":\"https:\/\/paracherkaoui.ma\/index.php\/produit\/gum-brosse-a-dents-orthodontie-ambulatoire-ref-125\/\",\"url\":\"https:\/\/paracherkaoui.ma\/index.php\/produit\/gum-brosse-a-dents-orthodontie-ambulatoire-ref-125\/\",\"name\":\"GUM BROSSE A DENTS ORTHODONTIE AMBULATOIRE REF 125 - Paracherkaoui.ma\",\"isPartOf\":{\"@id\":\"https:\/\/paracherkaoui.ma\/#website\"},\"primaryImageOfPage\":{\"@id\":\"https:\/\/paracherkaoui.ma\/index.php\/produit\/gum-brosse-a-dents-orthodontie-ambulatoire-ref-125\/#primaryimage\"},\"image\":{\"@id\":\"https:\/\/paracherkaoui.ma\/index.php\/produit\/gum-brosse-a-dents-orthodontie-ambulatoire-ref-125\/#primaryimage\"},\"thumbnailUrl\":\"https:\/\/paracherkaoui.ma\/wp-content\/uploads\/2025\/12\/gum-gum-brosse-a-dents-orthodontie-ambulatoire-ref-125-brosses-a-dents.jpg\",\"datePublished\":\"2025-12-12T18:16:44+00:00\",\"dateModified\":\"2025-12-12T18:16:48+00:00\",\"breadcrumb\":{\"@id\":\"https:\/\/paracherkaoui.ma\/index.php\/produit\/gum-brosse-a-dents-orthodontie-ambulatoire-ref-125\/#breadcrumb\"},\"inLanguage\":\"fr-FR\",\"potentialAction\":[{\"@type\":\"ReadAction\",\"target\":[\"https:\/\/paracherkaoui.ma\/index.php\/produit\/gum-brosse-a-dents-orthodontie-ambulatoire-ref-125\/\"]}]},{\"@type\":\"ImageObject\",\"inLanguage\":\"fr-FR\",\"@id\":\"https:\/\/paracherkaoui.ma\/index.php\/produit\/gum-brosse-a-dents-orthodontie-ambulatoire-ref-125\/#primaryimage\",\"url\":\"https:\/\/paracherkaoui.ma\/wp-content\/uploads\/2025\/12\/gum-gum-brosse-a-dents-orthodontie-ambulatoire-ref-125-brosses-a-dents.jpg\",\"contentUrl\":\"https:\/\/paracherkaoui.ma\/wp-content\/uploads\/2025\/12\/gum-gum-brosse-a-dents-orthodontie-ambulatoire-ref-125-brosses-a-dents.jpg\",\"width\":700,\"height\":700},{\"@type\":\"BreadcrumbList\",\"@id\":\"https:\/\/paracherkaoui.ma\/index.php\/produit\/gum-brosse-a-dents-orthodontie-ambulatoire-ref-125\/#breadcrumb\",\"itemListElement\":[{\"@type\":\"ListItem\",\"position\":1,\"name\":\"Accueil\",\"item\":\"https:\/\/paracherkaoui.ma\/\"},{\"@type\":\"ListItem\",\"position\":2,\"name\":\"Boutique\",\"item\":\"https:\/\/paracherkaoui.ma\/index.php\/boutique\/\"},{\"@type\":\"ListItem\",\"position\":3,\"name\":\"GUM BROSSE A DENTS ORTHODONTIE AMBULATOIRE REF 125\"}]},{\"@type\":\"WebSite\",\"@id\":\"https:\/\/paracherkaoui.ma\/#website\",\"url\":\"https:\/\/paracherkaoui.ma\/\",\"name\":\"Paracherkaoui.ma\",\"description\":\"Achetez en ligne sur Paracherkaoui.ma\",\"potentialAction\":[{\"@type\":\"SearchAction\",\"target\":{\"@type\":\"EntryPoint\",\"urlTemplate\":\"https:\/\/paracherkaoui.ma\/?s={search_term_string}\"},\"query-input\":{\"@type\":\"PropertyValueSpecification\",\"valueRequired\":true,\"valueName\":\"search_term_string\"}}],\"inLanguage\":\"fr-FR\"}]}<\/script>\r\n<!-- \/ Yoast SEO plugin. -->","yoast_head_json":{"title":"GUM BROSSE A DENTS ORTHODONTIE AMBULATOIRE REF 125 - Paracherkaoui.ma","robots":{"index":"index","follow":"follow","max-snippet":"max-snippet:-1","max-image-preview":"max-image-preview:large","max-video-preview":"max-video-preview:-1"},"canonical":"https:\/\/paracherkaoui.ma\/index.php\/produit\/gum-brosse-a-dents-orthodontie-ambulatoire-ref-125\/","og_locale":"fr_FR","og_type":"article","og_title":"GUM BROSSE A DENTS ORTHODONTIE AMBULATOIRE REF 125 - Paracherkaoui.ma","og_description":"La brosse \u00e0 dents Butler Gum Ortho Travel\u00a0est pratique \u00e0 transporter. Elle est egalement efficace pour le brossage des dents","og_url":"https:\/\/paracherkaoui.ma\/index.php\/produit\/gum-brosse-a-dents-orthodontie-ambulatoire-ref-125\/","og_site_name":"Paracherkaoui.ma","article_modified_time":"2025-12-12T18:16:48+00:00","og_image":[{"width":700,"height":700,"url":"https:\/\/paracherkaoui.ma\/wp-content\/uploads\/2025\/12\/gum-gum-brosse-a-dents-orthodontie-ambulatoire-ref-125-brosses-a-dents.jpg","type":"image\/jpeg"}],"twitter_card":"summary_large_image","twitter_misc":{"Dur\u00e9e de lecture estim\u00e9e":"1 minute"},"schema":{"@context":"https:\/\/schema.org","@graph":[{"@type":"WebPage","@id":"https:\/\/paracherkaoui.ma\/index.php\/produit\/gum-brosse-a-dents-orthodontie-ambulatoire-ref-125\/","url":"https:\/\/paracherkaoui.ma\/index.php\/produit\/gum-brosse-a-dents-orthodontie-ambulatoire-ref-125\/","name":"GUM BROSSE A DENTS ORTHODONTIE AMBULATOIRE REF 125 - Paracherkaoui.ma","isPartOf":{"@id":"https:\/\/paracherkaoui.ma\/#website"},"primaryImageOfPage":{"@id":"https:\/\/paracherkaoui.ma\/index.php\/produit\/gum-brosse-a-dents-orthodontie-ambulatoire-ref-125\/#primaryimage"},"image":{"@id":"https:\/\/paracherkaoui.ma\/index.php\/produit\/gum-brosse-a-dents-orthodontie-ambulatoire-ref-125\/#primaryimage"},"thumbnailUrl":"https:\/\/paracherkaoui.ma\/wp-content\/uploads\/2025\/12\/gum-gum-brosse-a-dents-orthodontie-ambulatoire-ref-125-brosses-a-dents.jpg","datePublished":"2025-12-12T18:16:44+00:00","dateModified":"2025-12-12T18:16:48+00:00","breadcrumb":{"@id":"https:\/\/paracherkaoui.ma\/index.php\/produit\/gum-brosse-a-dents-orthodontie-ambulatoire-ref-125\/#breadcrumb"},"inLanguage":"fr-FR","potentialAction":[{"@type":"ReadAction","target":["https:\/\/paracherkaoui.ma\/index.php\/produit\/gum-brosse-a-dents-orthodontie-ambulatoire-ref-125\/"]}]},{"@type":"ImageObject","inLanguage":"fr-FR","@id":"https:\/\/paracherkaoui.ma\/index.php\/produit\/gum-brosse-a-dents-orthodontie-ambulatoire-ref-125\/#primaryimage","url":"https:\/\/paracherkaoui.ma\/wp-content\/uploads\/2025\/12\/gum-gum-brosse-a-dents-orthodontie-ambulatoire-ref-125-brosses-a-dents.jpg","contentUrl":"https:\/\/paracherkaoui.ma\/wp-content\/uploads\/2025\/12\/gum-gum-brosse-a-dents-orthodontie-ambulatoire-ref-125-brosses-a-dents.jpg","width":700,"height":700},{"@type":"BreadcrumbList","@id":"https:\/\/paracherkaoui.ma\/index.php\/produit\/gum-brosse-a-dents-orthodontie-ambulatoire-ref-125\/#breadcrumb","itemListElement":[{"@type":"ListItem","position":1,"name":"Accueil","item":"https:\/\/paracherkaoui.ma\/"},{"@type":"ListItem","position":2,"name":"Boutique","item":"https:\/\/paracherkaoui.ma\/index.php\/boutique\/"},{"@type":"ListItem","position":3,"name":"GUM BROSSE A DENTS ORTHODONTIE AMBULATOIRE REF 125"}]},{"@type":"WebSite","@id":"https:\/\/paracherkaoui.ma\/#website","url":"https:\/\/paracherkaoui.ma\/","name":"Paracherkaoui.ma","description":"Achetez en ligne sur Paracherkaoui.ma","potentialAction":[{"@type":"SearchAction","target":{"@type":"EntryPoint","urlTemplate":"https:\/\/paracherkaoui.ma\/?s={search_term_string}"},"query-input":{"@type":"PropertyValueSpecification","valueRequired":true,"valueName":"search_term_string"}}],"inLanguage":"fr-FR"}]}},"_links":{"self":[{"href":"https:\/\/paracherkaoui.ma\/index.php\/wp-json\/wp\/v2\/product\/45899","targetHints":{"allow":["GET"]}}],"collection":[{"href":"https:\/\/paracherkaoui.ma\/index.php\/wp-json\/wp\/v2\/product"}],"about":[{"href":"https:\/\/paracherkaoui.ma\/index.php\/wp-json\/wp\/v2\/types\/product"}],"replies":[{"embeddable":true,"href":"https:\/\/paracherkaoui.ma\/index.php\/wp-json\/wp\/v2\/comments?post=45899"}],"version-history":[{"count":1,"href":"https:\/\/paracherkaoui.ma\/index.php\/wp-json\/wp\/v2\/product\/45899\/revisions"}],"predecessor-version":[{"id":45932,"href":"https:\/\/paracherkaoui.ma\/index.php\/wp-json\/wp\/v2\/product\/45899\/revisions\/45932"}],"wp:featuredmedia":[{"embeddable":true,"href":"https:\/\/paracherkaoui.ma\/index.php\/wp-json\/wp\/v2\/media\/45931"}],"wp:attachment":[{"href":"https:\/\/paracherkaoui.ma\/index.php\/wp-json\/wp\/v2\/media?parent=45899"}],"wp:term":[{"taxonomy":"product_brand","embeddable":true,"href":"https:\/\/paracherkaoui.ma\/index.php\/wp-json\/wp\/v2\/product_brand?post=45899"},{"taxonomy":"product_cat","embeddable":true,"href":"https:\/\/paracherkaoui.ma\/index.php\/wp-json\/wp\/v2\/product_cat?post=45899"},{"taxonomy":"product_tag","embeddable":true,"href":"https:\/\/paracherkaoui.ma\/index.php\/wp-json\/wp\/v2\/product_tag?post=45899"}],"curies":[{"name":"wp","href":"https:\/\/api.w.org\/{rel}","templated":true}]}}