{"id":45897,"date":"2025-12-12T19:16:43","date_gmt":"2025-12-12T18:16:43","guid":{"rendered":"https:\/\/test.ecbeaute.com\/?post_type=product&#038;p=45897"},"modified":"2025-12-12T19:16:46","modified_gmt":"2025-12-12T18:16:46","slug":"gum-brosse-a-dents-voyage-ref-158","status":"publish","type":"product","link":"https:\/\/paracherkaoui.ma\/index.php\/produit\/gum-brosse-a-dents-voyage-ref-158\/","title":{"rendered":"GUM BROSSE A DENTS VOYAGE REF 158"},"content":{"rendered":"<p>Gum\u00a0a \u00e9labor\u00e9 cette brosse \u00e0 dents compacte\u00a0et facile \u00e0 transporter pour vous accompagner en\u00a0voyage en avion, en camping\u00a0ou en\u00a0week-end. Elle vous permet de garder une hygi\u00e8ne bucco-dentaire\u00a0irr\u00e9prochable en toute circonstance.<\/p>\n<p>Cette brosse \u00e0 dents de taille standard, se replie en un rien de temps dans le manche pour un gain de place dans votre trousse de soin et une hygi\u00e8ne optimale lors du voyage. Des\u00a0espaces de ventilation\u00a0dans le manche \u00e9vitent l&rsquo;exc\u00e8s d&rsquo;humidit\u00e9 et le d\u00e9veloppement de moisissures. L\u2019implantation de brins sur cette brosse \u00e0 dents Gum permet une bonne insertion des poils dans les espaces interdentaires, lieux difficiles d&rsquo;acc\u00e8s o\u00f9 peuvent se d\u00e9velopper des caries, et permet d&rsquo;\u00e9liminer efficacement la plaque dentaire, \u00e0 la surface de la dent et sous le sillon gingival. Ils sont par ailleurs\u00a0impr\u00e9gn\u00e9s d&rsquo;un agent anti-bact\u00e9rien\u00a0(chlorhexidine) pour emp\u00eacher la prolif\u00e9ration des bact\u00e9ries entre les brossages.<\/p>\n","protected":false},"excerpt":{"rendered":"<p>Gum\u00a0a \u00e9labor\u00e9 cette brosse \u00e0 dents compacte\u00a0et facile \u00e0 transporter pour vous accompagner en\u00a0voyage en avion, en camping\u00a0ou en\u00a0week-end. Elle<\/p>\n","protected":false},"featured_media":45927,"comment_status":"open","ping_status":"closed","template":"","meta":[],"product_brand":[800],"product_cat":[834],"product_tag":[],"class_list":{"0":"post-45897","1":"product","2":"type-product","3":"status-publish","4":"has-post-thumbnail","6":"product_brand-gum","7":"product_cat-brosses-a-dents-adultes","9":"first","10":"instock","11":"sale","12":"shipping-taxable","13":"purchasable","14":"product-type-simple"},"yoast_head":"<!-- This site is optimized with the Yoast SEO plugin v26.6 - https:\/\/yoast.com\/wordpress\/plugins\/seo\/ -->\r\n<title>GUM BROSSE A DENTS VOYAGE REF 158 - Paracherkaoui.ma<\/title>\r\n<meta name=\"robots\" content=\"index, follow, max-snippet:-1, max-image-preview:large, max-video-preview:-1\" \/>\r\n<link rel=\"canonical\" href=\"https:\/\/paracherkaoui.ma\/index.php\/produit\/gum-brosse-a-dents-voyage-ref-158\/\" \/>\r\n<meta property=\"og:locale\" content=\"fr_FR\" \/>\r\n<meta property=\"og:type\" content=\"article\" \/>\r\n<meta property=\"og:title\" content=\"GUM BROSSE A DENTS VOYAGE REF 158 - Paracherkaoui.ma\" \/>\r\n<meta property=\"og:description\" content=\"Gum\u00a0a \u00e9labor\u00e9 cette brosse \u00e0 dents compacte\u00a0et facile \u00e0 transporter pour vous accompagner en\u00a0voyage en avion, en camping\u00a0ou en\u00a0week-end. Elle\" \/>\r\n<meta property=\"og:url\" content=\"https:\/\/paracherkaoui.ma\/index.php\/produit\/gum-brosse-a-dents-voyage-ref-158\/\" \/>\r\n<meta property=\"og:site_name\" content=\"Paracherkaoui.ma\" \/>\r\n<meta property=\"article:modified_time\" content=\"2025-12-12T18:16:46+00:00\" \/>\r\n<meta property=\"og:image\" content=\"https:\/\/paracherkaoui.ma\/wp-content\/uploads\/2025\/12\/gum-gum-brosse-a-dents-voyage-ref-158-brosses-a-dents.jpg\" \/>\r\n\t<meta property=\"og:image:width\" content=\"700\" \/>\r\n\t<meta property=\"og:image:height\" content=\"700\" \/>\r\n\t<meta property=\"og:image:type\" content=\"image\/jpeg\" \/>\r\n<meta name=\"twitter:card\" content=\"summary_large_image\" \/>\r\n<meta name=\"twitter:label1\" content=\"Dur\u00e9e de lecture estim\u00e9e\" \/>\n\t<meta name=\"twitter:data1\" content=\"1 minute\" \/>\r\n<script type=\"application\/ld+json\" class=\"yoast-schema-graph\">{\"@context\":\"https:\/\/schema.org\",\"@graph\":[{\"@type\":\"WebPage\",\"@id\":\"https:\/\/paracherkaoui.ma\/index.php\/produit\/gum-brosse-a-dents-voyage-ref-158\/\",\"url\":\"https:\/\/paracherkaoui.ma\/index.php\/produit\/gum-brosse-a-dents-voyage-ref-158\/\",\"name\":\"GUM BROSSE A DENTS VOYAGE REF 158 - Paracherkaoui.ma\",\"isPartOf\":{\"@id\":\"https:\/\/paracherkaoui.ma\/#website\"},\"primaryImageOfPage\":{\"@id\":\"https:\/\/paracherkaoui.ma\/index.php\/produit\/gum-brosse-a-dents-voyage-ref-158\/#primaryimage\"},\"image\":{\"@id\":\"https:\/\/paracherkaoui.ma\/index.php\/produit\/gum-brosse-a-dents-voyage-ref-158\/#primaryimage\"},\"thumbnailUrl\":\"https:\/\/paracherkaoui.ma\/wp-content\/uploads\/2025\/12\/gum-gum-brosse-a-dents-voyage-ref-158-brosses-a-dents.jpg\",\"datePublished\":\"2025-12-12T18:16:43+00:00\",\"dateModified\":\"2025-12-12T18:16:46+00:00\",\"breadcrumb\":{\"@id\":\"https:\/\/paracherkaoui.ma\/index.php\/produit\/gum-brosse-a-dents-voyage-ref-158\/#breadcrumb\"},\"inLanguage\":\"fr-FR\",\"potentialAction\":[{\"@type\":\"ReadAction\",\"target\":[\"https:\/\/paracherkaoui.ma\/index.php\/produit\/gum-brosse-a-dents-voyage-ref-158\/\"]}]},{\"@type\":\"ImageObject\",\"inLanguage\":\"fr-FR\",\"@id\":\"https:\/\/paracherkaoui.ma\/index.php\/produit\/gum-brosse-a-dents-voyage-ref-158\/#primaryimage\",\"url\":\"https:\/\/paracherkaoui.ma\/wp-content\/uploads\/2025\/12\/gum-gum-brosse-a-dents-voyage-ref-158-brosses-a-dents.jpg\",\"contentUrl\":\"https:\/\/paracherkaoui.ma\/wp-content\/uploads\/2025\/12\/gum-gum-brosse-a-dents-voyage-ref-158-brosses-a-dents.jpg\",\"width\":700,\"height\":700},{\"@type\":\"BreadcrumbList\",\"@id\":\"https:\/\/paracherkaoui.ma\/index.php\/produit\/gum-brosse-a-dents-voyage-ref-158\/#breadcrumb\",\"itemListElement\":[{\"@type\":\"ListItem\",\"position\":1,\"name\":\"Accueil\",\"item\":\"https:\/\/paracherkaoui.ma\/\"},{\"@type\":\"ListItem\",\"position\":2,\"name\":\"Boutique\",\"item\":\"https:\/\/paracherkaoui.ma\/index.php\/boutique\/\"},{\"@type\":\"ListItem\",\"position\":3,\"name\":\"GUM BROSSE A DENTS VOYAGE REF 158\"}]},{\"@type\":\"WebSite\",\"@id\":\"https:\/\/paracherkaoui.ma\/#website\",\"url\":\"https:\/\/paracherkaoui.ma\/\",\"name\":\"Paracherkaoui.ma\",\"description\":\"Achetez en ligne sur Paracherkaoui.ma\",\"potentialAction\":[{\"@type\":\"SearchAction\",\"target\":{\"@type\":\"EntryPoint\",\"urlTemplate\":\"https:\/\/paracherkaoui.ma\/?s={search_term_string}\"},\"query-input\":{\"@type\":\"PropertyValueSpecification\",\"valueRequired\":true,\"valueName\":\"search_term_string\"}}],\"inLanguage\":\"fr-FR\"}]}<\/script>\r\n<!-- \/ Yoast SEO plugin. -->","yoast_head_json":{"title":"GUM BROSSE A DENTS VOYAGE REF 158 - Paracherkaoui.ma","robots":{"index":"index","follow":"follow","max-snippet":"max-snippet:-1","max-image-preview":"max-image-preview:large","max-video-preview":"max-video-preview:-1"},"canonical":"https:\/\/paracherkaoui.ma\/index.php\/produit\/gum-brosse-a-dents-voyage-ref-158\/","og_locale":"fr_FR","og_type":"article","og_title":"GUM BROSSE A DENTS VOYAGE REF 158 - Paracherkaoui.ma","og_description":"Gum\u00a0a \u00e9labor\u00e9 cette brosse \u00e0 dents compacte\u00a0et facile \u00e0 transporter pour vous accompagner en\u00a0voyage en avion, en camping\u00a0ou en\u00a0week-end. Elle","og_url":"https:\/\/paracherkaoui.ma\/index.php\/produit\/gum-brosse-a-dents-voyage-ref-158\/","og_site_name":"Paracherkaoui.ma","article_modified_time":"2025-12-12T18:16:46+00:00","og_image":[{"width":700,"height":700,"url":"https:\/\/paracherkaoui.ma\/wp-content\/uploads\/2025\/12\/gum-gum-brosse-a-dents-voyage-ref-158-brosses-a-dents.jpg","type":"image\/jpeg"}],"twitter_card":"summary_large_image","twitter_misc":{"Dur\u00e9e de lecture estim\u00e9e":"1 minute"},"schema":{"@context":"https:\/\/schema.org","@graph":[{"@type":"WebPage","@id":"https:\/\/paracherkaoui.ma\/index.php\/produit\/gum-brosse-a-dents-voyage-ref-158\/","url":"https:\/\/paracherkaoui.ma\/index.php\/produit\/gum-brosse-a-dents-voyage-ref-158\/","name":"GUM BROSSE A DENTS VOYAGE REF 158 - Paracherkaoui.ma","isPartOf":{"@id":"https:\/\/paracherkaoui.ma\/#website"},"primaryImageOfPage":{"@id":"https:\/\/paracherkaoui.ma\/index.php\/produit\/gum-brosse-a-dents-voyage-ref-158\/#primaryimage"},"image":{"@id":"https:\/\/paracherkaoui.ma\/index.php\/produit\/gum-brosse-a-dents-voyage-ref-158\/#primaryimage"},"thumbnailUrl":"https:\/\/paracherkaoui.ma\/wp-content\/uploads\/2025\/12\/gum-gum-brosse-a-dents-voyage-ref-158-brosses-a-dents.jpg","datePublished":"2025-12-12T18:16:43+00:00","dateModified":"2025-12-12T18:16:46+00:00","breadcrumb":{"@id":"https:\/\/paracherkaoui.ma\/index.php\/produit\/gum-brosse-a-dents-voyage-ref-158\/#breadcrumb"},"inLanguage":"fr-FR","potentialAction":[{"@type":"ReadAction","target":["https:\/\/paracherkaoui.ma\/index.php\/produit\/gum-brosse-a-dents-voyage-ref-158\/"]}]},{"@type":"ImageObject","inLanguage":"fr-FR","@id":"https:\/\/paracherkaoui.ma\/index.php\/produit\/gum-brosse-a-dents-voyage-ref-158\/#primaryimage","url":"https:\/\/paracherkaoui.ma\/wp-content\/uploads\/2025\/12\/gum-gum-brosse-a-dents-voyage-ref-158-brosses-a-dents.jpg","contentUrl":"https:\/\/paracherkaoui.ma\/wp-content\/uploads\/2025\/12\/gum-gum-brosse-a-dents-voyage-ref-158-brosses-a-dents.jpg","width":700,"height":700},{"@type":"BreadcrumbList","@id":"https:\/\/paracherkaoui.ma\/index.php\/produit\/gum-brosse-a-dents-voyage-ref-158\/#breadcrumb","itemListElement":[{"@type":"ListItem","position":1,"name":"Accueil","item":"https:\/\/paracherkaoui.ma\/"},{"@type":"ListItem","position":2,"name":"Boutique","item":"https:\/\/paracherkaoui.ma\/index.php\/boutique\/"},{"@type":"ListItem","position":3,"name":"GUM BROSSE A DENTS VOYAGE REF 158"}]},{"@type":"WebSite","@id":"https:\/\/paracherkaoui.ma\/#website","url":"https:\/\/paracherkaoui.ma\/","name":"Paracherkaoui.ma","description":"Achetez en ligne sur Paracherkaoui.ma","potentialAction":[{"@type":"SearchAction","target":{"@type":"EntryPoint","urlTemplate":"https:\/\/paracherkaoui.ma\/?s={search_term_string}"},"query-input":{"@type":"PropertyValueSpecification","valueRequired":true,"valueName":"search_term_string"}}],"inLanguage":"fr-FR"}]}},"_links":{"self":[{"href":"https:\/\/paracherkaoui.ma\/index.php\/wp-json\/wp\/v2\/product\/45897","targetHints":{"allow":["GET"]}}],"collection":[{"href":"https:\/\/paracherkaoui.ma\/index.php\/wp-json\/wp\/v2\/product"}],"about":[{"href":"https:\/\/paracherkaoui.ma\/index.php\/wp-json\/wp\/v2\/types\/product"}],"replies":[{"embeddable":true,"href":"https:\/\/paracherkaoui.ma\/index.php\/wp-json\/wp\/v2\/comments?post=45897"}],"version-history":[{"count":1,"href":"https:\/\/paracherkaoui.ma\/index.php\/wp-json\/wp\/v2\/product\/45897\/revisions"}],"predecessor-version":[{"id":45928,"href":"https:\/\/paracherkaoui.ma\/index.php\/wp-json\/wp\/v2\/product\/45897\/revisions\/45928"}],"wp:featuredmedia":[{"embeddable":true,"href":"https:\/\/paracherkaoui.ma\/index.php\/wp-json\/wp\/v2\/media\/45927"}],"wp:attachment":[{"href":"https:\/\/paracherkaoui.ma\/index.php\/wp-json\/wp\/v2\/media?parent=45897"}],"wp:term":[{"taxonomy":"product_brand","embeddable":true,"href":"https:\/\/paracherkaoui.ma\/index.php\/wp-json\/wp\/v2\/product_brand?post=45897"},{"taxonomy":"product_cat","embeddable":true,"href":"https:\/\/paracherkaoui.ma\/index.php\/wp-json\/wp\/v2\/product_cat?post=45897"},{"taxonomy":"product_tag","embeddable":true,"href":"https:\/\/paracherkaoui.ma\/index.php\/wp-json\/wp\/v2\/product_tag?post=45897"}],"curies":[{"name":"wp","href":"https:\/\/api.w.org\/{rel}","templated":true}]}}