{"id":45853,"date":"2025-12-12T19:16:30","date_gmt":"2025-12-12T18:16:30","guid":{"rendered":"https:\/\/test.ecbeaute.com\/?post_type=product&#038;p=45853"},"modified":"2025-12-12T19:16:34","modified_gmt":"2025-12-12T18:16:34","slug":"vitis-brosse-a-dents-soft","status":"publish","type":"product","link":"https:\/\/paracherkaoui.ma\/index.php\/produit\/vitis-brosse-a-dents-soft\/","title":{"rendered":"VITIS BROSSE A DENTS SOFT"},"content":{"rendered":"<p>Description:<br \/>\nCette brosse a une grande mall\u00e9abilit\u00e9 et un caract\u00e8re ergonomique, ce qui en fait un instrument tr\u00e8s appropri\u00e9 pour ceux qui ont une petite ouverture de bouche et peu accessible.En plus des soies douces et d\u00e9licates qui\u00a0prot\u00e8gent au maximum la structure de la gencive, l\u2019un des principaux avantages de la brosse \u00e0 dents souple Vitis\u00ae Access est que gr\u00e2ce \u00e0 sa petite t\u00eate, elle acc\u00e8de aux cavit\u00e9s de la cavit\u00e9 buccale, m\u00eame celles situ\u00e9es \u00e0 l\u2019arri\u00e8re de la bouche.<\/p>\n","protected":false},"excerpt":{"rendered":"<p>Description: Cette brosse a une grande mall\u00e9abilit\u00e9 et un caract\u00e8re ergonomique, ce qui en fait un instrument tr\u00e8s appropri\u00e9 pour<\/p>\n","protected":false},"featured_media":45889,"comment_status":"open","ping_status":"closed","template":"","meta":[],"product_brand":[797],"product_cat":[834],"product_tag":[],"class_list":{"0":"post-45853","1":"product","2":"type-product","3":"status-publish","4":"has-post-thumbnail","6":"product_brand-vitis","7":"product_cat-brosses-a-dents-adultes","9":"first","10":"instock","11":"sale","12":"shipping-taxable","13":"purchasable","14":"product-type-simple"},"yoast_head":"<!-- This site is optimized with the Yoast SEO plugin v26.6 - https:\/\/yoast.com\/wordpress\/plugins\/seo\/ -->\r\n<title>VITIS BROSSE A DENTS SOFT - Paracherkaoui.ma<\/title>\r\n<meta name=\"robots\" content=\"index, follow, max-snippet:-1, max-image-preview:large, max-video-preview:-1\" \/>\r\n<link rel=\"canonical\" href=\"https:\/\/paracherkaoui.ma\/index.php\/produit\/vitis-brosse-a-dents-soft\/\" \/>\r\n<meta property=\"og:locale\" content=\"fr_FR\" \/>\r\n<meta property=\"og:type\" content=\"article\" \/>\r\n<meta property=\"og:title\" content=\"VITIS BROSSE A DENTS SOFT - Paracherkaoui.ma\" \/>\r\n<meta property=\"og:description\" content=\"Description: Cette brosse a une grande mall\u00e9abilit\u00e9 et un caract\u00e8re ergonomique, ce qui en fait un instrument tr\u00e8s appropri\u00e9 pour\" \/>\r\n<meta property=\"og:url\" content=\"https:\/\/paracherkaoui.ma\/index.php\/produit\/vitis-brosse-a-dents-soft\/\" \/>\r\n<meta property=\"og:site_name\" content=\"Paracherkaoui.ma\" \/>\r\n<meta property=\"article:modified_time\" content=\"2025-12-12T18:16:34+00:00\" \/>\r\n<meta property=\"og:image\" content=\"https:\/\/paracherkaoui.ma\/wp-content\/uploads\/2025\/12\/vitis-vitis-brosse-a-dents-soft-brosses-a-dents.jpg\" \/>\r\n\t<meta property=\"og:image:width\" content=\"700\" \/>\r\n\t<meta property=\"og:image:height\" content=\"700\" \/>\r\n\t<meta property=\"og:image:type\" content=\"image\/jpeg\" \/>\r\n<meta name=\"twitter:card\" content=\"summary_large_image\" \/>\r\n<script type=\"application\/ld+json\" class=\"yoast-schema-graph\">{\"@context\":\"https:\/\/schema.org\",\"@graph\":[{\"@type\":\"WebPage\",\"@id\":\"https:\/\/paracherkaoui.ma\/index.php\/produit\/vitis-brosse-a-dents-soft\/\",\"url\":\"https:\/\/paracherkaoui.ma\/index.php\/produit\/vitis-brosse-a-dents-soft\/\",\"name\":\"VITIS BROSSE A DENTS SOFT - Paracherkaoui.ma\",\"isPartOf\":{\"@id\":\"https:\/\/paracherkaoui.ma\/#website\"},\"primaryImageOfPage\":{\"@id\":\"https:\/\/paracherkaoui.ma\/index.php\/produit\/vitis-brosse-a-dents-soft\/#primaryimage\"},\"image\":{\"@id\":\"https:\/\/paracherkaoui.ma\/index.php\/produit\/vitis-brosse-a-dents-soft\/#primaryimage\"},\"thumbnailUrl\":\"https:\/\/paracherkaoui.ma\/wp-content\/uploads\/2025\/12\/vitis-vitis-brosse-a-dents-soft-brosses-a-dents.jpg\",\"datePublished\":\"2025-12-12T18:16:30+00:00\",\"dateModified\":\"2025-12-12T18:16:34+00:00\",\"breadcrumb\":{\"@id\":\"https:\/\/paracherkaoui.ma\/index.php\/produit\/vitis-brosse-a-dents-soft\/#breadcrumb\"},\"inLanguage\":\"fr-FR\",\"potentialAction\":[{\"@type\":\"ReadAction\",\"target\":[\"https:\/\/paracherkaoui.ma\/index.php\/produit\/vitis-brosse-a-dents-soft\/\"]}]},{\"@type\":\"ImageObject\",\"inLanguage\":\"fr-FR\",\"@id\":\"https:\/\/paracherkaoui.ma\/index.php\/produit\/vitis-brosse-a-dents-soft\/#primaryimage\",\"url\":\"https:\/\/paracherkaoui.ma\/wp-content\/uploads\/2025\/12\/vitis-vitis-brosse-a-dents-soft-brosses-a-dents.jpg\",\"contentUrl\":\"https:\/\/paracherkaoui.ma\/wp-content\/uploads\/2025\/12\/vitis-vitis-brosse-a-dents-soft-brosses-a-dents.jpg\",\"width\":700,\"height\":700},{\"@type\":\"BreadcrumbList\",\"@id\":\"https:\/\/paracherkaoui.ma\/index.php\/produit\/vitis-brosse-a-dents-soft\/#breadcrumb\",\"itemListElement\":[{\"@type\":\"ListItem\",\"position\":1,\"name\":\"Accueil\",\"item\":\"https:\/\/paracherkaoui.ma\/\"},{\"@type\":\"ListItem\",\"position\":2,\"name\":\"Boutique\",\"item\":\"https:\/\/paracherkaoui.ma\/index.php\/boutique\/\"},{\"@type\":\"ListItem\",\"position\":3,\"name\":\"VITIS BROSSE A DENTS SOFT\"}]},{\"@type\":\"WebSite\",\"@id\":\"https:\/\/paracherkaoui.ma\/#website\",\"url\":\"https:\/\/paracherkaoui.ma\/\",\"name\":\"Paracherkaoui.ma\",\"description\":\"Achetez en ligne sur Paracherkaoui.ma\",\"potentialAction\":[{\"@type\":\"SearchAction\",\"target\":{\"@type\":\"EntryPoint\",\"urlTemplate\":\"https:\/\/paracherkaoui.ma\/?s={search_term_string}\"},\"query-input\":{\"@type\":\"PropertyValueSpecification\",\"valueRequired\":true,\"valueName\":\"search_term_string\"}}],\"inLanguage\":\"fr-FR\"}]}<\/script>\r\n<!-- \/ Yoast SEO plugin. -->","yoast_head_json":{"title":"VITIS BROSSE A DENTS SOFT - Paracherkaoui.ma","robots":{"index":"index","follow":"follow","max-snippet":"max-snippet:-1","max-image-preview":"max-image-preview:large","max-video-preview":"max-video-preview:-1"},"canonical":"https:\/\/paracherkaoui.ma\/index.php\/produit\/vitis-brosse-a-dents-soft\/","og_locale":"fr_FR","og_type":"article","og_title":"VITIS BROSSE A DENTS SOFT - Paracherkaoui.ma","og_description":"Description: Cette brosse a une grande mall\u00e9abilit\u00e9 et un caract\u00e8re ergonomique, ce qui en fait un instrument tr\u00e8s appropri\u00e9 pour","og_url":"https:\/\/paracherkaoui.ma\/index.php\/produit\/vitis-brosse-a-dents-soft\/","og_site_name":"Paracherkaoui.ma","article_modified_time":"2025-12-12T18:16:34+00:00","og_image":[{"width":700,"height":700,"url":"https:\/\/paracherkaoui.ma\/wp-content\/uploads\/2025\/12\/vitis-vitis-brosse-a-dents-soft-brosses-a-dents.jpg","type":"image\/jpeg"}],"twitter_card":"summary_large_image","schema":{"@context":"https:\/\/schema.org","@graph":[{"@type":"WebPage","@id":"https:\/\/paracherkaoui.ma\/index.php\/produit\/vitis-brosse-a-dents-soft\/","url":"https:\/\/paracherkaoui.ma\/index.php\/produit\/vitis-brosse-a-dents-soft\/","name":"VITIS BROSSE A DENTS SOFT - Paracherkaoui.ma","isPartOf":{"@id":"https:\/\/paracherkaoui.ma\/#website"},"primaryImageOfPage":{"@id":"https:\/\/paracherkaoui.ma\/index.php\/produit\/vitis-brosse-a-dents-soft\/#primaryimage"},"image":{"@id":"https:\/\/paracherkaoui.ma\/index.php\/produit\/vitis-brosse-a-dents-soft\/#primaryimage"},"thumbnailUrl":"https:\/\/paracherkaoui.ma\/wp-content\/uploads\/2025\/12\/vitis-vitis-brosse-a-dents-soft-brosses-a-dents.jpg","datePublished":"2025-12-12T18:16:30+00:00","dateModified":"2025-12-12T18:16:34+00:00","breadcrumb":{"@id":"https:\/\/paracherkaoui.ma\/index.php\/produit\/vitis-brosse-a-dents-soft\/#breadcrumb"},"inLanguage":"fr-FR","potentialAction":[{"@type":"ReadAction","target":["https:\/\/paracherkaoui.ma\/index.php\/produit\/vitis-brosse-a-dents-soft\/"]}]},{"@type":"ImageObject","inLanguage":"fr-FR","@id":"https:\/\/paracherkaoui.ma\/index.php\/produit\/vitis-brosse-a-dents-soft\/#primaryimage","url":"https:\/\/paracherkaoui.ma\/wp-content\/uploads\/2025\/12\/vitis-vitis-brosse-a-dents-soft-brosses-a-dents.jpg","contentUrl":"https:\/\/paracherkaoui.ma\/wp-content\/uploads\/2025\/12\/vitis-vitis-brosse-a-dents-soft-brosses-a-dents.jpg","width":700,"height":700},{"@type":"BreadcrumbList","@id":"https:\/\/paracherkaoui.ma\/index.php\/produit\/vitis-brosse-a-dents-soft\/#breadcrumb","itemListElement":[{"@type":"ListItem","position":1,"name":"Accueil","item":"https:\/\/paracherkaoui.ma\/"},{"@type":"ListItem","position":2,"name":"Boutique","item":"https:\/\/paracherkaoui.ma\/index.php\/boutique\/"},{"@type":"ListItem","position":3,"name":"VITIS BROSSE A DENTS SOFT"}]},{"@type":"WebSite","@id":"https:\/\/paracherkaoui.ma\/#website","url":"https:\/\/paracherkaoui.ma\/","name":"Paracherkaoui.ma","description":"Achetez en ligne sur Paracherkaoui.ma","potentialAction":[{"@type":"SearchAction","target":{"@type":"EntryPoint","urlTemplate":"https:\/\/paracherkaoui.ma\/?s={search_term_string}"},"query-input":{"@type":"PropertyValueSpecification","valueRequired":true,"valueName":"search_term_string"}}],"inLanguage":"fr-FR"}]}},"_links":{"self":[{"href":"https:\/\/paracherkaoui.ma\/index.php\/wp-json\/wp\/v2\/product\/45853","targetHints":{"allow":["GET"]}}],"collection":[{"href":"https:\/\/paracherkaoui.ma\/index.php\/wp-json\/wp\/v2\/product"}],"about":[{"href":"https:\/\/paracherkaoui.ma\/index.php\/wp-json\/wp\/v2\/types\/product"}],"replies":[{"embeddable":true,"href":"https:\/\/paracherkaoui.ma\/index.php\/wp-json\/wp\/v2\/comments?post=45853"}],"version-history":[{"count":1,"href":"https:\/\/paracherkaoui.ma\/index.php\/wp-json\/wp\/v2\/product\/45853\/revisions"}],"predecessor-version":[{"id":45890,"href":"https:\/\/paracherkaoui.ma\/index.php\/wp-json\/wp\/v2\/product\/45853\/revisions\/45890"}],"wp:featuredmedia":[{"embeddable":true,"href":"https:\/\/paracherkaoui.ma\/index.php\/wp-json\/wp\/v2\/media\/45889"}],"wp:attachment":[{"href":"https:\/\/paracherkaoui.ma\/index.php\/wp-json\/wp\/v2\/media?parent=45853"}],"wp:term":[{"taxonomy":"product_brand","embeddable":true,"href":"https:\/\/paracherkaoui.ma\/index.php\/wp-json\/wp\/v2\/product_brand?post=45853"},{"taxonomy":"product_cat","embeddable":true,"href":"https:\/\/paracherkaoui.ma\/index.php\/wp-json\/wp\/v2\/product_cat?post=45853"},{"taxonomy":"product_tag","embeddable":true,"href":"https:\/\/paracherkaoui.ma\/index.php\/wp-json\/wp\/v2\/product_tag?post=45853"}],"curies":[{"name":"wp","href":"https:\/\/api.w.org\/{rel}","templated":true}]}}