{"id":45767,"date":"2025-12-12T19:16:21","date_gmt":"2025-12-12T18:16:21","guid":{"rendered":"https:\/\/test.ecbeaute.com\/?post_type=product&#038;p=45767"},"modified":"2025-12-12T19:16:26","modified_gmt":"2025-12-12T18:16:26","slug":"vitis-dentifrice-anti-caries-100-ml","status":"publish","type":"product","link":"https:\/\/paracherkaoui.ma\/index.php\/produit\/vitis-dentifrice-anti-caries-100-ml\/","title":{"rendered":"VITIS DENTIFRICE ANTI-CARIES 100 ML"},"content":{"rendered":"<p>Novateur le 1er produit anti-caries qui restaure, renforce et remin\u00e9ralise l\u2019\u00e9mail dentaire gr\u00e2ce \u00e0 3 m\u00e9canismes d\u2019action.<br \/>\nVitis Anticaries Dentifrice est indiqu\u00e9<br \/>\nPour pr\u00e9venir les caries dans le cadre de l\u2019hygi\u00e8ne bucco-dentaire quotidienne des patients.<br \/>\nPour les personnes avec une activit\u00e9 carieuse accrue, en pr\u00e9vention.<br \/>\nNanoparticules d\u2019hydroxyapatite<br \/>\nInt\u00e9gration stable \u00e0 l\u2019\u00e9mail dentaire:<br \/>\nR\u00e9parent les irr\u00e9gularit\u00e9s et les fissures \u00e0 la surface dentaire de l\u2019int\u00e9rieur.<br \/>\nRenforcent l\u2019\u00e9mail dentaire d\u00e9min\u00e9ralis\u00e9.<br \/>\nForment une couche protectrice qui r\u00e9siste aux attaques acides.<br \/>\nCombin\u00e9es avec du fluorure, elles forment des cristaux de fluorapatite qui se dissolvent moins vite au contact des acides que l\u2019hydroxyapatite. Les dents sont donc mieux prot\u00e9g\u00e9es contre les attaques acides.<br \/>\nFluorure<br \/>\nFavorise la remin\u00e9ralisation de l\u2019\u00e9mail dentaire.<br \/>\nCombin\u00e9es avec du fluorure, les nanoparticules d\u2019hydroxyapatite forment des cristaux de fluorapatite. L\u2019\u00e9mail dentaire est renforc\u00e9 et r\u00e9siste mieux \u00e0 l\u2019\u00e9rosion.<br \/>\nXylitol<br \/>\nAction anti-caries: pr\u00e9vient la formation du biofilm oral.<br \/>\nR\u00e9duit la production d\u2019acides.<br \/>\nAction remin\u00e9ralisante: neutralise le pH en bouche gr\u00e2ce \u00e0 la stimulation de la production salivaire.<br \/>\nComposants actifs<br \/>\nNanoparticules d\u2019hydroxyapatite 0,45%<br \/>\nXylitol 10%<br \/>\nMonofluorophosphate de sodium 1,10% (1450 ppm)<\/p>\n","protected":false},"excerpt":{"rendered":"<p>Novateur le 1er produit anti-caries qui restaure, renforce et remin\u00e9ralise l\u2019\u00e9mail dentaire gr\u00e2ce \u00e0 3 m\u00e9canismes d\u2019action. Vitis Anticaries Dentifrice<\/p>\n","protected":false},"featured_media":45813,"comment_status":"open","ping_status":"closed","template":"","meta":[],"product_brand":[797],"product_cat":[831],"product_tag":[],"class_list":{"0":"post-45767","1":"product","2":"type-product","3":"status-publish","4":"has-post-thumbnail","6":"product_brand-vitis","7":"product_cat-dentifrices-orthodontiques","9":"first","10":"instock","11":"sale","12":"shipping-taxable","13":"purchasable","14":"product-type-simple"},"yoast_head":"<!-- This site is optimized with the Yoast SEO plugin v26.6 - https:\/\/yoast.com\/wordpress\/plugins\/seo\/ -->\r\n<title>VITIS DENTIFRICE ANTI-CARIES 100 ML - Paracherkaoui.ma<\/title>\r\n<meta name=\"robots\" content=\"index, follow, max-snippet:-1, max-image-preview:large, max-video-preview:-1\" \/>\r\n<link rel=\"canonical\" href=\"https:\/\/paracherkaoui.ma\/index.php\/produit\/vitis-dentifrice-anti-caries-100-ml\/\" \/>\r\n<meta property=\"og:locale\" content=\"fr_FR\" \/>\r\n<meta property=\"og:type\" content=\"article\" \/>\r\n<meta property=\"og:title\" content=\"VITIS DENTIFRICE ANTI-CARIES 100 ML - Paracherkaoui.ma\" \/>\r\n<meta property=\"og:description\" content=\"Novateur le 1er produit anti-caries qui restaure, renforce et remin\u00e9ralise l\u2019\u00e9mail dentaire gr\u00e2ce \u00e0 3 m\u00e9canismes d\u2019action. Vitis Anticaries Dentifrice\" \/>\r\n<meta property=\"og:url\" content=\"https:\/\/paracherkaoui.ma\/index.php\/produit\/vitis-dentifrice-anti-caries-100-ml\/\" \/>\r\n<meta property=\"og:site_name\" content=\"Paracherkaoui.ma\" \/>\r\n<meta property=\"article:modified_time\" content=\"2025-12-12T18:16:26+00:00\" \/>\r\n<meta property=\"og:image\" content=\"https:\/\/paracherkaoui.ma\/wp-content\/uploads\/2025\/12\/vitis-vitis-dentifrice-anti-caries-100-ml-dentifrices-orthodontiques.jpg\" \/>\r\n\t<meta property=\"og:image:width\" content=\"700\" \/>\r\n\t<meta property=\"og:image:height\" content=\"700\" \/>\r\n\t<meta property=\"og:image:type\" content=\"image\/jpeg\" \/>\r\n<meta name=\"twitter:card\" content=\"summary_large_image\" \/>\r\n<meta name=\"twitter:label1\" content=\"Dur\u00e9e de lecture estim\u00e9e\" \/>\n\t<meta name=\"twitter:data1\" content=\"1 minute\" \/>\r\n<script type=\"application\/ld+json\" class=\"yoast-schema-graph\">{\"@context\":\"https:\/\/schema.org\",\"@graph\":[{\"@type\":\"WebPage\",\"@id\":\"https:\/\/paracherkaoui.ma\/index.php\/produit\/vitis-dentifrice-anti-caries-100-ml\/\",\"url\":\"https:\/\/paracherkaoui.ma\/index.php\/produit\/vitis-dentifrice-anti-caries-100-ml\/\",\"name\":\"VITIS DENTIFRICE ANTI-CARIES 100 ML - Paracherkaoui.ma\",\"isPartOf\":{\"@id\":\"https:\/\/paracherkaoui.ma\/#website\"},\"primaryImageOfPage\":{\"@id\":\"https:\/\/paracherkaoui.ma\/index.php\/produit\/vitis-dentifrice-anti-caries-100-ml\/#primaryimage\"},\"image\":{\"@id\":\"https:\/\/paracherkaoui.ma\/index.php\/produit\/vitis-dentifrice-anti-caries-100-ml\/#primaryimage\"},\"thumbnailUrl\":\"https:\/\/paracherkaoui.ma\/wp-content\/uploads\/2025\/12\/vitis-vitis-dentifrice-anti-caries-100-ml-dentifrices-orthodontiques.jpg\",\"datePublished\":\"2025-12-12T18:16:21+00:00\",\"dateModified\":\"2025-12-12T18:16:26+00:00\",\"breadcrumb\":{\"@id\":\"https:\/\/paracherkaoui.ma\/index.php\/produit\/vitis-dentifrice-anti-caries-100-ml\/#breadcrumb\"},\"inLanguage\":\"fr-FR\",\"potentialAction\":[{\"@type\":\"ReadAction\",\"target\":[\"https:\/\/paracherkaoui.ma\/index.php\/produit\/vitis-dentifrice-anti-caries-100-ml\/\"]}]},{\"@type\":\"ImageObject\",\"inLanguage\":\"fr-FR\",\"@id\":\"https:\/\/paracherkaoui.ma\/index.php\/produit\/vitis-dentifrice-anti-caries-100-ml\/#primaryimage\",\"url\":\"https:\/\/paracherkaoui.ma\/wp-content\/uploads\/2025\/12\/vitis-vitis-dentifrice-anti-caries-100-ml-dentifrices-orthodontiques.jpg\",\"contentUrl\":\"https:\/\/paracherkaoui.ma\/wp-content\/uploads\/2025\/12\/vitis-vitis-dentifrice-anti-caries-100-ml-dentifrices-orthodontiques.jpg\",\"width\":700,\"height\":700},{\"@type\":\"BreadcrumbList\",\"@id\":\"https:\/\/paracherkaoui.ma\/index.php\/produit\/vitis-dentifrice-anti-caries-100-ml\/#breadcrumb\",\"itemListElement\":[{\"@type\":\"ListItem\",\"position\":1,\"name\":\"Accueil\",\"item\":\"https:\/\/paracherkaoui.ma\/\"},{\"@type\":\"ListItem\",\"position\":2,\"name\":\"Boutique\",\"item\":\"https:\/\/paracherkaoui.ma\/index.php\/boutique\/\"},{\"@type\":\"ListItem\",\"position\":3,\"name\":\"VITIS DENTIFRICE ANTI-CARIES 100 ML\"}]},{\"@type\":\"WebSite\",\"@id\":\"https:\/\/paracherkaoui.ma\/#website\",\"url\":\"https:\/\/paracherkaoui.ma\/\",\"name\":\"Paracherkaoui.ma\",\"description\":\"Achetez en ligne sur Paracherkaoui.ma\",\"potentialAction\":[{\"@type\":\"SearchAction\",\"target\":{\"@type\":\"EntryPoint\",\"urlTemplate\":\"https:\/\/paracherkaoui.ma\/?s={search_term_string}\"},\"query-input\":{\"@type\":\"PropertyValueSpecification\",\"valueRequired\":true,\"valueName\":\"search_term_string\"}}],\"inLanguage\":\"fr-FR\"}]}<\/script>\r\n<!-- \/ Yoast SEO plugin. -->","yoast_head_json":{"title":"VITIS DENTIFRICE ANTI-CARIES 100 ML - Paracherkaoui.ma","robots":{"index":"index","follow":"follow","max-snippet":"max-snippet:-1","max-image-preview":"max-image-preview:large","max-video-preview":"max-video-preview:-1"},"canonical":"https:\/\/paracherkaoui.ma\/index.php\/produit\/vitis-dentifrice-anti-caries-100-ml\/","og_locale":"fr_FR","og_type":"article","og_title":"VITIS DENTIFRICE ANTI-CARIES 100 ML - Paracherkaoui.ma","og_description":"Novateur le 1er produit anti-caries qui restaure, renforce et remin\u00e9ralise l\u2019\u00e9mail dentaire gr\u00e2ce \u00e0 3 m\u00e9canismes d\u2019action. Vitis Anticaries Dentifrice","og_url":"https:\/\/paracherkaoui.ma\/index.php\/produit\/vitis-dentifrice-anti-caries-100-ml\/","og_site_name":"Paracherkaoui.ma","article_modified_time":"2025-12-12T18:16:26+00:00","og_image":[{"width":700,"height":700,"url":"https:\/\/paracherkaoui.ma\/wp-content\/uploads\/2025\/12\/vitis-vitis-dentifrice-anti-caries-100-ml-dentifrices-orthodontiques.jpg","type":"image\/jpeg"}],"twitter_card":"summary_large_image","twitter_misc":{"Dur\u00e9e de lecture estim\u00e9e":"1 minute"},"schema":{"@context":"https:\/\/schema.org","@graph":[{"@type":"WebPage","@id":"https:\/\/paracherkaoui.ma\/index.php\/produit\/vitis-dentifrice-anti-caries-100-ml\/","url":"https:\/\/paracherkaoui.ma\/index.php\/produit\/vitis-dentifrice-anti-caries-100-ml\/","name":"VITIS DENTIFRICE ANTI-CARIES 100 ML - Paracherkaoui.ma","isPartOf":{"@id":"https:\/\/paracherkaoui.ma\/#website"},"primaryImageOfPage":{"@id":"https:\/\/paracherkaoui.ma\/index.php\/produit\/vitis-dentifrice-anti-caries-100-ml\/#primaryimage"},"image":{"@id":"https:\/\/paracherkaoui.ma\/index.php\/produit\/vitis-dentifrice-anti-caries-100-ml\/#primaryimage"},"thumbnailUrl":"https:\/\/paracherkaoui.ma\/wp-content\/uploads\/2025\/12\/vitis-vitis-dentifrice-anti-caries-100-ml-dentifrices-orthodontiques.jpg","datePublished":"2025-12-12T18:16:21+00:00","dateModified":"2025-12-12T18:16:26+00:00","breadcrumb":{"@id":"https:\/\/paracherkaoui.ma\/index.php\/produit\/vitis-dentifrice-anti-caries-100-ml\/#breadcrumb"},"inLanguage":"fr-FR","potentialAction":[{"@type":"ReadAction","target":["https:\/\/paracherkaoui.ma\/index.php\/produit\/vitis-dentifrice-anti-caries-100-ml\/"]}]},{"@type":"ImageObject","inLanguage":"fr-FR","@id":"https:\/\/paracherkaoui.ma\/index.php\/produit\/vitis-dentifrice-anti-caries-100-ml\/#primaryimage","url":"https:\/\/paracherkaoui.ma\/wp-content\/uploads\/2025\/12\/vitis-vitis-dentifrice-anti-caries-100-ml-dentifrices-orthodontiques.jpg","contentUrl":"https:\/\/paracherkaoui.ma\/wp-content\/uploads\/2025\/12\/vitis-vitis-dentifrice-anti-caries-100-ml-dentifrices-orthodontiques.jpg","width":700,"height":700},{"@type":"BreadcrumbList","@id":"https:\/\/paracherkaoui.ma\/index.php\/produit\/vitis-dentifrice-anti-caries-100-ml\/#breadcrumb","itemListElement":[{"@type":"ListItem","position":1,"name":"Accueil","item":"https:\/\/paracherkaoui.ma\/"},{"@type":"ListItem","position":2,"name":"Boutique","item":"https:\/\/paracherkaoui.ma\/index.php\/boutique\/"},{"@type":"ListItem","position":3,"name":"VITIS DENTIFRICE ANTI-CARIES 100 ML"}]},{"@type":"WebSite","@id":"https:\/\/paracherkaoui.ma\/#website","url":"https:\/\/paracherkaoui.ma\/","name":"Paracherkaoui.ma","description":"Achetez en ligne sur Paracherkaoui.ma","potentialAction":[{"@type":"SearchAction","target":{"@type":"EntryPoint","urlTemplate":"https:\/\/paracherkaoui.ma\/?s={search_term_string}"},"query-input":{"@type":"PropertyValueSpecification","valueRequired":true,"valueName":"search_term_string"}}],"inLanguage":"fr-FR"}]}},"_links":{"self":[{"href":"https:\/\/paracherkaoui.ma\/index.php\/wp-json\/wp\/v2\/product\/45767","targetHints":{"allow":["GET"]}}],"collection":[{"href":"https:\/\/paracherkaoui.ma\/index.php\/wp-json\/wp\/v2\/product"}],"about":[{"href":"https:\/\/paracherkaoui.ma\/index.php\/wp-json\/wp\/v2\/types\/product"}],"replies":[{"embeddable":true,"href":"https:\/\/paracherkaoui.ma\/index.php\/wp-json\/wp\/v2\/comments?post=45767"}],"version-history":[{"count":1,"href":"https:\/\/paracherkaoui.ma\/index.php\/wp-json\/wp\/v2\/product\/45767\/revisions"}],"predecessor-version":[{"id":45814,"href":"https:\/\/paracherkaoui.ma\/index.php\/wp-json\/wp\/v2\/product\/45767\/revisions\/45814"}],"wp:featuredmedia":[{"embeddable":true,"href":"https:\/\/paracherkaoui.ma\/index.php\/wp-json\/wp\/v2\/media\/45813"}],"wp:attachment":[{"href":"https:\/\/paracherkaoui.ma\/index.php\/wp-json\/wp\/v2\/media?parent=45767"}],"wp:term":[{"taxonomy":"product_brand","embeddable":true,"href":"https:\/\/paracherkaoui.ma\/index.php\/wp-json\/wp\/v2\/product_brand?post=45767"},{"taxonomy":"product_cat","embeddable":true,"href":"https:\/\/paracherkaoui.ma\/index.php\/wp-json\/wp\/v2\/product_cat?post=45767"},{"taxonomy":"product_tag","embeddable":true,"href":"https:\/\/paracherkaoui.ma\/index.php\/wp-json\/wp\/v2\/product_tag?post=45767"}],"curies":[{"name":"wp","href":"https:\/\/api.w.org\/{rel}","templated":true}]}}