{"id":45766,"date":"2025-12-12T19:16:21","date_gmt":"2025-12-12T18:16:21","guid":{"rendered":"https:\/\/test.ecbeaute.com\/?post_type=product&#038;p=45766"},"modified":"2025-12-12T19:16:25","modified_gmt":"2025-12-12T18:16:25","slug":"meridol-paradont-expert-dentifrice-75ml","status":"publish","type":"product","link":"https:\/\/paracherkaoui.ma\/index.php\/produit\/meridol-paradont-expert-dentifrice-75ml\/","title":{"rendered":"MERIDOL PARADONT EXPERT DENTIFRICE 75ml"},"content":{"rendered":"<p>Pour renforcer la r\u00e9sistance des gencives\u00a0et lutter contre les inflammations des tissus qui soutiennent la dentition, la marque M\u00e9ridol\u00a0a d\u00e9velopp\u00e9 le Dentifrice Parodont Expert. Ce dentifrice est formul\u00e9 \u00e0 partir d\u2019une solution bi-active\u00a0qui prot\u00e8ge les gencives.<\/p>\n","protected":false},"excerpt":{"rendered":"<p>Pour renforcer la r\u00e9sistance des gencives\u00a0et lutter contre les inflammations des tissus qui soutiennent la dentition, la marque M\u00e9ridol\u00a0a d\u00e9velopp\u00e9<\/p>\n","protected":false},"featured_media":45811,"comment_status":"open","ping_status":"closed","template":"","meta":[],"product_brand":[813],"product_cat":[831],"product_tag":[],"class_list":{"0":"post-45766","1":"product","2":"type-product","3":"status-publish","4":"has-post-thumbnail","6":"product_brand-meridol","7":"product_cat-dentifrices-orthodontiques","9":"first","10":"instock","11":"sale","12":"shipping-taxable","13":"purchasable","14":"product-type-simple"},"yoast_head":"<!-- This site is optimized with the Yoast SEO plugin v26.6 - https:\/\/yoast.com\/wordpress\/plugins\/seo\/ -->\r\n<title>MERIDOL PARADONT EXPERT DENTIFRICE 75ml - Paracherkaoui.ma<\/title>\r\n<meta name=\"robots\" content=\"index, follow, max-snippet:-1, max-image-preview:large, max-video-preview:-1\" \/>\r\n<link rel=\"canonical\" href=\"https:\/\/paracherkaoui.ma\/index.php\/produit\/meridol-paradont-expert-dentifrice-75ml\/\" \/>\r\n<meta property=\"og:locale\" content=\"fr_FR\" \/>\r\n<meta property=\"og:type\" content=\"article\" \/>\r\n<meta property=\"og:title\" content=\"MERIDOL PARADONT EXPERT DENTIFRICE 75ml - Paracherkaoui.ma\" \/>\r\n<meta property=\"og:description\" content=\"Pour renforcer la r\u00e9sistance des gencives\u00a0et lutter contre les inflammations des tissus qui soutiennent la dentition, la marque M\u00e9ridol\u00a0a d\u00e9velopp\u00e9\" \/>\r\n<meta property=\"og:url\" content=\"https:\/\/paracherkaoui.ma\/index.php\/produit\/meridol-paradont-expert-dentifrice-75ml\/\" \/>\r\n<meta property=\"og:site_name\" content=\"Paracherkaoui.ma\" \/>\r\n<meta property=\"article:modified_time\" content=\"2025-12-12T18:16:25+00:00\" \/>\r\n<meta property=\"og:image\" content=\"https:\/\/paracherkaoui.ma\/wp-content\/uploads\/2025\/12\/meridol-meridol-paradont-expert-dentifrice-75ml-dentifrices-orthodontiques.jpg\" \/>\r\n\t<meta property=\"og:image:width\" content=\"700\" \/>\r\n\t<meta property=\"og:image:height\" content=\"700\" \/>\r\n\t<meta property=\"og:image:type\" content=\"image\/jpeg\" \/>\r\n<meta name=\"twitter:card\" content=\"summary_large_image\" \/>\r\n<script type=\"application\/ld+json\" class=\"yoast-schema-graph\">{\"@context\":\"https:\/\/schema.org\",\"@graph\":[{\"@type\":\"WebPage\",\"@id\":\"https:\/\/paracherkaoui.ma\/index.php\/produit\/meridol-paradont-expert-dentifrice-75ml\/\",\"url\":\"https:\/\/paracherkaoui.ma\/index.php\/produit\/meridol-paradont-expert-dentifrice-75ml\/\",\"name\":\"MERIDOL PARADONT EXPERT DENTIFRICE 75ml - Paracherkaoui.ma\",\"isPartOf\":{\"@id\":\"https:\/\/paracherkaoui.ma\/#website\"},\"primaryImageOfPage\":{\"@id\":\"https:\/\/paracherkaoui.ma\/index.php\/produit\/meridol-paradont-expert-dentifrice-75ml\/#primaryimage\"},\"image\":{\"@id\":\"https:\/\/paracherkaoui.ma\/index.php\/produit\/meridol-paradont-expert-dentifrice-75ml\/#primaryimage\"},\"thumbnailUrl\":\"https:\/\/paracherkaoui.ma\/wp-content\/uploads\/2025\/12\/meridol-meridol-paradont-expert-dentifrice-75ml-dentifrices-orthodontiques.jpg\",\"datePublished\":\"2025-12-12T18:16:21+00:00\",\"dateModified\":\"2025-12-12T18:16:25+00:00\",\"breadcrumb\":{\"@id\":\"https:\/\/paracherkaoui.ma\/index.php\/produit\/meridol-paradont-expert-dentifrice-75ml\/#breadcrumb\"},\"inLanguage\":\"fr-FR\",\"potentialAction\":[{\"@type\":\"ReadAction\",\"target\":[\"https:\/\/paracherkaoui.ma\/index.php\/produit\/meridol-paradont-expert-dentifrice-75ml\/\"]}]},{\"@type\":\"ImageObject\",\"inLanguage\":\"fr-FR\",\"@id\":\"https:\/\/paracherkaoui.ma\/index.php\/produit\/meridol-paradont-expert-dentifrice-75ml\/#primaryimage\",\"url\":\"https:\/\/paracherkaoui.ma\/wp-content\/uploads\/2025\/12\/meridol-meridol-paradont-expert-dentifrice-75ml-dentifrices-orthodontiques.jpg\",\"contentUrl\":\"https:\/\/paracherkaoui.ma\/wp-content\/uploads\/2025\/12\/meridol-meridol-paradont-expert-dentifrice-75ml-dentifrices-orthodontiques.jpg\",\"width\":700,\"height\":700},{\"@type\":\"BreadcrumbList\",\"@id\":\"https:\/\/paracherkaoui.ma\/index.php\/produit\/meridol-paradont-expert-dentifrice-75ml\/#breadcrumb\",\"itemListElement\":[{\"@type\":\"ListItem\",\"position\":1,\"name\":\"Accueil\",\"item\":\"https:\/\/paracherkaoui.ma\/\"},{\"@type\":\"ListItem\",\"position\":2,\"name\":\"Boutique\",\"item\":\"https:\/\/paracherkaoui.ma\/index.php\/boutique\/\"},{\"@type\":\"ListItem\",\"position\":3,\"name\":\"MERIDOL PARADONT EXPERT DENTIFRICE 75ml\"}]},{\"@type\":\"WebSite\",\"@id\":\"https:\/\/paracherkaoui.ma\/#website\",\"url\":\"https:\/\/paracherkaoui.ma\/\",\"name\":\"Paracherkaoui.ma\",\"description\":\"Achetez en ligne sur Paracherkaoui.ma\",\"potentialAction\":[{\"@type\":\"SearchAction\",\"target\":{\"@type\":\"EntryPoint\",\"urlTemplate\":\"https:\/\/paracherkaoui.ma\/?s={search_term_string}\"},\"query-input\":{\"@type\":\"PropertyValueSpecification\",\"valueRequired\":true,\"valueName\":\"search_term_string\"}}],\"inLanguage\":\"fr-FR\"}]}<\/script>\r\n<!-- \/ Yoast SEO plugin. -->","yoast_head_json":{"title":"MERIDOL PARADONT EXPERT DENTIFRICE 75ml - Paracherkaoui.ma","robots":{"index":"index","follow":"follow","max-snippet":"max-snippet:-1","max-image-preview":"max-image-preview:large","max-video-preview":"max-video-preview:-1"},"canonical":"https:\/\/paracherkaoui.ma\/index.php\/produit\/meridol-paradont-expert-dentifrice-75ml\/","og_locale":"fr_FR","og_type":"article","og_title":"MERIDOL PARADONT EXPERT DENTIFRICE 75ml - Paracherkaoui.ma","og_description":"Pour renforcer la r\u00e9sistance des gencives\u00a0et lutter contre les inflammations des tissus qui soutiennent la dentition, la marque M\u00e9ridol\u00a0a d\u00e9velopp\u00e9","og_url":"https:\/\/paracherkaoui.ma\/index.php\/produit\/meridol-paradont-expert-dentifrice-75ml\/","og_site_name":"Paracherkaoui.ma","article_modified_time":"2025-12-12T18:16:25+00:00","og_image":[{"width":700,"height":700,"url":"https:\/\/paracherkaoui.ma\/wp-content\/uploads\/2025\/12\/meridol-meridol-paradont-expert-dentifrice-75ml-dentifrices-orthodontiques.jpg","type":"image\/jpeg"}],"twitter_card":"summary_large_image","schema":{"@context":"https:\/\/schema.org","@graph":[{"@type":"WebPage","@id":"https:\/\/paracherkaoui.ma\/index.php\/produit\/meridol-paradont-expert-dentifrice-75ml\/","url":"https:\/\/paracherkaoui.ma\/index.php\/produit\/meridol-paradont-expert-dentifrice-75ml\/","name":"MERIDOL PARADONT EXPERT DENTIFRICE 75ml - Paracherkaoui.ma","isPartOf":{"@id":"https:\/\/paracherkaoui.ma\/#website"},"primaryImageOfPage":{"@id":"https:\/\/paracherkaoui.ma\/index.php\/produit\/meridol-paradont-expert-dentifrice-75ml\/#primaryimage"},"image":{"@id":"https:\/\/paracherkaoui.ma\/index.php\/produit\/meridol-paradont-expert-dentifrice-75ml\/#primaryimage"},"thumbnailUrl":"https:\/\/paracherkaoui.ma\/wp-content\/uploads\/2025\/12\/meridol-meridol-paradont-expert-dentifrice-75ml-dentifrices-orthodontiques.jpg","datePublished":"2025-12-12T18:16:21+00:00","dateModified":"2025-12-12T18:16:25+00:00","breadcrumb":{"@id":"https:\/\/paracherkaoui.ma\/index.php\/produit\/meridol-paradont-expert-dentifrice-75ml\/#breadcrumb"},"inLanguage":"fr-FR","potentialAction":[{"@type":"ReadAction","target":["https:\/\/paracherkaoui.ma\/index.php\/produit\/meridol-paradont-expert-dentifrice-75ml\/"]}]},{"@type":"ImageObject","inLanguage":"fr-FR","@id":"https:\/\/paracherkaoui.ma\/index.php\/produit\/meridol-paradont-expert-dentifrice-75ml\/#primaryimage","url":"https:\/\/paracherkaoui.ma\/wp-content\/uploads\/2025\/12\/meridol-meridol-paradont-expert-dentifrice-75ml-dentifrices-orthodontiques.jpg","contentUrl":"https:\/\/paracherkaoui.ma\/wp-content\/uploads\/2025\/12\/meridol-meridol-paradont-expert-dentifrice-75ml-dentifrices-orthodontiques.jpg","width":700,"height":700},{"@type":"BreadcrumbList","@id":"https:\/\/paracherkaoui.ma\/index.php\/produit\/meridol-paradont-expert-dentifrice-75ml\/#breadcrumb","itemListElement":[{"@type":"ListItem","position":1,"name":"Accueil","item":"https:\/\/paracherkaoui.ma\/"},{"@type":"ListItem","position":2,"name":"Boutique","item":"https:\/\/paracherkaoui.ma\/index.php\/boutique\/"},{"@type":"ListItem","position":3,"name":"MERIDOL PARADONT EXPERT DENTIFRICE 75ml"}]},{"@type":"WebSite","@id":"https:\/\/paracherkaoui.ma\/#website","url":"https:\/\/paracherkaoui.ma\/","name":"Paracherkaoui.ma","description":"Achetez en ligne sur Paracherkaoui.ma","potentialAction":[{"@type":"SearchAction","target":{"@type":"EntryPoint","urlTemplate":"https:\/\/paracherkaoui.ma\/?s={search_term_string}"},"query-input":{"@type":"PropertyValueSpecification","valueRequired":true,"valueName":"search_term_string"}}],"inLanguage":"fr-FR"}]}},"_links":{"self":[{"href":"https:\/\/paracherkaoui.ma\/index.php\/wp-json\/wp\/v2\/product\/45766","targetHints":{"allow":["GET"]}}],"collection":[{"href":"https:\/\/paracherkaoui.ma\/index.php\/wp-json\/wp\/v2\/product"}],"about":[{"href":"https:\/\/paracherkaoui.ma\/index.php\/wp-json\/wp\/v2\/types\/product"}],"replies":[{"embeddable":true,"href":"https:\/\/paracherkaoui.ma\/index.php\/wp-json\/wp\/v2\/comments?post=45766"}],"version-history":[{"count":1,"href":"https:\/\/paracherkaoui.ma\/index.php\/wp-json\/wp\/v2\/product\/45766\/revisions"}],"predecessor-version":[{"id":45812,"href":"https:\/\/paracherkaoui.ma\/index.php\/wp-json\/wp\/v2\/product\/45766\/revisions\/45812"}],"wp:featuredmedia":[{"embeddable":true,"href":"https:\/\/paracherkaoui.ma\/index.php\/wp-json\/wp\/v2\/media\/45811"}],"wp:attachment":[{"href":"https:\/\/paracherkaoui.ma\/index.php\/wp-json\/wp\/v2\/media?parent=45766"}],"wp:term":[{"taxonomy":"product_brand","embeddable":true,"href":"https:\/\/paracherkaoui.ma\/index.php\/wp-json\/wp\/v2\/product_brand?post=45766"},{"taxonomy":"product_cat","embeddable":true,"href":"https:\/\/paracherkaoui.ma\/index.php\/wp-json\/wp\/v2\/product_cat?post=45766"},{"taxonomy":"product_tag","embeddable":true,"href":"https:\/\/paracherkaoui.ma\/index.php\/wp-json\/wp\/v2\/product_tag?post=45766"}],"curies":[{"name":"wp","href":"https:\/\/api.w.org\/{rel}","templated":true}]}}