{"id":45761,"date":"2025-12-12T19:16:21","date_gmt":"2025-12-12T18:16:21","guid":{"rendered":"https:\/\/test.ecbeaute.com\/?post_type=product&#038;p=45761"},"modified":"2025-12-12T19:16:24","modified_gmt":"2025-12-12T18:16:24","slug":"bexident-gengivas-gums-gel-dentifrice-daily-use-75-ml","status":"publish","type":"product","link":"https:\/\/paracherkaoui.ma\/index.php\/produit\/bexident-gengivas-gums-gel-dentifrice-daily-use-75-ml\/","title":{"rendered":"BEXIDENT GENGIVAS GUMS GEL DENTIFRICE DAILY USE 75 ML"},"content":{"rendered":"<p>Il maintient les gencives saines gr\u00e2ce \u00e0 son action antiseptique, rapide et prolong\u00e9e, gr\u00e2ce \u00e0 la lib\u00e9ration progressive de triclosan.R\u00e9pare et tonifie gr\u00e2ce \u00e0 sa formulation \u00e0 base de dexpanth\u00e9nol et d\u2019allanto\u00efne.Anticaries, en raison de sa teneur en fluorure de sodium (0,22%).<br \/>\nConseils d&rsquo;utilisation :<br \/>\nBrossez-vous les dents 3 fois par jour, apr\u00e8s les repas, pendant 2-3 minutes.<\/p>\n","protected":false},"excerpt":{"rendered":"<p>Il maintient les gencives saines gr\u00e2ce \u00e0 son action antiseptique, rapide et prolong\u00e9e, gr\u00e2ce \u00e0 la lib\u00e9ration progressive de triclosan.R\u00e9pare<\/p>\n","protected":false},"featured_media":45802,"comment_status":"open","ping_status":"closed","template":"","meta":[],"product_brand":[808],"product_cat":[831],"product_tag":[],"class_list":{"0":"post-45761","1":"product","2":"type-product","3":"status-publish","4":"has-post-thumbnail","6":"product_brand-bexident","7":"product_cat-dentifrices-orthodontiques","9":"first","10":"instock","11":"sale","12":"shipping-taxable","13":"purchasable","14":"product-type-simple"},"yoast_head":"<!-- This site is optimized with the Yoast SEO plugin v26.6 - https:\/\/yoast.com\/wordpress\/plugins\/seo\/ -->\r\n<title>BEXIDENT GENGIVAS GUMS GEL DENTIFRICE DAILY USE 75 ML - Paracherkaoui.ma<\/title>\r\n<meta name=\"robots\" content=\"index, follow, max-snippet:-1, max-image-preview:large, max-video-preview:-1\" \/>\r\n<link rel=\"canonical\" href=\"https:\/\/paracherkaoui.ma\/index.php\/produit\/bexident-gengivas-gums-gel-dentifrice-daily-use-75-ml\/\" \/>\r\n<meta property=\"og:locale\" content=\"fr_FR\" \/>\r\n<meta property=\"og:type\" content=\"article\" \/>\r\n<meta property=\"og:title\" content=\"BEXIDENT GENGIVAS GUMS GEL DENTIFRICE DAILY USE 75 ML - Paracherkaoui.ma\" \/>\r\n<meta property=\"og:description\" content=\"Il maintient les gencives saines gr\u00e2ce \u00e0 son action antiseptique, rapide et prolong\u00e9e, gr\u00e2ce \u00e0 la lib\u00e9ration progressive de triclosan.R\u00e9pare\" \/>\r\n<meta property=\"og:url\" content=\"https:\/\/paracherkaoui.ma\/index.php\/produit\/bexident-gengivas-gums-gel-dentifrice-daily-use-75-ml\/\" \/>\r\n<meta property=\"og:site_name\" content=\"Paracherkaoui.ma\" \/>\r\n<meta property=\"article:modified_time\" content=\"2025-12-12T18:16:24+00:00\" \/>\r\n<meta property=\"og:image\" content=\"https:\/\/paracherkaoui.ma\/wp-content\/uploads\/2025\/12\/bexident-bexident-gengivas-gums-gel-dentifrice-daily-use-75-ml-dentifrices-orthodontiques.jpg\" \/>\r\n\t<meta property=\"og:image:width\" content=\"700\" \/>\r\n\t<meta property=\"og:image:height\" content=\"700\" \/>\r\n\t<meta property=\"og:image:type\" content=\"image\/jpeg\" \/>\r\n<meta name=\"twitter:card\" content=\"summary_large_image\" \/>\r\n<script type=\"application\/ld+json\" class=\"yoast-schema-graph\">{\"@context\":\"https:\/\/schema.org\",\"@graph\":[{\"@type\":\"WebPage\",\"@id\":\"https:\/\/paracherkaoui.ma\/index.php\/produit\/bexident-gengivas-gums-gel-dentifrice-daily-use-75-ml\/\",\"url\":\"https:\/\/paracherkaoui.ma\/index.php\/produit\/bexident-gengivas-gums-gel-dentifrice-daily-use-75-ml\/\",\"name\":\"BEXIDENT GENGIVAS GUMS GEL DENTIFRICE DAILY USE 75 ML - Paracherkaoui.ma\",\"isPartOf\":{\"@id\":\"https:\/\/paracherkaoui.ma\/#website\"},\"primaryImageOfPage\":{\"@id\":\"https:\/\/paracherkaoui.ma\/index.php\/produit\/bexident-gengivas-gums-gel-dentifrice-daily-use-75-ml\/#primaryimage\"},\"image\":{\"@id\":\"https:\/\/paracherkaoui.ma\/index.php\/produit\/bexident-gengivas-gums-gel-dentifrice-daily-use-75-ml\/#primaryimage\"},\"thumbnailUrl\":\"https:\/\/paracherkaoui.ma\/wp-content\/uploads\/2025\/12\/bexident-bexident-gengivas-gums-gel-dentifrice-daily-use-75-ml-dentifrices-orthodontiques.jpg\",\"datePublished\":\"2025-12-12T18:16:21+00:00\",\"dateModified\":\"2025-12-12T18:16:24+00:00\",\"breadcrumb\":{\"@id\":\"https:\/\/paracherkaoui.ma\/index.php\/produit\/bexident-gengivas-gums-gel-dentifrice-daily-use-75-ml\/#breadcrumb\"},\"inLanguage\":\"fr-FR\",\"potentialAction\":[{\"@type\":\"ReadAction\",\"target\":[\"https:\/\/paracherkaoui.ma\/index.php\/produit\/bexident-gengivas-gums-gel-dentifrice-daily-use-75-ml\/\"]}]},{\"@type\":\"ImageObject\",\"inLanguage\":\"fr-FR\",\"@id\":\"https:\/\/paracherkaoui.ma\/index.php\/produit\/bexident-gengivas-gums-gel-dentifrice-daily-use-75-ml\/#primaryimage\",\"url\":\"https:\/\/paracherkaoui.ma\/wp-content\/uploads\/2025\/12\/bexident-bexident-gengivas-gums-gel-dentifrice-daily-use-75-ml-dentifrices-orthodontiques.jpg\",\"contentUrl\":\"https:\/\/paracherkaoui.ma\/wp-content\/uploads\/2025\/12\/bexident-bexident-gengivas-gums-gel-dentifrice-daily-use-75-ml-dentifrices-orthodontiques.jpg\",\"width\":700,\"height\":700},{\"@type\":\"BreadcrumbList\",\"@id\":\"https:\/\/paracherkaoui.ma\/index.php\/produit\/bexident-gengivas-gums-gel-dentifrice-daily-use-75-ml\/#breadcrumb\",\"itemListElement\":[{\"@type\":\"ListItem\",\"position\":1,\"name\":\"Accueil\",\"item\":\"https:\/\/paracherkaoui.ma\/\"},{\"@type\":\"ListItem\",\"position\":2,\"name\":\"Boutique\",\"item\":\"https:\/\/paracherkaoui.ma\/index.php\/boutique\/\"},{\"@type\":\"ListItem\",\"position\":3,\"name\":\"BEXIDENT GENGIVAS GUMS GEL DENTIFRICE DAILY USE 75 ML\"}]},{\"@type\":\"WebSite\",\"@id\":\"https:\/\/paracherkaoui.ma\/#website\",\"url\":\"https:\/\/paracherkaoui.ma\/\",\"name\":\"Paracherkaoui.ma\",\"description\":\"Achetez en ligne sur Paracherkaoui.ma\",\"potentialAction\":[{\"@type\":\"SearchAction\",\"target\":{\"@type\":\"EntryPoint\",\"urlTemplate\":\"https:\/\/paracherkaoui.ma\/?s={search_term_string}\"},\"query-input\":{\"@type\":\"PropertyValueSpecification\",\"valueRequired\":true,\"valueName\":\"search_term_string\"}}],\"inLanguage\":\"fr-FR\"}]}<\/script>\r\n<!-- \/ Yoast SEO plugin. -->","yoast_head_json":{"title":"BEXIDENT GENGIVAS GUMS GEL DENTIFRICE DAILY USE 75 ML - Paracherkaoui.ma","robots":{"index":"index","follow":"follow","max-snippet":"max-snippet:-1","max-image-preview":"max-image-preview:large","max-video-preview":"max-video-preview:-1"},"canonical":"https:\/\/paracherkaoui.ma\/index.php\/produit\/bexident-gengivas-gums-gel-dentifrice-daily-use-75-ml\/","og_locale":"fr_FR","og_type":"article","og_title":"BEXIDENT GENGIVAS GUMS GEL DENTIFRICE DAILY USE 75 ML - Paracherkaoui.ma","og_description":"Il maintient les gencives saines gr\u00e2ce \u00e0 son action antiseptique, rapide et prolong\u00e9e, gr\u00e2ce \u00e0 la lib\u00e9ration progressive de triclosan.R\u00e9pare","og_url":"https:\/\/paracherkaoui.ma\/index.php\/produit\/bexident-gengivas-gums-gel-dentifrice-daily-use-75-ml\/","og_site_name":"Paracherkaoui.ma","article_modified_time":"2025-12-12T18:16:24+00:00","og_image":[{"width":700,"height":700,"url":"https:\/\/paracherkaoui.ma\/wp-content\/uploads\/2025\/12\/bexident-bexident-gengivas-gums-gel-dentifrice-daily-use-75-ml-dentifrices-orthodontiques.jpg","type":"image\/jpeg"}],"twitter_card":"summary_large_image","schema":{"@context":"https:\/\/schema.org","@graph":[{"@type":"WebPage","@id":"https:\/\/paracherkaoui.ma\/index.php\/produit\/bexident-gengivas-gums-gel-dentifrice-daily-use-75-ml\/","url":"https:\/\/paracherkaoui.ma\/index.php\/produit\/bexident-gengivas-gums-gel-dentifrice-daily-use-75-ml\/","name":"BEXIDENT GENGIVAS GUMS GEL DENTIFRICE DAILY USE 75 ML - Paracherkaoui.ma","isPartOf":{"@id":"https:\/\/paracherkaoui.ma\/#website"},"primaryImageOfPage":{"@id":"https:\/\/paracherkaoui.ma\/index.php\/produit\/bexident-gengivas-gums-gel-dentifrice-daily-use-75-ml\/#primaryimage"},"image":{"@id":"https:\/\/paracherkaoui.ma\/index.php\/produit\/bexident-gengivas-gums-gel-dentifrice-daily-use-75-ml\/#primaryimage"},"thumbnailUrl":"https:\/\/paracherkaoui.ma\/wp-content\/uploads\/2025\/12\/bexident-bexident-gengivas-gums-gel-dentifrice-daily-use-75-ml-dentifrices-orthodontiques.jpg","datePublished":"2025-12-12T18:16:21+00:00","dateModified":"2025-12-12T18:16:24+00:00","breadcrumb":{"@id":"https:\/\/paracherkaoui.ma\/index.php\/produit\/bexident-gengivas-gums-gel-dentifrice-daily-use-75-ml\/#breadcrumb"},"inLanguage":"fr-FR","potentialAction":[{"@type":"ReadAction","target":["https:\/\/paracherkaoui.ma\/index.php\/produit\/bexident-gengivas-gums-gel-dentifrice-daily-use-75-ml\/"]}]},{"@type":"ImageObject","inLanguage":"fr-FR","@id":"https:\/\/paracherkaoui.ma\/index.php\/produit\/bexident-gengivas-gums-gel-dentifrice-daily-use-75-ml\/#primaryimage","url":"https:\/\/paracherkaoui.ma\/wp-content\/uploads\/2025\/12\/bexident-bexident-gengivas-gums-gel-dentifrice-daily-use-75-ml-dentifrices-orthodontiques.jpg","contentUrl":"https:\/\/paracherkaoui.ma\/wp-content\/uploads\/2025\/12\/bexident-bexident-gengivas-gums-gel-dentifrice-daily-use-75-ml-dentifrices-orthodontiques.jpg","width":700,"height":700},{"@type":"BreadcrumbList","@id":"https:\/\/paracherkaoui.ma\/index.php\/produit\/bexident-gengivas-gums-gel-dentifrice-daily-use-75-ml\/#breadcrumb","itemListElement":[{"@type":"ListItem","position":1,"name":"Accueil","item":"https:\/\/paracherkaoui.ma\/"},{"@type":"ListItem","position":2,"name":"Boutique","item":"https:\/\/paracherkaoui.ma\/index.php\/boutique\/"},{"@type":"ListItem","position":3,"name":"BEXIDENT GENGIVAS GUMS GEL DENTIFRICE DAILY USE 75 ML"}]},{"@type":"WebSite","@id":"https:\/\/paracherkaoui.ma\/#website","url":"https:\/\/paracherkaoui.ma\/","name":"Paracherkaoui.ma","description":"Achetez en ligne sur Paracherkaoui.ma","potentialAction":[{"@type":"SearchAction","target":{"@type":"EntryPoint","urlTemplate":"https:\/\/paracherkaoui.ma\/?s={search_term_string}"},"query-input":{"@type":"PropertyValueSpecification","valueRequired":true,"valueName":"search_term_string"}}],"inLanguage":"fr-FR"}]}},"_links":{"self":[{"href":"https:\/\/paracherkaoui.ma\/index.php\/wp-json\/wp\/v2\/product\/45761","targetHints":{"allow":["GET"]}}],"collection":[{"href":"https:\/\/paracherkaoui.ma\/index.php\/wp-json\/wp\/v2\/product"}],"about":[{"href":"https:\/\/paracherkaoui.ma\/index.php\/wp-json\/wp\/v2\/types\/product"}],"replies":[{"embeddable":true,"href":"https:\/\/paracherkaoui.ma\/index.php\/wp-json\/wp\/v2\/comments?post=45761"}],"version-history":[{"count":1,"href":"https:\/\/paracherkaoui.ma\/index.php\/wp-json\/wp\/v2\/product\/45761\/revisions"}],"predecessor-version":[{"id":45803,"href":"https:\/\/paracherkaoui.ma\/index.php\/wp-json\/wp\/v2\/product\/45761\/revisions\/45803"}],"wp:featuredmedia":[{"embeddable":true,"href":"https:\/\/paracherkaoui.ma\/index.php\/wp-json\/wp\/v2\/media\/45802"}],"wp:attachment":[{"href":"https:\/\/paracherkaoui.ma\/index.php\/wp-json\/wp\/v2\/media?parent=45761"}],"wp:term":[{"taxonomy":"product_brand","embeddable":true,"href":"https:\/\/paracherkaoui.ma\/index.php\/wp-json\/wp\/v2\/product_brand?post=45761"},{"taxonomy":"product_cat","embeddable":true,"href":"https:\/\/paracherkaoui.ma\/index.php\/wp-json\/wp\/v2\/product_cat?post=45761"},{"taxonomy":"product_tag","embeddable":true,"href":"https:\/\/paracherkaoui.ma\/index.php\/wp-json\/wp\/v2\/product_tag?post=45761"}],"curies":[{"name":"wp","href":"https:\/\/api.w.org\/{rel}","templated":true}]}}