{"id":45754,"date":"2025-12-12T19:16:20","date_gmt":"2025-12-12T18:16:20","guid":{"rendered":"https:\/\/test.ecbeaute.com\/?post_type=product&#038;p=45754"},"modified":"2025-12-12T19:16:23","modified_gmt":"2025-12-12T18:16:23","slug":"buccotherm-protection-complete-bio-gout-citron-75-ml","status":"publish","type":"product","link":"https:\/\/paracherkaoui.ma\/index.php\/produit\/buccotherm-protection-complete-bio-gout-citron-75-ml\/","title":{"rendered":"BUCCOTHERM PROTECTION COMPLETE BIO GOUT CITRON 75 ML"},"content":{"rendered":"<p>Description:<br \/>\nBuccotherm Dentifrice Protection Compl\u00e8te Citron Eucalyptus\u00a0est un dentifrice BIO compos\u00e9 \u00e0 100% d\u2019ingr\u00e9dients d\u2019origine naturelle. Sa formule unique associe.l\u2019Eau thermale de Cast\u00e9ra-Verduzan \u00e0 l\u2019Aloe Vera pour renforcer les dents et prot\u00e9ger les gencives. Formul\u00e9 avec du fluor \u2013 1450 ppm \u2013 il aide \u00e0 combattre efficacement les attaques acides et \u00e0 pr\u00e9venir la formation des caries. Son ar\u00f4me naturel de citron eucalyptus procure une agr\u00e9able sensation de fra\u00eecheur.<\/p>\n","protected":false},"excerpt":{"rendered":"<p>Description: Buccotherm Dentifrice Protection Compl\u00e8te Citron Eucalyptus\u00a0est un dentifrice BIO compos\u00e9 \u00e0 100% d\u2019ingr\u00e9dients d\u2019origine naturelle. Sa formule unique associe.l\u2019Eau<\/p>\n","protected":false},"featured_media":45788,"comment_status":"open","ping_status":"closed","template":"","meta":[],"product_brand":[801],"product_cat":[831],"product_tag":[],"class_list":{"0":"post-45754","1":"product","2":"type-product","3":"status-publish","4":"has-post-thumbnail","6":"product_brand-buccotherm","7":"product_cat-dentifrices-orthodontiques","9":"first","10":"instock","11":"sale","12":"shipping-taxable","13":"purchasable","14":"product-type-simple"},"yoast_head":"<!-- This site is optimized with the Yoast SEO plugin v26.6 - https:\/\/yoast.com\/wordpress\/plugins\/seo\/ -->\r\n<title>BUCCOTHERM PROTECTION COMPLETE BIO GOUT CITRON 75 ML - Paracherkaoui.ma<\/title>\r\n<meta name=\"robots\" content=\"index, follow, max-snippet:-1, max-image-preview:large, max-video-preview:-1\" \/>\r\n<link rel=\"canonical\" href=\"https:\/\/paracherkaoui.ma\/index.php\/produit\/buccotherm-protection-complete-bio-gout-citron-75-ml\/\" \/>\r\n<meta property=\"og:locale\" content=\"fr_FR\" \/>\r\n<meta property=\"og:type\" content=\"article\" \/>\r\n<meta property=\"og:title\" content=\"BUCCOTHERM PROTECTION COMPLETE BIO GOUT CITRON 75 ML - Paracherkaoui.ma\" \/>\r\n<meta property=\"og:description\" content=\"Description: Buccotherm Dentifrice Protection Compl\u00e8te Citron Eucalyptus\u00a0est un dentifrice BIO compos\u00e9 \u00e0 100% d\u2019ingr\u00e9dients d\u2019origine naturelle. Sa formule unique associe.l\u2019Eau\" \/>\r\n<meta property=\"og:url\" content=\"https:\/\/paracherkaoui.ma\/index.php\/produit\/buccotherm-protection-complete-bio-gout-citron-75-ml\/\" \/>\r\n<meta property=\"og:site_name\" content=\"Paracherkaoui.ma\" \/>\r\n<meta property=\"article:modified_time\" content=\"2025-12-12T18:16:23+00:00\" \/>\r\n<meta property=\"og:image\" content=\"https:\/\/paracherkaoui.ma\/wp-content\/uploads\/2025\/12\/buccotherm-protection-complete-bio-gout-citron-75-ml.jpg\" \/>\r\n\t<meta property=\"og:image:width\" content=\"700\" \/>\r\n\t<meta property=\"og:image:height\" content=\"700\" \/>\r\n\t<meta property=\"og:image:type\" content=\"image\/jpeg\" \/>\r\n<meta name=\"twitter:card\" content=\"summary_large_image\" \/>\r\n<script type=\"application\/ld+json\" class=\"yoast-schema-graph\">{\"@context\":\"https:\/\/schema.org\",\"@graph\":[{\"@type\":\"WebPage\",\"@id\":\"https:\/\/paracherkaoui.ma\/index.php\/produit\/buccotherm-protection-complete-bio-gout-citron-75-ml\/\",\"url\":\"https:\/\/paracherkaoui.ma\/index.php\/produit\/buccotherm-protection-complete-bio-gout-citron-75-ml\/\",\"name\":\"BUCCOTHERM PROTECTION COMPLETE BIO GOUT CITRON 75 ML - Paracherkaoui.ma\",\"isPartOf\":{\"@id\":\"https:\/\/paracherkaoui.ma\/#website\"},\"primaryImageOfPage\":{\"@id\":\"https:\/\/paracherkaoui.ma\/index.php\/produit\/buccotherm-protection-complete-bio-gout-citron-75-ml\/#primaryimage\"},\"image\":{\"@id\":\"https:\/\/paracherkaoui.ma\/index.php\/produit\/buccotherm-protection-complete-bio-gout-citron-75-ml\/#primaryimage\"},\"thumbnailUrl\":\"https:\/\/paracherkaoui.ma\/wp-content\/uploads\/2025\/12\/buccotherm-protection-complete-bio-gout-citron-75-ml.jpg\",\"datePublished\":\"2025-12-12T18:16:20+00:00\",\"dateModified\":\"2025-12-12T18:16:23+00:00\",\"breadcrumb\":{\"@id\":\"https:\/\/paracherkaoui.ma\/index.php\/produit\/buccotherm-protection-complete-bio-gout-citron-75-ml\/#breadcrumb\"},\"inLanguage\":\"fr-FR\",\"potentialAction\":[{\"@type\":\"ReadAction\",\"target\":[\"https:\/\/paracherkaoui.ma\/index.php\/produit\/buccotherm-protection-complete-bio-gout-citron-75-ml\/\"]}]},{\"@type\":\"ImageObject\",\"inLanguage\":\"fr-FR\",\"@id\":\"https:\/\/paracherkaoui.ma\/index.php\/produit\/buccotherm-protection-complete-bio-gout-citron-75-ml\/#primaryimage\",\"url\":\"https:\/\/paracherkaoui.ma\/wp-content\/uploads\/2025\/12\/buccotherm-protection-complete-bio-gout-citron-75-ml.jpg\",\"contentUrl\":\"https:\/\/paracherkaoui.ma\/wp-content\/uploads\/2025\/12\/buccotherm-protection-complete-bio-gout-citron-75-ml.jpg\",\"width\":700,\"height\":700},{\"@type\":\"BreadcrumbList\",\"@id\":\"https:\/\/paracherkaoui.ma\/index.php\/produit\/buccotherm-protection-complete-bio-gout-citron-75-ml\/#breadcrumb\",\"itemListElement\":[{\"@type\":\"ListItem\",\"position\":1,\"name\":\"Accueil\",\"item\":\"https:\/\/paracherkaoui.ma\/\"},{\"@type\":\"ListItem\",\"position\":2,\"name\":\"Boutique\",\"item\":\"https:\/\/paracherkaoui.ma\/index.php\/boutique\/\"},{\"@type\":\"ListItem\",\"position\":3,\"name\":\"BUCCOTHERM PROTECTION COMPLETE BIO GOUT CITRON 75 ML\"}]},{\"@type\":\"WebSite\",\"@id\":\"https:\/\/paracherkaoui.ma\/#website\",\"url\":\"https:\/\/paracherkaoui.ma\/\",\"name\":\"Paracherkaoui.ma\",\"description\":\"Achetez en ligne sur Paracherkaoui.ma\",\"potentialAction\":[{\"@type\":\"SearchAction\",\"target\":{\"@type\":\"EntryPoint\",\"urlTemplate\":\"https:\/\/paracherkaoui.ma\/?s={search_term_string}\"},\"query-input\":{\"@type\":\"PropertyValueSpecification\",\"valueRequired\":true,\"valueName\":\"search_term_string\"}}],\"inLanguage\":\"fr-FR\"}]}<\/script>\r\n<!-- \/ Yoast SEO plugin. -->","yoast_head_json":{"title":"BUCCOTHERM PROTECTION COMPLETE BIO GOUT CITRON 75 ML - Paracherkaoui.ma","robots":{"index":"index","follow":"follow","max-snippet":"max-snippet:-1","max-image-preview":"max-image-preview:large","max-video-preview":"max-video-preview:-1"},"canonical":"https:\/\/paracherkaoui.ma\/index.php\/produit\/buccotherm-protection-complete-bio-gout-citron-75-ml\/","og_locale":"fr_FR","og_type":"article","og_title":"BUCCOTHERM PROTECTION COMPLETE BIO GOUT CITRON 75 ML - Paracherkaoui.ma","og_description":"Description: Buccotherm Dentifrice Protection Compl\u00e8te Citron Eucalyptus\u00a0est un dentifrice BIO compos\u00e9 \u00e0 100% d\u2019ingr\u00e9dients d\u2019origine naturelle. Sa formule unique associe.l\u2019Eau","og_url":"https:\/\/paracherkaoui.ma\/index.php\/produit\/buccotherm-protection-complete-bio-gout-citron-75-ml\/","og_site_name":"Paracherkaoui.ma","article_modified_time":"2025-12-12T18:16:23+00:00","og_image":[{"width":700,"height":700,"url":"https:\/\/paracherkaoui.ma\/wp-content\/uploads\/2025\/12\/buccotherm-protection-complete-bio-gout-citron-75-ml.jpg","type":"image\/jpeg"}],"twitter_card":"summary_large_image","schema":{"@context":"https:\/\/schema.org","@graph":[{"@type":"WebPage","@id":"https:\/\/paracherkaoui.ma\/index.php\/produit\/buccotherm-protection-complete-bio-gout-citron-75-ml\/","url":"https:\/\/paracherkaoui.ma\/index.php\/produit\/buccotherm-protection-complete-bio-gout-citron-75-ml\/","name":"BUCCOTHERM PROTECTION COMPLETE BIO GOUT CITRON 75 ML - Paracherkaoui.ma","isPartOf":{"@id":"https:\/\/paracherkaoui.ma\/#website"},"primaryImageOfPage":{"@id":"https:\/\/paracherkaoui.ma\/index.php\/produit\/buccotherm-protection-complete-bio-gout-citron-75-ml\/#primaryimage"},"image":{"@id":"https:\/\/paracherkaoui.ma\/index.php\/produit\/buccotherm-protection-complete-bio-gout-citron-75-ml\/#primaryimage"},"thumbnailUrl":"https:\/\/paracherkaoui.ma\/wp-content\/uploads\/2025\/12\/buccotherm-protection-complete-bio-gout-citron-75-ml.jpg","datePublished":"2025-12-12T18:16:20+00:00","dateModified":"2025-12-12T18:16:23+00:00","breadcrumb":{"@id":"https:\/\/paracherkaoui.ma\/index.php\/produit\/buccotherm-protection-complete-bio-gout-citron-75-ml\/#breadcrumb"},"inLanguage":"fr-FR","potentialAction":[{"@type":"ReadAction","target":["https:\/\/paracherkaoui.ma\/index.php\/produit\/buccotherm-protection-complete-bio-gout-citron-75-ml\/"]}]},{"@type":"ImageObject","inLanguage":"fr-FR","@id":"https:\/\/paracherkaoui.ma\/index.php\/produit\/buccotherm-protection-complete-bio-gout-citron-75-ml\/#primaryimage","url":"https:\/\/paracherkaoui.ma\/wp-content\/uploads\/2025\/12\/buccotherm-protection-complete-bio-gout-citron-75-ml.jpg","contentUrl":"https:\/\/paracherkaoui.ma\/wp-content\/uploads\/2025\/12\/buccotherm-protection-complete-bio-gout-citron-75-ml.jpg","width":700,"height":700},{"@type":"BreadcrumbList","@id":"https:\/\/paracherkaoui.ma\/index.php\/produit\/buccotherm-protection-complete-bio-gout-citron-75-ml\/#breadcrumb","itemListElement":[{"@type":"ListItem","position":1,"name":"Accueil","item":"https:\/\/paracherkaoui.ma\/"},{"@type":"ListItem","position":2,"name":"Boutique","item":"https:\/\/paracherkaoui.ma\/index.php\/boutique\/"},{"@type":"ListItem","position":3,"name":"BUCCOTHERM PROTECTION COMPLETE BIO GOUT CITRON 75 ML"}]},{"@type":"WebSite","@id":"https:\/\/paracherkaoui.ma\/#website","url":"https:\/\/paracherkaoui.ma\/","name":"Paracherkaoui.ma","description":"Achetez en ligne sur Paracherkaoui.ma","potentialAction":[{"@type":"SearchAction","target":{"@type":"EntryPoint","urlTemplate":"https:\/\/paracherkaoui.ma\/?s={search_term_string}"},"query-input":{"@type":"PropertyValueSpecification","valueRequired":true,"valueName":"search_term_string"}}],"inLanguage":"fr-FR"}]}},"_links":{"self":[{"href":"https:\/\/paracherkaoui.ma\/index.php\/wp-json\/wp\/v2\/product\/45754","targetHints":{"allow":["GET"]}}],"collection":[{"href":"https:\/\/paracherkaoui.ma\/index.php\/wp-json\/wp\/v2\/product"}],"about":[{"href":"https:\/\/paracherkaoui.ma\/index.php\/wp-json\/wp\/v2\/types\/product"}],"replies":[{"embeddable":true,"href":"https:\/\/paracherkaoui.ma\/index.php\/wp-json\/wp\/v2\/comments?post=45754"}],"version-history":[{"count":1,"href":"https:\/\/paracherkaoui.ma\/index.php\/wp-json\/wp\/v2\/product\/45754\/revisions"}],"predecessor-version":[{"id":45789,"href":"https:\/\/paracherkaoui.ma\/index.php\/wp-json\/wp\/v2\/product\/45754\/revisions\/45789"}],"wp:featuredmedia":[{"embeddable":true,"href":"https:\/\/paracherkaoui.ma\/index.php\/wp-json\/wp\/v2\/media\/45788"}],"wp:attachment":[{"href":"https:\/\/paracherkaoui.ma\/index.php\/wp-json\/wp\/v2\/media?parent=45754"}],"wp:term":[{"taxonomy":"product_brand","embeddable":true,"href":"https:\/\/paracherkaoui.ma\/index.php\/wp-json\/wp\/v2\/product_brand?post=45754"},{"taxonomy":"product_cat","embeddable":true,"href":"https:\/\/paracherkaoui.ma\/index.php\/wp-json\/wp\/v2\/product_cat?post=45754"},{"taxonomy":"product_tag","embeddable":true,"href":"https:\/\/paracherkaoui.ma\/index.php\/wp-json\/wp\/v2\/product_tag?post=45754"}],"curies":[{"name":"wp","href":"https:\/\/api.w.org\/{rel}","templated":true}]}}