{"id":45750,"date":"2025-12-12T19:16:20","date_gmt":"2025-12-12T18:16:20","guid":{"rendered":"https:\/\/test.ecbeaute.com\/?post_type=product&#038;p=45750"},"modified":"2025-12-12T19:16:22","modified_gmt":"2025-12-12T18:16:22","slug":"president-dentifrice-defense-75-ml","status":"publish","type":"product","link":"https:\/\/paracherkaoui.ma\/index.php\/produit\/president-dentifrice-defense-75-ml\/","title":{"rendered":"PRESIDENT DENTIFRICE DEFENSE 75 ML"},"content":{"rendered":"<p>DESCRIPTION :<br \/>\nFormulation brevet\u00e9e dans laquelle sont inclus des ingr\u00e9dients huileux qui ont \u00e9t\u00e9 micro-fondus sous forme \u00e9mulsionn\u00e9e. L&rsquo;introduction d&rsquo;une phase huileuse dans un totthpaste traditionnel provoque, pendant l&rsquo;utilisation, la cr\u00e9ation d&rsquo;un film huileux dans la bouche qui adh\u00e8re aux dents et aux gencives. La pr\u00e9sence de bact\u00e9ries dans la bouche peut \u00eatre la cause de l&rsquo;inflammation des gencives et favorise la formation d&rsquo;halitose. La p\u00e2te dentifrice \u00e9mulsionn\u00e9e avec de l &lsquo;esetidine (0,1%) exerce une action anti &#8211; plaque et r\u00e9duit l&rsquo; inflammation des muqueuses. En outre, il est enrichi par de l&rsquo;huile micro-dispers\u00e9e sous forme d&rsquo;\u00e9mulsion (formule brevet\u00e9e), ce qui provoque la bouche pour former un film de protection active et adh\u00e9rant aux dents et les tissus de la gencive, qui reste efficace pendant longtemps. Ce voile huileux combat les bact\u00e9ries qui causent la parodontite, la stomatite ulc\u00e9reuse, la formation de la plaque et des caries dentaires, l&rsquo;halitose du c\u00e2ble oro-pharyng\u00e9. Le chlorure de c\u00e9tylpyridinium est actif contre les bact\u00e9ries, tandis que les extraits de propolis et de thym int\u00e8grent l&rsquo;activit\u00e9 de la pr\u00e9paration d\u00e9sinfectante. L&rsquo;utilisation est recommand\u00e9e pour les patients souffrant de probl\u00e8mes d&rsquo;halitose ou comme une action de maintien apr\u00e8s un traitement intensif Chlorhexidine.<\/p>\n","protected":false},"excerpt":{"rendered":"<p>DESCRIPTION : Formulation brevet\u00e9e dans laquelle sont inclus des ingr\u00e9dients huileux qui ont \u00e9t\u00e9 micro-fondus sous forme \u00e9mulsionn\u00e9e. L&rsquo;introduction d&rsquo;une<\/p>\n","protected":false},"featured_media":45781,"comment_status":"open","ping_status":"closed","template":"","meta":[],"product_brand":[803],"product_cat":[831],"product_tag":[],"class_list":{"0":"post-45750","1":"product","2":"type-product","3":"status-publish","4":"has-post-thumbnail","6":"product_brand-president","7":"product_cat-dentifrices-orthodontiques","9":"first","10":"instock","11":"sale","12":"shipping-taxable","13":"purchasable","14":"product-type-simple"},"yoast_head":"<!-- This site is optimized with the Yoast SEO plugin v26.6 - https:\/\/yoast.com\/wordpress\/plugins\/seo\/ -->\r\n<title>PRESIDENT DENTIFRICE DEFENSE 75 ML - Paracherkaoui.ma<\/title>\r\n<meta name=\"robots\" content=\"index, follow, max-snippet:-1, max-image-preview:large, max-video-preview:-1\" \/>\r\n<link rel=\"canonical\" href=\"https:\/\/paracherkaoui.ma\/index.php\/produit\/president-dentifrice-defense-75-ml\/\" \/>\r\n<meta property=\"og:locale\" content=\"fr_FR\" \/>\r\n<meta property=\"og:type\" content=\"article\" \/>\r\n<meta property=\"og:title\" content=\"PRESIDENT DENTIFRICE DEFENSE 75 ML - Paracherkaoui.ma\" \/>\r\n<meta property=\"og:description\" content=\"DESCRIPTION : Formulation brevet\u00e9e dans laquelle sont inclus des ingr\u00e9dients huileux qui ont \u00e9t\u00e9 micro-fondus sous forme \u00e9mulsionn\u00e9e. L&rsquo;introduction d&rsquo;une\" \/>\r\n<meta property=\"og:url\" content=\"https:\/\/paracherkaoui.ma\/index.php\/produit\/president-dentifrice-defense-75-ml\/\" \/>\r\n<meta property=\"og:site_name\" content=\"Paracherkaoui.ma\" \/>\r\n<meta property=\"article:modified_time\" content=\"2025-12-12T18:16:22+00:00\" \/>\r\n<meta property=\"og:image\" content=\"https:\/\/paracherkaoui.ma\/wp-content\/uploads\/2025\/12\/president-dentifrice-defense-75-ml.jpg\" \/>\r\n\t<meta property=\"og:image:width\" content=\"700\" \/>\r\n\t<meta property=\"og:image:height\" content=\"700\" \/>\r\n\t<meta property=\"og:image:type\" content=\"image\/jpeg\" \/>\r\n<meta name=\"twitter:card\" content=\"summary_large_image\" \/>\r\n<meta name=\"twitter:label1\" content=\"Dur\u00e9e de lecture estim\u00e9e\" \/>\n\t<meta name=\"twitter:data1\" content=\"1 minute\" \/>\r\n<script type=\"application\/ld+json\" class=\"yoast-schema-graph\">{\"@context\":\"https:\/\/schema.org\",\"@graph\":[{\"@type\":\"WebPage\",\"@id\":\"https:\/\/paracherkaoui.ma\/index.php\/produit\/president-dentifrice-defense-75-ml\/\",\"url\":\"https:\/\/paracherkaoui.ma\/index.php\/produit\/president-dentifrice-defense-75-ml\/\",\"name\":\"PRESIDENT DENTIFRICE DEFENSE 75 ML - Paracherkaoui.ma\",\"isPartOf\":{\"@id\":\"https:\/\/paracherkaoui.ma\/#website\"},\"primaryImageOfPage\":{\"@id\":\"https:\/\/paracherkaoui.ma\/index.php\/produit\/president-dentifrice-defense-75-ml\/#primaryimage\"},\"image\":{\"@id\":\"https:\/\/paracherkaoui.ma\/index.php\/produit\/president-dentifrice-defense-75-ml\/#primaryimage\"},\"thumbnailUrl\":\"https:\/\/paracherkaoui.ma\/wp-content\/uploads\/2025\/12\/president-dentifrice-defense-75-ml.jpg\",\"datePublished\":\"2025-12-12T18:16:20+00:00\",\"dateModified\":\"2025-12-12T18:16:22+00:00\",\"breadcrumb\":{\"@id\":\"https:\/\/paracherkaoui.ma\/index.php\/produit\/president-dentifrice-defense-75-ml\/#breadcrumb\"},\"inLanguage\":\"fr-FR\",\"potentialAction\":[{\"@type\":\"ReadAction\",\"target\":[\"https:\/\/paracherkaoui.ma\/index.php\/produit\/president-dentifrice-defense-75-ml\/\"]}]},{\"@type\":\"ImageObject\",\"inLanguage\":\"fr-FR\",\"@id\":\"https:\/\/paracherkaoui.ma\/index.php\/produit\/president-dentifrice-defense-75-ml\/#primaryimage\",\"url\":\"https:\/\/paracherkaoui.ma\/wp-content\/uploads\/2025\/12\/president-dentifrice-defense-75-ml.jpg\",\"contentUrl\":\"https:\/\/paracherkaoui.ma\/wp-content\/uploads\/2025\/12\/president-dentifrice-defense-75-ml.jpg\",\"width\":700,\"height\":700},{\"@type\":\"BreadcrumbList\",\"@id\":\"https:\/\/paracherkaoui.ma\/index.php\/produit\/president-dentifrice-defense-75-ml\/#breadcrumb\",\"itemListElement\":[{\"@type\":\"ListItem\",\"position\":1,\"name\":\"Accueil\",\"item\":\"https:\/\/paracherkaoui.ma\/\"},{\"@type\":\"ListItem\",\"position\":2,\"name\":\"Boutique\",\"item\":\"https:\/\/paracherkaoui.ma\/index.php\/boutique\/\"},{\"@type\":\"ListItem\",\"position\":3,\"name\":\"PRESIDENT DENTIFRICE DEFENSE 75 ML\"}]},{\"@type\":\"WebSite\",\"@id\":\"https:\/\/paracherkaoui.ma\/#website\",\"url\":\"https:\/\/paracherkaoui.ma\/\",\"name\":\"Paracherkaoui.ma\",\"description\":\"Achetez en ligne sur Paracherkaoui.ma\",\"potentialAction\":[{\"@type\":\"SearchAction\",\"target\":{\"@type\":\"EntryPoint\",\"urlTemplate\":\"https:\/\/paracherkaoui.ma\/?s={search_term_string}\"},\"query-input\":{\"@type\":\"PropertyValueSpecification\",\"valueRequired\":true,\"valueName\":\"search_term_string\"}}],\"inLanguage\":\"fr-FR\"}]}<\/script>\r\n<!-- \/ Yoast SEO plugin. -->","yoast_head_json":{"title":"PRESIDENT DENTIFRICE DEFENSE 75 ML - Paracherkaoui.ma","robots":{"index":"index","follow":"follow","max-snippet":"max-snippet:-1","max-image-preview":"max-image-preview:large","max-video-preview":"max-video-preview:-1"},"canonical":"https:\/\/paracherkaoui.ma\/index.php\/produit\/president-dentifrice-defense-75-ml\/","og_locale":"fr_FR","og_type":"article","og_title":"PRESIDENT DENTIFRICE DEFENSE 75 ML - Paracherkaoui.ma","og_description":"DESCRIPTION : Formulation brevet\u00e9e dans laquelle sont inclus des ingr\u00e9dients huileux qui ont \u00e9t\u00e9 micro-fondus sous forme \u00e9mulsionn\u00e9e. L&rsquo;introduction d&rsquo;une","og_url":"https:\/\/paracherkaoui.ma\/index.php\/produit\/president-dentifrice-defense-75-ml\/","og_site_name":"Paracherkaoui.ma","article_modified_time":"2025-12-12T18:16:22+00:00","og_image":[{"width":700,"height":700,"url":"https:\/\/paracherkaoui.ma\/wp-content\/uploads\/2025\/12\/president-dentifrice-defense-75-ml.jpg","type":"image\/jpeg"}],"twitter_card":"summary_large_image","twitter_misc":{"Dur\u00e9e de lecture estim\u00e9e":"1 minute"},"schema":{"@context":"https:\/\/schema.org","@graph":[{"@type":"WebPage","@id":"https:\/\/paracherkaoui.ma\/index.php\/produit\/president-dentifrice-defense-75-ml\/","url":"https:\/\/paracherkaoui.ma\/index.php\/produit\/president-dentifrice-defense-75-ml\/","name":"PRESIDENT DENTIFRICE DEFENSE 75 ML - Paracherkaoui.ma","isPartOf":{"@id":"https:\/\/paracherkaoui.ma\/#website"},"primaryImageOfPage":{"@id":"https:\/\/paracherkaoui.ma\/index.php\/produit\/president-dentifrice-defense-75-ml\/#primaryimage"},"image":{"@id":"https:\/\/paracherkaoui.ma\/index.php\/produit\/president-dentifrice-defense-75-ml\/#primaryimage"},"thumbnailUrl":"https:\/\/paracherkaoui.ma\/wp-content\/uploads\/2025\/12\/president-dentifrice-defense-75-ml.jpg","datePublished":"2025-12-12T18:16:20+00:00","dateModified":"2025-12-12T18:16:22+00:00","breadcrumb":{"@id":"https:\/\/paracherkaoui.ma\/index.php\/produit\/president-dentifrice-defense-75-ml\/#breadcrumb"},"inLanguage":"fr-FR","potentialAction":[{"@type":"ReadAction","target":["https:\/\/paracherkaoui.ma\/index.php\/produit\/president-dentifrice-defense-75-ml\/"]}]},{"@type":"ImageObject","inLanguage":"fr-FR","@id":"https:\/\/paracherkaoui.ma\/index.php\/produit\/president-dentifrice-defense-75-ml\/#primaryimage","url":"https:\/\/paracherkaoui.ma\/wp-content\/uploads\/2025\/12\/president-dentifrice-defense-75-ml.jpg","contentUrl":"https:\/\/paracherkaoui.ma\/wp-content\/uploads\/2025\/12\/president-dentifrice-defense-75-ml.jpg","width":700,"height":700},{"@type":"BreadcrumbList","@id":"https:\/\/paracherkaoui.ma\/index.php\/produit\/president-dentifrice-defense-75-ml\/#breadcrumb","itemListElement":[{"@type":"ListItem","position":1,"name":"Accueil","item":"https:\/\/paracherkaoui.ma\/"},{"@type":"ListItem","position":2,"name":"Boutique","item":"https:\/\/paracherkaoui.ma\/index.php\/boutique\/"},{"@type":"ListItem","position":3,"name":"PRESIDENT DENTIFRICE DEFENSE 75 ML"}]},{"@type":"WebSite","@id":"https:\/\/paracherkaoui.ma\/#website","url":"https:\/\/paracherkaoui.ma\/","name":"Paracherkaoui.ma","description":"Achetez en ligne sur Paracherkaoui.ma","potentialAction":[{"@type":"SearchAction","target":{"@type":"EntryPoint","urlTemplate":"https:\/\/paracherkaoui.ma\/?s={search_term_string}"},"query-input":{"@type":"PropertyValueSpecification","valueRequired":true,"valueName":"search_term_string"}}],"inLanguage":"fr-FR"}]}},"_links":{"self":[{"href":"https:\/\/paracherkaoui.ma\/index.php\/wp-json\/wp\/v2\/product\/45750","targetHints":{"allow":["GET"]}}],"collection":[{"href":"https:\/\/paracherkaoui.ma\/index.php\/wp-json\/wp\/v2\/product"}],"about":[{"href":"https:\/\/paracherkaoui.ma\/index.php\/wp-json\/wp\/v2\/types\/product"}],"replies":[{"embeddable":true,"href":"https:\/\/paracherkaoui.ma\/index.php\/wp-json\/wp\/v2\/comments?post=45750"}],"version-history":[{"count":1,"href":"https:\/\/paracherkaoui.ma\/index.php\/wp-json\/wp\/v2\/product\/45750\/revisions"}],"predecessor-version":[{"id":45782,"href":"https:\/\/paracherkaoui.ma\/index.php\/wp-json\/wp\/v2\/product\/45750\/revisions\/45782"}],"wp:featuredmedia":[{"embeddable":true,"href":"https:\/\/paracherkaoui.ma\/index.php\/wp-json\/wp\/v2\/media\/45781"}],"wp:attachment":[{"href":"https:\/\/paracherkaoui.ma\/index.php\/wp-json\/wp\/v2\/media?parent=45750"}],"wp:term":[{"taxonomy":"product_brand","embeddable":true,"href":"https:\/\/paracherkaoui.ma\/index.php\/wp-json\/wp\/v2\/product_brand?post=45750"},{"taxonomy":"product_cat","embeddable":true,"href":"https:\/\/paracherkaoui.ma\/index.php\/wp-json\/wp\/v2\/product_cat?post=45750"},{"taxonomy":"product_tag","embeddable":true,"href":"https:\/\/paracherkaoui.ma\/index.php\/wp-json\/wp\/v2\/product_tag?post=45750"}],"curies":[{"name":"wp","href":"https:\/\/api.w.org\/{rel}","templated":true}]}}