{"id":45749,"date":"2025-12-12T19:16:20","date_gmt":"2025-12-12T18:16:20","guid":{"rendered":"https:\/\/test.ecbeaute.com\/?post_type=product&#038;p=45749"},"modified":"2025-12-12T19:16:22","modified_gmt":"2025-12-12T18:16:22","slug":"kin-care-intensive-care-gel-aloevera-15-ml","status":"publish","type":"product","link":"https:\/\/paracherkaoui.ma\/index.php\/produit\/kin-care-intensive-care-gel-aloevera-15-ml\/","title":{"rendered":"KIN CARE INTENSIVE CARE GEL ALOEVERA 15 ML"},"content":{"rendered":"<p>Les excellentes propri\u00e9t\u00e9s mucoadh\u00e9sives de sa formule favorisent la formation d\u2019un film protecteur qui permet un effet localis\u00e9 et durable. KIN Care gel hydrate, tonifie et prot\u00e8ge le tissu \u00e9pith\u00e9lial de la cavit\u00e9 buccale.<br \/>\nIl soigne et renforce la muqueuse buccale des patients, en particulier ceux qui portent des appareils orthodontiques et des proth\u00e8ses.<br \/>\nConseils d&rsquo;utilisation:<br \/>\nAppliquer une quantit\u00e9 de gel de taille d\u2019un ou deux grains de riz directement avec le doigt propre ou \u00e0 l\u2019aide d\u2019un coton-tige, 2 ou 3 fois par jour ou selon besoin. Ne pas rinser. Il est conseill\u00e9 de ne pas manger, ni boire pendant au moins une demi-heure apr\u00e8s son usage.<\/p>\n","protected":false},"excerpt":{"rendered":"<p>Les excellentes propri\u00e9t\u00e9s mucoadh\u00e9sives de sa formule favorisent la formation d\u2019un film protecteur qui permet un effet localis\u00e9 et durable.<\/p>\n","protected":false},"featured_media":45779,"comment_status":"open","ping_status":"closed","template":"","meta":[],"product_brand":[799],"product_cat":[831],"product_tag":[],"class_list":{"0":"post-45749","1":"product","2":"type-product","3":"status-publish","4":"has-post-thumbnail","6":"product_brand-kin","7":"product_cat-dentifrices-orthodontiques","9":"first","10":"instock","11":"sale","12":"shipping-taxable","13":"purchasable","14":"product-type-simple"},"yoast_head":"<!-- This site is optimized with the Yoast SEO plugin v26.6 - https:\/\/yoast.com\/wordpress\/plugins\/seo\/ -->\r\n<title>KIN CARE INTENSIVE CARE GEL ALOEVERA 15 ML - Paracherkaoui.ma<\/title>\r\n<meta name=\"robots\" content=\"index, follow, max-snippet:-1, max-image-preview:large, max-video-preview:-1\" \/>\r\n<link rel=\"canonical\" href=\"https:\/\/paracherkaoui.ma\/index.php\/produit\/kin-care-intensive-care-gel-aloevera-15-ml\/\" \/>\r\n<meta property=\"og:locale\" content=\"fr_FR\" \/>\r\n<meta property=\"og:type\" content=\"article\" \/>\r\n<meta property=\"og:title\" content=\"KIN CARE INTENSIVE CARE GEL ALOEVERA 15 ML - Paracherkaoui.ma\" \/>\r\n<meta property=\"og:description\" content=\"Les excellentes propri\u00e9t\u00e9s mucoadh\u00e9sives de sa formule favorisent la formation d\u2019un film protecteur qui permet un effet localis\u00e9 et durable.\" \/>\r\n<meta property=\"og:url\" content=\"https:\/\/paracherkaoui.ma\/index.php\/produit\/kin-care-intensive-care-gel-aloevera-15-ml\/\" \/>\r\n<meta property=\"og:site_name\" content=\"Paracherkaoui.ma\" \/>\r\n<meta property=\"article:modified_time\" content=\"2025-12-12T18:16:22+00:00\" \/>\r\n<meta property=\"og:image\" content=\"https:\/\/paracherkaoui.ma\/wp-content\/uploads\/2025\/12\/kin-kin-care-intensive-care-gel-aloevera-15-ml-dentifrices-orthodontiques.jpg\" \/>\r\n\t<meta property=\"og:image:width\" content=\"700\" \/>\r\n\t<meta property=\"og:image:height\" content=\"700\" \/>\r\n\t<meta property=\"og:image:type\" content=\"image\/jpeg\" \/>\r\n<meta name=\"twitter:card\" content=\"summary_large_image\" \/>\r\n<meta name=\"twitter:label1\" content=\"Dur\u00e9e de lecture estim\u00e9e\" \/>\n\t<meta name=\"twitter:data1\" content=\"1 minute\" \/>\r\n<script type=\"application\/ld+json\" class=\"yoast-schema-graph\">{\"@context\":\"https:\/\/schema.org\",\"@graph\":[{\"@type\":\"WebPage\",\"@id\":\"https:\/\/paracherkaoui.ma\/index.php\/produit\/kin-care-intensive-care-gel-aloevera-15-ml\/\",\"url\":\"https:\/\/paracherkaoui.ma\/index.php\/produit\/kin-care-intensive-care-gel-aloevera-15-ml\/\",\"name\":\"KIN CARE INTENSIVE CARE GEL ALOEVERA 15 ML - Paracherkaoui.ma\",\"isPartOf\":{\"@id\":\"https:\/\/paracherkaoui.ma\/#website\"},\"primaryImageOfPage\":{\"@id\":\"https:\/\/paracherkaoui.ma\/index.php\/produit\/kin-care-intensive-care-gel-aloevera-15-ml\/#primaryimage\"},\"image\":{\"@id\":\"https:\/\/paracherkaoui.ma\/index.php\/produit\/kin-care-intensive-care-gel-aloevera-15-ml\/#primaryimage\"},\"thumbnailUrl\":\"https:\/\/paracherkaoui.ma\/wp-content\/uploads\/2025\/12\/kin-kin-care-intensive-care-gel-aloevera-15-ml-dentifrices-orthodontiques.jpg\",\"datePublished\":\"2025-12-12T18:16:20+00:00\",\"dateModified\":\"2025-12-12T18:16:22+00:00\",\"breadcrumb\":{\"@id\":\"https:\/\/paracherkaoui.ma\/index.php\/produit\/kin-care-intensive-care-gel-aloevera-15-ml\/#breadcrumb\"},\"inLanguage\":\"fr-FR\",\"potentialAction\":[{\"@type\":\"ReadAction\",\"target\":[\"https:\/\/paracherkaoui.ma\/index.php\/produit\/kin-care-intensive-care-gel-aloevera-15-ml\/\"]}]},{\"@type\":\"ImageObject\",\"inLanguage\":\"fr-FR\",\"@id\":\"https:\/\/paracherkaoui.ma\/index.php\/produit\/kin-care-intensive-care-gel-aloevera-15-ml\/#primaryimage\",\"url\":\"https:\/\/paracherkaoui.ma\/wp-content\/uploads\/2025\/12\/kin-kin-care-intensive-care-gel-aloevera-15-ml-dentifrices-orthodontiques.jpg\",\"contentUrl\":\"https:\/\/paracherkaoui.ma\/wp-content\/uploads\/2025\/12\/kin-kin-care-intensive-care-gel-aloevera-15-ml-dentifrices-orthodontiques.jpg\",\"width\":700,\"height\":700},{\"@type\":\"BreadcrumbList\",\"@id\":\"https:\/\/paracherkaoui.ma\/index.php\/produit\/kin-care-intensive-care-gel-aloevera-15-ml\/#breadcrumb\",\"itemListElement\":[{\"@type\":\"ListItem\",\"position\":1,\"name\":\"Accueil\",\"item\":\"https:\/\/paracherkaoui.ma\/\"},{\"@type\":\"ListItem\",\"position\":2,\"name\":\"Boutique\",\"item\":\"https:\/\/paracherkaoui.ma\/index.php\/boutique\/\"},{\"@type\":\"ListItem\",\"position\":3,\"name\":\"KIN CARE INTENSIVE CARE GEL ALOEVERA 15 ML\"}]},{\"@type\":\"WebSite\",\"@id\":\"https:\/\/paracherkaoui.ma\/#website\",\"url\":\"https:\/\/paracherkaoui.ma\/\",\"name\":\"Paracherkaoui.ma\",\"description\":\"Achetez en ligne sur Paracherkaoui.ma\",\"potentialAction\":[{\"@type\":\"SearchAction\",\"target\":{\"@type\":\"EntryPoint\",\"urlTemplate\":\"https:\/\/paracherkaoui.ma\/?s={search_term_string}\"},\"query-input\":{\"@type\":\"PropertyValueSpecification\",\"valueRequired\":true,\"valueName\":\"search_term_string\"}}],\"inLanguage\":\"fr-FR\"}]}<\/script>\r\n<!-- \/ Yoast SEO plugin. -->","yoast_head_json":{"title":"KIN CARE INTENSIVE CARE GEL ALOEVERA 15 ML - Paracherkaoui.ma","robots":{"index":"index","follow":"follow","max-snippet":"max-snippet:-1","max-image-preview":"max-image-preview:large","max-video-preview":"max-video-preview:-1"},"canonical":"https:\/\/paracherkaoui.ma\/index.php\/produit\/kin-care-intensive-care-gel-aloevera-15-ml\/","og_locale":"fr_FR","og_type":"article","og_title":"KIN CARE INTENSIVE CARE GEL ALOEVERA 15 ML - Paracherkaoui.ma","og_description":"Les excellentes propri\u00e9t\u00e9s mucoadh\u00e9sives de sa formule favorisent la formation d\u2019un film protecteur qui permet un effet localis\u00e9 et durable.","og_url":"https:\/\/paracherkaoui.ma\/index.php\/produit\/kin-care-intensive-care-gel-aloevera-15-ml\/","og_site_name":"Paracherkaoui.ma","article_modified_time":"2025-12-12T18:16:22+00:00","og_image":[{"width":700,"height":700,"url":"https:\/\/paracherkaoui.ma\/wp-content\/uploads\/2025\/12\/kin-kin-care-intensive-care-gel-aloevera-15-ml-dentifrices-orthodontiques.jpg","type":"image\/jpeg"}],"twitter_card":"summary_large_image","twitter_misc":{"Dur\u00e9e de lecture estim\u00e9e":"1 minute"},"schema":{"@context":"https:\/\/schema.org","@graph":[{"@type":"WebPage","@id":"https:\/\/paracherkaoui.ma\/index.php\/produit\/kin-care-intensive-care-gel-aloevera-15-ml\/","url":"https:\/\/paracherkaoui.ma\/index.php\/produit\/kin-care-intensive-care-gel-aloevera-15-ml\/","name":"KIN CARE INTENSIVE CARE GEL ALOEVERA 15 ML - Paracherkaoui.ma","isPartOf":{"@id":"https:\/\/paracherkaoui.ma\/#website"},"primaryImageOfPage":{"@id":"https:\/\/paracherkaoui.ma\/index.php\/produit\/kin-care-intensive-care-gel-aloevera-15-ml\/#primaryimage"},"image":{"@id":"https:\/\/paracherkaoui.ma\/index.php\/produit\/kin-care-intensive-care-gel-aloevera-15-ml\/#primaryimage"},"thumbnailUrl":"https:\/\/paracherkaoui.ma\/wp-content\/uploads\/2025\/12\/kin-kin-care-intensive-care-gel-aloevera-15-ml-dentifrices-orthodontiques.jpg","datePublished":"2025-12-12T18:16:20+00:00","dateModified":"2025-12-12T18:16:22+00:00","breadcrumb":{"@id":"https:\/\/paracherkaoui.ma\/index.php\/produit\/kin-care-intensive-care-gel-aloevera-15-ml\/#breadcrumb"},"inLanguage":"fr-FR","potentialAction":[{"@type":"ReadAction","target":["https:\/\/paracherkaoui.ma\/index.php\/produit\/kin-care-intensive-care-gel-aloevera-15-ml\/"]}]},{"@type":"ImageObject","inLanguage":"fr-FR","@id":"https:\/\/paracherkaoui.ma\/index.php\/produit\/kin-care-intensive-care-gel-aloevera-15-ml\/#primaryimage","url":"https:\/\/paracherkaoui.ma\/wp-content\/uploads\/2025\/12\/kin-kin-care-intensive-care-gel-aloevera-15-ml-dentifrices-orthodontiques.jpg","contentUrl":"https:\/\/paracherkaoui.ma\/wp-content\/uploads\/2025\/12\/kin-kin-care-intensive-care-gel-aloevera-15-ml-dentifrices-orthodontiques.jpg","width":700,"height":700},{"@type":"BreadcrumbList","@id":"https:\/\/paracherkaoui.ma\/index.php\/produit\/kin-care-intensive-care-gel-aloevera-15-ml\/#breadcrumb","itemListElement":[{"@type":"ListItem","position":1,"name":"Accueil","item":"https:\/\/paracherkaoui.ma\/"},{"@type":"ListItem","position":2,"name":"Boutique","item":"https:\/\/paracherkaoui.ma\/index.php\/boutique\/"},{"@type":"ListItem","position":3,"name":"KIN CARE INTENSIVE CARE GEL ALOEVERA 15 ML"}]},{"@type":"WebSite","@id":"https:\/\/paracherkaoui.ma\/#website","url":"https:\/\/paracherkaoui.ma\/","name":"Paracherkaoui.ma","description":"Achetez en ligne sur Paracherkaoui.ma","potentialAction":[{"@type":"SearchAction","target":{"@type":"EntryPoint","urlTemplate":"https:\/\/paracherkaoui.ma\/?s={search_term_string}"},"query-input":{"@type":"PropertyValueSpecification","valueRequired":true,"valueName":"search_term_string"}}],"inLanguage":"fr-FR"}]}},"_links":{"self":[{"href":"https:\/\/paracherkaoui.ma\/index.php\/wp-json\/wp\/v2\/product\/45749","targetHints":{"allow":["GET"]}}],"collection":[{"href":"https:\/\/paracherkaoui.ma\/index.php\/wp-json\/wp\/v2\/product"}],"about":[{"href":"https:\/\/paracherkaoui.ma\/index.php\/wp-json\/wp\/v2\/types\/product"}],"replies":[{"embeddable":true,"href":"https:\/\/paracherkaoui.ma\/index.php\/wp-json\/wp\/v2\/comments?post=45749"}],"version-history":[{"count":1,"href":"https:\/\/paracherkaoui.ma\/index.php\/wp-json\/wp\/v2\/product\/45749\/revisions"}],"predecessor-version":[{"id":45780,"href":"https:\/\/paracherkaoui.ma\/index.php\/wp-json\/wp\/v2\/product\/45749\/revisions\/45780"}],"wp:featuredmedia":[{"embeddable":true,"href":"https:\/\/paracherkaoui.ma\/index.php\/wp-json\/wp\/v2\/media\/45779"}],"wp:attachment":[{"href":"https:\/\/paracherkaoui.ma\/index.php\/wp-json\/wp\/v2\/media?parent=45749"}],"wp:term":[{"taxonomy":"product_brand","embeddable":true,"href":"https:\/\/paracherkaoui.ma\/index.php\/wp-json\/wp\/v2\/product_brand?post=45749"},{"taxonomy":"product_cat","embeddable":true,"href":"https:\/\/paracherkaoui.ma\/index.php\/wp-json\/wp\/v2\/product_cat?post=45749"},{"taxonomy":"product_tag","embeddable":true,"href":"https:\/\/paracherkaoui.ma\/index.php\/wp-json\/wp\/v2\/product_tag?post=45749"}],"curies":[{"name":"wp","href":"https:\/\/api.w.org\/{rel}","templated":true}]}}