{"id":45686,"date":"2025-12-12T19:16:12","date_gmt":"2025-12-12T18:16:12","guid":{"rendered":"https:\/\/test.ecbeaute.com\/?post_type=product&#038;p=45686"},"modified":"2025-12-12T19:16:19","modified_gmt":"2025-12-12T18:16:19","slug":"perio-aid-intensive-care-gel-dentifrice-75-ml-dentaid","status":"publish","type":"product","link":"https:\/\/paracherkaoui.ma\/index.php\/produit\/perio-aid-intensive-care-gel-dentifrice-75-ml-dentaid\/","title":{"rendered":"PERIO AID INTENSIVE CARE GEL DENTIFRICE 75 ML DENTAID"},"content":{"rendered":"<p>Description:<br \/>\n0,12% CHX Adjuvant \u00e0 l\u2019hygi\u00e8ne bucco-dentaire en cas de probl\u00e8mes de gencives ou de chirurgie dentaire; \u00c0 utiliser en combinaison avec une brosse \u00e0 dents et\/ou des brossettes interdentaires.Pour un soutien prolong\u00e9 de l&rsquo;hygi\u00e8ne bucco-dentaire en cas de post-traitement parodontal.Pour un soutien prolong\u00e9 de l&rsquo;hygi\u00e8ne bucco-dentaire apr\u00e8s un traitement de probl\u00e8mes gingivaux. En cas de r\u00e9sistance amoindrie, de stress, de maladie ou \u00e0 un \u00e2ge avanc\u00e9<br \/>\nConseils d&rsquo;utilisation:<br \/>\nUtiliser quotidiennement comme dentifrice (1 \u00e0 2x par jour);Convient aussi \u00e0 une combinaison avec les brossettes interdentaires Interprox<\/p>\n","protected":false},"excerpt":{"rendered":"<p>Description: 0,12% CHX Adjuvant \u00e0 l\u2019hygi\u00e8ne bucco-dentaire en cas de probl\u00e8mes de gencives ou de chirurgie dentaire; \u00c0 utiliser en<\/p>\n","protected":false},"featured_media":45743,"comment_status":"open","ping_status":"closed","template":"","meta":[],"product_brand":[827],"product_cat":[831],"product_tag":[],"class_list":{"0":"post-45686","1":"product","2":"type-product","3":"status-publish","4":"has-post-thumbnail","6":"product_brand-perioaid","7":"product_cat-dentifrices-orthodontiques","9":"first","10":"instock","11":"sale","12":"shipping-taxable","13":"purchasable","14":"product-type-simple"},"yoast_head":"<!-- This site is optimized with the Yoast SEO plugin v26.6 - https:\/\/yoast.com\/wordpress\/plugins\/seo\/ -->\r\n<title>PERIO AID INTENSIVE CARE GEL DENTIFRICE 75 ML DENTAID - Paracherkaoui.ma<\/title>\r\n<meta name=\"robots\" content=\"index, follow, max-snippet:-1, max-image-preview:large, max-video-preview:-1\" \/>\r\n<link rel=\"canonical\" href=\"https:\/\/paracherkaoui.ma\/index.php\/produit\/perio-aid-intensive-care-gel-dentifrice-75-ml-dentaid\/\" \/>\r\n<meta property=\"og:locale\" content=\"fr_FR\" \/>\r\n<meta property=\"og:type\" content=\"article\" \/>\r\n<meta property=\"og:title\" content=\"PERIO AID INTENSIVE CARE GEL DENTIFRICE 75 ML DENTAID - Paracherkaoui.ma\" \/>\r\n<meta property=\"og:description\" content=\"Description: 0,12% CHX Adjuvant \u00e0 l\u2019hygi\u00e8ne bucco-dentaire en cas de probl\u00e8mes de gencives ou de chirurgie dentaire; \u00c0 utiliser en\" \/>\r\n<meta property=\"og:url\" content=\"https:\/\/paracherkaoui.ma\/index.php\/produit\/perio-aid-intensive-care-gel-dentifrice-75-ml-dentaid\/\" \/>\r\n<meta property=\"og:site_name\" content=\"Paracherkaoui.ma\" \/>\r\n<meta property=\"article:modified_time\" content=\"2025-12-12T18:16:19+00:00\" \/>\r\n<meta property=\"og:image\" content=\"https:\/\/paracherkaoui.ma\/wp-content\/uploads\/2025\/12\/perioaid-perio-aid-intensive-care-gel-dentifrice-75-ml-dentaid-dentifrices-orthodontiques.jpg\" \/>\r\n\t<meta property=\"og:image:width\" content=\"700\" \/>\r\n\t<meta property=\"og:image:height\" content=\"700\" \/>\r\n\t<meta property=\"og:image:type\" content=\"image\/jpeg\" \/>\r\n<meta name=\"twitter:card\" content=\"summary_large_image\" \/>\r\n<script type=\"application\/ld+json\" class=\"yoast-schema-graph\">{\"@context\":\"https:\/\/schema.org\",\"@graph\":[{\"@type\":\"WebPage\",\"@id\":\"https:\/\/paracherkaoui.ma\/index.php\/produit\/perio-aid-intensive-care-gel-dentifrice-75-ml-dentaid\/\",\"url\":\"https:\/\/paracherkaoui.ma\/index.php\/produit\/perio-aid-intensive-care-gel-dentifrice-75-ml-dentaid\/\",\"name\":\"PERIO AID INTENSIVE CARE GEL DENTIFRICE 75 ML DENTAID - Paracherkaoui.ma\",\"isPartOf\":{\"@id\":\"https:\/\/paracherkaoui.ma\/#website\"},\"primaryImageOfPage\":{\"@id\":\"https:\/\/paracherkaoui.ma\/index.php\/produit\/perio-aid-intensive-care-gel-dentifrice-75-ml-dentaid\/#primaryimage\"},\"image\":{\"@id\":\"https:\/\/paracherkaoui.ma\/index.php\/produit\/perio-aid-intensive-care-gel-dentifrice-75-ml-dentaid\/#primaryimage\"},\"thumbnailUrl\":\"https:\/\/paracherkaoui.ma\/wp-content\/uploads\/2025\/12\/perioaid-perio-aid-intensive-care-gel-dentifrice-75-ml-dentaid-dentifrices-orthodontiques.jpg\",\"datePublished\":\"2025-12-12T18:16:12+00:00\",\"dateModified\":\"2025-12-12T18:16:19+00:00\",\"breadcrumb\":{\"@id\":\"https:\/\/paracherkaoui.ma\/index.php\/produit\/perio-aid-intensive-care-gel-dentifrice-75-ml-dentaid\/#breadcrumb\"},\"inLanguage\":\"fr-FR\",\"potentialAction\":[{\"@type\":\"ReadAction\",\"target\":[\"https:\/\/paracherkaoui.ma\/index.php\/produit\/perio-aid-intensive-care-gel-dentifrice-75-ml-dentaid\/\"]}]},{\"@type\":\"ImageObject\",\"inLanguage\":\"fr-FR\",\"@id\":\"https:\/\/paracherkaoui.ma\/index.php\/produit\/perio-aid-intensive-care-gel-dentifrice-75-ml-dentaid\/#primaryimage\",\"url\":\"https:\/\/paracherkaoui.ma\/wp-content\/uploads\/2025\/12\/perioaid-perio-aid-intensive-care-gel-dentifrice-75-ml-dentaid-dentifrices-orthodontiques.jpg\",\"contentUrl\":\"https:\/\/paracherkaoui.ma\/wp-content\/uploads\/2025\/12\/perioaid-perio-aid-intensive-care-gel-dentifrice-75-ml-dentaid-dentifrices-orthodontiques.jpg\",\"width\":700,\"height\":700},{\"@type\":\"BreadcrumbList\",\"@id\":\"https:\/\/paracherkaoui.ma\/index.php\/produit\/perio-aid-intensive-care-gel-dentifrice-75-ml-dentaid\/#breadcrumb\",\"itemListElement\":[{\"@type\":\"ListItem\",\"position\":1,\"name\":\"Accueil\",\"item\":\"https:\/\/paracherkaoui.ma\/\"},{\"@type\":\"ListItem\",\"position\":2,\"name\":\"Boutique\",\"item\":\"https:\/\/paracherkaoui.ma\/index.php\/boutique\/\"},{\"@type\":\"ListItem\",\"position\":3,\"name\":\"PERIO AID INTENSIVE CARE GEL DENTIFRICE 75 ML DENTAID\"}]},{\"@type\":\"WebSite\",\"@id\":\"https:\/\/paracherkaoui.ma\/#website\",\"url\":\"https:\/\/paracherkaoui.ma\/\",\"name\":\"Paracherkaoui.ma\",\"description\":\"Achetez en ligne sur Paracherkaoui.ma\",\"potentialAction\":[{\"@type\":\"SearchAction\",\"target\":{\"@type\":\"EntryPoint\",\"urlTemplate\":\"https:\/\/paracherkaoui.ma\/?s={search_term_string}\"},\"query-input\":{\"@type\":\"PropertyValueSpecification\",\"valueRequired\":true,\"valueName\":\"search_term_string\"}}],\"inLanguage\":\"fr-FR\"}]}<\/script>\r\n<!-- \/ Yoast SEO plugin. -->","yoast_head_json":{"title":"PERIO AID INTENSIVE CARE GEL DENTIFRICE 75 ML DENTAID - Paracherkaoui.ma","robots":{"index":"index","follow":"follow","max-snippet":"max-snippet:-1","max-image-preview":"max-image-preview:large","max-video-preview":"max-video-preview:-1"},"canonical":"https:\/\/paracherkaoui.ma\/index.php\/produit\/perio-aid-intensive-care-gel-dentifrice-75-ml-dentaid\/","og_locale":"fr_FR","og_type":"article","og_title":"PERIO AID INTENSIVE CARE GEL DENTIFRICE 75 ML DENTAID - Paracherkaoui.ma","og_description":"Description: 0,12% CHX Adjuvant \u00e0 l\u2019hygi\u00e8ne bucco-dentaire en cas de probl\u00e8mes de gencives ou de chirurgie dentaire; \u00c0 utiliser en","og_url":"https:\/\/paracherkaoui.ma\/index.php\/produit\/perio-aid-intensive-care-gel-dentifrice-75-ml-dentaid\/","og_site_name":"Paracherkaoui.ma","article_modified_time":"2025-12-12T18:16:19+00:00","og_image":[{"width":700,"height":700,"url":"https:\/\/paracherkaoui.ma\/wp-content\/uploads\/2025\/12\/perioaid-perio-aid-intensive-care-gel-dentifrice-75-ml-dentaid-dentifrices-orthodontiques.jpg","type":"image\/jpeg"}],"twitter_card":"summary_large_image","schema":{"@context":"https:\/\/schema.org","@graph":[{"@type":"WebPage","@id":"https:\/\/paracherkaoui.ma\/index.php\/produit\/perio-aid-intensive-care-gel-dentifrice-75-ml-dentaid\/","url":"https:\/\/paracherkaoui.ma\/index.php\/produit\/perio-aid-intensive-care-gel-dentifrice-75-ml-dentaid\/","name":"PERIO AID INTENSIVE CARE GEL DENTIFRICE 75 ML DENTAID - Paracherkaoui.ma","isPartOf":{"@id":"https:\/\/paracherkaoui.ma\/#website"},"primaryImageOfPage":{"@id":"https:\/\/paracherkaoui.ma\/index.php\/produit\/perio-aid-intensive-care-gel-dentifrice-75-ml-dentaid\/#primaryimage"},"image":{"@id":"https:\/\/paracherkaoui.ma\/index.php\/produit\/perio-aid-intensive-care-gel-dentifrice-75-ml-dentaid\/#primaryimage"},"thumbnailUrl":"https:\/\/paracherkaoui.ma\/wp-content\/uploads\/2025\/12\/perioaid-perio-aid-intensive-care-gel-dentifrice-75-ml-dentaid-dentifrices-orthodontiques.jpg","datePublished":"2025-12-12T18:16:12+00:00","dateModified":"2025-12-12T18:16:19+00:00","breadcrumb":{"@id":"https:\/\/paracherkaoui.ma\/index.php\/produit\/perio-aid-intensive-care-gel-dentifrice-75-ml-dentaid\/#breadcrumb"},"inLanguage":"fr-FR","potentialAction":[{"@type":"ReadAction","target":["https:\/\/paracherkaoui.ma\/index.php\/produit\/perio-aid-intensive-care-gel-dentifrice-75-ml-dentaid\/"]}]},{"@type":"ImageObject","inLanguage":"fr-FR","@id":"https:\/\/paracherkaoui.ma\/index.php\/produit\/perio-aid-intensive-care-gel-dentifrice-75-ml-dentaid\/#primaryimage","url":"https:\/\/paracherkaoui.ma\/wp-content\/uploads\/2025\/12\/perioaid-perio-aid-intensive-care-gel-dentifrice-75-ml-dentaid-dentifrices-orthodontiques.jpg","contentUrl":"https:\/\/paracherkaoui.ma\/wp-content\/uploads\/2025\/12\/perioaid-perio-aid-intensive-care-gel-dentifrice-75-ml-dentaid-dentifrices-orthodontiques.jpg","width":700,"height":700},{"@type":"BreadcrumbList","@id":"https:\/\/paracherkaoui.ma\/index.php\/produit\/perio-aid-intensive-care-gel-dentifrice-75-ml-dentaid\/#breadcrumb","itemListElement":[{"@type":"ListItem","position":1,"name":"Accueil","item":"https:\/\/paracherkaoui.ma\/"},{"@type":"ListItem","position":2,"name":"Boutique","item":"https:\/\/paracherkaoui.ma\/index.php\/boutique\/"},{"@type":"ListItem","position":3,"name":"PERIO AID INTENSIVE CARE GEL DENTIFRICE 75 ML DENTAID"}]},{"@type":"WebSite","@id":"https:\/\/paracherkaoui.ma\/#website","url":"https:\/\/paracherkaoui.ma\/","name":"Paracherkaoui.ma","description":"Achetez en ligne sur Paracherkaoui.ma","potentialAction":[{"@type":"SearchAction","target":{"@type":"EntryPoint","urlTemplate":"https:\/\/paracherkaoui.ma\/?s={search_term_string}"},"query-input":{"@type":"PropertyValueSpecification","valueRequired":true,"valueName":"search_term_string"}}],"inLanguage":"fr-FR"}]}},"_links":{"self":[{"href":"https:\/\/paracherkaoui.ma\/index.php\/wp-json\/wp\/v2\/product\/45686","targetHints":{"allow":["GET"]}}],"collection":[{"href":"https:\/\/paracherkaoui.ma\/index.php\/wp-json\/wp\/v2\/product"}],"about":[{"href":"https:\/\/paracherkaoui.ma\/index.php\/wp-json\/wp\/v2\/types\/product"}],"replies":[{"embeddable":true,"href":"https:\/\/paracherkaoui.ma\/index.php\/wp-json\/wp\/v2\/comments?post=45686"}],"version-history":[{"count":1,"href":"https:\/\/paracherkaoui.ma\/index.php\/wp-json\/wp\/v2\/product\/45686\/revisions"}],"predecessor-version":[{"id":45744,"href":"https:\/\/paracherkaoui.ma\/index.php\/wp-json\/wp\/v2\/product\/45686\/revisions\/45744"}],"wp:featuredmedia":[{"embeddable":true,"href":"https:\/\/paracherkaoui.ma\/index.php\/wp-json\/wp\/v2\/media\/45743"}],"wp:attachment":[{"href":"https:\/\/paracherkaoui.ma\/index.php\/wp-json\/wp\/v2\/media?parent=45686"}],"wp:term":[{"taxonomy":"product_brand","embeddable":true,"href":"https:\/\/paracherkaoui.ma\/index.php\/wp-json\/wp\/v2\/product_brand?post=45686"},{"taxonomy":"product_cat","embeddable":true,"href":"https:\/\/paracherkaoui.ma\/index.php\/wp-json\/wp\/v2\/product_cat?post=45686"},{"taxonomy":"product_tag","embeddable":true,"href":"https:\/\/paracherkaoui.ma\/index.php\/wp-json\/wp\/v2\/product_tag?post=45686"}],"curies":[{"name":"wp","href":"https:\/\/api.w.org\/{rel}","templated":true}]}}