{"id":45683,"date":"2025-12-12T19:16:12","date_gmt":"2025-12-12T18:16:12","guid":{"rendered":"https:\/\/test.ecbeaute.com\/?post_type=product&#038;p=45683"},"modified":"2025-12-12T19:16:18","modified_gmt":"2025-12-12T18:16:18","slug":"elgydium-clinic-dentifrice-sensileave-50-ml","status":"publish","type":"product","link":"https:\/\/paracherkaoui.ma\/index.php\/produit\/elgydium-clinic-dentifrice-sensileave-50-ml\/","title":{"rendered":"ELGYDIUM CLINIC DENTIFRICE SENSILEAVE 50 ML"},"content":{"rendered":"<p>La formule unique d&rsquo;ELGYDIUM Clinic Sensileave Gel agit d\u00e8s la premi\u00e8re application en soulageant imm\u00e9diatement la douleur li\u00e9e \u00e0 l&rsquo;hypersensibilit\u00e9 dentaire. Appliqu\u00e9 sur les dents \u00e0 l&rsquo;aide de la brosse \u00e0 dents souple ou de l&rsquo;index propre, le gel dentaire obstrue les canaux qui m\u00e8nent aux nerfs et renforce cet effet au fil des jours. Apr\u00e8s une cure d&rsquo;un mois, un v\u00e9ritable film protecteur se forme et apaise durablement. ELGYDIUM Clinic Sensileave Gel s&rsquo;utilise en compl\u00e9ment d&rsquo;ELGYDIUM Clinic Sensileave Dentifrice. Il ne peut \u00eatre utilis\u00e9 chez les personnes de moins de 18 ans et chez les femmes enceintes et allaitantes, ainsi que chez les personnes pr\u00e9sentant une intol\u00e9rance au fructose (fructos\u00e9mie cong\u00e9nitale).<br \/>\nLes bienfaits:<br \/>\nSOULAGEMENT rapide de la douleur li\u00e9e \u00e0 l&rsquo;hypersensibilit\u00e9 dentinaire.<br \/>\nAPPLICATION facile \u00e0 l&rsquo;aide d&rsquo;une brosse \u00e0 dents souple ou de l&rsquo;index.<br \/>\nRENFORCEMENT de la barri\u00e8re protectrice naturelle de la dent contre les agressions quotidiennes.<br \/>\nConseils d&rsquo;utilisation:<br \/>\nAppliquer Sensileave Gel en fine couche sur les dents avec une brosse \u00e0 dents souple (par exemple, INAVA Sensibilit\u00e9) ou avec un doigt propre, apr\u00e8s le brossage habituel avec un dentifrice adapt\u00e9 (par exemple, ELGYDIUM Clinic Sensileave Dentifrice), 2 ou 3 fois par jour.<br \/>\nNe pas rincer.<\/p>\n","protected":false},"excerpt":{"rendered":"<p>La formule unique d&rsquo;ELGYDIUM Clinic Sensileave Gel agit d\u00e8s la premi\u00e8re application en soulageant imm\u00e9diatement la douleur li\u00e9e \u00e0 l&rsquo;hypersensibilit\u00e9<\/p>\n","protected":false},"featured_media":45737,"comment_status":"open","ping_status":"closed","template":"","meta":[],"product_brand":[798],"product_cat":[831],"product_tag":[],"class_list":{"0":"post-45683","1":"product","2":"type-product","3":"status-publish","4":"has-post-thumbnail","6":"product_brand-elgydium","7":"product_cat-dentifrices-orthodontiques","9":"first","10":"instock","11":"sale","12":"shipping-taxable","13":"purchasable","14":"product-type-simple"},"yoast_head":"<!-- This site is optimized with the Yoast SEO plugin v26.6 - https:\/\/yoast.com\/wordpress\/plugins\/seo\/ -->\r\n<title>ELGYDIUM CLINIC DENTIFRICE SENSILEAVE 50 ML - Paracherkaoui.ma<\/title>\r\n<meta name=\"robots\" content=\"index, follow, max-snippet:-1, max-image-preview:large, max-video-preview:-1\" \/>\r\n<link rel=\"canonical\" href=\"https:\/\/paracherkaoui.ma\/index.php\/produit\/elgydium-clinic-dentifrice-sensileave-50-ml\/\" \/>\r\n<meta property=\"og:locale\" content=\"fr_FR\" \/>\r\n<meta property=\"og:type\" content=\"article\" \/>\r\n<meta property=\"og:title\" content=\"ELGYDIUM CLINIC DENTIFRICE SENSILEAVE 50 ML - Paracherkaoui.ma\" \/>\r\n<meta property=\"og:description\" content=\"La formule unique d&rsquo;ELGYDIUM Clinic Sensileave Gel agit d\u00e8s la premi\u00e8re application en soulageant imm\u00e9diatement la douleur li\u00e9e \u00e0 l&rsquo;hypersensibilit\u00e9\" \/>\r\n<meta property=\"og:url\" content=\"https:\/\/paracherkaoui.ma\/index.php\/produit\/elgydium-clinic-dentifrice-sensileave-50-ml\/\" \/>\r\n<meta property=\"og:site_name\" content=\"Paracherkaoui.ma\" \/>\r\n<meta property=\"article:modified_time\" content=\"2025-12-12T18:16:18+00:00\" \/>\r\n<meta property=\"og:image\" content=\"https:\/\/paracherkaoui.ma\/wp-content\/uploads\/2025\/12\/elgydium-clinic-dentifrice-sensileave-50-ml.jpg\" \/>\r\n\t<meta property=\"og:image:width\" content=\"700\" \/>\r\n\t<meta property=\"og:image:height\" content=\"700\" \/>\r\n\t<meta property=\"og:image:type\" content=\"image\/jpeg\" \/>\r\n<meta name=\"twitter:card\" content=\"summary_large_image\" \/>\r\n<meta name=\"twitter:label1\" content=\"Dur\u00e9e de lecture estim\u00e9e\" \/>\n\t<meta name=\"twitter:data1\" content=\"1 minute\" \/>\r\n<script type=\"application\/ld+json\" class=\"yoast-schema-graph\">{\"@context\":\"https:\/\/schema.org\",\"@graph\":[{\"@type\":\"WebPage\",\"@id\":\"https:\/\/paracherkaoui.ma\/index.php\/produit\/elgydium-clinic-dentifrice-sensileave-50-ml\/\",\"url\":\"https:\/\/paracherkaoui.ma\/index.php\/produit\/elgydium-clinic-dentifrice-sensileave-50-ml\/\",\"name\":\"ELGYDIUM CLINIC DENTIFRICE SENSILEAVE 50 ML - Paracherkaoui.ma\",\"isPartOf\":{\"@id\":\"https:\/\/paracherkaoui.ma\/#website\"},\"primaryImageOfPage\":{\"@id\":\"https:\/\/paracherkaoui.ma\/index.php\/produit\/elgydium-clinic-dentifrice-sensileave-50-ml\/#primaryimage\"},\"image\":{\"@id\":\"https:\/\/paracherkaoui.ma\/index.php\/produit\/elgydium-clinic-dentifrice-sensileave-50-ml\/#primaryimage\"},\"thumbnailUrl\":\"https:\/\/paracherkaoui.ma\/wp-content\/uploads\/2025\/12\/elgydium-clinic-dentifrice-sensileave-50-ml.jpg\",\"datePublished\":\"2025-12-12T18:16:12+00:00\",\"dateModified\":\"2025-12-12T18:16:18+00:00\",\"breadcrumb\":{\"@id\":\"https:\/\/paracherkaoui.ma\/index.php\/produit\/elgydium-clinic-dentifrice-sensileave-50-ml\/#breadcrumb\"},\"inLanguage\":\"fr-FR\",\"potentialAction\":[{\"@type\":\"ReadAction\",\"target\":[\"https:\/\/paracherkaoui.ma\/index.php\/produit\/elgydium-clinic-dentifrice-sensileave-50-ml\/\"]}]},{\"@type\":\"ImageObject\",\"inLanguage\":\"fr-FR\",\"@id\":\"https:\/\/paracherkaoui.ma\/index.php\/produit\/elgydium-clinic-dentifrice-sensileave-50-ml\/#primaryimage\",\"url\":\"https:\/\/paracherkaoui.ma\/wp-content\/uploads\/2025\/12\/elgydium-clinic-dentifrice-sensileave-50-ml.jpg\",\"contentUrl\":\"https:\/\/paracherkaoui.ma\/wp-content\/uploads\/2025\/12\/elgydium-clinic-dentifrice-sensileave-50-ml.jpg\",\"width\":700,\"height\":700},{\"@type\":\"BreadcrumbList\",\"@id\":\"https:\/\/paracherkaoui.ma\/index.php\/produit\/elgydium-clinic-dentifrice-sensileave-50-ml\/#breadcrumb\",\"itemListElement\":[{\"@type\":\"ListItem\",\"position\":1,\"name\":\"Accueil\",\"item\":\"https:\/\/paracherkaoui.ma\/\"},{\"@type\":\"ListItem\",\"position\":2,\"name\":\"Boutique\",\"item\":\"https:\/\/paracherkaoui.ma\/index.php\/boutique\/\"},{\"@type\":\"ListItem\",\"position\":3,\"name\":\"ELGYDIUM CLINIC DENTIFRICE SENSILEAVE 50 ML\"}]},{\"@type\":\"WebSite\",\"@id\":\"https:\/\/paracherkaoui.ma\/#website\",\"url\":\"https:\/\/paracherkaoui.ma\/\",\"name\":\"Paracherkaoui.ma\",\"description\":\"Achetez en ligne sur Paracherkaoui.ma\",\"potentialAction\":[{\"@type\":\"SearchAction\",\"target\":{\"@type\":\"EntryPoint\",\"urlTemplate\":\"https:\/\/paracherkaoui.ma\/?s={search_term_string}\"},\"query-input\":{\"@type\":\"PropertyValueSpecification\",\"valueRequired\":true,\"valueName\":\"search_term_string\"}}],\"inLanguage\":\"fr-FR\"}]}<\/script>\r\n<!-- \/ Yoast SEO plugin. -->","yoast_head_json":{"title":"ELGYDIUM CLINIC DENTIFRICE SENSILEAVE 50 ML - Paracherkaoui.ma","robots":{"index":"index","follow":"follow","max-snippet":"max-snippet:-1","max-image-preview":"max-image-preview:large","max-video-preview":"max-video-preview:-1"},"canonical":"https:\/\/paracherkaoui.ma\/index.php\/produit\/elgydium-clinic-dentifrice-sensileave-50-ml\/","og_locale":"fr_FR","og_type":"article","og_title":"ELGYDIUM CLINIC DENTIFRICE SENSILEAVE 50 ML - Paracherkaoui.ma","og_description":"La formule unique d&rsquo;ELGYDIUM Clinic Sensileave Gel agit d\u00e8s la premi\u00e8re application en soulageant imm\u00e9diatement la douleur li\u00e9e \u00e0 l&rsquo;hypersensibilit\u00e9","og_url":"https:\/\/paracherkaoui.ma\/index.php\/produit\/elgydium-clinic-dentifrice-sensileave-50-ml\/","og_site_name":"Paracherkaoui.ma","article_modified_time":"2025-12-12T18:16:18+00:00","og_image":[{"width":700,"height":700,"url":"https:\/\/paracherkaoui.ma\/wp-content\/uploads\/2025\/12\/elgydium-clinic-dentifrice-sensileave-50-ml.jpg","type":"image\/jpeg"}],"twitter_card":"summary_large_image","twitter_misc":{"Dur\u00e9e de lecture estim\u00e9e":"1 minute"},"schema":{"@context":"https:\/\/schema.org","@graph":[{"@type":"WebPage","@id":"https:\/\/paracherkaoui.ma\/index.php\/produit\/elgydium-clinic-dentifrice-sensileave-50-ml\/","url":"https:\/\/paracherkaoui.ma\/index.php\/produit\/elgydium-clinic-dentifrice-sensileave-50-ml\/","name":"ELGYDIUM CLINIC DENTIFRICE SENSILEAVE 50 ML - Paracherkaoui.ma","isPartOf":{"@id":"https:\/\/paracherkaoui.ma\/#website"},"primaryImageOfPage":{"@id":"https:\/\/paracherkaoui.ma\/index.php\/produit\/elgydium-clinic-dentifrice-sensileave-50-ml\/#primaryimage"},"image":{"@id":"https:\/\/paracherkaoui.ma\/index.php\/produit\/elgydium-clinic-dentifrice-sensileave-50-ml\/#primaryimage"},"thumbnailUrl":"https:\/\/paracherkaoui.ma\/wp-content\/uploads\/2025\/12\/elgydium-clinic-dentifrice-sensileave-50-ml.jpg","datePublished":"2025-12-12T18:16:12+00:00","dateModified":"2025-12-12T18:16:18+00:00","breadcrumb":{"@id":"https:\/\/paracherkaoui.ma\/index.php\/produit\/elgydium-clinic-dentifrice-sensileave-50-ml\/#breadcrumb"},"inLanguage":"fr-FR","potentialAction":[{"@type":"ReadAction","target":["https:\/\/paracherkaoui.ma\/index.php\/produit\/elgydium-clinic-dentifrice-sensileave-50-ml\/"]}]},{"@type":"ImageObject","inLanguage":"fr-FR","@id":"https:\/\/paracherkaoui.ma\/index.php\/produit\/elgydium-clinic-dentifrice-sensileave-50-ml\/#primaryimage","url":"https:\/\/paracherkaoui.ma\/wp-content\/uploads\/2025\/12\/elgydium-clinic-dentifrice-sensileave-50-ml.jpg","contentUrl":"https:\/\/paracherkaoui.ma\/wp-content\/uploads\/2025\/12\/elgydium-clinic-dentifrice-sensileave-50-ml.jpg","width":700,"height":700},{"@type":"BreadcrumbList","@id":"https:\/\/paracherkaoui.ma\/index.php\/produit\/elgydium-clinic-dentifrice-sensileave-50-ml\/#breadcrumb","itemListElement":[{"@type":"ListItem","position":1,"name":"Accueil","item":"https:\/\/paracherkaoui.ma\/"},{"@type":"ListItem","position":2,"name":"Boutique","item":"https:\/\/paracherkaoui.ma\/index.php\/boutique\/"},{"@type":"ListItem","position":3,"name":"ELGYDIUM CLINIC DENTIFRICE SENSILEAVE 50 ML"}]},{"@type":"WebSite","@id":"https:\/\/paracherkaoui.ma\/#website","url":"https:\/\/paracherkaoui.ma\/","name":"Paracherkaoui.ma","description":"Achetez en ligne sur Paracherkaoui.ma","potentialAction":[{"@type":"SearchAction","target":{"@type":"EntryPoint","urlTemplate":"https:\/\/paracherkaoui.ma\/?s={search_term_string}"},"query-input":{"@type":"PropertyValueSpecification","valueRequired":true,"valueName":"search_term_string"}}],"inLanguage":"fr-FR"}]}},"_links":{"self":[{"href":"https:\/\/paracherkaoui.ma\/index.php\/wp-json\/wp\/v2\/product\/45683","targetHints":{"allow":["GET"]}}],"collection":[{"href":"https:\/\/paracherkaoui.ma\/index.php\/wp-json\/wp\/v2\/product"}],"about":[{"href":"https:\/\/paracherkaoui.ma\/index.php\/wp-json\/wp\/v2\/types\/product"}],"replies":[{"embeddable":true,"href":"https:\/\/paracherkaoui.ma\/index.php\/wp-json\/wp\/v2\/comments?post=45683"}],"version-history":[{"count":1,"href":"https:\/\/paracherkaoui.ma\/index.php\/wp-json\/wp\/v2\/product\/45683\/revisions"}],"predecessor-version":[{"id":45738,"href":"https:\/\/paracherkaoui.ma\/index.php\/wp-json\/wp\/v2\/product\/45683\/revisions\/45738"}],"wp:featuredmedia":[{"embeddable":true,"href":"https:\/\/paracherkaoui.ma\/index.php\/wp-json\/wp\/v2\/media\/45737"}],"wp:attachment":[{"href":"https:\/\/paracherkaoui.ma\/index.php\/wp-json\/wp\/v2\/media?parent=45683"}],"wp:term":[{"taxonomy":"product_brand","embeddable":true,"href":"https:\/\/paracherkaoui.ma\/index.php\/wp-json\/wp\/v2\/product_brand?post=45683"},{"taxonomy":"product_cat","embeddable":true,"href":"https:\/\/paracherkaoui.ma\/index.php\/wp-json\/wp\/v2\/product_cat?post=45683"},{"taxonomy":"product_tag","embeddable":true,"href":"https:\/\/paracherkaoui.ma\/index.php\/wp-json\/wp\/v2\/product_tag?post=45683"}],"curies":[{"name":"wp","href":"https:\/\/api.w.org\/{rel}","templated":true}]}}