{"id":45682,"date":"2025-12-12T19:16:11","date_gmt":"2025-12-12T18:16:11","guid":{"rendered":"https:\/\/test.ecbeaute.com\/?post_type=product&#038;p=45682"},"modified":"2025-12-12T19:16:18","modified_gmt":"2025-12-12T18:16:18","slug":"curasept-eco-bio-dentifrice-75-ml","status":"publish","type":"product","link":"https:\/\/paracherkaoui.ma\/index.php\/produit\/curasept-eco-bio-dentifrice-75-ml\/","title":{"rendered":"CURASEPT ECO BIO DENTIFRICE 75 ML"},"content":{"rendered":"<p>Aux extraits de plantes BIO, le dentifrice naturel bio, EcoBio CURASEPT\u00a0renforce les d\u00e9fenses naturelles des dents et des gencives et pr\u00e9vient la formation de la plaque dentaire.<br \/>\nIl contient du\u00a0Xylitol\u00a0qui rend le pH de la bouche moins acide et du\u00a0Calcium\u00a0pour prot\u00e9ger l\u2019\u00e9mail de la d\u00e9min\u00e9ralisation.<br \/>\nLes\u00a0extraits naturels de plantes,\u00a0par leur action assainissante et apaisante, contribuent \u00e0 maintenir les muqueuses en bonne sant\u00e9.<br \/>\nLe m\u00e9lange d\u2019huiles essentielles d\u2019Eucalyptus et Fenouil\u00a0procure une agr\u00e9able sensation de fraicheur durable.<br \/>\nSans menthol ni fluor, il est COMPATIBLE avec l\u2019HOM\u00c9OPATHIE.<br \/>\nNotre dentifrice naturel bio est certifi\u00e9 produit naturel et respectueux de l\u2019environnement.<br \/>\nPour un r\u00e9sultat optimal, il est recommand\u00e9 d\u2019utiliser le dentifrice en association avec le bain de bouche CURASEPT ECOBIO.<\/p>\n","protected":false},"excerpt":{"rendered":"<p>Aux extraits de plantes BIO, le dentifrice naturel bio, EcoBio CURASEPT\u00a0renforce les d\u00e9fenses naturelles des dents et des gencives et<\/p>\n","protected":false},"featured_media":45735,"comment_status":"open","ping_status":"closed","template":"","meta":[],"product_brand":[805],"product_cat":[831],"product_tag":[],"class_list":{"0":"post-45682","1":"product","2":"type-product","3":"status-publish","4":"has-post-thumbnail","6":"product_brand-curasept","7":"product_cat-dentifrices-orthodontiques","9":"first","10":"instock","11":"sale","12":"shipping-taxable","13":"purchasable","14":"product-type-simple"},"yoast_head":"<!-- This site is optimized with the Yoast SEO plugin v26.6 - https:\/\/yoast.com\/wordpress\/plugins\/seo\/ -->\r\n<title>CURASEPT ECO BIO DENTIFRICE 75 ML - Paracherkaoui.ma<\/title>\r\n<meta name=\"robots\" content=\"index, follow, max-snippet:-1, max-image-preview:large, max-video-preview:-1\" \/>\r\n<link rel=\"canonical\" href=\"https:\/\/paracherkaoui.ma\/index.php\/produit\/curasept-eco-bio-dentifrice-75-ml\/\" \/>\r\n<meta property=\"og:locale\" content=\"fr_FR\" \/>\r\n<meta property=\"og:type\" content=\"article\" \/>\r\n<meta property=\"og:title\" content=\"CURASEPT ECO BIO DENTIFRICE 75 ML - Paracherkaoui.ma\" \/>\r\n<meta property=\"og:description\" content=\"Aux extraits de plantes BIO, le dentifrice naturel bio, EcoBio CURASEPT\u00a0renforce les d\u00e9fenses naturelles des dents et des gencives et\" \/>\r\n<meta property=\"og:url\" content=\"https:\/\/paracherkaoui.ma\/index.php\/produit\/curasept-eco-bio-dentifrice-75-ml\/\" \/>\r\n<meta property=\"og:site_name\" content=\"Paracherkaoui.ma\" \/>\r\n<meta property=\"article:modified_time\" content=\"2025-12-12T18:16:18+00:00\" \/>\r\n<meta property=\"og:image\" content=\"https:\/\/paracherkaoui.ma\/wp-content\/uploads\/2025\/12\/curasept-eco-bio-dentifrice-75-ml.jpg\" \/>\r\n\t<meta property=\"og:image:width\" content=\"700\" \/>\r\n\t<meta property=\"og:image:height\" content=\"700\" \/>\r\n\t<meta property=\"og:image:type\" content=\"image\/jpeg\" \/>\r\n<meta name=\"twitter:card\" content=\"summary_large_image\" \/>\r\n<meta name=\"twitter:label1\" content=\"Dur\u00e9e de lecture estim\u00e9e\" \/>\n\t<meta name=\"twitter:data1\" content=\"1 minute\" \/>\r\n<script type=\"application\/ld+json\" class=\"yoast-schema-graph\">{\"@context\":\"https:\/\/schema.org\",\"@graph\":[{\"@type\":\"WebPage\",\"@id\":\"https:\/\/paracherkaoui.ma\/index.php\/produit\/curasept-eco-bio-dentifrice-75-ml\/\",\"url\":\"https:\/\/paracherkaoui.ma\/index.php\/produit\/curasept-eco-bio-dentifrice-75-ml\/\",\"name\":\"CURASEPT ECO BIO DENTIFRICE 75 ML - Paracherkaoui.ma\",\"isPartOf\":{\"@id\":\"https:\/\/paracherkaoui.ma\/#website\"},\"primaryImageOfPage\":{\"@id\":\"https:\/\/paracherkaoui.ma\/index.php\/produit\/curasept-eco-bio-dentifrice-75-ml\/#primaryimage\"},\"image\":{\"@id\":\"https:\/\/paracherkaoui.ma\/index.php\/produit\/curasept-eco-bio-dentifrice-75-ml\/#primaryimage\"},\"thumbnailUrl\":\"https:\/\/paracherkaoui.ma\/wp-content\/uploads\/2025\/12\/curasept-eco-bio-dentifrice-75-ml.jpg\",\"datePublished\":\"2025-12-12T18:16:11+00:00\",\"dateModified\":\"2025-12-12T18:16:18+00:00\",\"breadcrumb\":{\"@id\":\"https:\/\/paracherkaoui.ma\/index.php\/produit\/curasept-eco-bio-dentifrice-75-ml\/#breadcrumb\"},\"inLanguage\":\"fr-FR\",\"potentialAction\":[{\"@type\":\"ReadAction\",\"target\":[\"https:\/\/paracherkaoui.ma\/index.php\/produit\/curasept-eco-bio-dentifrice-75-ml\/\"]}]},{\"@type\":\"ImageObject\",\"inLanguage\":\"fr-FR\",\"@id\":\"https:\/\/paracherkaoui.ma\/index.php\/produit\/curasept-eco-bio-dentifrice-75-ml\/#primaryimage\",\"url\":\"https:\/\/paracherkaoui.ma\/wp-content\/uploads\/2025\/12\/curasept-eco-bio-dentifrice-75-ml.jpg\",\"contentUrl\":\"https:\/\/paracherkaoui.ma\/wp-content\/uploads\/2025\/12\/curasept-eco-bio-dentifrice-75-ml.jpg\",\"width\":700,\"height\":700},{\"@type\":\"BreadcrumbList\",\"@id\":\"https:\/\/paracherkaoui.ma\/index.php\/produit\/curasept-eco-bio-dentifrice-75-ml\/#breadcrumb\",\"itemListElement\":[{\"@type\":\"ListItem\",\"position\":1,\"name\":\"Accueil\",\"item\":\"https:\/\/paracherkaoui.ma\/\"},{\"@type\":\"ListItem\",\"position\":2,\"name\":\"Boutique\",\"item\":\"https:\/\/paracherkaoui.ma\/index.php\/boutique\/\"},{\"@type\":\"ListItem\",\"position\":3,\"name\":\"CURASEPT ECO BIO DENTIFRICE 75 ML\"}]},{\"@type\":\"WebSite\",\"@id\":\"https:\/\/paracherkaoui.ma\/#website\",\"url\":\"https:\/\/paracherkaoui.ma\/\",\"name\":\"Paracherkaoui.ma\",\"description\":\"Achetez en ligne sur Paracherkaoui.ma\",\"potentialAction\":[{\"@type\":\"SearchAction\",\"target\":{\"@type\":\"EntryPoint\",\"urlTemplate\":\"https:\/\/paracherkaoui.ma\/?s={search_term_string}\"},\"query-input\":{\"@type\":\"PropertyValueSpecification\",\"valueRequired\":true,\"valueName\":\"search_term_string\"}}],\"inLanguage\":\"fr-FR\"}]}<\/script>\r\n<!-- \/ Yoast SEO plugin. -->","yoast_head_json":{"title":"CURASEPT ECO BIO DENTIFRICE 75 ML - Paracherkaoui.ma","robots":{"index":"index","follow":"follow","max-snippet":"max-snippet:-1","max-image-preview":"max-image-preview:large","max-video-preview":"max-video-preview:-1"},"canonical":"https:\/\/paracherkaoui.ma\/index.php\/produit\/curasept-eco-bio-dentifrice-75-ml\/","og_locale":"fr_FR","og_type":"article","og_title":"CURASEPT ECO BIO DENTIFRICE 75 ML - Paracherkaoui.ma","og_description":"Aux extraits de plantes BIO, le dentifrice naturel bio, EcoBio CURASEPT\u00a0renforce les d\u00e9fenses naturelles des dents et des gencives et","og_url":"https:\/\/paracherkaoui.ma\/index.php\/produit\/curasept-eco-bio-dentifrice-75-ml\/","og_site_name":"Paracherkaoui.ma","article_modified_time":"2025-12-12T18:16:18+00:00","og_image":[{"width":700,"height":700,"url":"https:\/\/paracherkaoui.ma\/wp-content\/uploads\/2025\/12\/curasept-eco-bio-dentifrice-75-ml.jpg","type":"image\/jpeg"}],"twitter_card":"summary_large_image","twitter_misc":{"Dur\u00e9e de lecture estim\u00e9e":"1 minute"},"schema":{"@context":"https:\/\/schema.org","@graph":[{"@type":"WebPage","@id":"https:\/\/paracherkaoui.ma\/index.php\/produit\/curasept-eco-bio-dentifrice-75-ml\/","url":"https:\/\/paracherkaoui.ma\/index.php\/produit\/curasept-eco-bio-dentifrice-75-ml\/","name":"CURASEPT ECO BIO DENTIFRICE 75 ML - Paracherkaoui.ma","isPartOf":{"@id":"https:\/\/paracherkaoui.ma\/#website"},"primaryImageOfPage":{"@id":"https:\/\/paracherkaoui.ma\/index.php\/produit\/curasept-eco-bio-dentifrice-75-ml\/#primaryimage"},"image":{"@id":"https:\/\/paracherkaoui.ma\/index.php\/produit\/curasept-eco-bio-dentifrice-75-ml\/#primaryimage"},"thumbnailUrl":"https:\/\/paracherkaoui.ma\/wp-content\/uploads\/2025\/12\/curasept-eco-bio-dentifrice-75-ml.jpg","datePublished":"2025-12-12T18:16:11+00:00","dateModified":"2025-12-12T18:16:18+00:00","breadcrumb":{"@id":"https:\/\/paracherkaoui.ma\/index.php\/produit\/curasept-eco-bio-dentifrice-75-ml\/#breadcrumb"},"inLanguage":"fr-FR","potentialAction":[{"@type":"ReadAction","target":["https:\/\/paracherkaoui.ma\/index.php\/produit\/curasept-eco-bio-dentifrice-75-ml\/"]}]},{"@type":"ImageObject","inLanguage":"fr-FR","@id":"https:\/\/paracherkaoui.ma\/index.php\/produit\/curasept-eco-bio-dentifrice-75-ml\/#primaryimage","url":"https:\/\/paracherkaoui.ma\/wp-content\/uploads\/2025\/12\/curasept-eco-bio-dentifrice-75-ml.jpg","contentUrl":"https:\/\/paracherkaoui.ma\/wp-content\/uploads\/2025\/12\/curasept-eco-bio-dentifrice-75-ml.jpg","width":700,"height":700},{"@type":"BreadcrumbList","@id":"https:\/\/paracherkaoui.ma\/index.php\/produit\/curasept-eco-bio-dentifrice-75-ml\/#breadcrumb","itemListElement":[{"@type":"ListItem","position":1,"name":"Accueil","item":"https:\/\/paracherkaoui.ma\/"},{"@type":"ListItem","position":2,"name":"Boutique","item":"https:\/\/paracherkaoui.ma\/index.php\/boutique\/"},{"@type":"ListItem","position":3,"name":"CURASEPT ECO BIO DENTIFRICE 75 ML"}]},{"@type":"WebSite","@id":"https:\/\/paracherkaoui.ma\/#website","url":"https:\/\/paracherkaoui.ma\/","name":"Paracherkaoui.ma","description":"Achetez en ligne sur Paracherkaoui.ma","potentialAction":[{"@type":"SearchAction","target":{"@type":"EntryPoint","urlTemplate":"https:\/\/paracherkaoui.ma\/?s={search_term_string}"},"query-input":{"@type":"PropertyValueSpecification","valueRequired":true,"valueName":"search_term_string"}}],"inLanguage":"fr-FR"}]}},"_links":{"self":[{"href":"https:\/\/paracherkaoui.ma\/index.php\/wp-json\/wp\/v2\/product\/45682","targetHints":{"allow":["GET"]}}],"collection":[{"href":"https:\/\/paracherkaoui.ma\/index.php\/wp-json\/wp\/v2\/product"}],"about":[{"href":"https:\/\/paracherkaoui.ma\/index.php\/wp-json\/wp\/v2\/types\/product"}],"replies":[{"embeddable":true,"href":"https:\/\/paracherkaoui.ma\/index.php\/wp-json\/wp\/v2\/comments?post=45682"}],"version-history":[{"count":1,"href":"https:\/\/paracherkaoui.ma\/index.php\/wp-json\/wp\/v2\/product\/45682\/revisions"}],"predecessor-version":[{"id":45736,"href":"https:\/\/paracherkaoui.ma\/index.php\/wp-json\/wp\/v2\/product\/45682\/revisions\/45736"}],"wp:featuredmedia":[{"embeddable":true,"href":"https:\/\/paracherkaoui.ma\/index.php\/wp-json\/wp\/v2\/media\/45735"}],"wp:attachment":[{"href":"https:\/\/paracherkaoui.ma\/index.php\/wp-json\/wp\/v2\/media?parent=45682"}],"wp:term":[{"taxonomy":"product_brand","embeddable":true,"href":"https:\/\/paracherkaoui.ma\/index.php\/wp-json\/wp\/v2\/product_brand?post=45682"},{"taxonomy":"product_cat","embeddable":true,"href":"https:\/\/paracherkaoui.ma\/index.php\/wp-json\/wp\/v2\/product_cat?post=45682"},{"taxonomy":"product_tag","embeddable":true,"href":"https:\/\/paracherkaoui.ma\/index.php\/wp-json\/wp\/v2\/product_tag?post=45682"}],"curies":[{"name":"wp","href":"https:\/\/api.w.org\/{rel}","templated":true}]}}