{"id":45659,"date":"2025-12-12T19:16:10","date_gmt":"2025-12-12T18:16:10","guid":{"rendered":"https:\/\/test.ecbeaute.com\/?post_type=product&#038;p=45659"},"modified":"2025-12-12T19:16:12","modified_gmt":"2025-12-12T18:16:12","slug":"curasept-protection-booster-gel-dentifrice-invasion-des-herbes-75-ml","status":"publish","type":"product","link":"https:\/\/paracherkaoui.ma\/index.php\/produit\/curasept-protection-booster-gel-dentifrice-invasion-des-herbes-75-ml\/","title":{"rendered":"CURASEPT PROTECTION BOOSTER GEL DENTIFRICE INVASION DES HERBES 75 ML"},"content":{"rendered":"<p>Le dentifrice Curasept Daycare Protection Booster Herbal Invasion fournit des soins quotidiens \u00e0 vos dents, vos gencives et votre cavit\u00e9 buccale. Il contient des extraits d&rsquo;huiles essentielles et un complexe brevet\u00e9, CPC-HAP (chlorure de c\u00e9tylpyridinium et hydroxyapatite), qui assure une protection prolong\u00e9e contre les bact\u00e9ries et renforce les capacit\u00e9s de d\u00e9fense naturelles de la cavit\u00e9 buccale. L&rsquo;\u00e9mail des dents est renforc\u00e9 et prot\u00e9g\u00e9 de la carie dentaire, et la saveur v\u00e9g\u00e9tale ajoute une sensation agr\u00e9able dans votre bouche. Donnez \u00e0 votre cavit\u00e9 buccale et \u00e0 vos dents sant\u00e9 et protection avec le dentifrice Curasept Daycare Protection Booster Herbal Invasion !<br \/>\nAux extraits d&rsquo;huiles essentielles et \u00e0 l&rsquo;ar\u00f4me d&rsquo;herbes<br \/>\nCombat efficacement la carie dentaire et les maladies des gencives, r\u00e9duit la plaque dentaire<br \/>\nNe contient pas d&rsquo;agent moussant SLS agressif ni d&rsquo;alcool<br \/>\nAvec des effets remin\u00e9ralisants et d\u00e9sinfectants \u00e0 long terme<br \/>\nCONSEILS D&rsquo;UTILISATION:<br \/>\nBrossez-vous deux fois par jour pendant au moins deux minutes \u00e0 chaque fois.<\/p>\n","protected":false},"excerpt":{"rendered":"<p>Le dentifrice Curasept Daycare Protection Booster Herbal Invasion fournit des soins quotidiens \u00e0 vos dents, vos gencives et votre cavit\u00e9<\/p>\n","protected":false},"featured_media":45689,"comment_status":"open","ping_status":"closed","template":"","meta":[],"product_brand":[805],"product_cat":[824],"product_tag":[],"class_list":{"0":"post-45659","1":"product","2":"type-product","3":"status-publish","4":"has-post-thumbnail","6":"product_brand-curasept","7":"product_cat-dentifrices-gencives-sensibles","9":"first","10":"instock","11":"sale","12":"shipping-taxable","13":"purchasable","14":"product-type-simple"},"yoast_head":"<!-- This site is optimized with the Yoast SEO plugin v26.6 - https:\/\/yoast.com\/wordpress\/plugins\/seo\/ -->\r\n<title>CURASEPT PROTECTION BOOSTER GEL DENTIFRICE INVASION DES HERBES 75 ML - Paracherkaoui.ma<\/title>\r\n<meta name=\"robots\" content=\"index, follow, max-snippet:-1, max-image-preview:large, max-video-preview:-1\" \/>\r\n<link rel=\"canonical\" href=\"https:\/\/paracherkaoui.ma\/index.php\/produit\/curasept-protection-booster-gel-dentifrice-invasion-des-herbes-75-ml\/\" \/>\r\n<meta property=\"og:locale\" content=\"fr_FR\" \/>\r\n<meta property=\"og:type\" content=\"article\" \/>\r\n<meta property=\"og:title\" content=\"CURASEPT PROTECTION BOOSTER GEL DENTIFRICE INVASION DES HERBES 75 ML - Paracherkaoui.ma\" \/>\r\n<meta property=\"og:description\" content=\"Le dentifrice Curasept Daycare Protection Booster Herbal Invasion fournit des soins quotidiens \u00e0 vos dents, vos gencives et votre cavit\u00e9\" \/>\r\n<meta property=\"og:url\" content=\"https:\/\/paracherkaoui.ma\/index.php\/produit\/curasept-protection-booster-gel-dentifrice-invasion-des-herbes-75-ml\/\" \/>\r\n<meta property=\"og:site_name\" content=\"Paracherkaoui.ma\" \/>\r\n<meta property=\"article:modified_time\" content=\"2025-12-12T18:16:12+00:00\" \/>\r\n<meta property=\"og:image\" content=\"https:\/\/paracherkaoui.ma\/wp-content\/uploads\/2025\/12\/curasept-curasept-protection-booster-gel-dentifrice-invasion-des-herbes-75-ml-dentifrices-gencives-sensibles.jpg\" \/>\r\n\t<meta property=\"og:image:width\" content=\"700\" \/>\r\n\t<meta property=\"og:image:height\" content=\"700\" \/>\r\n\t<meta property=\"og:image:type\" content=\"image\/jpeg\" \/>\r\n<meta name=\"twitter:card\" content=\"summary_large_image\" \/>\r\n<meta name=\"twitter:label1\" content=\"Dur\u00e9e de lecture estim\u00e9e\" \/>\n\t<meta name=\"twitter:data1\" content=\"1 minute\" \/>\r\n<script type=\"application\/ld+json\" class=\"yoast-schema-graph\">{\"@context\":\"https:\/\/schema.org\",\"@graph\":[{\"@type\":\"WebPage\",\"@id\":\"https:\/\/paracherkaoui.ma\/index.php\/produit\/curasept-protection-booster-gel-dentifrice-invasion-des-herbes-75-ml\/\",\"url\":\"https:\/\/paracherkaoui.ma\/index.php\/produit\/curasept-protection-booster-gel-dentifrice-invasion-des-herbes-75-ml\/\",\"name\":\"CURASEPT PROTECTION BOOSTER GEL DENTIFRICE INVASION DES HERBES 75 ML - Paracherkaoui.ma\",\"isPartOf\":{\"@id\":\"https:\/\/paracherkaoui.ma\/#website\"},\"primaryImageOfPage\":{\"@id\":\"https:\/\/paracherkaoui.ma\/index.php\/produit\/curasept-protection-booster-gel-dentifrice-invasion-des-herbes-75-ml\/#primaryimage\"},\"image\":{\"@id\":\"https:\/\/paracherkaoui.ma\/index.php\/produit\/curasept-protection-booster-gel-dentifrice-invasion-des-herbes-75-ml\/#primaryimage\"},\"thumbnailUrl\":\"https:\/\/paracherkaoui.ma\/wp-content\/uploads\/2025\/12\/curasept-curasept-protection-booster-gel-dentifrice-invasion-des-herbes-75-ml-dentifrices-gencives-sensibles.jpg\",\"datePublished\":\"2025-12-12T18:16:10+00:00\",\"dateModified\":\"2025-12-12T18:16:12+00:00\",\"breadcrumb\":{\"@id\":\"https:\/\/paracherkaoui.ma\/index.php\/produit\/curasept-protection-booster-gel-dentifrice-invasion-des-herbes-75-ml\/#breadcrumb\"},\"inLanguage\":\"fr-FR\",\"potentialAction\":[{\"@type\":\"ReadAction\",\"target\":[\"https:\/\/paracherkaoui.ma\/index.php\/produit\/curasept-protection-booster-gel-dentifrice-invasion-des-herbes-75-ml\/\"]}]},{\"@type\":\"ImageObject\",\"inLanguage\":\"fr-FR\",\"@id\":\"https:\/\/paracherkaoui.ma\/index.php\/produit\/curasept-protection-booster-gel-dentifrice-invasion-des-herbes-75-ml\/#primaryimage\",\"url\":\"https:\/\/paracherkaoui.ma\/wp-content\/uploads\/2025\/12\/curasept-curasept-protection-booster-gel-dentifrice-invasion-des-herbes-75-ml-dentifrices-gencives-sensibles.jpg\",\"contentUrl\":\"https:\/\/paracherkaoui.ma\/wp-content\/uploads\/2025\/12\/curasept-curasept-protection-booster-gel-dentifrice-invasion-des-herbes-75-ml-dentifrices-gencives-sensibles.jpg\",\"width\":700,\"height\":700},{\"@type\":\"BreadcrumbList\",\"@id\":\"https:\/\/paracherkaoui.ma\/index.php\/produit\/curasept-protection-booster-gel-dentifrice-invasion-des-herbes-75-ml\/#breadcrumb\",\"itemListElement\":[{\"@type\":\"ListItem\",\"position\":1,\"name\":\"Accueil\",\"item\":\"https:\/\/paracherkaoui.ma\/\"},{\"@type\":\"ListItem\",\"position\":2,\"name\":\"Boutique\",\"item\":\"https:\/\/paracherkaoui.ma\/index.php\/boutique\/\"},{\"@type\":\"ListItem\",\"position\":3,\"name\":\"CURASEPT PROTECTION BOOSTER GEL DENTIFRICE INVASION DES HERBES 75 ML\"}]},{\"@type\":\"WebSite\",\"@id\":\"https:\/\/paracherkaoui.ma\/#website\",\"url\":\"https:\/\/paracherkaoui.ma\/\",\"name\":\"Paracherkaoui.ma\",\"description\":\"Achetez en ligne sur Paracherkaoui.ma\",\"potentialAction\":[{\"@type\":\"SearchAction\",\"target\":{\"@type\":\"EntryPoint\",\"urlTemplate\":\"https:\/\/paracherkaoui.ma\/?s={search_term_string}\"},\"query-input\":{\"@type\":\"PropertyValueSpecification\",\"valueRequired\":true,\"valueName\":\"search_term_string\"}}],\"inLanguage\":\"fr-FR\"}]}<\/script>\r\n<!-- \/ Yoast SEO plugin. -->","yoast_head_json":{"title":"CURASEPT PROTECTION BOOSTER GEL DENTIFRICE INVASION DES HERBES 75 ML - Paracherkaoui.ma","robots":{"index":"index","follow":"follow","max-snippet":"max-snippet:-1","max-image-preview":"max-image-preview:large","max-video-preview":"max-video-preview:-1"},"canonical":"https:\/\/paracherkaoui.ma\/index.php\/produit\/curasept-protection-booster-gel-dentifrice-invasion-des-herbes-75-ml\/","og_locale":"fr_FR","og_type":"article","og_title":"CURASEPT PROTECTION BOOSTER GEL DENTIFRICE INVASION DES HERBES 75 ML - Paracherkaoui.ma","og_description":"Le dentifrice Curasept Daycare Protection Booster Herbal Invasion fournit des soins quotidiens \u00e0 vos dents, vos gencives et votre cavit\u00e9","og_url":"https:\/\/paracherkaoui.ma\/index.php\/produit\/curasept-protection-booster-gel-dentifrice-invasion-des-herbes-75-ml\/","og_site_name":"Paracherkaoui.ma","article_modified_time":"2025-12-12T18:16:12+00:00","og_image":[{"width":700,"height":700,"url":"https:\/\/paracherkaoui.ma\/wp-content\/uploads\/2025\/12\/curasept-curasept-protection-booster-gel-dentifrice-invasion-des-herbes-75-ml-dentifrices-gencives-sensibles.jpg","type":"image\/jpeg"}],"twitter_card":"summary_large_image","twitter_misc":{"Dur\u00e9e de lecture estim\u00e9e":"1 minute"},"schema":{"@context":"https:\/\/schema.org","@graph":[{"@type":"WebPage","@id":"https:\/\/paracherkaoui.ma\/index.php\/produit\/curasept-protection-booster-gel-dentifrice-invasion-des-herbes-75-ml\/","url":"https:\/\/paracherkaoui.ma\/index.php\/produit\/curasept-protection-booster-gel-dentifrice-invasion-des-herbes-75-ml\/","name":"CURASEPT PROTECTION BOOSTER GEL DENTIFRICE INVASION DES HERBES 75 ML - Paracherkaoui.ma","isPartOf":{"@id":"https:\/\/paracherkaoui.ma\/#website"},"primaryImageOfPage":{"@id":"https:\/\/paracherkaoui.ma\/index.php\/produit\/curasept-protection-booster-gel-dentifrice-invasion-des-herbes-75-ml\/#primaryimage"},"image":{"@id":"https:\/\/paracherkaoui.ma\/index.php\/produit\/curasept-protection-booster-gel-dentifrice-invasion-des-herbes-75-ml\/#primaryimage"},"thumbnailUrl":"https:\/\/paracherkaoui.ma\/wp-content\/uploads\/2025\/12\/curasept-curasept-protection-booster-gel-dentifrice-invasion-des-herbes-75-ml-dentifrices-gencives-sensibles.jpg","datePublished":"2025-12-12T18:16:10+00:00","dateModified":"2025-12-12T18:16:12+00:00","breadcrumb":{"@id":"https:\/\/paracherkaoui.ma\/index.php\/produit\/curasept-protection-booster-gel-dentifrice-invasion-des-herbes-75-ml\/#breadcrumb"},"inLanguage":"fr-FR","potentialAction":[{"@type":"ReadAction","target":["https:\/\/paracherkaoui.ma\/index.php\/produit\/curasept-protection-booster-gel-dentifrice-invasion-des-herbes-75-ml\/"]}]},{"@type":"ImageObject","inLanguage":"fr-FR","@id":"https:\/\/paracherkaoui.ma\/index.php\/produit\/curasept-protection-booster-gel-dentifrice-invasion-des-herbes-75-ml\/#primaryimage","url":"https:\/\/paracherkaoui.ma\/wp-content\/uploads\/2025\/12\/curasept-curasept-protection-booster-gel-dentifrice-invasion-des-herbes-75-ml-dentifrices-gencives-sensibles.jpg","contentUrl":"https:\/\/paracherkaoui.ma\/wp-content\/uploads\/2025\/12\/curasept-curasept-protection-booster-gel-dentifrice-invasion-des-herbes-75-ml-dentifrices-gencives-sensibles.jpg","width":700,"height":700},{"@type":"BreadcrumbList","@id":"https:\/\/paracherkaoui.ma\/index.php\/produit\/curasept-protection-booster-gel-dentifrice-invasion-des-herbes-75-ml\/#breadcrumb","itemListElement":[{"@type":"ListItem","position":1,"name":"Accueil","item":"https:\/\/paracherkaoui.ma\/"},{"@type":"ListItem","position":2,"name":"Boutique","item":"https:\/\/paracherkaoui.ma\/index.php\/boutique\/"},{"@type":"ListItem","position":3,"name":"CURASEPT PROTECTION BOOSTER GEL DENTIFRICE INVASION DES HERBES 75 ML"}]},{"@type":"WebSite","@id":"https:\/\/paracherkaoui.ma\/#website","url":"https:\/\/paracherkaoui.ma\/","name":"Paracherkaoui.ma","description":"Achetez en ligne sur Paracherkaoui.ma","potentialAction":[{"@type":"SearchAction","target":{"@type":"EntryPoint","urlTemplate":"https:\/\/paracherkaoui.ma\/?s={search_term_string}"},"query-input":{"@type":"PropertyValueSpecification","valueRequired":true,"valueName":"search_term_string"}}],"inLanguage":"fr-FR"}]}},"_links":{"self":[{"href":"https:\/\/paracherkaoui.ma\/index.php\/wp-json\/wp\/v2\/product\/45659","targetHints":{"allow":["GET"]}}],"collection":[{"href":"https:\/\/paracherkaoui.ma\/index.php\/wp-json\/wp\/v2\/product"}],"about":[{"href":"https:\/\/paracherkaoui.ma\/index.php\/wp-json\/wp\/v2\/types\/product"}],"replies":[{"embeddable":true,"href":"https:\/\/paracherkaoui.ma\/index.php\/wp-json\/wp\/v2\/comments?post=45659"}],"version-history":[{"count":1,"href":"https:\/\/paracherkaoui.ma\/index.php\/wp-json\/wp\/v2\/product\/45659\/revisions"}],"predecessor-version":[{"id":45690,"href":"https:\/\/paracherkaoui.ma\/index.php\/wp-json\/wp\/v2\/product\/45659\/revisions\/45690"}],"wp:featuredmedia":[{"embeddable":true,"href":"https:\/\/paracherkaoui.ma\/index.php\/wp-json\/wp\/v2\/media\/45689"}],"wp:attachment":[{"href":"https:\/\/paracherkaoui.ma\/index.php\/wp-json\/wp\/v2\/media?parent=45659"}],"wp:term":[{"taxonomy":"product_brand","embeddable":true,"href":"https:\/\/paracherkaoui.ma\/index.php\/wp-json\/wp\/v2\/product_brand?post=45659"},{"taxonomy":"product_cat","embeddable":true,"href":"https:\/\/paracherkaoui.ma\/index.php\/wp-json\/wp\/v2\/product_cat?post=45659"},{"taxonomy":"product_tag","embeddable":true,"href":"https:\/\/paracherkaoui.ma\/index.php\/wp-json\/wp\/v2\/product_tag?post=45659"}],"curies":[{"name":"wp","href":"https:\/\/api.w.org\/{rel}","templated":true}]}}