{"id":45591,"date":"2025-12-12T19:16:00","date_gmt":"2025-12-12T18:16:00","guid":{"rendered":"https:\/\/test.ecbeaute.com\/?post_type=product&#038;p=45591"},"modified":"2025-12-12T19:16:07","modified_gmt":"2025-12-12T18:16:07","slug":"president-gel-sensitive-plus-30-ml","status":"publish","type":"product","link":"https:\/\/paracherkaoui.ma\/index.php\/produit\/president-gel-sensitive-plus-30-ml\/","title":{"rendered":"PRESIDENT GEL SENSITIVE PLUS 30 ML"},"content":{"rendered":"<p>Lorsque nos gencives ont tendance \u00e0 s&rsquo;affaiblir et \u00e0 reculer, \u00e0 la suite d&rsquo;une attaque microbienne prolong\u00e9e par la plaque, ils exposent le cou et la dentine dans nos dents. Nos canalicules dentaires deviennent ainsi plus perm\u00e9ables et les terminaisons nerveuses de la pulpe dentaire sont plus rapidement stimul\u00e9es par des substances chaudes \/ froides ou douces \/ acides. Ce gel est destin\u00e9 \u00e0 une utilisation locale et contient du nitrate de potassium et du fluorure de sodium, des sels min\u00e9raux qui aident \u00e0 prot\u00e9ger et \u00e0 renforcer les dents, en scellant graduellement les canalicules dentaires, ce qui r\u00e9duit l&rsquo;inconfort caus\u00e9 par l&rsquo;hyper-sensibilit\u00e9. Le monofluoro phosphate de sodium contribue \u00e9galement \u00e0 la d\u00e9min\u00e9ralisation de l&rsquo;\u00e9mail des dents et lutte contre la carie dentaire.<\/p>\n","protected":false},"excerpt":{"rendered":"<p>Lorsque nos gencives ont tendance \u00e0 s&rsquo;affaiblir et \u00e0 reculer, \u00e0 la suite d&rsquo;une attaque microbienne prolong\u00e9e par la plaque,<\/p>\n","protected":false},"featured_media":45641,"comment_status":"open","ping_status":"closed","template":"","meta":[],"product_brand":[803],"product_cat":[824],"product_tag":[],"class_list":{"0":"post-45591","1":"product","2":"type-product","3":"status-publish","4":"has-post-thumbnail","6":"product_brand-president","7":"product_cat-dentifrices-gencives-sensibles","9":"first","10":"instock","11":"sale","12":"shipping-taxable","13":"purchasable","14":"product-type-simple"},"yoast_head":"<!-- This site is optimized with the Yoast SEO plugin v26.6 - https:\/\/yoast.com\/wordpress\/plugins\/seo\/ -->\r\n<title>PRESIDENT GEL SENSITIVE PLUS 30 ML - Paracherkaoui.ma<\/title>\r\n<meta name=\"robots\" content=\"index, follow, max-snippet:-1, max-image-preview:large, max-video-preview:-1\" \/>\r\n<link rel=\"canonical\" href=\"https:\/\/paracherkaoui.ma\/index.php\/produit\/president-gel-sensitive-plus-30-ml\/\" \/>\r\n<meta property=\"og:locale\" content=\"fr_FR\" \/>\r\n<meta property=\"og:type\" content=\"article\" \/>\r\n<meta property=\"og:title\" content=\"PRESIDENT GEL SENSITIVE PLUS 30 ML - Paracherkaoui.ma\" \/>\r\n<meta property=\"og:description\" content=\"Lorsque nos gencives ont tendance \u00e0 s&rsquo;affaiblir et \u00e0 reculer, \u00e0 la suite d&rsquo;une attaque microbienne prolong\u00e9e par la plaque,\" \/>\r\n<meta property=\"og:url\" content=\"https:\/\/paracherkaoui.ma\/index.php\/produit\/president-gel-sensitive-plus-30-ml\/\" \/>\r\n<meta property=\"og:site_name\" content=\"Paracherkaoui.ma\" \/>\r\n<meta property=\"article:modified_time\" content=\"2025-12-12T18:16:07+00:00\" \/>\r\n<meta property=\"og:image\" content=\"https:\/\/paracherkaoui.ma\/wp-content\/uploads\/2025\/12\/president-president-gel-sensitive-plus-30-ml-dentifrices-gencives-sensibles.jpg\" \/>\r\n\t<meta property=\"og:image:width\" content=\"700\" \/>\r\n\t<meta property=\"og:image:height\" content=\"700\" \/>\r\n\t<meta property=\"og:image:type\" content=\"image\/jpeg\" \/>\r\n<meta name=\"twitter:card\" content=\"summary_large_image\" \/>\r\n<meta name=\"twitter:label1\" content=\"Dur\u00e9e de lecture estim\u00e9e\" \/>\n\t<meta name=\"twitter:data1\" content=\"1 minute\" \/>\r\n<script type=\"application\/ld+json\" class=\"yoast-schema-graph\">{\"@context\":\"https:\/\/schema.org\",\"@graph\":[{\"@type\":\"WebPage\",\"@id\":\"https:\/\/paracherkaoui.ma\/index.php\/produit\/president-gel-sensitive-plus-30-ml\/\",\"url\":\"https:\/\/paracherkaoui.ma\/index.php\/produit\/president-gel-sensitive-plus-30-ml\/\",\"name\":\"PRESIDENT GEL SENSITIVE PLUS 30 ML - Paracherkaoui.ma\",\"isPartOf\":{\"@id\":\"https:\/\/paracherkaoui.ma\/#website\"},\"primaryImageOfPage\":{\"@id\":\"https:\/\/paracherkaoui.ma\/index.php\/produit\/president-gel-sensitive-plus-30-ml\/#primaryimage\"},\"image\":{\"@id\":\"https:\/\/paracherkaoui.ma\/index.php\/produit\/president-gel-sensitive-plus-30-ml\/#primaryimage\"},\"thumbnailUrl\":\"https:\/\/paracherkaoui.ma\/wp-content\/uploads\/2025\/12\/president-president-gel-sensitive-plus-30-ml-dentifrices-gencives-sensibles.jpg\",\"datePublished\":\"2025-12-12T18:16:00+00:00\",\"dateModified\":\"2025-12-12T18:16:07+00:00\",\"breadcrumb\":{\"@id\":\"https:\/\/paracherkaoui.ma\/index.php\/produit\/president-gel-sensitive-plus-30-ml\/#breadcrumb\"},\"inLanguage\":\"fr-FR\",\"potentialAction\":[{\"@type\":\"ReadAction\",\"target\":[\"https:\/\/paracherkaoui.ma\/index.php\/produit\/president-gel-sensitive-plus-30-ml\/\"]}]},{\"@type\":\"ImageObject\",\"inLanguage\":\"fr-FR\",\"@id\":\"https:\/\/paracherkaoui.ma\/index.php\/produit\/president-gel-sensitive-plus-30-ml\/#primaryimage\",\"url\":\"https:\/\/paracherkaoui.ma\/wp-content\/uploads\/2025\/12\/president-president-gel-sensitive-plus-30-ml-dentifrices-gencives-sensibles.jpg\",\"contentUrl\":\"https:\/\/paracherkaoui.ma\/wp-content\/uploads\/2025\/12\/president-president-gel-sensitive-plus-30-ml-dentifrices-gencives-sensibles.jpg\",\"width\":700,\"height\":700},{\"@type\":\"BreadcrumbList\",\"@id\":\"https:\/\/paracherkaoui.ma\/index.php\/produit\/president-gel-sensitive-plus-30-ml\/#breadcrumb\",\"itemListElement\":[{\"@type\":\"ListItem\",\"position\":1,\"name\":\"Accueil\",\"item\":\"https:\/\/paracherkaoui.ma\/\"},{\"@type\":\"ListItem\",\"position\":2,\"name\":\"Boutique\",\"item\":\"https:\/\/paracherkaoui.ma\/index.php\/boutique\/\"},{\"@type\":\"ListItem\",\"position\":3,\"name\":\"PRESIDENT GEL SENSITIVE PLUS 30 ML\"}]},{\"@type\":\"WebSite\",\"@id\":\"https:\/\/paracherkaoui.ma\/#website\",\"url\":\"https:\/\/paracherkaoui.ma\/\",\"name\":\"Paracherkaoui.ma\",\"description\":\"Achetez en ligne sur Paracherkaoui.ma\",\"potentialAction\":[{\"@type\":\"SearchAction\",\"target\":{\"@type\":\"EntryPoint\",\"urlTemplate\":\"https:\/\/paracherkaoui.ma\/?s={search_term_string}\"},\"query-input\":{\"@type\":\"PropertyValueSpecification\",\"valueRequired\":true,\"valueName\":\"search_term_string\"}}],\"inLanguage\":\"fr-FR\"}]}<\/script>\r\n<!-- \/ Yoast SEO plugin. -->","yoast_head_json":{"title":"PRESIDENT GEL SENSITIVE PLUS 30 ML - Paracherkaoui.ma","robots":{"index":"index","follow":"follow","max-snippet":"max-snippet:-1","max-image-preview":"max-image-preview:large","max-video-preview":"max-video-preview:-1"},"canonical":"https:\/\/paracherkaoui.ma\/index.php\/produit\/president-gel-sensitive-plus-30-ml\/","og_locale":"fr_FR","og_type":"article","og_title":"PRESIDENT GEL SENSITIVE PLUS 30 ML - Paracherkaoui.ma","og_description":"Lorsque nos gencives ont tendance \u00e0 s&rsquo;affaiblir et \u00e0 reculer, \u00e0 la suite d&rsquo;une attaque microbienne prolong\u00e9e par la plaque,","og_url":"https:\/\/paracherkaoui.ma\/index.php\/produit\/president-gel-sensitive-plus-30-ml\/","og_site_name":"Paracherkaoui.ma","article_modified_time":"2025-12-12T18:16:07+00:00","og_image":[{"width":700,"height":700,"url":"https:\/\/paracherkaoui.ma\/wp-content\/uploads\/2025\/12\/president-president-gel-sensitive-plus-30-ml-dentifrices-gencives-sensibles.jpg","type":"image\/jpeg"}],"twitter_card":"summary_large_image","twitter_misc":{"Dur\u00e9e de lecture estim\u00e9e":"1 minute"},"schema":{"@context":"https:\/\/schema.org","@graph":[{"@type":"WebPage","@id":"https:\/\/paracherkaoui.ma\/index.php\/produit\/president-gel-sensitive-plus-30-ml\/","url":"https:\/\/paracherkaoui.ma\/index.php\/produit\/president-gel-sensitive-plus-30-ml\/","name":"PRESIDENT GEL SENSITIVE PLUS 30 ML - Paracherkaoui.ma","isPartOf":{"@id":"https:\/\/paracherkaoui.ma\/#website"},"primaryImageOfPage":{"@id":"https:\/\/paracherkaoui.ma\/index.php\/produit\/president-gel-sensitive-plus-30-ml\/#primaryimage"},"image":{"@id":"https:\/\/paracherkaoui.ma\/index.php\/produit\/president-gel-sensitive-plus-30-ml\/#primaryimage"},"thumbnailUrl":"https:\/\/paracherkaoui.ma\/wp-content\/uploads\/2025\/12\/president-president-gel-sensitive-plus-30-ml-dentifrices-gencives-sensibles.jpg","datePublished":"2025-12-12T18:16:00+00:00","dateModified":"2025-12-12T18:16:07+00:00","breadcrumb":{"@id":"https:\/\/paracherkaoui.ma\/index.php\/produit\/president-gel-sensitive-plus-30-ml\/#breadcrumb"},"inLanguage":"fr-FR","potentialAction":[{"@type":"ReadAction","target":["https:\/\/paracherkaoui.ma\/index.php\/produit\/president-gel-sensitive-plus-30-ml\/"]}]},{"@type":"ImageObject","inLanguage":"fr-FR","@id":"https:\/\/paracherkaoui.ma\/index.php\/produit\/president-gel-sensitive-plus-30-ml\/#primaryimage","url":"https:\/\/paracherkaoui.ma\/wp-content\/uploads\/2025\/12\/president-president-gel-sensitive-plus-30-ml-dentifrices-gencives-sensibles.jpg","contentUrl":"https:\/\/paracherkaoui.ma\/wp-content\/uploads\/2025\/12\/president-president-gel-sensitive-plus-30-ml-dentifrices-gencives-sensibles.jpg","width":700,"height":700},{"@type":"BreadcrumbList","@id":"https:\/\/paracherkaoui.ma\/index.php\/produit\/president-gel-sensitive-plus-30-ml\/#breadcrumb","itemListElement":[{"@type":"ListItem","position":1,"name":"Accueil","item":"https:\/\/paracherkaoui.ma\/"},{"@type":"ListItem","position":2,"name":"Boutique","item":"https:\/\/paracherkaoui.ma\/index.php\/boutique\/"},{"@type":"ListItem","position":3,"name":"PRESIDENT GEL SENSITIVE PLUS 30 ML"}]},{"@type":"WebSite","@id":"https:\/\/paracherkaoui.ma\/#website","url":"https:\/\/paracherkaoui.ma\/","name":"Paracherkaoui.ma","description":"Achetez en ligne sur Paracherkaoui.ma","potentialAction":[{"@type":"SearchAction","target":{"@type":"EntryPoint","urlTemplate":"https:\/\/paracherkaoui.ma\/?s={search_term_string}"},"query-input":{"@type":"PropertyValueSpecification","valueRequired":true,"valueName":"search_term_string"}}],"inLanguage":"fr-FR"}]}},"_links":{"self":[{"href":"https:\/\/paracherkaoui.ma\/index.php\/wp-json\/wp\/v2\/product\/45591","targetHints":{"allow":["GET"]}}],"collection":[{"href":"https:\/\/paracherkaoui.ma\/index.php\/wp-json\/wp\/v2\/product"}],"about":[{"href":"https:\/\/paracherkaoui.ma\/index.php\/wp-json\/wp\/v2\/types\/product"}],"replies":[{"embeddable":true,"href":"https:\/\/paracherkaoui.ma\/index.php\/wp-json\/wp\/v2\/comments?post=45591"}],"version-history":[{"count":1,"href":"https:\/\/paracherkaoui.ma\/index.php\/wp-json\/wp\/v2\/product\/45591\/revisions"}],"predecessor-version":[{"id":45642,"href":"https:\/\/paracherkaoui.ma\/index.php\/wp-json\/wp\/v2\/product\/45591\/revisions\/45642"}],"wp:featuredmedia":[{"embeddable":true,"href":"https:\/\/paracherkaoui.ma\/index.php\/wp-json\/wp\/v2\/media\/45641"}],"wp:attachment":[{"href":"https:\/\/paracherkaoui.ma\/index.php\/wp-json\/wp\/v2\/media?parent=45591"}],"wp:term":[{"taxonomy":"product_brand","embeddable":true,"href":"https:\/\/paracherkaoui.ma\/index.php\/wp-json\/wp\/v2\/product_brand?post=45591"},{"taxonomy":"product_cat","embeddable":true,"href":"https:\/\/paracherkaoui.ma\/index.php\/wp-json\/wp\/v2\/product_cat?post=45591"},{"taxonomy":"product_tag","embeddable":true,"href":"https:\/\/paracherkaoui.ma\/index.php\/wp-json\/wp\/v2\/product_tag?post=45591"}],"curies":[{"name":"wp","href":"https:\/\/api.w.org\/{rel}","templated":true}]}}